{"id":1178,"date":"2020-01-12T20:20:05","date_gmt":"2020-01-13T01:20:05","guid":{"rendered":"https:\/\/www.greattriptitikaka.com\/es\/?page_id=1178"},"modified":"2024-07-11T18:32:57","modified_gmt":"2024-07-11T23:32:57","slug":"puno-juli-4-iglesias-pequena-roma-de-america-waruwaru-full-day","status":"publish","type":"page","link":"https:\/\/www.greattriptitikaka.com\/en\/puno\/puno-private-tours\/puno-juli-churches-little-rome-america-waruwaru\/","title":{"rendered":"PUNO: JULI (4 Churches) LITTLE ROME OF AMERICA &#8211; WARUWARU FULL DAY"},"content":{"rendered":"<p><\/p>\n<p>This tour in Puno has a duration of approximately 7 hours. We will visit CHUCUITO, where you will find &#8220;Inca Uyo&#8221; or the Temple of Fertility. The next stop is Aramu Muru, Waruwaru, and Juli, located 79km from the city of Puno.<\/p>\n<p><!--more--><\/p>\n<div class=\"in-block no-border\">\n<div id=\"ph-multi-1178\" class=\"carousel ph-slider tour-slider slide\" data-ride=\"carousel\" data-interval=\"4000\" data-pause=\"hover\">\n<ol class=\"carousel-indicators\">\n<li data-target=\"#ph-multi-1178\" data-slide-to=\"0\" class=\"active\"><\/li>\n<li data-target=\"#ph-multi-1178\" data-slide-to=\"1\"><\/li>\n<li data-target=\"#ph-multi-1178\" data-slide-to=\"2\"><\/li>\n<li data-target=\"#ph-multi-1178\" data-slide-to=\"3\"><\/li>\n<\/ol>\n<div class=\"carousel-inner\" role=\"listbox\">\n<div class=\"slide-loader\"><\/div>\n<div class=\"item active\"><img loading=\"lazy\" decoding=\"async\" class=\"alignnone size-full wp-image-735\" src=\"https:\/\/www.greattriptitikaka.com\/wp-content\/uploads\/2020\/03\/aramumuro-puerta-sol-great-trip-titikaka_4.jpg\" alt=\"\" width=\"820\" height=\"450\" srcset=\"https:\/\/www.greattriptitikaka.com\/wp-content\/uploads\/2020\/03\/aramumuro-puerta-sol-great-trip-titikaka_4.jpg 820w, https:\/\/www.greattriptitikaka.com\/wp-content\/uploads\/2020\/03\/aramumuro-puerta-sol-great-trip-titikaka_4-600x329.jpg 600w, https:\/\/www.greattriptitikaka.com\/wp-content\/uploads\/2020\/03\/aramumuro-puerta-sol-great-trip-titikaka_4-768x421.jpg 768w, https:\/\/www.greattriptitikaka.com\/wp-content\/uploads\/2020\/03\/aramumuro-puerta-sol-great-trip-titikaka_4-60x33.jpg 60w\" sizes=\"(max-width: 820px) 100vw, 820px\" \/><\/div>\n<div class=\"item\"><img loading=\"lazy\" decoding=\"async\" class=\"alignnone size-full wp-image-738\" src=\"https:\/\/www.greattriptitikaka.com\/wp-content\/uploads\/2020\/03\/aramumuro-puerta-sol-great-trip-titikaka_1.jpg\" alt=\"\" width=\"820\" height=\"450\" srcset=\"https:\/\/www.greattriptitikaka.com\/wp-content\/uploads\/2020\/03\/aramumuro-puerta-sol-great-trip-titikaka_1.jpg 820w, https:\/\/www.greattriptitikaka.com\/wp-content\/uploads\/2020\/03\/aramumuro-puerta-sol-great-trip-titikaka_1-600x329.jpg 600w, https:\/\/www.greattriptitikaka.com\/wp-content\/uploads\/2020\/03\/aramumuro-puerta-sol-great-trip-titikaka_1-768x421.jpg 768w, https:\/\/www.greattriptitikaka.com\/wp-content\/uploads\/2020\/03\/aramumuro-puerta-sol-great-trip-titikaka_1-60x33.jpg 60w\" sizes=\"(max-width: 820px) 100vw, 820px\" \/><\/div>\n<div class=\"item\"><img loading=\"lazy\" decoding=\"async\" class=\"alignnone size-full wp-image-732\" src=\"https:\/\/www.greattriptitikaka.com\/wp-content\/uploads\/2020\/03\/chucuito-templo-fertilidad-great-trip-titikaka_3.jpg\" alt=\"\" width=\"820\" height=\"450\" srcset=\"https:\/\/www.greattriptitikaka.com\/wp-content\/uploads\/2020\/03\/chucuito-templo-fertilidad-great-trip-titikaka_3.jpg 820w, https:\/\/www.greattriptitikaka.com\/wp-content\/uploads\/2020\/03\/chucuito-templo-fertilidad-great-trip-titikaka_3-600x329.jpg 600w, https:\/\/www.greattriptitikaka.com\/wp-content\/uploads\/2020\/03\/chucuito-templo-fertilidad-great-trip-titikaka_3-768x421.jpg 768w, https:\/\/www.greattriptitikaka.com\/wp-content\/uploads\/2020\/03\/chucuito-templo-fertilidad-great-trip-titikaka_3-60x33.jpg 60w\" sizes=\"(max-width: 820px) 100vw, 820px\" \/><\/div>\n<div class=\"item\"><img loading=\"lazy\" decoding=\"async\" class=\"alignnone size-full wp-image-741\" src=\"https:\/\/www.greattriptitikaka.com\/wp-content\/uploads\/2020\/03\/puno-juli-great-trip-titikaka_2.jpg\" alt=\"\" width=\"820\" height=\"450\" srcset=\"https:\/\/www.greattriptitikaka.com\/wp-content\/uploads\/2020\/03\/puno-juli-great-trip-titikaka_2.jpg 820w, https:\/\/www.greattriptitikaka.com\/wp-content\/uploads\/2020\/03\/puno-juli-great-trip-titikaka_2-600x329.jpg 600w, https:\/\/www.greattriptitikaka.com\/wp-content\/uploads\/2020\/03\/puno-juli-great-trip-titikaka_2-768x421.jpg 768w, https:\/\/www.greattriptitikaka.com\/wp-content\/uploads\/2020\/03\/puno-juli-great-trip-titikaka_2-60x33.jpg 60w\" sizes=\"(max-width: 820px) 100vw, 820px\" \/>\u00a0\u00a0<\/p>\n<\/div>\n<p><a class=\"carousel-control left\" href=\"#ph-multi-1178\" data-slide=\"prev\"><i class=\"icon icon-arrow-left\"><\/i><\/a><a class=\"carousel-control right\" href=\"#ph-multi-1178\" data-slide=\"next\"><i class=\"icon icon-arrow-right\"><\/i><\/a><\/div>\n<\/div>\n<\/div>\n<nav id=\"menu-anchor\" class=\"menu-anchor\">\n<div class=\"container-fluid\">\n<ul class=\"tab-navi\">\n<li id=\"item-1\" class=\"tab-item\"><a href=\"javascript:void(0)\">Summary<\/a><\/li>\n<li id=\"item-2\" class=\"tab-item\"><a href=\"javascript:void(0)\"> Includes<\/a><\/li>\n<li id=\"item-3\" class=\"tab-item\"><a href=\"javascript:void(0)\"> What to bring<\/a><\/li>\n<li id=\"item-4\" class=\"tab-item\"><a href=\"javascript:void(0)\"> Prices<\/a><\/li>\n<li id=\"item-5\" class=\"tab-item\"><a href=\"javascript:void(0)\"> Itinerary<\/a><\/li>\n<li id=\"item-testimonials\" class=\"tab-item\"><a href=\"javascript:void(0)\"> Reviews<\/a><\/li>\n<\/ul>\n<\/div>\n<\/nav>\n<h3>SUMMARY:<\/h3>\n<h1 class=\"page-title \">PUNO: JULI (4 Churches) LITTLE ROME OF AMERICA &#8211; WARUWARU FULL DAY<\/h1>\n<div class=\"glsr glsr-default\" id=\"glsr_63f58dfd\" data-from=\"shortcode\" data-shortcode=\"site_reviews_summary\" data-hide=\"[&quot;rating&quot;]\">\n<div class=\"glsr-summary-wrap\">\n<div class=\"glsr-summary\">\n<div class=\"glsr-summary-stars\">\n<div class=\"glsr-star-rating glsr-stars\" role=\"img\" aria-label=\"Rated 3 out of 5 stars based on 1 ratings\" data-rating=\"3\" data-reviews=\"1\"><span class=\"glsr-star glsr-star-full\" aria-hidden=\"true\"><\/span><span class=\"glsr-star glsr-star-full\" aria-hidden=\"true\"><\/span><span class=\"glsr-star glsr-star-full\" aria-hidden=\"true\"><\/span><span class=\"glsr-star glsr-star-empty\" aria-hidden=\"true\"><\/span><span class=\"glsr-star glsr-star-empty\" aria-hidden=\"true\"><\/span><\/div>\n<\/div>\n<div class=\"glsr-summary-text\"><span class=\"glsr-tag-value\">3.0 out of 5 stars (based on 1 review)<\/span><\/div>\n<div class=\"glsr-summary-percentages\">\n<div class=\"glsr-bar\" data-level=\"5\"><span class=\"glsr-bar-label\">Excellent<\/span><span class=\"glsr-bar-background\"><span class=\"glsr-bar-background-percent\" style=\"width:0%\"><\/span><\/span><span class=\"glsr-bar-percent\">0%<\/span><\/div>\n<div class=\"glsr-bar\" data-level=\"4\"><span class=\"glsr-bar-label\">Very good<\/span><span class=\"glsr-bar-background\"><span class=\"glsr-bar-background-percent\" style=\"width:0%\"><\/span><\/span><span class=\"glsr-bar-percent\">0%<\/span><\/div>\n<div class=\"glsr-bar\" data-level=\"3\"><span class=\"glsr-bar-label\">Average<\/span><span class=\"glsr-bar-background\"><span class=\"glsr-bar-background-percent\" style=\"width:100%\"><\/span><\/span><span class=\"glsr-bar-percent\">100%<\/span><\/div>\n<div class=\"glsr-bar\" data-level=\"2\"><span class=\"glsr-bar-label\">Poor<\/span><span class=\"glsr-bar-background\"><span class=\"glsr-bar-background-percent\" style=\"width:0%\"><\/span><\/span><span class=\"glsr-bar-percent\">0%<\/span><\/div>\n<div class=\"glsr-bar\" data-level=\"1\"><span class=\"glsr-bar-label\">Terrible<\/span><span class=\"glsr-bar-background\"><span class=\"glsr-bar-background-percent\" style=\"width:0%\"><\/span><\/span><span class=\"glsr-bar-percent\">0%<\/span><\/div>\n<\/div><\/div>\n<\/div>\n<\/div>\n<div class=\"row\">\n<div class=\"col-sm-12\">\n<p class=\"condition-wrap\"><span class=\"badge badge-orange\"><i class=\"icon icon-check\"><\/i> Operative service<\/span><span class=\"badge badge-green-dark ph-tooltip ph-tooltip-medium\" data-title=\"If you cancel your booking until 48 hours before the beginning of the activity, we will refund 100% of the advance you paid for the booking.\">Free cancellation<\/span><span class=\"badge badge-green ph-tooltip ph-tooltip-medium\" data-title=\"You can reschedule your booking without any additional cost until 48 hours before the beginning of the activiity.\">Free rescheduling<\/span><\/p>\n<\/div>\n<\/div>\n<p>This tour in Puno has a duration of approximately 7 hours. We will visit CHUCUITO, where you will find &#8220;Inca Uyo&#8221; or the Temple of Fertility. The next stop is Aramu Muru, Waruwaru, and Juli, located 79km from the city of Puno.<\/p>\n<hr \/>\n<div class=\"row\">\n<div class=\"col-sm-4 tour-summary\">\n<h5 class=\"summary-title\"><i class=\"icon icon-dollars\"><\/i> Price per person<\/h5>\n<p class=\"summary-price\"><b>From:<\/b> USD 85.00<\/p>\n<\/div>\n<div class=\"col-sm-4 tour-summary\">\n<h5 class=\"summary-title\"><i class=\"icon icon-clock\"><\/i> Schedules<\/h5>\n<ul class=\"summary-price\">\n<li>7:30 AM a 2:45 PM<\/li>\n<\/ul>\n<\/div>\n<div class=\"col-sm-4 tour-summary\">\n<h5 class=\"summary-title\"><i class=\"icon icon-dollars\"><\/i> Duration<\/h5>\n<p class=\"summary-price\">Approx. 7 hours <\/p>\n<\/div>\n<\/div>\n<hr \/>\n<h3><span style=\"color: #ca640b;\">OUR SERVICES INCLUDE \/ DON\u2019T INCLUDE:<\/span><\/h3>\n<div class=\"row\">\n<div class=\"col-sm-6 column yes\">\n<ul>\n<li>Entrance tickets to Inca Uyo, Aramu Muru, Waruwaru, and the churches of Juli.<\/li>\n<li>Tour guide (If you want an English-speaking guide, add USD 20.)<\/li>\n<li>Private transportation.<\/li>\n<li>Box Lunch.<\/li>\n<\/ul>\n<\/div>\n<div class=\"col-sm-6 column not\">\n<ul>\n<li>Unmentioned expenses.<\/li>\n<\/ul>\n<\/div>\n<\/div>\n<hr \/>\n<h3><span style=\"color: #ca640b;\">RECOMMENDATIONS:<\/span><\/h3>\n<ul>\n<li>Lightweight shoes.<\/li>\n<li>Camera.<\/li>\n<li>Sunscreen.<\/li>\n<\/ul>\n<hr \/>\n<h3><span style=\"color: #ca640b;\">PRICES:<\/span><\/h3>\n<p>Price per person based on:<\/p>\n<ul>\n<li>01 person: USD$ 85.<\/li>\n<li>02 persons: USD$ 55.<\/li>\n<li>03 persons: USD$ 45.<\/li>\n<li>04 persons: USD$ 45.<\/li>\n<li>05 persons: USD$ 45.<\/li>\n<\/ul>\n<hr \/>\n<h3><span style=\"color: #ca640b;\">ITINERARY:<\/span><\/h3>\n<p>07:30h. Departure from your hotel. On the way, we will visit Chucuito or Inca Uyo, also called the Temple of Fertility. Subsequently, we will visit Aramu Muru or the mystical door, a place of meditation, an &#8220;Inter-dimensional Door&#8221; where we can observe the stone forest, the tired horse, and other formations.<\/p>\n<p>Waruwarus are platforms where we will observe &#8220;sukakollos&#8221; or ridges, techniques that contribute to drainage in seasonally flooded areas. At the same time, these formations allowed the formation of fertile soil at great depth for crop irrigation, especially in times of drought.<\/p>\n<p>Finally, we will visit JULI: Located 79km from the city of Puno, also called Little Rome of America due to its four churches with similar names to those in Rome (Italy) such as San Pedro, Santa Cruz, Nuestra Se\u00f1ora de la Asunci\u00f3n and San Juan de Letr\u00e1n.<\/p>\n<p>(visiting time approximately 1 hour and 20 minutes). Return to Puno at 14:45h. and transfer to your hotel.<\/p>\n<p><\/p>","protected":false},"excerpt":{"rendered":"<p>Sorry, this entry is only available in Espa\u00f1ol.<\/p>\n","protected":false},"author":2,"featured_media":741,"parent":88,"menu_order":5,"comment_status":"closed","ping_status":"closed","template":"page-tour.php","meta":{"_glsr_average":0,"_glsr_ranking":0,"_glsr_reviews":0,"footnotes":""},"class_list":["post-1178","page","type-page","status-publish","has-post-thumbnail","hentry"],"yoast_head":"<!-- This site is optimized with the Yoast SEO plugin v23.0 - https:\/\/yoast.com\/wordpress\/plugins\/seo\/ -->\n<title>PUNO: JULI (4 Churches) LITTLE ROME OF AMERICA - WARUWARU FULL DAY | Great Trip Titikaka: Tour Peru - Bolivia<\/title>\n<meta name=\"robots\" content=\"index, follow, max-snippet:-1, max-image-preview:large, max-video-preview:-1\" \/>\n<link rel=\"canonical\" href=\"https:\/\/www.greattriptitikaka.com\/en\/puno\/puno-private-tours\/puno-juli-churches-little-rome-america-waruwaru\/\" \/>\n<meta property=\"og:locale\" content=\"en_US\" \/>\n<meta property=\"og:type\" content=\"article\" \/>\n<meta property=\"og:title\" content=\"PUNO: JULI (4 Churches) LITTLE ROME OF AMERICA - WARUWARU FULL DAY | Great Trip Titikaka: Tour Peru - Bolivia\" \/>\n<meta property=\"og:description\" content=\"Sorry, this entry is only available in Espa\u00f1ol.\" \/>\n<meta property=\"og:url\" content=\"https:\/\/www.greattriptitikaka.com\/en\/puno\/puno-private-tours\/puno-juli-churches-little-rome-america-waruwaru\/\" \/>\n<meta property=\"og:site_name\" content=\"Great Trip Titikaka: Tour Peru - Bolivia\" \/>\n<meta property=\"article:modified_time\" content=\"2024-07-11T23:32:57+00:00\" \/>\n<meta property=\"og:image\" content=\"https:\/\/www.greattriptitikaka.com\/wp-content\/uploads\/2020\/03\/puno-juli-great-trip-titikaka_2.jpg\" \/>\n\t<meta property=\"og:image:width\" content=\"820\" \/>\n\t<meta property=\"og:image:height\" content=\"450\" \/>\n\t<meta property=\"og:image:type\" content=\"image\/jpeg\" \/>\n<meta name=\"twitter:card\" content=\"summary_large_image\" \/>\n<meta name=\"twitter:label1\" content=\"Est. reading time\" \/>\n\t<meta name=\"twitter:data1\" content=\"3 minutes\" \/>\n<script type=\"application\/ld+json\" class=\"yoast-schema-graph\">{\"@context\":\"https:\/\/schema.org\",\"@graph\":[{\"@type\":\"WebPage\",\"@id\":\"https:\/\/www.greattriptitikaka.com\/en\/puno\/puno-private-tours\/puno-juli-churches-little-rome-america-waruwaru\/\",\"url\":\"https:\/\/www.greattriptitikaka.com\/en\/puno\/puno-private-tours\/puno-juli-churches-little-rome-america-waruwaru\/\",\"name\":\"PUNO: JULI (4 Churches) LITTLE ROME OF AMERICA - WARUWARU FULL DAY | Great Trip Titikaka: Tour Peru - Bolivia\",\"isPartOf\":{\"@id\":\"https:\/\/www.greattriptitikaka.com\/en\/#website\"},\"primaryImageOfPage\":{\"@id\":\"https:\/\/www.greattriptitikaka.com\/en\/puno\/puno-private-tours\/puno-juli-churches-little-rome-america-waruwaru\/#primaryimage\"},\"image\":{\"@id\":\"https:\/\/www.greattriptitikaka.com\/en\/puno\/puno-private-tours\/puno-juli-churches-little-rome-america-waruwaru\/#primaryimage\"},\"thumbnailUrl\":\"https:\/\/www.greattriptitikaka.com\/wp-content\/uploads\/2020\/03\/puno-juli-great-trip-titikaka_2.jpg\",\"datePublished\":\"2020-01-13T01:20:05+00:00\",\"dateModified\":\"2024-07-11T23:32:57+00:00\",\"breadcrumb\":{\"@id\":\"https:\/\/www.greattriptitikaka.com\/en\/puno\/puno-private-tours\/puno-juli-churches-little-rome-america-waruwaru\/#breadcrumb\"},\"inLanguage\":\"en\",\"potentialAction\":[{\"@type\":\"ReadAction\",\"target\":[\"https:\/\/www.greattriptitikaka.com\/en\/puno\/puno-private-tours\/puno-juli-churches-little-rome-america-waruwaru\/\"]}]},{\"@type\":\"ImageObject\",\"inLanguage\":\"en\",\"@id\":\"https:\/\/www.greattriptitikaka.com\/en\/puno\/puno-private-tours\/puno-juli-churches-little-rome-america-waruwaru\/#primaryimage\",\"url\":\"https:\/\/www.greattriptitikaka.com\/wp-content\/uploads\/2020\/03\/puno-juli-great-trip-titikaka_2.jpg\",\"contentUrl\":\"https:\/\/www.greattriptitikaka.com\/wp-content\/uploads\/2020\/03\/puno-juli-great-trip-titikaka_2.jpg\",\"width\":820,\"height\":450},{\"@type\":\"BreadcrumbList\",\"@id\":\"https:\/\/www.greattriptitikaka.com\/en\/puno\/puno-private-tours\/puno-juli-churches-little-rome-america-waruwaru\/#breadcrumb\",\"itemListElement\":[{\"@type\":\"ListItem\",\"position\":1,\"name\":\"Portada\",\"item\":\"https:\/\/www.greattriptitikaka.com\/en\/\"},{\"@type\":\"ListItem\",\"position\":2,\"name\":\"PUNO &#8211; TITICACA\",\"item\":\"https:\/\/www.greattriptitikaka.com\/en\/puno\/\"},{\"@type\":\"ListItem\",\"position\":3,\"name\":\"PUNO: PRIVATE TOURS\",\"item\":\"https:\/\/www.greattriptitikaka.com\/en\/puno\/puno-private-tours\/\"},{\"@type\":\"ListItem\",\"position\":4,\"name\":\"PUNO: JULI (4 Churches) LITTLE ROME OF AMERICA &#8211; WARUWARU FULL DAY\"}]},{\"@type\":\"WebSite\",\"@id\":\"https:\/\/www.greattriptitikaka.com\/en\/#website\",\"url\":\"https:\/\/www.greattriptitikaka.com\/en\/\",\"name\":\"GREAT TRIP TITIKAKA\",\"description\":\"GREAT TRIP &lt;span&gt;TITIKAKA&lt;\/span&gt;\",\"publisher\":{\"@id\":\"https:\/\/www.greattriptitikaka.com\/en\/#organization\"},\"potentialAction\":[{\"@type\":\"SearchAction\",\"target\":{\"@type\":\"EntryPoint\",\"urlTemplate\":\"https:\/\/www.greattriptitikaka.com\/en\/?s={search_term_string}\"},\"query-input\":\"required name=search_term_string\"}],\"inLanguage\":\"en\"},{\"@type\":\"Organization\",\"@id\":\"https:\/\/www.greattriptitikaka.com\/en\/#organization\",\"name\":\"GREAT TRIP WORLD E.I.R.L.\",\"url\":\"https:\/\/www.greattriptitikaka.com\/en\/\",\"logo\":{\"@type\":\"ImageObject\",\"inLanguage\":\"en\",\"@id\":\"https:\/\/www.greattriptitikaka.com\/en\/#\/schema\/logo\/image\/\",\"url\":\"https:\/\/www.greattriptitikaka.com\/wp-content\/uploads\/2024\/07\/logo.svg\",\"contentUrl\":\"https:\/\/www.greattriptitikaka.com\/wp-content\/uploads\/2024\/07\/logo.svg\",\"width\":1972,\"height\":815,\"caption\":\"GREAT TRIP WORLD E.I.R.L.\"},\"image\":{\"@id\":\"https:\/\/www.greattriptitikaka.com\/en\/#\/schema\/logo\/image\/\"}}]}<\/script>\n<!-- \/ Yoast SEO plugin. -->","yoast_head_json":{"title":"PUNO: JULI (4 Churches) LITTLE ROME OF AMERICA - WARUWARU FULL DAY | Great Trip Titikaka: Tour Peru - Bolivia","robots":{"index":"index","follow":"follow","max-snippet":"max-snippet:-1","max-image-preview":"max-image-preview:large","max-video-preview":"max-video-preview:-1"},"canonical":"https:\/\/www.greattriptitikaka.com\/en\/puno\/puno-private-tours\/puno-juli-churches-little-rome-america-waruwaru\/","og_locale":"en_US","og_type":"article","og_title":"PUNO: JULI (4 Churches) LITTLE ROME OF AMERICA - WARUWARU FULL DAY | Great Trip Titikaka: Tour Peru - Bolivia","og_description":"Sorry, this entry is only available in Espa\u00f1ol.","og_url":"https:\/\/www.greattriptitikaka.com\/en\/puno\/puno-private-tours\/puno-juli-churches-little-rome-america-waruwaru\/","og_site_name":"Great Trip Titikaka: Tour Peru - Bolivia","article_modified_time":"2024-07-11T23:32:57+00:00","og_image":[{"width":820,"height":450,"url":"https:\/\/www.greattriptitikaka.com\/wp-content\/uploads\/2020\/03\/puno-juli-great-trip-titikaka_2.jpg","type":"image\/jpeg"}],"twitter_card":"summary_large_image","twitter_misc":{"Est. reading time":"3 minutes"},"schema":{"@context":"https:\/\/schema.org","@graph":[{"@type":"WebPage","@id":"https:\/\/www.greattriptitikaka.com\/en\/puno\/puno-private-tours\/puno-juli-churches-little-rome-america-waruwaru\/","url":"https:\/\/www.greattriptitikaka.com\/en\/puno\/puno-private-tours\/puno-juli-churches-little-rome-america-waruwaru\/","name":"PUNO: JULI (4 Churches) LITTLE ROME OF AMERICA - WARUWARU FULL DAY | Great Trip Titikaka: Tour Peru - Bolivia","isPartOf":{"@id":"https:\/\/www.greattriptitikaka.com\/en\/#website"},"primaryImageOfPage":{"@id":"https:\/\/www.greattriptitikaka.com\/en\/puno\/puno-private-tours\/puno-juli-churches-little-rome-america-waruwaru\/#primaryimage"},"image":{"@id":"https:\/\/www.greattriptitikaka.com\/en\/puno\/puno-private-tours\/puno-juli-churches-little-rome-america-waruwaru\/#primaryimage"},"thumbnailUrl":"https:\/\/www.greattriptitikaka.com\/wp-content\/uploads\/2020\/03\/puno-juli-great-trip-titikaka_2.jpg","datePublished":"2020-01-13T01:20:05+00:00","dateModified":"2024-07-11T23:32:57+00:00","breadcrumb":{"@id":"https:\/\/www.greattriptitikaka.com\/en\/puno\/puno-private-tours\/puno-juli-churches-little-rome-america-waruwaru\/#breadcrumb"},"inLanguage":"en","potentialAction":[{"@type":"ReadAction","target":["https:\/\/www.greattriptitikaka.com\/en\/puno\/puno-private-tours\/puno-juli-churches-little-rome-america-waruwaru\/"]}]},{"@type":"ImageObject","inLanguage":"en","@id":"https:\/\/www.greattriptitikaka.com\/en\/puno\/puno-private-tours\/puno-juli-churches-little-rome-america-waruwaru\/#primaryimage","url":"https:\/\/www.greattriptitikaka.com\/wp-content\/uploads\/2020\/03\/puno-juli-great-trip-titikaka_2.jpg","contentUrl":"https:\/\/www.greattriptitikaka.com\/wp-content\/uploads\/2020\/03\/puno-juli-great-trip-titikaka_2.jpg","width":820,"height":450},{"@type":"BreadcrumbList","@id":"https:\/\/www.greattriptitikaka.com\/en\/puno\/puno-private-tours\/puno-juli-churches-little-rome-america-waruwaru\/#breadcrumb","itemListElement":[{"@type":"ListItem","position":1,"name":"Portada","item":"https:\/\/www.greattriptitikaka.com\/en\/"},{"@type":"ListItem","position":2,"name":"PUNO &#8211; TITICACA","item":"https:\/\/www.greattriptitikaka.com\/en\/puno\/"},{"@type":"ListItem","position":3,"name":"PUNO: PRIVATE TOURS","item":"https:\/\/www.greattriptitikaka.com\/en\/puno\/puno-private-tours\/"},{"@type":"ListItem","position":4,"name":"PUNO: JULI (4 Churches) LITTLE ROME OF AMERICA &#8211; WARUWARU FULL DAY"}]},{"@type":"WebSite","@id":"https:\/\/www.greattriptitikaka.com\/en\/#website","url":"https:\/\/www.greattriptitikaka.com\/en\/","name":"GREAT TRIP TITIKAKA","description":"GREAT TRIP &lt;span&gt;TITIKAKA&lt;\/span&gt;","publisher":{"@id":"https:\/\/www.greattriptitikaka.com\/en\/#organization"},"potentialAction":[{"@type":"SearchAction","target":{"@type":"EntryPoint","urlTemplate":"https:\/\/www.greattriptitikaka.com\/en\/?s={search_term_string}"},"query-input":"required name=search_term_string"}],"inLanguage":"en"},{"@type":"Organization","@id":"https:\/\/www.greattriptitikaka.com\/en\/#organization","name":"GREAT TRIP WORLD E.I.R.L.","url":"https:\/\/www.greattriptitikaka.com\/en\/","logo":{"@type":"ImageObject","inLanguage":"en","@id":"https:\/\/www.greattriptitikaka.com\/en\/#\/schema\/logo\/image\/","url":"https:\/\/www.greattriptitikaka.com\/wp-content\/uploads\/2024\/07\/logo.svg","contentUrl":"https:\/\/www.greattriptitikaka.com\/wp-content\/uploads\/2024\/07\/logo.svg","width":1972,"height":815,"caption":"GREAT TRIP WORLD E.I.R.L."},"image":{"@id":"https:\/\/www.greattriptitikaka.com\/en\/#\/schema\/logo\/image\/"}}]}},"_links":{"self":[{"href":"https:\/\/www.greattriptitikaka.com\/en\/wp-json\/wp\/v2\/pages\/1178"}],"collection":[{"href":"https:\/\/www.greattriptitikaka.com\/en\/wp-json\/wp\/v2\/pages"}],"about":[{"href":"https:\/\/www.greattriptitikaka.com\/en\/wp-json\/wp\/v2\/types\/page"}],"author":[{"embeddable":true,"href":"https:\/\/www.greattriptitikaka.com\/en\/wp-json\/wp\/v2\/users\/2"}],"replies":[{"embeddable":true,"href":"https:\/\/www.greattriptitikaka.com\/en\/wp-json\/wp\/v2\/comments?post=1178"}],"version-history":[{"count":0,"href":"https:\/\/www.greattriptitikaka.com\/en\/wp-json\/wp\/v2\/pages\/1178\/revisions"}],"up":[{"embeddable":true,"href":"https:\/\/www.greattriptitikaka.com\/en\/wp-json\/wp\/v2\/pages\/88"}],"wp:featuredmedia":[{"embeddable":true,"href":"https:\/\/www.greattriptitikaka.com\/en\/wp-json\/wp\/v2\/media\/741"}],"wp:attachment":[{"href":"https:\/\/www.greattriptitikaka.com\/en\/wp-json\/wp\/v2\/media?parent=1178"}],"curies":[{"name":"wp","href":"https:\/\/api.w.org\/{rel}","templated":true}]}}