{"id":1169,"date":"2020-01-04T11:14:10","date_gmt":"2020-01-04T16:14:10","guid":{"rendered":"https:\/\/www.greattriptitikaka.com\/es\/?page_id=1169"},"modified":"2024-07-11T18:34:41","modified_gmt":"2024-07-11T23:34:41","slug":"copia_-tours-to-the-uros-islands-amantani-taquile-and-chullpas-of-sillustani-2-days-and-1-night","status":"publish","type":"page","link":"https:\/\/www.greattriptitikaka.com\/es\/puno\/lago-titicaca\/tours-islas-uros-amantani-taquile-3d\/","title":{"rendered":"TOURS A LAS ISLAS DE LOS UROS &#8211; AMANTANI Y TAQUILE (3D\/2N) COMPARTIDO"},"content":{"rendered":"<p><\/p>\n<p>En esta aventura de 3 d\u00edas y 2 noches visitaremos las islas m\u00e1s importantes del lado peruano del lago Titicaca, estas son las Islas de los Uros, Amantani y Taquile, haciendo un turismo vivencial con los habitantes de estas islas.<\/p>\n<p><!--more--><\/p>\n<div class=\"in-block no-border\">\n<div id=\"ph-multi-1169\" class=\"carousel ph-slider tour-slider slide\" data-ride=\"carousel\" data-interval=\"4000\" data-pause=\"hover\">\n<ol class=\"carousel-indicators\">\n<li data-target=\"#ph-multi-1169\" data-slide-to=\"0\" class=\"active\"><\/li>\n<li data-target=\"#ph-multi-1169\" data-slide-to=\"1\"><\/li>\n<li data-target=\"#ph-multi-1169\" data-slide-to=\"2\"><\/li>\n<li data-target=\"#ph-multi-1169\" data-slide-to=\"3\"><\/li>\n<li data-target=\"#ph-multi-1169\" data-slide-to=\"4\"><\/li>\n<\/ol>\n<div class=\"carousel-inner\" role=\"listbox\">\n<div class=\"slide-loader\"><\/div>\n<div class=\"item active\"><img loading=\"lazy\" decoding=\"async\" class=\"alignnone size-full wp-image-779\" src=\"https:\/\/www.greattriptitikaka.com\/wp-content\/uploads\/2020\/03\/uros-amantani-taquile-great-trip-titikaka_1.jpg\" alt=\"\" width=\"820\" height=\"450\" srcset=\"https:\/\/www.greattriptitikaka.com\/wp-content\/uploads\/2020\/03\/uros-amantani-taquile-great-trip-titikaka_1.jpg 820w, https:\/\/www.greattriptitikaka.com\/wp-content\/uploads\/2020\/03\/uros-amantani-taquile-great-trip-titikaka_1-600x329.jpg 600w, https:\/\/www.greattriptitikaka.com\/wp-content\/uploads\/2020\/03\/uros-amantani-taquile-great-trip-titikaka_1-768x421.jpg 768w, https:\/\/www.greattriptitikaka.com\/wp-content\/uploads\/2020\/03\/uros-amantani-taquile-great-trip-titikaka_1-60x33.jpg 60w\" sizes=\"(max-width: 820px) 100vw, 820px\" \/> <\/div>\n<div class=\"item\"><img loading=\"lazy\" decoding=\"async\" class=\"alignnone size-full wp-image-657\" src=\"https:\/\/www.greattriptitikaka.com\/wp-content\/uploads\/2020\/03\/uros-amantani-great-trip-titikaka_3.jpg\" alt=\"\" width=\"820\" height=\"450\" srcset=\"https:\/\/www.greattriptitikaka.com\/wp-content\/uploads\/2020\/03\/uros-amantani-great-trip-titikaka_3.jpg 820w, https:\/\/www.greattriptitikaka.com\/wp-content\/uploads\/2020\/03\/uros-amantani-great-trip-titikaka_3-600x329.jpg 600w, https:\/\/www.greattriptitikaka.com\/wp-content\/uploads\/2020\/03\/uros-amantani-great-trip-titikaka_3-768x421.jpg 768w, https:\/\/www.greattriptitikaka.com\/wp-content\/uploads\/2020\/03\/uros-amantani-great-trip-titikaka_3-60x33.jpg 60w\" sizes=\"(max-width: 820px) 100vw, 820px\" \/> <\/div>\n<div class=\"item\"><img loading=\"lazy\" decoding=\"async\" class=\"alignnone size-full wp-image-656\" src=\"https:\/\/www.greattriptitikaka.com\/wp-content\/uploads\/2020\/03\/uros-amantani-great-trip-titikaka_4.jpg\" alt=\"\" width=\"820\" height=\"450\" srcset=\"https:\/\/www.greattriptitikaka.com\/wp-content\/uploads\/2020\/03\/uros-amantani-great-trip-titikaka_4.jpg 820w, https:\/\/www.greattriptitikaka.com\/wp-content\/uploads\/2020\/03\/uros-amantani-great-trip-titikaka_4-600x329.jpg 600w, https:\/\/www.greattriptitikaka.com\/wp-content\/uploads\/2020\/03\/uros-amantani-great-trip-titikaka_4-768x421.jpg 768w, https:\/\/www.greattriptitikaka.com\/wp-content\/uploads\/2020\/03\/uros-amantani-great-trip-titikaka_4-60x33.jpg 60w\" sizes=\"(max-width: 820px) 100vw, 820px\" \/> <\/div>\n<div class=\"item\"><img loading=\"lazy\" decoding=\"async\" class=\"alignnone size-full wp-image-691\" src=\"https:\/\/www.greattriptitikaka.com\/wp-content\/uploads\/2020\/03\/uros-taquile-great-trip-titikaka_2.jpg\" alt=\"\" width=\"820\" height=\"450\" srcset=\"https:\/\/www.greattriptitikaka.com\/wp-content\/uploads\/2020\/03\/uros-taquile-great-trip-titikaka_2.jpg 820w, https:\/\/www.greattriptitikaka.com\/wp-content\/uploads\/2020\/03\/uros-taquile-great-trip-titikaka_2-600x329.jpg 600w, https:\/\/www.greattriptitikaka.com\/wp-content\/uploads\/2020\/03\/uros-taquile-great-trip-titikaka_2-768x421.jpg 768w, https:\/\/www.greattriptitikaka.com\/wp-content\/uploads\/2020\/03\/uros-taquile-great-trip-titikaka_2-60x33.jpg 60w\" sizes=\"(max-width: 820px) 100vw, 820px\" \/><\/div>\n<div class=\"item\"><img loading=\"lazy\" decoding=\"async\" class=\"alignnone size-full wp-image-689\" src=\"https:\/\/www.greattriptitikaka.com\/wp-content\/uploads\/2020\/03\/uros-taquile-great-trip-titikaka_4.jpg\" alt=\"\" width=\"820\" height=\"450\" srcset=\"https:\/\/www.greattriptitikaka.com\/wp-content\/uploads\/2020\/03\/uros-taquile-great-trip-titikaka_4.jpg 820w, https:\/\/www.greattriptitikaka.com\/wp-content\/uploads\/2020\/03\/uros-taquile-great-trip-titikaka_4-600x329.jpg 600w, https:\/\/www.greattriptitikaka.com\/wp-content\/uploads\/2020\/03\/uros-taquile-great-trip-titikaka_4-768x421.jpg 768w, https:\/\/www.greattriptitikaka.com\/wp-content\/uploads\/2020\/03\/uros-taquile-great-trip-titikaka_4-60x33.jpg 60w\" sizes=\"(max-width: 820px) 100vw, 820px\" \/><\/p>\n<\/div>\n<p><a class=\"carousel-control left\" href=\"#ph-multi-1169\" data-slide=\"prev\"><i class=\"icon icon-arrow-left\"><\/i><\/a><a class=\"carousel-control right\" href=\"#ph-multi-1169\" data-slide=\"next\"><i class=\"icon icon-arrow-right\"><\/i><\/a><\/div>\n<\/div>\n<\/div>\n<nav id=\"menu-anchor\" class=\"menu-anchor\">\n<div class=\"container-fluid\">\n<ul class=\"tab-navi\">\n<li id=\"item-1\" class=\"tab-item\"><a href=\"javascript:void(0)\">Resumen<\/a><\/li>\n<li id=\"item-2\" class=\"tab-item\"><a href=\"javascript:void(0)\"> Incluye<\/a><\/li>\n<li id=\"item-3\" class=\"tab-item\"><a href=\"javascript:void(0)\"> Qu\u00e9 llevar<\/a><\/li>\n<li id=\"item-4\" class=\"tab-item\"><a href=\"javascript:void(0)\"> Precios<\/a><\/li>\n<li id=\"item-5\" class=\"tab-item\"><a href=\"javascript:void(0)\"> Itinerario<\/a><\/li>\n<li id=\"item-testimonials\" class=\"tab-item\"><a href=\"javascript:void(0)\"> Rese\u00f1as<\/a><\/li>\n<\/ul>\n<\/div>\n<\/nav>\n<h3>RESUMEN:<\/h3>\n<h1 class=\"page-title \">TOURS A LAS ISLAS DE LOS UROS &#8211; AMANTANI Y TAQUILE (3D\/2N) COMPARTIDO<\/h1>\n<div class=\"glsr glsr-default\" id=\"glsr_63f58dfd\" data-from=\"shortcode\" data-shortcode=\"site_reviews_summary\" data-hide=\"[&quot;rating&quot;]\">\n<div class=\"glsr-summary-wrap\">\n<div class=\"glsr-summary\">\n<div class=\"glsr-summary-stars\">\n<div class=\"glsr-star-rating glsr-stars\" role=\"img\" aria-label=\"Rated 3 out of 5 stars based on 1 ratings\" data-rating=\"3\" data-reviews=\"1\"><span class=\"glsr-star glsr-star-full\" aria-hidden=\"true\"><\/span><span class=\"glsr-star glsr-star-full\" aria-hidden=\"true\"><\/span><span class=\"glsr-star glsr-star-full\" aria-hidden=\"true\"><\/span><span class=\"glsr-star glsr-star-empty\" aria-hidden=\"true\"><\/span><span class=\"glsr-star glsr-star-empty\" aria-hidden=\"true\"><\/span><\/div>\n<\/div>\n<div class=\"glsr-summary-text\"><span class=\"glsr-tag-value\">3,0 de 5 estrellas (basado en 1 rese\u00f1a)<\/span><\/div>\n<div class=\"glsr-summary-percentages\">\n<div class=\"glsr-bar\" data-level=\"5\"><span class=\"glsr-bar-label\">Excelente<\/span><span class=\"glsr-bar-background\"><span class=\"glsr-bar-background-percent\" style=\"width:0%\"><\/span><\/span><span class=\"glsr-bar-percent\">0%<\/span><\/div>\n<div class=\"glsr-bar\" data-level=\"4\"><span class=\"glsr-bar-label\">Muy buena<\/span><span class=\"glsr-bar-background\"><span class=\"glsr-bar-background-percent\" style=\"width:0%\"><\/span><\/span><span class=\"glsr-bar-percent\">0%<\/span><\/div>\n<div class=\"glsr-bar\" data-level=\"3\"><span class=\"glsr-bar-label\">Media<\/span><span class=\"glsr-bar-background\"><span class=\"glsr-bar-background-percent\" style=\"width:100%\"><\/span><\/span><span class=\"glsr-bar-percent\">100%<\/span><\/div>\n<div class=\"glsr-bar\" data-level=\"2\"><span class=\"glsr-bar-label\">Mala<\/span><span class=\"glsr-bar-background\"><span class=\"glsr-bar-background-percent\" style=\"width:0%\"><\/span><\/span><span class=\"glsr-bar-percent\">0%<\/span><\/div>\n<div class=\"glsr-bar\" data-level=\"1\"><span class=\"glsr-bar-label\">Muy mala<\/span><span class=\"glsr-bar-background\"><span class=\"glsr-bar-background-percent\" style=\"width:0%\"><\/span><\/span><span class=\"glsr-bar-percent\">0%<\/span><\/div>\n<\/div><\/div>\n<\/div>\n<\/div>\n<div class=\"row\">\n<div class=\"col-sm-12\">\n<p class=\"condition-wrap\"><span class=\"badge badge-orange\"><i class=\"icon icon-check\"><\/i> Servicio operativo<\/span><span class=\"badge badge-green-dark ph-tooltip ph-tooltip-medium\" data-title=\"Si anulas tu reserva hasta 48 horas antes del inicio de la actividad, te devolveremos el 100% del adelanto que pagaste para realizar la reserva.\">Anulaci\u00f3n gratuita<\/span><span class=\"badge badge-green ph-tooltip ph-tooltip-medium\" data-title=\"Puedes reprogramar tu reserva sin costo adicional hasta 48 horas antes del inicio de la actividad.\">Reprogramaci\u00f3n gratuita<\/span><\/p>\n<\/div>\n<\/div>\n<p>En esta aventura de 3 d\u00edas y 2 noches visitaremos las islas m\u00e1s importantes del lado peruano del lago Titicaca, estas son las Islas de los Uros, Amantani y Taquile, haciendo un turismo vivencial con los habitantes de estas islas.<\/p>\n<hr \/>\n<div class=\"row\">\n<div class=\"col-sm-4 tour-summary\">\n<h5 class=\"summary-title\"><i class=\"icon icon-dollars\"><\/i> Precio por persona<\/h5>\n<p class=\"summary-price\"><b>Desde:<\/b> USD 94.00<\/p>\n<\/div>\n<div class=\"col-sm-4 tour-summary\">\n<h5 class=\"summary-title\"><i class=\"icon icon-clock\"><\/i> Horarios<\/h5>\n<ul class=\"summary-price\">\n<li>7:45 AM a 3:45 PM<\/li>\n<\/ul>\n<\/div>\n<div class=\"col-sm-4 tour-summary\">\n<h5 class=\"summary-title\"><i class=\"icon icon-dollars\"><\/i> Duraci\u00f3n<\/h5>\n<p class=\"summary-price\">3 d\u00edas y 2 noches <\/p>\n<\/div>\n<\/div>\n<hr \/>\n<h3><span style=\"color: #ca640b;\">NUESTROS SERVICIOS INCLUYEN \/ NO INCLUYEN:<\/span><\/h3>\n<div class=\"row\">\n<div class=\"col-sm-6 column yes\">\n<ul>\n<li>Traslado hotel \/ puerto\/ hotel.<\/li>\n<li>Tickets de ingreso a Uros, Amantani, Taquile.<\/li>\n<li>Lancha a motor con cuarto de ba\u00f1o. Compartido.<\/li>\n<li>01 noche de alojamiento en una casa de familia en la Isla de Amantani.<\/li>\n<li>01 noche de alojamiento en una casa de familia en la Isla de Taquile.<\/li>\n<li>03 almuerzos.<\/li>\n<li>02 desayunos.<\/li>\n<li>02 cenas.<\/li>\n<li>Gu\u00eda (ingl\u00e9s\/espa\u00f1ol) para el grupo compartido.<\/li>\n<\/ul>\n<\/div>\n<div class=\"col-sm-6 column not\">\n<ul>\n<li>Gastos no mencionados.<\/li>\n<li>Adicional usd$ 5. Por persona, recojo de los siguientes Hoteles:\n<ul>\n<li>Xima Puno Hotel.<\/li>\n<li>Casa Andina Private Collecti\u00f3n.<\/li>\n<li>Hotel Libertador.<\/li>\n<li>Hotel Mirador del Titikaka.<\/li>\n<li>Hotel Sonesta Posada del Inca.<\/li>\n<\/ul>\n<\/li>\n<li>Divertido paseo en botes de Totora (opcional &#8211; no incluido).<\/li>\n<\/ul>\n<\/div>\n<\/div>\n<hr \/>\n<h3><span style=\"color: #ca640b;\">RECOMENDACIONES:<\/span><\/h3>\n<ul>\n<li>Bolsa de dormir (opcional).<\/li>\n<li>C\u00e1mara fotogr\u00e1fica y bater\u00edas extras.<\/li>\n<li>Una botella de agua.<\/li>\n<li>Zapatillas c\u00f3modas para la caminata.<\/li>\n<li>Mochila con lo indispensable.<\/li>\n<li>Snack, galletas, caramelos, etc.<\/li>\n<li>Lentes, Gorra y bloqueador solar.<\/li>\n<li>Ropa ligera y abrigadora.<\/li>\n<\/ul>\n<hr \/>\n<h3><span style=\"color: #ca640b;\">PRECIOS:<\/span><\/h3>\n<p>Precio por persona: 3 d\u00edas y 2 noches:<\/p>\n<ul>\n<li>Adulto: \u00a0 \u00a0 \u00a0 \u00a0 \u00a0 \u00a0 \u00a0 \u00a0 \u00a0 \u00a0 \u00a0 \u00a0 \u00a0 US$ 94 por persona.<\/li>\n<li>Ni\u00f1o (6 a 12 a\u00f1os):\u00a0\u00a0\u00a0\u00a0\u00a0\u00a0\u00a0\u00a0 US$ 90 por persona<\/li>\n<li>Infante (0 a 5 a\u00f1os):\u00a0\u00a0\u00a0\u00a0\u00a0\u00a0 Sin cargo<\/li>\n<\/ul>\n<hr \/>\n<h3><span style=\"color: #ca640b;\">ITINERARIO:<\/span><\/h3>\n<p><strong><span style=\"color: #ff0000;\">PRIMER D\u00cdA:<\/span> ISLAS UROS &#8211; AMANTANI<\/strong><\/p>\n<ul>\n<li>07:45h. &#8211; 08:05h. Recojo desde su Hotel en Puno.<\/li>\n<li>08:15h. Salida de barco desde Puerto de Puno.<\/li>\n<li>08:40h. Visita 2 Islas Flotantes de los Uros.<\/li>\n<li>10:00h. Salida de barco hacia la Amantani.<\/li>\n<li>13:00h. Arribo al Puerto de la Isla de Amantani.<\/li>\n<li>14:00h. Almuerzo en casa de familia local.<\/li>\n<li>16:00h. Caminata de 01hora hacia el punto m\u00e1s alto de la Isla: Cerro Pachamama o Pachatata.<\/li>\n<li>18:00h. Retorno y Cena en la casa de la familia.<\/li>\n<li>20:00h. Baile y festejo junto al pueblo (Opcional).<\/li>\n<\/ul>\n<p><strong><span style=\"color: #ff0000;\">SEGUNDO D\u00cdA:<\/span> ISLAS AMANTANI &#8211; TAQUILE<\/strong><\/p>\n<ul>\n<li>08:00h. Salida desde Puerto de Amantani hacia taquile.<\/li>\n<li>09:00h. Arribo en el Puerto de Taquile y caminata de 25 min hasta restaurante local.<\/li>\n<li>11:30h. Explicaci\u00f3n del gu\u00eda en el restaurante local.<\/li>\n<li>12:30h. Almuerzo en el restaurante local.<\/li>\n<li>13:20h. Encuentro con la familia en la plaza principal de Taquile.<\/li>\n<li>14:00h. Llegada a la casa de familia.<\/li>\n<li>14:45h. Tiempo libre y exploraci\u00f3n de la Isla con un miembro de la familia.<\/li>\n<li>19:00h. Cena y alojamiento con la familia anfitriona.<\/li>\n<\/ul>\n<p><strong><span style=\"color: #ff0000;\">TERCER DIA:<\/span> ISLA DE TAQUILE &#8211; PUNO<\/strong><\/p>\n<ul>\n<li>05:00h. Observaci\u00f3n de la salida del sol. (opcional).<\/li>\n<li>07:45h. Desayuno.<\/li>\n<li>08:45h. Actividades agr\u00edcolas y demostraci\u00f3n de textiles con la familia anfitriona.<\/li>\n<li>10:30h. Retorno a la plaza principal de Taquile.<\/li>\n<li>11:30h. Visita el mercado artesanal de Taquile.<\/li>\n<li>12:30h. Almuerzo en el restaurante con el grupo.<\/li>\n<li>13:25h. Salida de Taquile.<\/li>\n<li>15:45h. Arribo a Puno y transfer hasta su Hotel.<\/li>\n<\/ul>\n<p><\/p>","protected":false},"excerpt":{"rendered":"<p>En esta aventura de 3 d\u00edas y 2 noches visitaremos las islas m\u00e1s importantes del lado peruano del lago Titicaca, estas son las Islas de los Uros, Amantani y Taquile, haciendo un turismo vivencial con los habitantes de estas islas.<\/p>\n","protected":false},"author":2,"featured_media":713,"parent":80,"menu_order":11,"comment_status":"closed","ping_status":"closed","template":"page-tour.php","meta":{"_glsr_average":0,"_glsr_ranking":0,"_glsr_reviews":0,"footnotes":""},"class_list":["post-1169","page","type-page","status-publish","has-post-thumbnail","hentry"],"yoast_head":"<!-- This site is optimized with the Yoast SEO plugin v23.0 - https:\/\/yoast.com\/wordpress\/plugins\/seo\/ -->\n<title>TOURS A LAS ISLAS DE LOS UROS - AMANTANI Y TAQUILE (3D\/2N) COMPARTIDO | Great Trip Titikaka: Tour Peru - Bolivia<\/title>\n<meta name=\"robots\" content=\"index, follow, max-snippet:-1, max-image-preview:large, max-video-preview:-1\" \/>\n<link rel=\"canonical\" href=\"https:\/\/www.greattriptitikaka.com\/en\/puno\/lake-titicaca\/tours-islands-uros-amantani-taquile-3d\/\" \/>\n<meta property=\"og:locale\" content=\"es_ES\" \/>\n<meta property=\"og:type\" content=\"article\" \/>\n<meta property=\"og:title\" content=\"TOURS A LAS ISLAS DE LOS UROS - AMANTANI Y TAQUILE (3D\/2N) COMPARTIDO | Great Trip Titikaka: Tour Peru - Bolivia\" \/>\n<meta property=\"og:description\" content=\"En esta aventura de 3 d\u00edas y 2 noches visitaremos las islas m\u00e1s importantes del lado peruano del lago Titicaca, estas son las Islas de los Uros, Amantani y Taquile, haciendo un turismo vivencial con los habitantes de estas islas.\" \/>\n<meta property=\"og:url\" content=\"https:\/\/www.greattriptitikaka.com\/en\/puno\/lake-titicaca\/tours-islands-uros-amantani-taquile-3d\/\" \/>\n<meta property=\"og:site_name\" content=\"Great Trip Titikaka: Tour Peru - Bolivia\" \/>\n<meta property=\"article:modified_time\" content=\"2024-07-11T23:34:41+00:00\" \/>\n<meta property=\"og:image\" content=\"https:\/\/www.greattriptitikaka.com\/wp-content\/uploads\/2020\/03\/isla-sol-lapaz-copacabana-great-trip-titikaka_3.jpg\" \/>\n\t<meta property=\"og:image:width\" content=\"820\" \/>\n\t<meta property=\"og:image:height\" content=\"450\" \/>\n\t<meta property=\"og:image:type\" content=\"image\/jpeg\" \/>\n<meta name=\"twitter:card\" content=\"summary_large_image\" \/>\n<meta name=\"twitter:label1\" content=\"Tiempo de lectura\" \/>\n\t<meta name=\"twitter:data1\" content=\"4 minutos\" \/>\n<script type=\"application\/ld+json\" class=\"yoast-schema-graph\">{\"@context\":\"https:\/\/schema.org\",\"@graph\":[{\"@type\":\"WebPage\",\"@id\":\"https:\/\/www.greattriptitikaka.com\/en\/puno\/lake-titicaca\/tours-islands-uros-amantani-taquile-3d\/\",\"url\":\"https:\/\/www.greattriptitikaka.com\/en\/puno\/lake-titicaca\/tours-islands-uros-amantani-taquile-3d\/\",\"name\":\"TOURS A LAS ISLAS DE LOS UROS - AMANTANI Y TAQUILE (3D\/2N) COMPARTIDO | Great Trip Titikaka: Tour Peru - Bolivia\",\"isPartOf\":{\"@id\":\"https:\/\/www.greattriptitikaka.com\/en\/#website\"},\"primaryImageOfPage\":{\"@id\":\"https:\/\/www.greattriptitikaka.com\/en\/puno\/lake-titicaca\/tours-islands-uros-amantani-taquile-3d\/#primaryimage\"},\"image\":{\"@id\":\"https:\/\/www.greattriptitikaka.com\/en\/puno\/lake-titicaca\/tours-islands-uros-amantani-taquile-3d\/#primaryimage\"},\"thumbnailUrl\":\"https:\/\/www.greattriptitikaka.com\/wp-content\/uploads\/2020\/03\/isla-sol-lapaz-copacabana-great-trip-titikaka_3.jpg\",\"datePublished\":\"2020-01-04T16:14:10+00:00\",\"dateModified\":\"2024-07-11T23:34:41+00:00\",\"breadcrumb\":{\"@id\":\"https:\/\/www.greattriptitikaka.com\/en\/puno\/lake-titicaca\/tours-islands-uros-amantani-taquile-3d\/#breadcrumb\"},\"inLanguage\":\"es\",\"potentialAction\":[{\"@type\":\"ReadAction\",\"target\":[\"https:\/\/www.greattriptitikaka.com\/en\/puno\/lake-titicaca\/tours-islands-uros-amantani-taquile-3d\/\"]}]},{\"@type\":\"ImageObject\",\"inLanguage\":\"es\",\"@id\":\"https:\/\/www.greattriptitikaka.com\/en\/puno\/lake-titicaca\/tours-islands-uros-amantani-taquile-3d\/#primaryimage\",\"url\":\"https:\/\/www.greattriptitikaka.com\/wp-content\/uploads\/2020\/03\/isla-sol-lapaz-copacabana-great-trip-titikaka_3.jpg\",\"contentUrl\":\"https:\/\/www.greattriptitikaka.com\/wp-content\/uploads\/2020\/03\/isla-sol-lapaz-copacabana-great-trip-titikaka_3.jpg\",\"width\":820,\"height\":450},{\"@type\":\"BreadcrumbList\",\"@id\":\"https:\/\/www.greattriptitikaka.com\/en\/puno\/lake-titicaca\/tours-islands-uros-amantani-taquile-3d\/#breadcrumb\",\"itemListElement\":[{\"@type\":\"ListItem\",\"position\":1,\"name\":\"Portada\",\"item\":\"https:\/\/www.greattriptitikaka.com\/en\/\"},{\"@type\":\"ListItem\",\"position\":2,\"name\":\"PUNO &#8211; TITICACA\",\"item\":\"https:\/\/www.greattriptitikaka.com\/en\/puno\/\"},{\"@type\":\"ListItem\",\"position\":3,\"name\":\"PUNO: CLASSIC TOURS\",\"item\":\"https:\/\/www.greattriptitikaka.com\/en\/puno\/lake-titicaca\/\"},{\"@type\":\"ListItem\",\"position\":4,\"name\":\"TOURS TO THE ISLANDS OF UROS-AMANTANI and TAQUILE (03D\/02N) SHARED SERVICE\"}]},{\"@type\":\"WebSite\",\"@id\":\"https:\/\/www.greattriptitikaka.com\/en\/#website\",\"url\":\"https:\/\/www.greattriptitikaka.com\/en\/\",\"name\":\"GREAT TRIP TITIKAKA\",\"description\":\"GREAT TRIP &lt;span&gt;TITIKAKA&lt;\/span&gt;\",\"publisher\":{\"@id\":\"https:\/\/www.greattriptitikaka.com\/en\/#organization\"},\"potentialAction\":[{\"@type\":\"SearchAction\",\"target\":{\"@type\":\"EntryPoint\",\"urlTemplate\":\"https:\/\/www.greattriptitikaka.com\/en\/?s={search_term_string}\"},\"query-input\":\"required name=search_term_string\"}],\"inLanguage\":\"es\"},{\"@type\":\"Organization\",\"@id\":\"https:\/\/www.greattriptitikaka.com\/en\/#organization\",\"name\":\"GREAT TRIP WORLD E.I.R.L.\",\"url\":\"https:\/\/www.greattriptitikaka.com\/en\/\",\"logo\":{\"@type\":\"ImageObject\",\"inLanguage\":\"es\",\"@id\":\"https:\/\/www.greattriptitikaka.com\/en\/#\/schema\/logo\/image\/\",\"url\":\"https:\/\/www.greattriptitikaka.com\/wp-content\/uploads\/2024\/07\/logo.svg\",\"contentUrl\":\"https:\/\/www.greattriptitikaka.com\/wp-content\/uploads\/2024\/07\/logo.svg\",\"width\":1972,\"height\":815,\"caption\":\"GREAT TRIP WORLD E.I.R.L.\"},\"image\":{\"@id\":\"https:\/\/www.greattriptitikaka.com\/en\/#\/schema\/logo\/image\/\"}}]}<\/script>\n<!-- \/ Yoast SEO plugin. -->","yoast_head_json":{"title":"TOURS A LAS ISLAS DE LOS UROS - AMANTANI Y TAQUILE (3D\/2N) COMPARTIDO | Great Trip Titikaka: Tour Peru - Bolivia","robots":{"index":"index","follow":"follow","max-snippet":"max-snippet:-1","max-image-preview":"max-image-preview:large","max-video-preview":"max-video-preview:-1"},"canonical":"https:\/\/www.greattriptitikaka.com\/en\/puno\/lake-titicaca\/tours-islands-uros-amantani-taquile-3d\/","og_locale":"es_ES","og_type":"article","og_title":"TOURS A LAS ISLAS DE LOS UROS - AMANTANI Y TAQUILE (3D\/2N) COMPARTIDO | Great Trip Titikaka: Tour Peru - Bolivia","og_description":"En esta aventura de 3 d\u00edas y 2 noches visitaremos las islas m\u00e1s importantes del lado peruano del lago Titicaca, estas son las Islas de los Uros, Amantani y Taquile, haciendo un turismo vivencial con los habitantes de estas islas.","og_url":"https:\/\/www.greattriptitikaka.com\/en\/puno\/lake-titicaca\/tours-islands-uros-amantani-taquile-3d\/","og_site_name":"Great Trip Titikaka: Tour Peru - Bolivia","article_modified_time":"2024-07-11T23:34:41+00:00","og_image":[{"width":820,"height":450,"url":"https:\/\/www.greattriptitikaka.com\/wp-content\/uploads\/2020\/03\/isla-sol-lapaz-copacabana-great-trip-titikaka_3.jpg","type":"image\/jpeg"}],"twitter_card":"summary_large_image","twitter_misc":{"Tiempo de lectura":"4 minutos"},"schema":{"@context":"https:\/\/schema.org","@graph":[{"@type":"WebPage","@id":"https:\/\/www.greattriptitikaka.com\/en\/puno\/lake-titicaca\/tours-islands-uros-amantani-taquile-3d\/","url":"https:\/\/www.greattriptitikaka.com\/en\/puno\/lake-titicaca\/tours-islands-uros-amantani-taquile-3d\/","name":"TOURS A LAS ISLAS DE LOS UROS - AMANTANI Y TAQUILE (3D\/2N) COMPARTIDO | Great Trip Titikaka: Tour Peru - Bolivia","isPartOf":{"@id":"https:\/\/www.greattriptitikaka.com\/en\/#website"},"primaryImageOfPage":{"@id":"https:\/\/www.greattriptitikaka.com\/en\/puno\/lake-titicaca\/tours-islands-uros-amantani-taquile-3d\/#primaryimage"},"image":{"@id":"https:\/\/www.greattriptitikaka.com\/en\/puno\/lake-titicaca\/tours-islands-uros-amantani-taquile-3d\/#primaryimage"},"thumbnailUrl":"https:\/\/www.greattriptitikaka.com\/wp-content\/uploads\/2020\/03\/isla-sol-lapaz-copacabana-great-trip-titikaka_3.jpg","datePublished":"2020-01-04T16:14:10+00:00","dateModified":"2024-07-11T23:34:41+00:00","breadcrumb":{"@id":"https:\/\/www.greattriptitikaka.com\/en\/puno\/lake-titicaca\/tours-islands-uros-amantani-taquile-3d\/#breadcrumb"},"inLanguage":"es","potentialAction":[{"@type":"ReadAction","target":["https:\/\/www.greattriptitikaka.com\/en\/puno\/lake-titicaca\/tours-islands-uros-amantani-taquile-3d\/"]}]},{"@type":"ImageObject","inLanguage":"es","@id":"https:\/\/www.greattriptitikaka.com\/en\/puno\/lake-titicaca\/tours-islands-uros-amantani-taquile-3d\/#primaryimage","url":"https:\/\/www.greattriptitikaka.com\/wp-content\/uploads\/2020\/03\/isla-sol-lapaz-copacabana-great-trip-titikaka_3.jpg","contentUrl":"https:\/\/www.greattriptitikaka.com\/wp-content\/uploads\/2020\/03\/isla-sol-lapaz-copacabana-great-trip-titikaka_3.jpg","width":820,"height":450},{"@type":"BreadcrumbList","@id":"https:\/\/www.greattriptitikaka.com\/en\/puno\/lake-titicaca\/tours-islands-uros-amantani-taquile-3d\/#breadcrumb","itemListElement":[{"@type":"ListItem","position":1,"name":"Portada","item":"https:\/\/www.greattriptitikaka.com\/en\/"},{"@type":"ListItem","position":2,"name":"PUNO &#8211; TITICACA","item":"https:\/\/www.greattriptitikaka.com\/en\/puno\/"},{"@type":"ListItem","position":3,"name":"PUNO: CLASSIC TOURS","item":"https:\/\/www.greattriptitikaka.com\/en\/puno\/lake-titicaca\/"},{"@type":"ListItem","position":4,"name":"TOURS TO THE ISLANDS OF UROS-AMANTANI and TAQUILE (03D\/02N) SHARED SERVICE"}]},{"@type":"WebSite","@id":"https:\/\/www.greattriptitikaka.com\/en\/#website","url":"https:\/\/www.greattriptitikaka.com\/en\/","name":"GREAT TRIP TITIKAKA","description":"GREAT TRIP &lt;span&gt;TITIKAKA&lt;\/span&gt;","publisher":{"@id":"https:\/\/www.greattriptitikaka.com\/en\/#organization"},"potentialAction":[{"@type":"SearchAction","target":{"@type":"EntryPoint","urlTemplate":"https:\/\/www.greattriptitikaka.com\/en\/?s={search_term_string}"},"query-input":"required name=search_term_string"}],"inLanguage":"es"},{"@type":"Organization","@id":"https:\/\/www.greattriptitikaka.com\/en\/#organization","name":"GREAT TRIP WORLD E.I.R.L.","url":"https:\/\/www.greattriptitikaka.com\/en\/","logo":{"@type":"ImageObject","inLanguage":"es","@id":"https:\/\/www.greattriptitikaka.com\/en\/#\/schema\/logo\/image\/","url":"https:\/\/www.greattriptitikaka.com\/wp-content\/uploads\/2024\/07\/logo.svg","contentUrl":"https:\/\/www.greattriptitikaka.com\/wp-content\/uploads\/2024\/07\/logo.svg","width":1972,"height":815,"caption":"GREAT TRIP WORLD E.I.R.L."},"image":{"@id":"https:\/\/www.greattriptitikaka.com\/en\/#\/schema\/logo\/image\/"}}]}},"_links":{"self":[{"href":"https:\/\/www.greattriptitikaka.com\/es\/wp-json\/wp\/v2\/pages\/1169"}],"collection":[{"href":"https:\/\/www.greattriptitikaka.com\/es\/wp-json\/wp\/v2\/pages"}],"about":[{"href":"https:\/\/www.greattriptitikaka.com\/es\/wp-json\/wp\/v2\/types\/page"}],"author":[{"embeddable":true,"href":"https:\/\/www.greattriptitikaka.com\/es\/wp-json\/wp\/v2\/users\/2"}],"replies":[{"embeddable":true,"href":"https:\/\/www.greattriptitikaka.com\/es\/wp-json\/wp\/v2\/comments?post=1169"}],"version-history":[{"count":0,"href":"https:\/\/www.greattriptitikaka.com\/es\/wp-json\/wp\/v2\/pages\/1169\/revisions"}],"up":[{"embeddable":true,"href":"https:\/\/www.greattriptitikaka.com\/es\/wp-json\/wp\/v2\/pages\/80"}],"wp:featuredmedia":[{"embeddable":true,"href":"https:\/\/www.greattriptitikaka.com\/es\/wp-json\/wp\/v2\/media\/713"}],"wp:attachment":[{"href":"https:\/\/www.greattriptitikaka.com\/es\/wp-json\/wp\/v2\/media?parent=1169"}],"curies":[{"name":"wp","href":"https:\/\/api.w.org\/{rel}","templated":true}]}}