{"id":1179,"date":"2020-01-12T20:20:05","date_gmt":"2020-01-13T01:20:05","guid":{"rendered":"https:\/\/www.greattriptitikaka.com\/es\/?page_id=1179"},"modified":"2024-07-11T18:33:00","modified_gmt":"2024-07-11T23:33:00","slug":"copia_-puno-juli-4-churches-little-rome-of-america-waruwaru-full-day","status":"publish","type":"page","link":"https:\/\/www.greattriptitikaka.com\/es\/puno\/puno-tours-privados\/puno-cutimbo-chucuito-aramumuro-portal-dioses-waru-waru-juli-pomata\/","title":{"rendered":"CORREDOR AYMARA \/ Full day"},"content":{"rendered":"<p><\/p>\n<p>Este tour tiene una duraci\u00f3n de 10 y media horas aprox. Visitaremos el complejo arqueol\u00f3gico de <u>CUTIMBO,<\/u> Chucuito o Inca Uyo, tambi\u00e9n conocido como el Templo de la fertilidad, Luego <u>\u201cARAMUMURO\u201d o <\/u>\u201cPUERTA INTERDIMENCIONAL\u201d (ciudad de los esp\u00edritus). Siguiendo, llegamos a <u>Waru waru,<\/u> posteriormente <u>JULI,<\/u> \u201cla peque\u00f1a Roma de Am\u00e9rica\u201d, <u>POMATA,<\/u> \u00f3 \u201cel balc\u00f3n filos\u00f3fico del Altiplano.<\/p>\n<p><!--more--><\/p>\n<div class=\"in-block no-border\">\n<div id=\"ph-multi-1179\" class=\"carousel ph-slider tour-slider slide\" data-ride=\"carousel\" data-interval=\"4000\" data-pause=\"hover\">\n<ol class=\"carousel-indicators\">\n<li data-target=\"#ph-multi-1179\" data-slide-to=\"0\" class=\"active\"><\/li>\n<li data-target=\"#ph-multi-1179\" data-slide-to=\"1\"><\/li>\n<li data-target=\"#ph-multi-1179\" data-slide-to=\"2\"><\/li>\n<li data-target=\"#ph-multi-1179\" data-slide-to=\"3\"><\/li>\n<li data-target=\"#ph-multi-1179\" data-slide-to=\"4\"><\/li>\n<\/ol>\n<div class=\"carousel-inner\" role=\"listbox\">\n<div class=\"slide-loader\"><\/div>\n<div class=\"item active\"><img loading=\"lazy\" decoding=\"async\" class=\"alignnone size-full wp-image-744\" src=\"https:\/\/www.greattriptitikaka.com\/wp-content\/uploads\/2020\/03\/puno-cutimbo-chucuito-great-trip-titikaka_3.jpg\" alt=\"\" width=\"820\" height=\"450\" srcset=\"https:\/\/www.greattriptitikaka.com\/wp-content\/uploads\/2020\/03\/puno-cutimbo-chucuito-great-trip-titikaka_3.jpg 820w, https:\/\/www.greattriptitikaka.com\/wp-content\/uploads\/2020\/03\/puno-cutimbo-chucuito-great-trip-titikaka_3-600x329.jpg 600w, https:\/\/www.greattriptitikaka.com\/wp-content\/uploads\/2020\/03\/puno-cutimbo-chucuito-great-trip-titikaka_3-768x421.jpg 768w, https:\/\/www.greattriptitikaka.com\/wp-content\/uploads\/2020\/03\/puno-cutimbo-chucuito-great-trip-titikaka_3-60x33.jpg 60w\" sizes=\"(max-width: 820px) 100vw, 820px\" \/><\/div>\n<div class=\"item\"><img loading=\"lazy\" decoding=\"async\" class=\"alignnone size-full wp-image-737\" src=\"https:\/\/www.greattriptitikaka.com\/wp-content\/uploads\/2020\/03\/aramumuro-puerta-sol-great-trip-titikaka_2.jpg\" alt=\"\" width=\"820\" height=\"450\" srcset=\"https:\/\/www.greattriptitikaka.com\/wp-content\/uploads\/2020\/03\/aramumuro-puerta-sol-great-trip-titikaka_2.jpg 820w, https:\/\/www.greattriptitikaka.com\/wp-content\/uploads\/2020\/03\/aramumuro-puerta-sol-great-trip-titikaka_2-600x329.jpg 600w, https:\/\/www.greattriptitikaka.com\/wp-content\/uploads\/2020\/03\/aramumuro-puerta-sol-great-trip-titikaka_2-768x421.jpg 768w, https:\/\/www.greattriptitikaka.com\/wp-content\/uploads\/2020\/03\/aramumuro-puerta-sol-great-trip-titikaka_2-60x33.jpg 60w\" sizes=\"(max-width: 820px) 100vw, 820px\" \/><\/div>\n<div class=\"item\"><img loading=\"lazy\" decoding=\"async\" class=\"alignnone size-full wp-image-740\" src=\"https:\/\/www.greattriptitikaka.com\/wp-content\/uploads\/2020\/03\/puno-juli-great-trip-titikaka_3.jpg\" alt=\"\" width=\"820\" height=\"450\" srcset=\"https:\/\/www.greattriptitikaka.com\/wp-content\/uploads\/2020\/03\/puno-juli-great-trip-titikaka_3.jpg 820w, https:\/\/www.greattriptitikaka.com\/wp-content\/uploads\/2020\/03\/puno-juli-great-trip-titikaka_3-600x329.jpg 600w, https:\/\/www.greattriptitikaka.com\/wp-content\/uploads\/2020\/03\/puno-juli-great-trip-titikaka_3-768x421.jpg 768w, https:\/\/www.greattriptitikaka.com\/wp-content\/uploads\/2020\/03\/puno-juli-great-trip-titikaka_3-60x33.jpg 60w\" sizes=\"(max-width: 820px) 100vw, 820px\" \/><\/div>\n<div class=\"item\"><img loading=\"lazy\" decoding=\"async\" class=\"alignnone size-full wp-image-746\" src=\"https:\/\/www.greattriptitikaka.com\/wp-content\/uploads\/2020\/03\/puno-cutimbo-chucuito-great-trip-titikaka_1.jpg\" alt=\"\" width=\"820\" height=\"450\" srcset=\"https:\/\/www.greattriptitikaka.com\/wp-content\/uploads\/2020\/03\/puno-cutimbo-chucuito-great-trip-titikaka_1.jpg 820w, https:\/\/www.greattriptitikaka.com\/wp-content\/uploads\/2020\/03\/puno-cutimbo-chucuito-great-trip-titikaka_1-600x329.jpg 600w, https:\/\/www.greattriptitikaka.com\/wp-content\/uploads\/2020\/03\/puno-cutimbo-chucuito-great-trip-titikaka_1-768x421.jpg 768w, https:\/\/www.greattriptitikaka.com\/wp-content\/uploads\/2020\/03\/puno-cutimbo-chucuito-great-trip-titikaka_1-60x33.jpg 60w\" sizes=\"(max-width: 820px) 100vw, 820px\" \/><\/div>\n<div class=\"item\"><img loading=\"lazy\" decoding=\"async\" class=\"alignnone size-full wp-image-745\" src=\"https:\/\/www.greattriptitikaka.com\/wp-content\/uploads\/2020\/03\/puno-cutimbo-chucuito-great-trip-titikaka_2.jpg\" alt=\"\" width=\"820\" height=\"450\" srcset=\"https:\/\/www.greattriptitikaka.com\/wp-content\/uploads\/2020\/03\/puno-cutimbo-chucuito-great-trip-titikaka_2.jpg 820w, https:\/\/www.greattriptitikaka.com\/wp-content\/uploads\/2020\/03\/puno-cutimbo-chucuito-great-trip-titikaka_2-600x329.jpg 600w, https:\/\/www.greattriptitikaka.com\/wp-content\/uploads\/2020\/03\/puno-cutimbo-chucuito-great-trip-titikaka_2-768x421.jpg 768w, https:\/\/www.greattriptitikaka.com\/wp-content\/uploads\/2020\/03\/puno-cutimbo-chucuito-great-trip-titikaka_2-60x33.jpg 60w\" sizes=\"(max-width: 820px) 100vw, 820px\" \/>\u00a0\u00a0<\/p>\n<\/div>\n<p><a class=\"carousel-control left\" href=\"#ph-multi-1179\" data-slide=\"prev\"><i class=\"icon icon-arrow-left\"><\/i><\/a><a class=\"carousel-control right\" href=\"#ph-multi-1179\" data-slide=\"next\"><i class=\"icon icon-arrow-right\"><\/i><\/a><\/div>\n<\/div>\n<\/div>\n<nav id=\"menu-anchor\" class=\"menu-anchor\">\n<div class=\"container-fluid\">\n<ul class=\"tab-navi\">\n<li id=\"item-1\" class=\"tab-item\"><a href=\"javascript:void(0)\">Resumen<\/a><\/li>\n<li id=\"item-2\" class=\"tab-item\"><a href=\"javascript:void(0)\"> Incluye<\/a><\/li>\n<li id=\"item-3\" class=\"tab-item\"><a href=\"javascript:void(0)\"> Qu\u00e9 llevar<\/a><\/li>\n<li id=\"item-4\" class=\"tab-item\"><a href=\"javascript:void(0)\"> Precios<\/a><\/li>\n<li id=\"item-5\" class=\"tab-item\"><a href=\"javascript:void(0)\"> Itinerario<\/a><\/li>\n<li id=\"item-testimonials\" class=\"tab-item\"><a href=\"javascript:void(0)\"> Rese\u00f1as<\/a><\/li>\n<\/ul>\n<\/div>\n<\/nav>\n<h3>RESUMEN:<\/h3>\n<h1 class=\"page-title \">CORREDOR AYMARA \/ Full day<\/h1>\n<h4><span style=\"color: #ff9900;\">PUNO \u2013 CUTIMBO \u2013 CHUCUITO &#8211; ARAMUMURO:(PORTAL DE LOS DIOSES) WARU WARU &#8211; JULI &#8211; POMATA &#8211; PUNO<\/span><\/h4>\n<div class=\"glsr glsr-default\" id=\"glsr_63f58dfd\" data-from=\"shortcode\" data-shortcode=\"site_reviews_summary\" data-hide=\"[&quot;rating&quot;]\">\n<div class=\"glsr-summary-wrap\">\n<div class=\"glsr-summary\">\n<div class=\"glsr-summary-stars\">\n<div class=\"glsr-star-rating glsr-stars\" role=\"img\" aria-label=\"Rated 3 out of 5 stars based on 1 ratings\" data-rating=\"3\" data-reviews=\"1\"><span class=\"glsr-star glsr-star-full\" aria-hidden=\"true\"><\/span><span class=\"glsr-star glsr-star-full\" aria-hidden=\"true\"><\/span><span class=\"glsr-star glsr-star-full\" aria-hidden=\"true\"><\/span><span class=\"glsr-star glsr-star-empty\" aria-hidden=\"true\"><\/span><span class=\"glsr-star glsr-star-empty\" aria-hidden=\"true\"><\/span><\/div>\n<\/div>\n<div class=\"glsr-summary-text\"><span class=\"glsr-tag-value\">3,0 de 5 estrellas (basado en 1 rese\u00f1a)<\/span><\/div>\n<div class=\"glsr-summary-percentages\">\n<div class=\"glsr-bar\" data-level=\"5\"><span class=\"glsr-bar-label\">Excelente<\/span><span class=\"glsr-bar-background\"><span class=\"glsr-bar-background-percent\" style=\"width:0%\"><\/span><\/span><span class=\"glsr-bar-percent\">0%<\/span><\/div>\n<div class=\"glsr-bar\" data-level=\"4\"><span class=\"glsr-bar-label\">Muy buena<\/span><span class=\"glsr-bar-background\"><span class=\"glsr-bar-background-percent\" style=\"width:0%\"><\/span><\/span><span class=\"glsr-bar-percent\">0%<\/span><\/div>\n<div class=\"glsr-bar\" data-level=\"3\"><span class=\"glsr-bar-label\">Media<\/span><span class=\"glsr-bar-background\"><span class=\"glsr-bar-background-percent\" style=\"width:100%\"><\/span><\/span><span class=\"glsr-bar-percent\">100%<\/span><\/div>\n<div class=\"glsr-bar\" data-level=\"2\"><span class=\"glsr-bar-label\">Mala<\/span><span class=\"glsr-bar-background\"><span class=\"glsr-bar-background-percent\" style=\"width:0%\"><\/span><\/span><span class=\"glsr-bar-percent\">0%<\/span><\/div>\n<div class=\"glsr-bar\" data-level=\"1\"><span class=\"glsr-bar-label\">Muy mala<\/span><span class=\"glsr-bar-background\"><span class=\"glsr-bar-background-percent\" style=\"width:0%\"><\/span><\/span><span class=\"glsr-bar-percent\">0%<\/span><\/div>\n<\/div><\/div>\n<\/div>\n<\/div>\n<div class=\"row\">\n<div class=\"col-sm-12\">\n<p class=\"condition-wrap\"><span class=\"badge badge-orange\"><i class=\"icon icon-check\"><\/i> Servicio operativo<\/span><span class=\"badge badge-green-dark ph-tooltip ph-tooltip-medium\" data-title=\"Si anulas tu reserva hasta 48 horas antes del inicio de la actividad, te devolveremos el 100% del adelanto que pagaste para realizar la reserva.\">Anulaci\u00f3n gratuita<\/span><span class=\"badge badge-green ph-tooltip ph-tooltip-medium\" data-title=\"Puedes reprogramar tu reserva sin costo adicional hasta 48 horas antes del inicio de la actividad.\">Reprogramaci\u00f3n gratuita<\/span><\/p>\n<\/div>\n<\/div>\n<p>Este tour tiene una duraci\u00f3n de 10 y media horas aprox. Visitaremos el complejo arqueol\u00f3gico de <u>CUTIMBO,<\/u> Chucuito o Inca Uyo, tambi\u00e9n conocido como el Templo de la fertilidad, Luego <u>\u201cARAMUMURO\u201d o <\/u>\u201cPUERTA INTERDIMENCIONAL\u201d (ciudad de los esp\u00edritus).<\/p>\n<p>Siguiendo, llegamos a <u>Waru waru,<\/u> posteriormente <u>JULI,<\/u> \u201cla peque\u00f1a Roma de Am\u00e9rica\u201d, <u>POMATA,<\/u> \u00f3 \u201cel balc\u00f3n filos\u00f3fico del Altiplano.<\/p>\n<hr \/>\n<div class=\"row\">\n<div class=\"col-sm-4 tour-summary\">\n<h5 class=\"summary-title\"><i class=\"icon icon-dollars\"><\/i> Precio por persona<\/h5>\n<p class=\"summary-price\"><b>Desde:<\/b> USD 115.00<\/p>\n<\/div>\n<div class=\"col-sm-4 tour-summary\">\n<h5 class=\"summary-title\"><i class=\"icon icon-clock\"><\/i> Horarios<\/h5>\n<ul class=\"summary-price\">\n<li>7:00 AM a 6:00 PM<\/li>\n<\/ul>\n<\/div>\n<div class=\"col-sm-4 tour-summary\">\n<h5 class=\"summary-title\"><i class=\"icon icon-dollars\"><\/i> Duraci\u00f3n<\/h5>\n<p class=\"summary-price\">10 horas y media aproximadamente <\/p>\n<\/div>\n<\/div>\n<hr \/>\n<h3><span style=\"color: #ca640b;\">NUESTROS SERVICIOS INCLUYEN \/ NO INCLUYEN:<\/span><\/h3>\n<div class=\"row\">\n<div class=\"col-sm-6 column yes\">\n<ul>\n<li>Tickets de ingreso Chullpas de Cutimbo, Inca Uyo, Aramu Muru, Waru waru, Iglesias de Juli y Pomata<\/li>\n<li>Gu\u00eda conductor. (Si desea gu\u00eda en ingl\u00e9s, adicionar usd 20.)<\/li>\n<li>Movilidad Privada<\/li>\n<li>Box Lunch.<\/li>\n<\/ul>\n<\/div>\n<div class=\"col-sm-6 column not\">\n<ul>\n<li>Gastos extras.<\/li>\n<\/ul>\n<\/div>\n<\/div>\n<h3><span style=\"color: #ca640b;\">RECOMENDACIONES:<\/span><\/h3>\n<ul>\n<li>Zapatos ligeros.<\/li>\n<li>C\u00e1mara fotogr\u00e1fica.<\/li>\n<li>Bloqueador solar.<\/li>\n<\/ul>\n<hr \/>\n<h3><span style=\"color: #ca640b;\">PRECIOS:<\/span><\/h3>\n<p>Precio por persona en base a:<\/p>\n<ul>\n<li>01 persona: usd$ 115.<\/li>\n<li>02 personas: usd$ 75.<\/li>\n<li>03 personas: usd$ 60.<\/li>\n<li>04 personas: usd$ 60.<\/li>\n<li>05 personas: usd$ 60.<\/li>\n<\/ul>\n<hr \/>\n<h3><span style=\"color: #ca640b;\">ITINERARIO:<\/span><\/h3>\n<p>Este tour tiene una duraci\u00f3n de 11 horas aprox. En esta ruta est\u00e1n los pueblos cuya lengua predominante es el Aymara, Empezaremos con el complejo arqueol\u00f3gico de <strong><u>CUTIMBO,<\/u><\/strong> Ubicado a 21km. desde Puno, donde existen evidencias arqueol\u00f3gicas Pre-Incas e Incas; pinturas rupestres de 8,000 a\u00f1os de antig\u00fcedad, chullpas de diferentes dimensiones (edificios funerarios), con representaciones zoomorfas en alto relieve.<\/p>\n<p>Continuamos con nuestra visita a <strong><u>Chucuito<\/u><\/strong> o <strong><u>Inca uyo, tambi\u00e9n llamado el Templo de la Fertilidad, <\/u><\/strong>posteriormente visitaremos <strong><u>Aramu Muru<\/u><\/strong> o puerta m\u00edstica, lugar de meditaci\u00f3n <strong>\u00ab<\/strong>Puerta Inter- dimensional donde podemos observar el bosque de piedras, el caballo cansado y otras formaciones.<\/p>\n<p><strong><u>Waru warus, <\/u><\/strong>son plataformas, donde observaremos camellones o \u00absukakollos\u00bb que significa surcos, kollu, t\u00e9cnicas que contribuye al drenaje en zonas inundadas estacionalmente, al mismo tiempo estas formaciones permit\u00edan la formaci\u00f3n de tierra f\u00e9rtiles a gran profundidad para la irrigaci\u00f3n de cultivos, en especial en \u00e9poca de sequ\u00edas.<\/p>\n<p>Luego visitaremos <strong>JULI:<\/strong> Ubicado a 79km. De la ciudad de Puno. Tambi\u00e9n llamado la Peque\u00f1a Roma de Am\u00e9rica por sus cuatro Iglesias con similares nombres que en Roma (Italia) como San Pedro, Santa Cruz, Nuestra se\u00f1ora de la Asunci\u00f3n y San Juan de Letr\u00e1n. Finalmente visitaremos <strong><u>POMATA,<\/u><\/strong> \u00f3 \u201cel balc\u00f3n filos\u00f3fico del Altiplano\u201d, por su ubicaci\u00f3n, clima templado. Lugar favorito de conocidos intelectuales. Construida en piedra rojiza.<\/p>\n<p>18:00h Llegada hasta su Hotel.<\/p>\n<p><\/p>","protected":false},"excerpt":{"rendered":"<p>Este tour tiene una duraci\u00f3n de 10 y media horas aprox. Visitaremos el complejo arqueol\u00f3gico de CUTIMBO, Chucuito o Inca Uyo, tambi\u00e9n conocido como el Templo de la fertilidad, Luego \u201cARAMUMURO\u201d o \u201cPUERTA INTERDIMENCIONAL\u201d (ciudad de los esp\u00edritus). Siguiendo, llegamos a Waru waru, posteriormente JULI, \u201cla peque\u00f1a Roma de Am\u00e9rica\u201d, POMATA, \u00f3 \u201cel balc\u00f3n filos\u00f3fico [&hellip;]<\/p>\n","protected":false},"author":2,"featured_media":744,"parent":88,"menu_order":6,"comment_status":"closed","ping_status":"closed","template":"page-tour.php","meta":{"_glsr_average":0,"_glsr_ranking":0,"_glsr_reviews":0,"footnotes":""},"class_list":["post-1179","page","type-page","status-publish","has-post-thumbnail","hentry"],"yoast_head":"<!-- This site is optimized with the Yoast SEO plugin v23.0 - https:\/\/yoast.com\/wordpress\/plugins\/seo\/ -->\n<title>CORREDOR AYMARA \/ Full day | Great Trip Titikaka: Tour Peru - Bolivia<\/title>\n<meta name=\"robots\" content=\"index, follow, max-snippet:-1, max-image-preview:large, max-video-preview:-1\" \/>\n<link rel=\"canonical\" href=\"https:\/\/www.greattriptitikaka.com\/en\/puno\/puno-private-tours\/puno-cutimbo-chucuito-aramumuro-portal-gods-waru-waru-juli-pomata\/\" \/>\n<meta property=\"og:locale\" content=\"es_ES\" \/>\n<meta property=\"og:type\" content=\"article\" \/>\n<meta property=\"og:title\" content=\"CORREDOR AYMARA \/ Full day | Great Trip Titikaka: Tour Peru - Bolivia\" \/>\n<meta property=\"og:description\" content=\"Este tour tiene una duraci\u00f3n de 10 y media horas aprox. Visitaremos el complejo arqueol\u00f3gico de CUTIMBO, Chucuito o Inca Uyo, tambi\u00e9n conocido como el Templo de la fertilidad, Luego \u201cARAMUMURO\u201d o \u201cPUERTA INTERDIMENCIONAL\u201d (ciudad de los esp\u00edritus). Siguiendo, llegamos a Waru waru, posteriormente JULI, \u201cla peque\u00f1a Roma de Am\u00e9rica\u201d, POMATA, \u00f3 \u201cel balc\u00f3n filos\u00f3fico [&hellip;]\" \/>\n<meta property=\"og:url\" content=\"https:\/\/www.greattriptitikaka.com\/en\/puno\/puno-private-tours\/puno-cutimbo-chucuito-aramumuro-portal-gods-waru-waru-juli-pomata\/\" \/>\n<meta property=\"og:site_name\" content=\"Great Trip Titikaka: Tour Peru - Bolivia\" \/>\n<meta property=\"article:modified_time\" content=\"2024-07-11T23:33:00+00:00\" \/>\n<meta property=\"og:image\" content=\"https:\/\/www.greattriptitikaka.com\/wp-content\/uploads\/2020\/03\/puno-cutimbo-chucuito-great-trip-titikaka_3.jpg\" \/>\n\t<meta property=\"og:image:width\" content=\"820\" \/>\n\t<meta property=\"og:image:height\" content=\"450\" \/>\n\t<meta property=\"og:image:type\" content=\"image\/jpeg\" \/>\n<meta name=\"twitter:card\" content=\"summary_large_image\" \/>\n<meta name=\"twitter:label1\" content=\"Tiempo de lectura\" \/>\n\t<meta name=\"twitter:data1\" content=\"4 minutos\" \/>\n<script type=\"application\/ld+json\" class=\"yoast-schema-graph\">{\"@context\":\"https:\/\/schema.org\",\"@graph\":[{\"@type\":\"WebPage\",\"@id\":\"https:\/\/www.greattriptitikaka.com\/en\/puno\/puno-private-tours\/puno-cutimbo-chucuito-aramumuro-portal-gods-waru-waru-juli-pomata\/\",\"url\":\"https:\/\/www.greattriptitikaka.com\/en\/puno\/puno-private-tours\/puno-cutimbo-chucuito-aramumuro-portal-gods-waru-waru-juli-pomata\/\",\"name\":\"CORREDOR AYMARA \/ Full day | Great Trip Titikaka: Tour Peru - Bolivia\",\"isPartOf\":{\"@id\":\"https:\/\/www.greattriptitikaka.com\/en\/#website\"},\"primaryImageOfPage\":{\"@id\":\"https:\/\/www.greattriptitikaka.com\/en\/puno\/puno-private-tours\/puno-cutimbo-chucuito-aramumuro-portal-gods-waru-waru-juli-pomata\/#primaryimage\"},\"image\":{\"@id\":\"https:\/\/www.greattriptitikaka.com\/en\/puno\/puno-private-tours\/puno-cutimbo-chucuito-aramumuro-portal-gods-waru-waru-juli-pomata\/#primaryimage\"},\"thumbnailUrl\":\"https:\/\/www.greattriptitikaka.com\/wp-content\/uploads\/2020\/03\/puno-cutimbo-chucuito-great-trip-titikaka_3.jpg\",\"datePublished\":\"2020-01-13T01:20:05+00:00\",\"dateModified\":\"2024-07-11T23:33:00+00:00\",\"breadcrumb\":{\"@id\":\"https:\/\/www.greattriptitikaka.com\/en\/puno\/puno-private-tours\/puno-cutimbo-chucuito-aramumuro-portal-gods-waru-waru-juli-pomata\/#breadcrumb\"},\"inLanguage\":\"es\",\"potentialAction\":[{\"@type\":\"ReadAction\",\"target\":[\"https:\/\/www.greattriptitikaka.com\/en\/puno\/puno-private-tours\/puno-cutimbo-chucuito-aramumuro-portal-gods-waru-waru-juli-pomata\/\"]}]},{\"@type\":\"ImageObject\",\"inLanguage\":\"es\",\"@id\":\"https:\/\/www.greattriptitikaka.com\/en\/puno\/puno-private-tours\/puno-cutimbo-chucuito-aramumuro-portal-gods-waru-waru-juli-pomata\/#primaryimage\",\"url\":\"https:\/\/www.greattriptitikaka.com\/wp-content\/uploads\/2020\/03\/puno-cutimbo-chucuito-great-trip-titikaka_3.jpg\",\"contentUrl\":\"https:\/\/www.greattriptitikaka.com\/wp-content\/uploads\/2020\/03\/puno-cutimbo-chucuito-great-trip-titikaka_3.jpg\",\"width\":820,\"height\":450},{\"@type\":\"BreadcrumbList\",\"@id\":\"https:\/\/www.greattriptitikaka.com\/en\/puno\/puno-private-tours\/puno-cutimbo-chucuito-aramumuro-portal-gods-waru-waru-juli-pomata\/#breadcrumb\",\"itemListElement\":[{\"@type\":\"ListItem\",\"position\":1,\"name\":\"Portada\",\"item\":\"https:\/\/www.greattriptitikaka.com\/en\/\"},{\"@type\":\"ListItem\",\"position\":2,\"name\":\"PUNO &#8211; TITICACA\",\"item\":\"https:\/\/www.greattriptitikaka.com\/en\/puno\/\"},{\"@type\":\"ListItem\",\"position\":3,\"name\":\"PUNO: PRIVATE TOURS\",\"item\":\"https:\/\/www.greattriptitikaka.com\/en\/puno\/puno-private-tours\/\"},{\"@type\":\"ListItem\",\"position\":4,\"name\":\"AYMARA CORRIDOR \/ Full Day\"}]},{\"@type\":\"WebSite\",\"@id\":\"https:\/\/www.greattriptitikaka.com\/en\/#website\",\"url\":\"https:\/\/www.greattriptitikaka.com\/en\/\",\"name\":\"GREAT TRIP TITIKAKA\",\"description\":\"GREAT TRIP &lt;span&gt;TITIKAKA&lt;\/span&gt;\",\"publisher\":{\"@id\":\"https:\/\/www.greattriptitikaka.com\/en\/#organization\"},\"potentialAction\":[{\"@type\":\"SearchAction\",\"target\":{\"@type\":\"EntryPoint\",\"urlTemplate\":\"https:\/\/www.greattriptitikaka.com\/en\/?s={search_term_string}\"},\"query-input\":\"required name=search_term_string\"}],\"inLanguage\":\"es\"},{\"@type\":\"Organization\",\"@id\":\"https:\/\/www.greattriptitikaka.com\/en\/#organization\",\"name\":\"GREAT TRIP WORLD E.I.R.L.\",\"url\":\"https:\/\/www.greattriptitikaka.com\/en\/\",\"logo\":{\"@type\":\"ImageObject\",\"inLanguage\":\"es\",\"@id\":\"https:\/\/www.greattriptitikaka.com\/en\/#\/schema\/logo\/image\/\",\"url\":\"https:\/\/www.greattriptitikaka.com\/wp-content\/uploads\/2024\/07\/logo.svg\",\"contentUrl\":\"https:\/\/www.greattriptitikaka.com\/wp-content\/uploads\/2024\/07\/logo.svg\",\"width\":1972,\"height\":815,\"caption\":\"GREAT TRIP WORLD E.I.R.L.\"},\"image\":{\"@id\":\"https:\/\/www.greattriptitikaka.com\/en\/#\/schema\/logo\/image\/\"}}]}<\/script>\n<!-- \/ Yoast SEO plugin. -->","yoast_head_json":{"title":"CORREDOR AYMARA \/ Full day | Great Trip Titikaka: Tour Peru - Bolivia","robots":{"index":"index","follow":"follow","max-snippet":"max-snippet:-1","max-image-preview":"max-image-preview:large","max-video-preview":"max-video-preview:-1"},"canonical":"https:\/\/www.greattriptitikaka.com\/en\/puno\/puno-private-tours\/puno-cutimbo-chucuito-aramumuro-portal-gods-waru-waru-juli-pomata\/","og_locale":"es_ES","og_type":"article","og_title":"CORREDOR AYMARA \/ Full day | Great Trip Titikaka: Tour Peru - Bolivia","og_description":"Este tour tiene una duraci\u00f3n de 10 y media horas aprox. Visitaremos el complejo arqueol\u00f3gico de CUTIMBO, Chucuito o Inca Uyo, tambi\u00e9n conocido como el Templo de la fertilidad, Luego \u201cARAMUMURO\u201d o \u201cPUERTA INTERDIMENCIONAL\u201d (ciudad de los esp\u00edritus). Siguiendo, llegamos a Waru waru, posteriormente JULI, \u201cla peque\u00f1a Roma de Am\u00e9rica\u201d, POMATA, \u00f3 \u201cel balc\u00f3n filos\u00f3fico [&hellip;]","og_url":"https:\/\/www.greattriptitikaka.com\/en\/puno\/puno-private-tours\/puno-cutimbo-chucuito-aramumuro-portal-gods-waru-waru-juli-pomata\/","og_site_name":"Great Trip Titikaka: Tour Peru - Bolivia","article_modified_time":"2024-07-11T23:33:00+00:00","og_image":[{"width":820,"height":450,"url":"https:\/\/www.greattriptitikaka.com\/wp-content\/uploads\/2020\/03\/puno-cutimbo-chucuito-great-trip-titikaka_3.jpg","type":"image\/jpeg"}],"twitter_card":"summary_large_image","twitter_misc":{"Tiempo de lectura":"4 minutos"},"schema":{"@context":"https:\/\/schema.org","@graph":[{"@type":"WebPage","@id":"https:\/\/www.greattriptitikaka.com\/en\/puno\/puno-private-tours\/puno-cutimbo-chucuito-aramumuro-portal-gods-waru-waru-juli-pomata\/","url":"https:\/\/www.greattriptitikaka.com\/en\/puno\/puno-private-tours\/puno-cutimbo-chucuito-aramumuro-portal-gods-waru-waru-juli-pomata\/","name":"CORREDOR AYMARA \/ Full day | Great Trip Titikaka: Tour Peru - Bolivia","isPartOf":{"@id":"https:\/\/www.greattriptitikaka.com\/en\/#website"},"primaryImageOfPage":{"@id":"https:\/\/www.greattriptitikaka.com\/en\/puno\/puno-private-tours\/puno-cutimbo-chucuito-aramumuro-portal-gods-waru-waru-juli-pomata\/#primaryimage"},"image":{"@id":"https:\/\/www.greattriptitikaka.com\/en\/puno\/puno-private-tours\/puno-cutimbo-chucuito-aramumuro-portal-gods-waru-waru-juli-pomata\/#primaryimage"},"thumbnailUrl":"https:\/\/www.greattriptitikaka.com\/wp-content\/uploads\/2020\/03\/puno-cutimbo-chucuito-great-trip-titikaka_3.jpg","datePublished":"2020-01-13T01:20:05+00:00","dateModified":"2024-07-11T23:33:00+00:00","breadcrumb":{"@id":"https:\/\/www.greattriptitikaka.com\/en\/puno\/puno-private-tours\/puno-cutimbo-chucuito-aramumuro-portal-gods-waru-waru-juli-pomata\/#breadcrumb"},"inLanguage":"es","potentialAction":[{"@type":"ReadAction","target":["https:\/\/www.greattriptitikaka.com\/en\/puno\/puno-private-tours\/puno-cutimbo-chucuito-aramumuro-portal-gods-waru-waru-juli-pomata\/"]}]},{"@type":"ImageObject","inLanguage":"es","@id":"https:\/\/www.greattriptitikaka.com\/en\/puno\/puno-private-tours\/puno-cutimbo-chucuito-aramumuro-portal-gods-waru-waru-juli-pomata\/#primaryimage","url":"https:\/\/www.greattriptitikaka.com\/wp-content\/uploads\/2020\/03\/puno-cutimbo-chucuito-great-trip-titikaka_3.jpg","contentUrl":"https:\/\/www.greattriptitikaka.com\/wp-content\/uploads\/2020\/03\/puno-cutimbo-chucuito-great-trip-titikaka_3.jpg","width":820,"height":450},{"@type":"BreadcrumbList","@id":"https:\/\/www.greattriptitikaka.com\/en\/puno\/puno-private-tours\/puno-cutimbo-chucuito-aramumuro-portal-gods-waru-waru-juli-pomata\/#breadcrumb","itemListElement":[{"@type":"ListItem","position":1,"name":"Portada","item":"https:\/\/www.greattriptitikaka.com\/en\/"},{"@type":"ListItem","position":2,"name":"PUNO &#8211; TITICACA","item":"https:\/\/www.greattriptitikaka.com\/en\/puno\/"},{"@type":"ListItem","position":3,"name":"PUNO: PRIVATE TOURS","item":"https:\/\/www.greattriptitikaka.com\/en\/puno\/puno-private-tours\/"},{"@type":"ListItem","position":4,"name":"AYMARA CORRIDOR \/ Full Day"}]},{"@type":"WebSite","@id":"https:\/\/www.greattriptitikaka.com\/en\/#website","url":"https:\/\/www.greattriptitikaka.com\/en\/","name":"GREAT TRIP TITIKAKA","description":"GREAT TRIP &lt;span&gt;TITIKAKA&lt;\/span&gt;","publisher":{"@id":"https:\/\/www.greattriptitikaka.com\/en\/#organization"},"potentialAction":[{"@type":"SearchAction","target":{"@type":"EntryPoint","urlTemplate":"https:\/\/www.greattriptitikaka.com\/en\/?s={search_term_string}"},"query-input":"required name=search_term_string"}],"inLanguage":"es"},{"@type":"Organization","@id":"https:\/\/www.greattriptitikaka.com\/en\/#organization","name":"GREAT TRIP WORLD E.I.R.L.","url":"https:\/\/www.greattriptitikaka.com\/en\/","logo":{"@type":"ImageObject","inLanguage":"es","@id":"https:\/\/www.greattriptitikaka.com\/en\/#\/schema\/logo\/image\/","url":"https:\/\/www.greattriptitikaka.com\/wp-content\/uploads\/2024\/07\/logo.svg","contentUrl":"https:\/\/www.greattriptitikaka.com\/wp-content\/uploads\/2024\/07\/logo.svg","width":1972,"height":815,"caption":"GREAT TRIP WORLD E.I.R.L."},"image":{"@id":"https:\/\/www.greattriptitikaka.com\/en\/#\/schema\/logo\/image\/"}}]}},"_links":{"self":[{"href":"https:\/\/www.greattriptitikaka.com\/es\/wp-json\/wp\/v2\/pages\/1179"}],"collection":[{"href":"https:\/\/www.greattriptitikaka.com\/es\/wp-json\/wp\/v2\/pages"}],"about":[{"href":"https:\/\/www.greattriptitikaka.com\/es\/wp-json\/wp\/v2\/types\/page"}],"author":[{"embeddable":true,"href":"https:\/\/www.greattriptitikaka.com\/es\/wp-json\/wp\/v2\/users\/2"}],"replies":[{"embeddable":true,"href":"https:\/\/www.greattriptitikaka.com\/es\/wp-json\/wp\/v2\/comments?post=1179"}],"version-history":[{"count":0,"href":"https:\/\/www.greattriptitikaka.com\/es\/wp-json\/wp\/v2\/pages\/1179\/revisions"}],"up":[{"embeddable":true,"href":"https:\/\/www.greattriptitikaka.com\/es\/wp-json\/wp\/v2\/pages\/88"}],"wp:featuredmedia":[{"embeddable":true,"href":"https:\/\/www.greattriptitikaka.com\/es\/wp-json\/wp\/v2\/media\/744"}],"wp:attachment":[{"href":"https:\/\/www.greattriptitikaka.com\/es\/wp-json\/wp\/v2\/media?parent=1179"}],"curies":[{"name":"wp","href":"https:\/\/api.w.org\/{rel}","templated":true}]}}