{"id":1182,"date":"2020-01-01T20:20:05","date_gmt":"2020-01-02T01:20:05","guid":{"rendered":"https:\/\/www.greattriptitikaka.com\/es\/?page_id=1182"},"modified":"2024-07-11T18:32:48","modified_gmt":"2024-07-11T23:32:48","slug":"copia_-puno-sillustani-lampa-airport-private-service","status":"publish","type":"page","link":"https:\/\/www.greattriptitikaka.com\/es\/puno\/puno-tours-privados\/tours-city-tour-puno\/","title":{"rendered":"CITY TOUR &#8211; PUNO"},"content":{"rendered":"<p><\/p>\n<p>Este tour a Puno, tiene una duraci\u00f3n de 4 horas aprox. Visitaremos Mirador Puma Uta, Arco Deustua, Cerrito de Huajsapata, La Catedral, Iglesia de San Juan, Mercado Laykakota, Puerto Lanchero Rossi, Museo del Titicaca y Museo Carlos Dreyer.<\/p>\n<p><!--more--><\/p>\n<div class=\"in-block no-border\">\n<div id=\"ph-multi-1182\" class=\"carousel ph-slider tour-slider slide\" data-ride=\"carousel\" data-interval=\"4000\" data-pause=\"hover\">\n<ol class=\"carousel-indicators\">\n<li data-target=\"#ph-multi-1182\" data-slide-to=\"0\" class=\"active\"><\/li>\n<li data-target=\"#ph-multi-1182\" data-slide-to=\"1\"><\/li>\n<li data-target=\"#ph-multi-1182\" data-slide-to=\"2\"><\/li>\n<li data-target=\"#ph-multi-1182\" data-slide-to=\"3\"><\/li>\n<li data-target=\"#ph-multi-1182\" data-slide-to=\"4\"><\/li>\n<li data-target=\"#ph-multi-1182\" data-slide-to=\"5\"><\/li>\n<\/ol>\n<div class=\"carousel-inner\" role=\"listbox\">\n<div class=\"slide-loader\"><\/div>\n<div class=\"item active\"><img loading=\"lazy\" decoding=\"async\" class=\"alignnone size-full wp-image-768\" src=\"https:\/\/www.greattriptitikaka.com\/wp-content\/uploads\/2020\/03\/city-tour-puno-great-trip-titikaka_1.jpg\" alt=\"\" width=\"820\" height=\"450\" srcset=\"https:\/\/www.greattriptitikaka.com\/wp-content\/uploads\/2020\/03\/city-tour-puno-great-trip-titikaka_1.jpg 820w, https:\/\/www.greattriptitikaka.com\/wp-content\/uploads\/2020\/03\/city-tour-puno-great-trip-titikaka_1-600x329.jpg 600w, https:\/\/www.greattriptitikaka.com\/wp-content\/uploads\/2020\/03\/city-tour-puno-great-trip-titikaka_1-768x421.jpg 768w, https:\/\/www.greattriptitikaka.com\/wp-content\/uploads\/2020\/03\/city-tour-puno-great-trip-titikaka_1-60x33.jpg 60w\" sizes=\"(max-width: 820px) 100vw, 820px\" \/> <\/div>\n<div class=\"item\"><img loading=\"lazy\" decoding=\"async\" class=\"alignnone size-full wp-image-763\" src=\"https:\/\/www.greattriptitikaka.com\/wp-content\/uploads\/2020\/03\/city-tour-puno-great-trip-titikaka_6.jpg\" alt=\"\" width=\"820\" height=\"450\" srcset=\"https:\/\/www.greattriptitikaka.com\/wp-content\/uploads\/2020\/03\/city-tour-puno-great-trip-titikaka_6.jpg 820w, https:\/\/www.greattriptitikaka.com\/wp-content\/uploads\/2020\/03\/city-tour-puno-great-trip-titikaka_6-600x329.jpg 600w, https:\/\/www.greattriptitikaka.com\/wp-content\/uploads\/2020\/03\/city-tour-puno-great-trip-titikaka_6-768x421.jpg 768w, https:\/\/www.greattriptitikaka.com\/wp-content\/uploads\/2020\/03\/city-tour-puno-great-trip-titikaka_6-60x33.jpg 60w\" sizes=\"(max-width: 820px) 100vw, 820px\" \/> <\/div>\n<div class=\"item\"><img loading=\"lazy\" decoding=\"async\" class=\"alignnone size-full wp-image-764\" src=\"https:\/\/www.greattriptitikaka.com\/wp-content\/uploads\/2020\/03\/city-tour-puno-great-trip-titikaka_5.jpg\" alt=\"\" width=\"820\" height=\"450\" srcset=\"https:\/\/www.greattriptitikaka.com\/wp-content\/uploads\/2020\/03\/city-tour-puno-great-trip-titikaka_5.jpg 820w, https:\/\/www.greattriptitikaka.com\/wp-content\/uploads\/2020\/03\/city-tour-puno-great-trip-titikaka_5-600x329.jpg 600w, https:\/\/www.greattriptitikaka.com\/wp-content\/uploads\/2020\/03\/city-tour-puno-great-trip-titikaka_5-768x421.jpg 768w, https:\/\/www.greattriptitikaka.com\/wp-content\/uploads\/2020\/03\/city-tour-puno-great-trip-titikaka_5-60x33.jpg 60w\" sizes=\"(max-width: 820px) 100vw, 820px\" \/> <\/div>\n<div class=\"item\"><img loading=\"lazy\" decoding=\"async\" class=\"alignnone size-full wp-image-765\" src=\"https:\/\/www.greattriptitikaka.com\/wp-content\/uploads\/2020\/03\/city-tour-puno-great-trip-titikaka_4.jpg\" alt=\"\" width=\"820\" height=\"450\" srcset=\"https:\/\/www.greattriptitikaka.com\/wp-content\/uploads\/2020\/03\/city-tour-puno-great-trip-titikaka_4.jpg 820w, https:\/\/www.greattriptitikaka.com\/wp-content\/uploads\/2020\/03\/city-tour-puno-great-trip-titikaka_4-600x329.jpg 600w, https:\/\/www.greattriptitikaka.com\/wp-content\/uploads\/2020\/03\/city-tour-puno-great-trip-titikaka_4-768x421.jpg 768w, https:\/\/www.greattriptitikaka.com\/wp-content\/uploads\/2020\/03\/city-tour-puno-great-trip-titikaka_4-60x33.jpg 60w\" sizes=\"(max-width: 820px) 100vw, 820px\" \/> <\/div>\n<div class=\"item\"><img loading=\"lazy\" decoding=\"async\" class=\"alignnone size-full wp-image-766\" src=\"https:\/\/www.greattriptitikaka.com\/wp-content\/uploads\/2020\/03\/city-tour-puno-great-trip-titikaka_3.jpg\" alt=\"\" width=\"820\" height=\"450\" srcset=\"https:\/\/www.greattriptitikaka.com\/wp-content\/uploads\/2020\/03\/city-tour-puno-great-trip-titikaka_3.jpg 820w, https:\/\/www.greattriptitikaka.com\/wp-content\/uploads\/2020\/03\/city-tour-puno-great-trip-titikaka_3-600x329.jpg 600w, https:\/\/www.greattriptitikaka.com\/wp-content\/uploads\/2020\/03\/city-tour-puno-great-trip-titikaka_3-768x421.jpg 768w, https:\/\/www.greattriptitikaka.com\/wp-content\/uploads\/2020\/03\/city-tour-puno-great-trip-titikaka_3-60x33.jpg 60w\" sizes=\"(max-width: 820px) 100vw, 820px\" \/> <\/div>\n<div class=\"item\"><img loading=\"lazy\" decoding=\"async\" class=\"alignnone size-full wp-image-767\" src=\"https:\/\/www.greattriptitikaka.com\/wp-content\/uploads\/2020\/03\/city-tour-puno-great-trip-titikaka_2.jpg\" alt=\"\" width=\"820\" height=\"450\" srcset=\"https:\/\/www.greattriptitikaka.com\/wp-content\/uploads\/2020\/03\/city-tour-puno-great-trip-titikaka_2.jpg 820w, https:\/\/www.greattriptitikaka.com\/wp-content\/uploads\/2020\/03\/city-tour-puno-great-trip-titikaka_2-600x329.jpg 600w, https:\/\/www.greattriptitikaka.com\/wp-content\/uploads\/2020\/03\/city-tour-puno-great-trip-titikaka_2-768x421.jpg 768w, https:\/\/www.greattriptitikaka.com\/wp-content\/uploads\/2020\/03\/city-tour-puno-great-trip-titikaka_2-60x33.jpg 60w\" sizes=\"(max-width: 820px) 100vw, 820px\" \/>\u00a0<\/p>\n<\/div>\n<p><a class=\"carousel-control left\" href=\"#ph-multi-1182\" data-slide=\"prev\"><i class=\"icon icon-arrow-left\"><\/i><\/a><a class=\"carousel-control right\" href=\"#ph-multi-1182\" data-slide=\"next\"><i class=\"icon icon-arrow-right\"><\/i><\/a><\/div>\n<\/div>\n<\/div>\n<nav id=\"menu-anchor\" class=\"menu-anchor\">\n<div class=\"container-fluid\">\n<ul class=\"tab-navi\">\n<li id=\"item-1\" class=\"tab-item\"><a href=\"javascript:void(0)\">Resumen<\/a><\/li>\n<li id=\"item-2\" class=\"tab-item\"><a href=\"javascript:void(0)\"> Incluye<\/a><\/li>\n<li id=\"item-3\" class=\"tab-item\"><a href=\"javascript:void(0)\"> Qu\u00e9 llevar<\/a><\/li>\n<li id=\"item-4\" class=\"tab-item\"><a href=\"javascript:void(0)\"> Precios<\/a><\/li>\n<li id=\"item-5\" class=\"tab-item\"><a href=\"javascript:void(0)\"> Itinerario<\/a><\/li>\n<li id=\"item-testimonials\" class=\"tab-item\"><a href=\"javascript:void(0)\"> Rese\u00f1as<\/a><\/li>\n<\/ul>\n<\/div>\n<\/nav>\n<h3>RESUMEN:<\/h3>\n<h1 class=\"page-title \">CITY TOUR &#8211; PUNO<\/h1>\n<div class=\"glsr glsr-default\" id=\"glsr_63f58dfd\" data-from=\"shortcode\" data-shortcode=\"site_reviews_summary\" data-hide=\"[&quot;rating&quot;]\">\n<div class=\"glsr-summary-wrap\">\n<div class=\"glsr-summary\">\n<div class=\"glsr-summary-stars\">\n<div class=\"glsr-star-rating glsr-stars\" role=\"img\" aria-label=\"Rated 3 out of 5 stars based on 1 ratings\" data-rating=\"3\" data-reviews=\"1\"><span class=\"glsr-star glsr-star-full\" aria-hidden=\"true\"><\/span><span class=\"glsr-star glsr-star-full\" aria-hidden=\"true\"><\/span><span class=\"glsr-star glsr-star-full\" aria-hidden=\"true\"><\/span><span class=\"glsr-star glsr-star-empty\" aria-hidden=\"true\"><\/span><span class=\"glsr-star glsr-star-empty\" aria-hidden=\"true\"><\/span><\/div>\n<\/div>\n<div class=\"glsr-summary-text\"><span class=\"glsr-tag-value\">3,0 de 5 estrellas (basado en 1 rese\u00f1a)<\/span><\/div>\n<div class=\"glsr-summary-percentages\">\n<div class=\"glsr-bar\" data-level=\"5\"><span class=\"glsr-bar-label\">Excelente<\/span><span class=\"glsr-bar-background\"><span class=\"glsr-bar-background-percent\" style=\"width:0%\"><\/span><\/span><span class=\"glsr-bar-percent\">0%<\/span><\/div>\n<div class=\"glsr-bar\" data-level=\"4\"><span class=\"glsr-bar-label\">Muy buena<\/span><span class=\"glsr-bar-background\"><span class=\"glsr-bar-background-percent\" style=\"width:0%\"><\/span><\/span><span class=\"glsr-bar-percent\">0%<\/span><\/div>\n<div class=\"glsr-bar\" data-level=\"3\"><span class=\"glsr-bar-label\">Media<\/span><span class=\"glsr-bar-background\"><span class=\"glsr-bar-background-percent\" style=\"width:100%\"><\/span><\/span><span class=\"glsr-bar-percent\">100%<\/span><\/div>\n<div class=\"glsr-bar\" data-level=\"2\"><span class=\"glsr-bar-label\">Mala<\/span><span class=\"glsr-bar-background\"><span class=\"glsr-bar-background-percent\" style=\"width:0%\"><\/span><\/span><span class=\"glsr-bar-percent\">0%<\/span><\/div>\n<div class=\"glsr-bar\" data-level=\"1\"><span class=\"glsr-bar-label\">Muy mala<\/span><span class=\"glsr-bar-background\"><span class=\"glsr-bar-background-percent\" style=\"width:0%\"><\/span><\/span><span class=\"glsr-bar-percent\">0%<\/span><\/div>\n<\/div><\/div>\n<\/div>\n<\/div>\n<div class=\"row\">\n<div class=\"col-sm-12\">\n<p class=\"condition-wrap\"><span class=\"badge badge-orange\"><i class=\"icon icon-check\"><\/i> Servicio operativo<\/span><span class=\"badge badge-green-dark ph-tooltip ph-tooltip-medium\" data-title=\"Si anulas tu reserva hasta 48 horas antes del inicio de la actividad, te devolveremos el 100% del adelanto que pagaste para realizar la reserva.\">Anulaci\u00f3n gratuita<\/span><span class=\"badge badge-green ph-tooltip ph-tooltip-medium\" data-title=\"Puedes reprogramar tu reserva sin costo adicional hasta 48 horas antes del inicio de la actividad.\">Reprogramaci\u00f3n gratuita<\/span><\/p>\n<\/div>\n<\/div>\n<p>Este tour a Puno, tiene una duraci\u00f3n de 4 horas aprox. Visitaremos Mirador Puma Uta, Arco Deustua, Cerrito de Huajsapata, La Catedral, Iglesia de San Juan, Mercado Laykakota, Puerto Lanchero Rossi, Museo del Titicaca y Museo Carlos Dreyer.<\/p>\n<hr \/>\n<div class=\"row\">\n<div class=\"col-sm-4 tour-summary\">\n<h5 class=\"summary-title\"><i class=\"icon icon-dollars\"><\/i> Precio por persona<\/h5>\n<p class=\"summary-price\"><b>Desde:<\/b> USD 38.00<\/p>\n<\/div>\n<div class=\"col-sm-4 tour-summary\">\n<h5 class=\"summary-title\"><i class=\"icon icon-clock\"><\/i> Horarios<\/h5>\n<ul class=\"summary-price\">\n<li>9:00 AM a 12:45 PM<\/li>\n<\/ul>\n<\/div>\n<div class=\"col-sm-4 tour-summary\">\n<h5 class=\"summary-title\"><i class=\"icon icon-dollars\"><\/i> Duraci\u00f3n<\/h5>\n<p class=\"summary-price\">4 horas aproximadamente <\/p>\n<\/div>\n<\/div>\n<hr \/>\n<h3><span style=\"color: #ca640b;\">NUESTROS SERVICIOS INCLUYEN \/ NO INCLUYEN:<\/span><\/h3>\n<div class=\"row\">\n<div class=\"col-sm-6 column yes\">\n<ul>\n<li>Todos los tickets de ingreso (museos e iglesia)<\/li>\n<li>Gu\u00eda conductor( Si desea un gu\u00eda en ingl\u00e9s adicionar usd 20.)<\/li>\n<li>Transporte privado.<\/li>\n<\/ul>\n<\/div>\n<div class=\"col-sm-6 column not\">\n<ul>\n<li>Almuerzo.<\/li>\n<li>Gastos no mencionados.<\/li>\n<\/ul>\n<\/div>\n<\/div>\n<h3><span style=\"color: #ca640b;\">RECOMENDACIONES:<\/span><\/h3>\n<ul>\n<li>Zapatos ligeros.<\/li>\n<li>C\u00e1mara fotogr\u00e1fica.<\/li>\n<li>Bloqueador solar.<\/li>\n<\/ul>\n<hr \/>\n<h3><span style=\"color: #ca640b;\">PRECIOS:<\/span><\/h3>\n<p>Precio por persona en base a:<\/p>\n<ul>\n<li>01 persona: usd$ 38.<\/li>\n<li>02 personas: usd$ 25. \u00a0<\/li>\n<li>03 personas: usd$ 20.<\/li>\n<li>04 personas: usd$ 20.<\/li>\n<li>05 personas: usd$ 20.<\/li>\n<\/ul>\n<hr \/>\n<h3><span style=\"color: #ca640b;\">ITINERARIO:<\/span><\/h3>\n<p><span style=\"color: #ff0000;\"><strong>MIRADOR PUMA UTA<\/strong><\/span><\/p>\n<p>El atractivo tiene un monumento de piedra que representa a un Puma &#8211; s\u00edmbolo del mirador por tratarse de un animal vigilante que se relaciona con la protecci\u00f3n de los Andes y est\u00e1 construido sobre una fuente de agua que simboliza el Lago Titicaca. Desde este mirador puedes visualizar la Ciudad de Puno y el Lago Titicaca.<\/p>\n<p><span style=\"color: #ff0000;\"><strong>ARCO DESTUA<\/strong><\/span><\/p>\n<p>Monumento hist\u00f3rico construido bajo la direcci\u00f3n del General Alejandro Deustua, en honor a la memoria de los peruanos que lucharon en las batallas de Jun\u00edn y Ayacucho.<\/p>\n<p><span style=\"color: #ff0000;\"><strong>MIRADOR CERRITO DE HUAJSAPATA<\/strong><\/span><\/p>\n<p>Tiene una altitud de 45 m; piedra caliza natural, se obtiene un panorama completo de Puno y el lago Titicaca. Se dice que hay cavernas subterr\u00e1neas con el templo de Koricancha Cusco<\/p>\n<p><span style=\"color: #ff0000;\"><strong>CATEDRAL DE PUNO <\/strong><\/span><\/p>\n<p>Construida en el siglo XVII y con rango de bas\u00edlica menor. La fachada fue esculpida Sim\u00f3n de Asto. La Catedral de Puno fue edificada sobre el Cerco del Diablo. Fue terminada el 25 de mayo de 1757.<\/p>\n<p><span style=\"color: #ff0000;\"><strong>MUSEO DEL LAGO TITICACA<\/strong><\/span><\/p>\n<p>Ubicado en el puerto de Puno, sus promotores iniciaron la recolecci\u00f3n de antig\u00fcedades en el a\u00f1o 2010, este modesto sitio guarda incre\u00edbles secretos de c\u00f3mo surgi\u00f3 el lago m\u00e1s grande del mundo.<\/p>\n<p><span style=\"color: #ff0000;\"><strong>MERCADO LAYKAKOTA O FARMACIA NATIVA<\/strong><\/span><\/p>\n<p>El mercado Laykakota se ubica al sur de la ciudad de Puno, a unos cuantos pasos del parque Dante Nava, aqu\u00ed ofrecen todo tipo de productos, sin embargo, resalta m\u00e1s la variedad de plantas medicinales.<\/p>\n<p><span style=\"color: #ff0000;\"><strong>PUERTO BANCHERO ROSSI<\/strong><\/span><\/p>\n<p>Este puerto tiene el nombre de en honor al m\u00e1s grande productor y exportador de harina y aceite de pescado peruano, Luis Banchero Rossi. Siendo uno de los principales impulsadores de la industria pesquera del Per\u00fa .<\/p>\n<p><span style=\"color: #ff0000;\"><strong>MUSEO CARLOS DREYER<\/strong><\/span><\/p>\n<p>Este museo, nos muestra un paso a trav\u00e9s de tiempos pre incas, hasta tiempos de la colonia. Contando con salas de las culturas andinas como Pukara, Tiahuanaco, Inca. Y tambi\u00e9n nos hace un repaso de la vida en la colonia espa\u00f1ola.<\/p>\n<p><\/p>","protected":false},"excerpt":{"rendered":"<p>Este tour a Puno, tiene una duraci\u00f3n de 4 horas aprox. Visitaremos Mirador Puma Uta, Arco Deustua, Cerrito de Huajsapata, La Catedral, Iglesia de San Juan, Mercado Laykakota, Puerto Lanchero Rossi, Museo del Titicaca y Museo Carlos Dreyer.<\/p>\n","protected":false},"author":2,"featured_media":768,"parent":88,"menu_order":1,"comment_status":"closed","ping_status":"closed","template":"page-tour.php","meta":{"_glsr_average":0,"_glsr_ranking":0,"_glsr_reviews":0,"footnotes":""},"class_list":["post-1182","page","type-page","status-publish","has-post-thumbnail","hentry"],"yoast_head":"<!-- This site is optimized with the Yoast SEO plugin v23.0 - https:\/\/yoast.com\/wordpress\/plugins\/seo\/ -->\n<title>CITY TOUR - PUNO | Great Trip Titikaka: Tour Peru - Bolivia<\/title>\n<meta name=\"robots\" content=\"index, follow, max-snippet:-1, max-image-preview:large, max-video-preview:-1\" \/>\n<link rel=\"canonical\" href=\"https:\/\/www.greattriptitikaka.com\/en\/puno\/puno-private-tours\/tours-puno-city-tour\/\" \/>\n<meta property=\"og:locale\" content=\"es_ES\" \/>\n<meta property=\"og:type\" content=\"article\" \/>\n<meta property=\"og:title\" content=\"CITY TOUR - PUNO | Great Trip Titikaka: Tour Peru - Bolivia\" \/>\n<meta property=\"og:description\" content=\"Este tour a Puno, tiene una duraci\u00f3n de 4 horas aprox. Visitaremos Mirador Puma Uta, Arco Deustua, Cerrito de Huajsapata, La Catedral, Iglesia de San Juan, Mercado Laykakota, Puerto Lanchero Rossi, Museo del Titicaca y Museo Carlos Dreyer.\" \/>\n<meta property=\"og:url\" content=\"https:\/\/www.greattriptitikaka.com\/en\/puno\/puno-private-tours\/tours-puno-city-tour\/\" \/>\n<meta property=\"og:site_name\" content=\"Great Trip Titikaka: Tour Peru - Bolivia\" \/>\n<meta property=\"article:modified_time\" content=\"2024-07-11T23:32:48+00:00\" \/>\n<meta property=\"og:image\" content=\"https:\/\/www.greattriptitikaka.com\/wp-content\/uploads\/2020\/03\/city-tour-puno-great-trip-titikaka_1.jpg\" \/>\n\t<meta property=\"og:image:width\" content=\"820\" \/>\n\t<meta property=\"og:image:height\" content=\"450\" \/>\n\t<meta property=\"og:image:type\" content=\"image\/jpeg\" \/>\n<meta name=\"twitter:card\" content=\"summary_large_image\" \/>\n<meta name=\"twitter:label1\" content=\"Tiempo de lectura\" \/>\n\t<meta name=\"twitter:data1\" content=\"4 minutos\" \/>\n<script type=\"application\/ld+json\" class=\"yoast-schema-graph\">{\"@context\":\"https:\/\/schema.org\",\"@graph\":[{\"@type\":\"WebPage\",\"@id\":\"https:\/\/www.greattriptitikaka.com\/en\/puno\/puno-private-tours\/tours-puno-city-tour\/\",\"url\":\"https:\/\/www.greattriptitikaka.com\/en\/puno\/puno-private-tours\/tours-puno-city-tour\/\",\"name\":\"CITY TOUR - PUNO | Great Trip Titikaka: Tour Peru - Bolivia\",\"isPartOf\":{\"@id\":\"https:\/\/www.greattriptitikaka.com\/en\/#website\"},\"primaryImageOfPage\":{\"@id\":\"https:\/\/www.greattriptitikaka.com\/en\/puno\/puno-private-tours\/tours-puno-city-tour\/#primaryimage\"},\"image\":{\"@id\":\"https:\/\/www.greattriptitikaka.com\/en\/puno\/puno-private-tours\/tours-puno-city-tour\/#primaryimage\"},\"thumbnailUrl\":\"https:\/\/www.greattriptitikaka.com\/wp-content\/uploads\/2020\/03\/city-tour-puno-great-trip-titikaka_1.jpg\",\"datePublished\":\"2020-01-02T01:20:05+00:00\",\"dateModified\":\"2024-07-11T23:32:48+00:00\",\"breadcrumb\":{\"@id\":\"https:\/\/www.greattriptitikaka.com\/en\/puno\/puno-private-tours\/tours-puno-city-tour\/#breadcrumb\"},\"inLanguage\":\"es\",\"potentialAction\":[{\"@type\":\"ReadAction\",\"target\":[\"https:\/\/www.greattriptitikaka.com\/en\/puno\/puno-private-tours\/tours-puno-city-tour\/\"]}]},{\"@type\":\"ImageObject\",\"inLanguage\":\"es\",\"@id\":\"https:\/\/www.greattriptitikaka.com\/en\/puno\/puno-private-tours\/tours-puno-city-tour\/#primaryimage\",\"url\":\"https:\/\/www.greattriptitikaka.com\/wp-content\/uploads\/2020\/03\/city-tour-puno-great-trip-titikaka_1.jpg\",\"contentUrl\":\"https:\/\/www.greattriptitikaka.com\/wp-content\/uploads\/2020\/03\/city-tour-puno-great-trip-titikaka_1.jpg\",\"width\":820,\"height\":450},{\"@type\":\"BreadcrumbList\",\"@id\":\"https:\/\/www.greattriptitikaka.com\/en\/puno\/puno-private-tours\/tours-puno-city-tour\/#breadcrumb\",\"itemListElement\":[{\"@type\":\"ListItem\",\"position\":1,\"name\":\"Portada\",\"item\":\"https:\/\/www.greattriptitikaka.com\/en\/\"},{\"@type\":\"ListItem\",\"position\":2,\"name\":\"PUNO &#8211; TITICACA\",\"item\":\"https:\/\/www.greattriptitikaka.com\/en\/puno\/\"},{\"@type\":\"ListItem\",\"position\":3,\"name\":\"PUNO: PRIVATE TOURS\",\"item\":\"https:\/\/www.greattriptitikaka.com\/en\/puno\/puno-private-tours\/\"},{\"@type\":\"ListItem\",\"position\":4,\"name\":\"PUNO TOURS: PUNO CITY TOUR \/ PRIVATE SERVICE\"}]},{\"@type\":\"WebSite\",\"@id\":\"https:\/\/www.greattriptitikaka.com\/en\/#website\",\"url\":\"https:\/\/www.greattriptitikaka.com\/en\/\",\"name\":\"GREAT TRIP TITIKAKA\",\"description\":\"GREAT TRIP &lt;span&gt;TITIKAKA&lt;\/span&gt;\",\"publisher\":{\"@id\":\"https:\/\/www.greattriptitikaka.com\/en\/#organization\"},\"potentialAction\":[{\"@type\":\"SearchAction\",\"target\":{\"@type\":\"EntryPoint\",\"urlTemplate\":\"https:\/\/www.greattriptitikaka.com\/en\/?s={search_term_string}\"},\"query-input\":\"required name=search_term_string\"}],\"inLanguage\":\"es\"},{\"@type\":\"Organization\",\"@id\":\"https:\/\/www.greattriptitikaka.com\/en\/#organization\",\"name\":\"GREAT TRIP WORLD E.I.R.L.\",\"url\":\"https:\/\/www.greattriptitikaka.com\/en\/\",\"logo\":{\"@type\":\"ImageObject\",\"inLanguage\":\"es\",\"@id\":\"https:\/\/www.greattriptitikaka.com\/en\/#\/schema\/logo\/image\/\",\"url\":\"https:\/\/www.greattriptitikaka.com\/wp-content\/uploads\/2024\/07\/logo.svg\",\"contentUrl\":\"https:\/\/www.greattriptitikaka.com\/wp-content\/uploads\/2024\/07\/logo.svg\",\"width\":1972,\"height\":815,\"caption\":\"GREAT TRIP WORLD E.I.R.L.\"},\"image\":{\"@id\":\"https:\/\/www.greattriptitikaka.com\/en\/#\/schema\/logo\/image\/\"}}]}<\/script>\n<!-- \/ Yoast SEO plugin. -->","yoast_head_json":{"title":"CITY TOUR - PUNO | Great Trip Titikaka: Tour Peru - Bolivia","robots":{"index":"index","follow":"follow","max-snippet":"max-snippet:-1","max-image-preview":"max-image-preview:large","max-video-preview":"max-video-preview:-1"},"canonical":"https:\/\/www.greattriptitikaka.com\/en\/puno\/puno-private-tours\/tours-puno-city-tour\/","og_locale":"es_ES","og_type":"article","og_title":"CITY TOUR - PUNO | Great Trip Titikaka: Tour Peru - Bolivia","og_description":"Este tour a Puno, tiene una duraci\u00f3n de 4 horas aprox. Visitaremos Mirador Puma Uta, Arco Deustua, Cerrito de Huajsapata, La Catedral, Iglesia de San Juan, Mercado Laykakota, Puerto Lanchero Rossi, Museo del Titicaca y Museo Carlos Dreyer.","og_url":"https:\/\/www.greattriptitikaka.com\/en\/puno\/puno-private-tours\/tours-puno-city-tour\/","og_site_name":"Great Trip Titikaka: Tour Peru - Bolivia","article_modified_time":"2024-07-11T23:32:48+00:00","og_image":[{"width":820,"height":450,"url":"https:\/\/www.greattriptitikaka.com\/wp-content\/uploads\/2020\/03\/city-tour-puno-great-trip-titikaka_1.jpg","type":"image\/jpeg"}],"twitter_card":"summary_large_image","twitter_misc":{"Tiempo de lectura":"4 minutos"},"schema":{"@context":"https:\/\/schema.org","@graph":[{"@type":"WebPage","@id":"https:\/\/www.greattriptitikaka.com\/en\/puno\/puno-private-tours\/tours-puno-city-tour\/","url":"https:\/\/www.greattriptitikaka.com\/en\/puno\/puno-private-tours\/tours-puno-city-tour\/","name":"CITY TOUR - PUNO | Great Trip Titikaka: Tour Peru - Bolivia","isPartOf":{"@id":"https:\/\/www.greattriptitikaka.com\/en\/#website"},"primaryImageOfPage":{"@id":"https:\/\/www.greattriptitikaka.com\/en\/puno\/puno-private-tours\/tours-puno-city-tour\/#primaryimage"},"image":{"@id":"https:\/\/www.greattriptitikaka.com\/en\/puno\/puno-private-tours\/tours-puno-city-tour\/#primaryimage"},"thumbnailUrl":"https:\/\/www.greattriptitikaka.com\/wp-content\/uploads\/2020\/03\/city-tour-puno-great-trip-titikaka_1.jpg","datePublished":"2020-01-02T01:20:05+00:00","dateModified":"2024-07-11T23:32:48+00:00","breadcrumb":{"@id":"https:\/\/www.greattriptitikaka.com\/en\/puno\/puno-private-tours\/tours-puno-city-tour\/#breadcrumb"},"inLanguage":"es","potentialAction":[{"@type":"ReadAction","target":["https:\/\/www.greattriptitikaka.com\/en\/puno\/puno-private-tours\/tours-puno-city-tour\/"]}]},{"@type":"ImageObject","inLanguage":"es","@id":"https:\/\/www.greattriptitikaka.com\/en\/puno\/puno-private-tours\/tours-puno-city-tour\/#primaryimage","url":"https:\/\/www.greattriptitikaka.com\/wp-content\/uploads\/2020\/03\/city-tour-puno-great-trip-titikaka_1.jpg","contentUrl":"https:\/\/www.greattriptitikaka.com\/wp-content\/uploads\/2020\/03\/city-tour-puno-great-trip-titikaka_1.jpg","width":820,"height":450},{"@type":"BreadcrumbList","@id":"https:\/\/www.greattriptitikaka.com\/en\/puno\/puno-private-tours\/tours-puno-city-tour\/#breadcrumb","itemListElement":[{"@type":"ListItem","position":1,"name":"Portada","item":"https:\/\/www.greattriptitikaka.com\/en\/"},{"@type":"ListItem","position":2,"name":"PUNO &#8211; TITICACA","item":"https:\/\/www.greattriptitikaka.com\/en\/puno\/"},{"@type":"ListItem","position":3,"name":"PUNO: PRIVATE TOURS","item":"https:\/\/www.greattriptitikaka.com\/en\/puno\/puno-private-tours\/"},{"@type":"ListItem","position":4,"name":"PUNO TOURS: PUNO CITY TOUR \/ PRIVATE SERVICE"}]},{"@type":"WebSite","@id":"https:\/\/www.greattriptitikaka.com\/en\/#website","url":"https:\/\/www.greattriptitikaka.com\/en\/","name":"GREAT TRIP TITIKAKA","description":"GREAT TRIP &lt;span&gt;TITIKAKA&lt;\/span&gt;","publisher":{"@id":"https:\/\/www.greattriptitikaka.com\/en\/#organization"},"potentialAction":[{"@type":"SearchAction","target":{"@type":"EntryPoint","urlTemplate":"https:\/\/www.greattriptitikaka.com\/en\/?s={search_term_string}"},"query-input":"required name=search_term_string"}],"inLanguage":"es"},{"@type":"Organization","@id":"https:\/\/www.greattriptitikaka.com\/en\/#organization","name":"GREAT TRIP WORLD E.I.R.L.","url":"https:\/\/www.greattriptitikaka.com\/en\/","logo":{"@type":"ImageObject","inLanguage":"es","@id":"https:\/\/www.greattriptitikaka.com\/en\/#\/schema\/logo\/image\/","url":"https:\/\/www.greattriptitikaka.com\/wp-content\/uploads\/2024\/07\/logo.svg","contentUrl":"https:\/\/www.greattriptitikaka.com\/wp-content\/uploads\/2024\/07\/logo.svg","width":1972,"height":815,"caption":"GREAT TRIP WORLD E.I.R.L."},"image":{"@id":"https:\/\/www.greattriptitikaka.com\/en\/#\/schema\/logo\/image\/"}}]}},"_links":{"self":[{"href":"https:\/\/www.greattriptitikaka.com\/es\/wp-json\/wp\/v2\/pages\/1182"}],"collection":[{"href":"https:\/\/www.greattriptitikaka.com\/es\/wp-json\/wp\/v2\/pages"}],"about":[{"href":"https:\/\/www.greattriptitikaka.com\/es\/wp-json\/wp\/v2\/types\/page"}],"author":[{"embeddable":true,"href":"https:\/\/www.greattriptitikaka.com\/es\/wp-json\/wp\/v2\/users\/2"}],"replies":[{"embeddable":true,"href":"https:\/\/www.greattriptitikaka.com\/es\/wp-json\/wp\/v2\/comments?post=1182"}],"version-history":[{"count":0,"href":"https:\/\/www.greattriptitikaka.com\/es\/wp-json\/wp\/v2\/pages\/1182\/revisions"}],"up":[{"embeddable":true,"href":"https:\/\/www.greattriptitikaka.com\/es\/wp-json\/wp\/v2\/pages\/88"}],"wp:featuredmedia":[{"embeddable":true,"href":"https:\/\/www.greattriptitikaka.com\/es\/wp-json\/wp\/v2\/media\/768"}],"wp:attachment":[{"href":"https:\/\/www.greattriptitikaka.com\/es\/wp-json\/wp\/v2\/media?parent=1182"}],"curies":[{"name":"wp","href":"https:\/\/api.w.org\/{rel}","templated":true}]}}