{"id":1226,"date":"2020-01-18T10:56:20","date_gmt":"2020-01-18T15:56:20","guid":{"rendered":"https:\/\/www.greattriptitikaka.com\/es\/?page_id=1226"},"modified":"2024-07-11T18:36:38","modified_gmt":"2024-07-11T23:36:38","slug":"copia_-machu-picchu-full-day-afternoon","status":"publish","type":"page","link":"https:\/\/www.greattriptitikaka.com\/es\/cusco-machupicchu\/cusco-tours-clasicos\/maras-moray\/","title":{"rendered":"MARAS Y MORAY MEDIO D\u00cdA"},"content":{"rendered":"<p><\/p>\n<p>El tour cuenta con salidas diarias confirmadas y es posible reservarlo hasta con 12 horas de anticipaci\u00f3n. De todas maneras, debido a la alta demanda, te recomendamos realizar la reserva con la mayor anticipaci\u00f3n posible. Conoceremos las salineras de Maras, donde podr\u00e1s sacar incre\u00edbles fotograf\u00edas del paisaje y comprar los mejores souvenirs, para luego visitar las terrazas de Moray.<\/p>\n<p><!--more--><\/p>\n<div class=\"in-block no-border\">\n<div id=\"ph-multi-1226\" class=\"carousel ph-slider tour-slider slide\" data-ride=\"carousel\" data-interval=\"4000\" data-pause=\"hover\">\n<ol class=\"carousel-indicators\">\n<li data-target=\"#ph-multi-1226\" data-slide-to=\"0\" class=\"active\"><\/li>\n<li data-target=\"#ph-multi-1226\" data-slide-to=\"1\"><\/li>\n<li data-target=\"#ph-multi-1226\" data-slide-to=\"2\"><\/li>\n<li data-target=\"#ph-multi-1226\" data-slide-to=\"3\"><\/li>\n<\/ol>\n<div class=\"carousel-inner\" role=\"listbox\">\n<div class=\"slide-loader\"><\/div>\n<div class=\"item active\"><img loading=\"lazy\" decoding=\"async\" class=\"alignnone size-full wp-image-837\" src=\"https:\/\/www.greattriptitikaka.com\/wp-content\/uploads\/2020\/03\/cusco-maras-valle-sagrado_3.jpg\" alt=\"\" width=\"820\" height=\"450\" srcset=\"https:\/\/www.greattriptitikaka.com\/wp-content\/uploads\/2020\/03\/cusco-maras-valle-sagrado_3.jpg 820w, https:\/\/www.greattriptitikaka.com\/wp-content\/uploads\/2020\/03\/cusco-maras-valle-sagrado_3-600x329.jpg 600w, https:\/\/www.greattriptitikaka.com\/wp-content\/uploads\/2020\/03\/cusco-maras-valle-sagrado_3-768x421.jpg 768w, https:\/\/www.greattriptitikaka.com\/wp-content\/uploads\/2020\/03\/cusco-maras-valle-sagrado_3-60x33.jpg 60w\" sizes=\"(max-width: 820px) 100vw, 820px\" \/> \u00a0<\/div>\n<div class=\"item\"><img loading=\"lazy\" decoding=\"async\" class=\"alignnone size-full wp-image-839\" src=\"https:\/\/www.greattriptitikaka.com\/wp-content\/uploads\/2020\/03\/cusco-qoricancha-valle-sagrado_2.jpg\" alt=\"\" width=\"820\" height=\"450\" srcset=\"https:\/\/www.greattriptitikaka.com\/wp-content\/uploads\/2020\/03\/cusco-qoricancha-valle-sagrado_2.jpg 820w, https:\/\/www.greattriptitikaka.com\/wp-content\/uploads\/2020\/03\/cusco-qoricancha-valle-sagrado_2-600x329.jpg 600w, https:\/\/www.greattriptitikaka.com\/wp-content\/uploads\/2020\/03\/cusco-qoricancha-valle-sagrado_2-768x421.jpg 768w, https:\/\/www.greattriptitikaka.com\/wp-content\/uploads\/2020\/03\/cusco-qoricancha-valle-sagrado_2-60x33.jpg 60w\" sizes=\"(max-width: 820px) 100vw, 820px\" \/><\/div>\n<div class=\"item\"><img loading=\"lazy\" decoding=\"async\" class=\"alignnone size-full wp-image-840\" src=\"https:\/\/www.greattriptitikaka.com\/wp-content\/uploads\/2020\/03\/cusco-qoricancha-valle-sagrado_3.jpg\" alt=\"\" width=\"820\" height=\"450\" srcset=\"https:\/\/www.greattriptitikaka.com\/wp-content\/uploads\/2020\/03\/cusco-qoricancha-valle-sagrado_3.jpg 820w, https:\/\/www.greattriptitikaka.com\/wp-content\/uploads\/2020\/03\/cusco-qoricancha-valle-sagrado_3-600x329.jpg 600w, https:\/\/www.greattriptitikaka.com\/wp-content\/uploads\/2020\/03\/cusco-qoricancha-valle-sagrado_3-768x421.jpg 768w, https:\/\/www.greattriptitikaka.com\/wp-content\/uploads\/2020\/03\/cusco-qoricancha-valle-sagrado_3-60x33.jpg 60w\" sizes=\"(max-width: 820px) 100vw, 820px\" \/><\/div>\n<div class=\"item\"><img loading=\"lazy\" decoding=\"async\" class=\"alignnone size-full wp-image-1138\" src=\"https:\/\/www.greattriptitikaka.com\/wp-content\/uploads\/2023\/11\/Cusco-Maras-Moray.jpg\" alt=\"maras y moray\" width=\"820\" height=\"450\" srcset=\"https:\/\/www.greattriptitikaka.com\/wp-content\/uploads\/2023\/11\/Cusco-Maras-Moray.jpg 820w, https:\/\/www.greattriptitikaka.com\/wp-content\/uploads\/2023\/11\/Cusco-Maras-Moray-600x329.jpg 600w, https:\/\/www.greattriptitikaka.com\/wp-content\/uploads\/2023\/11\/Cusco-Maras-Moray-768x421.jpg 768w, https:\/\/www.greattriptitikaka.com\/wp-content\/uploads\/2023\/11\/Cusco-Maras-Moray-60x33.jpg 60w\" sizes=\"(max-width: 820px) 100vw, 820px\" \/><\/p>\n<\/div>\n<p><a class=\"carousel-control left\" href=\"#ph-multi-1226\" data-slide=\"prev\"><i class=\"icon icon-arrow-left\"><\/i><\/a><a class=\"carousel-control right\" href=\"#ph-multi-1226\" data-slide=\"next\"><i class=\"icon icon-arrow-right\"><\/i><\/a><\/div>\n<\/div>\n<\/div>\n<nav id=\"menu-anchor\" class=\"menu-anchor\">\n<div class=\"container-fluid\">\n<ul class=\"tab-navi\">\n<li id=\"item-1\" class=\"tab-item\"><a href=\"javascript:void(0)\">Resumen<\/a><\/li>\n<li id=\"item-2\" class=\"tab-item\"><a href=\"javascript:void(0)\"> Incluye<\/a><\/li>\n<li id=\"item-3\" class=\"tab-item\"><a href=\"javascript:void(0)\"> Qu\u00e9 llevar<\/a><\/li>\n<li id=\"item-4\" class=\"tab-item\"><a href=\"javascript:void(0)\"> Precios<\/a><\/li>\n<li id=\"item-5\" class=\"tab-item\"><a href=\"javascript:void(0)\"> Itinerario<\/a><\/li>\n<li id=\"item-testimonials\" class=\"tab-item\"><a href=\"javascript:void(0)\"> Rese\u00f1as<\/a><\/li>\n<\/ul>\n<\/div>\n<\/nav>\n<h3>RESUMEN:<\/h3>\n<h1 class=\"page-title \">MARAS Y MORAY MEDIO D\u00cdA<\/h1>\n<div class=\"glsr glsr-default\" id=\"glsr_63f58dfd\" data-from=\"shortcode\" data-shortcode=\"site_reviews_summary\" data-hide=\"[&quot;rating&quot;]\">\n<div class=\"glsr-summary-wrap\">\n<div class=\"glsr-summary\">\n<div class=\"glsr-summary-stars\">\n<div class=\"glsr-star-rating glsr-stars\" role=\"img\" aria-label=\"Rated 3 out of 5 stars based on 1 ratings\" data-rating=\"3\" data-reviews=\"1\"><span class=\"glsr-star glsr-star-full\" aria-hidden=\"true\"><\/span><span class=\"glsr-star glsr-star-full\" aria-hidden=\"true\"><\/span><span class=\"glsr-star glsr-star-full\" aria-hidden=\"true\"><\/span><span class=\"glsr-star glsr-star-empty\" aria-hidden=\"true\"><\/span><span class=\"glsr-star glsr-star-empty\" aria-hidden=\"true\"><\/span><\/div>\n<\/div>\n<div class=\"glsr-summary-text\"><span class=\"glsr-tag-value\">3,0 de 5 estrellas (basado en 1 rese\u00f1a)<\/span><\/div>\n<div class=\"glsr-summary-percentages\">\n<div class=\"glsr-bar\" data-level=\"5\"><span class=\"glsr-bar-label\">Excelente<\/span><span class=\"glsr-bar-background\"><span class=\"glsr-bar-background-percent\" style=\"width:0%\"><\/span><\/span><span class=\"glsr-bar-percent\">0%<\/span><\/div>\n<div class=\"glsr-bar\" data-level=\"4\"><span class=\"glsr-bar-label\">Muy buena<\/span><span class=\"glsr-bar-background\"><span class=\"glsr-bar-background-percent\" style=\"width:0%\"><\/span><\/span><span class=\"glsr-bar-percent\">0%<\/span><\/div>\n<div class=\"glsr-bar\" data-level=\"3\"><span class=\"glsr-bar-label\">Media<\/span><span class=\"glsr-bar-background\"><span class=\"glsr-bar-background-percent\" style=\"width:100%\"><\/span><\/span><span class=\"glsr-bar-percent\">100%<\/span><\/div>\n<div class=\"glsr-bar\" data-level=\"2\"><span class=\"glsr-bar-label\">Mala<\/span><span class=\"glsr-bar-background\"><span class=\"glsr-bar-background-percent\" style=\"width:0%\"><\/span><\/span><span class=\"glsr-bar-percent\">0%<\/span><\/div>\n<div class=\"glsr-bar\" data-level=\"1\"><span class=\"glsr-bar-label\">Muy mala<\/span><span class=\"glsr-bar-background\"><span class=\"glsr-bar-background-percent\" style=\"width:0%\"><\/span><\/span><span class=\"glsr-bar-percent\">0%<\/span><\/div>\n<\/div><\/div>\n<\/div>\n<\/div>\n<div class=\"row\">\n<div class=\"col-sm-12\">\n<p class=\"condition-wrap\"><span class=\"badge badge-orange\"><i class=\"icon icon-check\"><\/i> Servicio operativo<\/span><span class=\"badge badge-green-dark ph-tooltip ph-tooltip-medium\" data-title=\"Si anulas tu reserva hasta 48 horas antes del inicio de la actividad, te devolveremos el 100% del adelanto que pagaste para realizar la reserva.\">Anulaci\u00f3n gratuita<\/span><span class=\"badge badge-green ph-tooltip ph-tooltip-medium\" data-title=\"Puedes reprogramar tu reserva sin costo adicional hasta 48 horas antes del inicio de la actividad.\">Reprogramaci\u00f3n gratuita<\/span><\/p>\n<\/div>\n<\/div>\n<p>El tour cuenta con salidas diarias confirmadas y es posible reservarlo hasta con 12 horas de anticipaci\u00f3n. De todas maneras, debido a la alta demanda, te recomendamos realizar la reserva con la mayor anticipaci\u00f3n posible. Conoceremos las salineras de Maras, donde podr\u00e1s sacar incre\u00edbles fotograf\u00edas del paisaje y comprar los mejores souvenirs, para luego visitar las terrazas de Moray.<\/p>\n<hr \/>\n<div class=\"row\">\n<div class=\"col-sm-4 tour-summary\">\n<h5 class=\"summary-title\"><i class=\"icon icon-dollars\"><\/i> Precio por persona<\/h5>\n<p class=\"summary-price\"><b>Desde:<\/b> USD 14.00<\/p>\n<\/div>\n<div class=\"col-sm-4 tour-summary\">\n<h5 class=\"summary-title\"><i class=\"icon icon-clock\"><\/i> Horarios<\/h5>\n<ul class=\"summary-price\">\n<li>8:30 AM a 2:30 PM<\/li>\n<\/ul>\n<\/div>\n<div class=\"col-sm-4 tour-summary\">\n<h5 class=\"summary-title\"><i class=\"icon icon-dollars\"><\/i> Duraci\u00f3n<\/h5>\n<p class=\"summary-price\">6 horas <\/p>\n<\/div>\n<\/div>\n<hr \/>\n<h3><span style=\"color: #ca640b;\">NUESTROS SERVICIOS INCLUYEN \/ NO INCLUYEN:<\/span><\/h3>\n<div class=\"row\">\n<div class=\"col-sm-6 column yes\">\n<ul>\n<li>Transporte Tur\u00edstico<\/li>\n<li>Gu\u00eda Profesional<\/li>\n<\/ul>\n<\/div>\n<div class=\"col-sm-6 column not\">\n<ul>\n<li>Gastos no mencionados<\/li>\n<li>Alimentaci\u00f3n<\/li>\n<li>Ingreso a Maras (10. Soles)<\/li>\n<li>Ingreso a Moray: <strong>BTC: Boleto Tur\u00edstico Cusco<\/strong> con este boleto puede visitar Moray y 15 lugares (Peruano S\/70. Soles) (extranjero S\/ 130. Soles)<\/li>\n<\/ul>\n<\/div>\n<\/div>\n<h3><span style=\"color: #ca640b;\">RECOMENDACIONES:<\/span><\/h3>\n<ul>\n<li>C\u00e1mara fotogr\u00e1fica<\/li>\n<li>Zapatillas c\u00f3modas para la caminata.<\/li>\n<li>Lentes de sol<\/li>\n<li>Gorra para el Sol<\/li>\n<li>Bloqueador Solar<\/li>\n<li>Poncho de lluvia<\/li>\n<\/ul>\n<hr \/>\n<h3><span style=\"color: #ca640b;\">PRECIOS:<\/span><\/h3>\n<p>Precio Maras y Moray medio d\u00eda:<\/p>\n<ul>\n<li>Adulto:\u00a0 \u00a0 \u00a0 \u00a0 \u00a0 \u00a0 \u00a0 \u00a0 \u00a0 \u00a0 \u00a0 \u00a0 \u00a0 \u00a0 US$ 14 por persona.<\/li>\n<li>Ni\u00f1o (6 a 12 a\u00f1os):\u00a0 \u00a0 \u00a0 \u00a0 \u00a0US$ 11 por persona<\/li>\n<li>Infante (0 a 5 a\u00f1os):\u00a0 \u00a0 \u00a0 \u00a0 Sin cargo<\/li>\n<\/ul>\n<hr \/>\n<h3><span style=\"color: #ca640b;\">ITINERARIO:<\/span><\/h3>\n<p>Nos reunimos entre las 08:25h a 08:45h para salir con destino a Maras, pasando por una comunidad artesanal en Chinchero donde veremos el tratamiento de la lana de llama, hasta nuestro primer destino: las minas de Maras (entrada no incluida). El gu\u00eda nos explicar\u00e1 el proceso de extracci\u00f3n de la sal y tendremos tiempo para sacar fotograf\u00edas. Luego, nos trasladaremos a Moray, laboratorio agr\u00edcola que los quechuas utilizaron para experimentar con los cultivos de las distintas regiones en las que estuvieron presentes. Podremos recorrer los senderos habilitados para tomar fotograf\u00edas y sentir la variaci\u00f3n de clima de acuerdo a la profundidad de las terrazas, que llegan a tener una diferencia de 150 m entre el punto m\u00e1s bajo y el m\u00e1s alto.<\/p>\n<p>Una vez completadas las 6 horas de tour, volveremos a Cusco en nuestro veh\u00edculo, llegando al centro de la ciudad.<\/p>\n<p>&nbsp;<\/p>\n<p><strong>BTC: BOLETO TUR\u00cdSTICO DE CUSCO<\/strong><\/p>\n<p>El boleto tur\u00edstico te permite el acceso a los diferentes lugares de inter\u00e9s en Cusco. Lo puedes comprar con anterioridad al inicio de tu actividad, en Palacio Kusikancha, Calle Maruri 340, Cusco, para agilizar las entradas y aprovechar el tiempo visitando los lugares, o bien en el primer sitio que visites dentro de tu itinerario. Existen dos tipos:<\/p>\n<ul>\n<li>Boleto tur\u00edstico integral:\n<ul>\n<li>Peruanos: S\/. 70 por persona.<\/li>\n<li>Extranjeros: S\/. 130 por pesona.<\/li>\n<\/ul>\n<\/li>\n<li>Boleto tur\u00edstico parcial:\n<ul>\n<li>Peruanos: S\/. 40 por persona.<\/li>\n<li>Extranjeros: S\/. 70 por pesona.<\/li>\n<\/ul>\n<\/li>\n<\/ul>\n<p>El pago siempre es en efectivo, con soles.<\/p>\n<p>El boleto tur\u00edstico integral es v\u00e1lido para todos los lugares en los tres circuitos, en un per\u00edodo de 10 d\u00edas, mientras que el boleto tur\u00edstico parcial es v\u00e1lido para solo uno de los tres circuitos, en un per\u00edodo de uno o dos d\u00edas, dependiendo del circuito. Para ver en detalle los lugares incluidos en cada circuito, visita la p\u00e1gina del boleto tur\u00edstico.<\/p>\n<p><\/p>","protected":false},"excerpt":{"rendered":"<p>El tour cuenta con salidas diarias confirmadas y es posible reservarlo hasta con 12 horas de anticipaci\u00f3n. De todas maneras, debido a la alta demanda, te recomendamos realizar la reserva con la mayor anticipaci\u00f3n posible. Conoceremos las salineras de Maras, donde podr\u00e1s sacar incre\u00edbles fotograf\u00edas del paisaje y comprar los mejores souvenirs, para luego visitar [&hellip;]<\/p>\n","protected":false},"author":2,"featured_media":840,"parent":1076,"menu_order":4,"comment_status":"closed","ping_status":"closed","template":"page-tour.php","meta":{"_glsr_average":0,"_glsr_ranking":0,"_glsr_reviews":0,"footnotes":""},"class_list":["post-1226","page","type-page","status-publish","has-post-thumbnail","hentry"],"yoast_head":"<!-- This site is optimized with the Yoast SEO plugin v23.0 - https:\/\/yoast.com\/wordpress\/plugins\/seo\/ -->\n<title>MARAS Y MORAY MEDIO D\u00cdA | Great Trip Titikaka: Tour Peru - Bolivia<\/title>\n<meta name=\"robots\" content=\"index, follow, max-snippet:-1, max-image-preview:large, max-video-preview:-1\" \/>\n<link rel=\"canonical\" href=\"https:\/\/www.greattriptitikaka.com\/en\/cusco-machupicchu\/cusco-classic-tours\/maras-moray\/\" \/>\n<meta property=\"og:locale\" content=\"es_ES\" \/>\n<meta property=\"og:type\" content=\"article\" \/>\n<meta property=\"og:title\" content=\"MARAS Y MORAY MEDIO D\u00cdA | Great Trip Titikaka: Tour Peru - Bolivia\" \/>\n<meta property=\"og:description\" content=\"El tour cuenta con salidas diarias confirmadas y es posible reservarlo hasta con 12 horas de anticipaci\u00f3n. De todas maneras, debido a la alta demanda, te recomendamos realizar la reserva con la mayor anticipaci\u00f3n posible. Conoceremos las salineras de Maras, donde podr\u00e1s sacar incre\u00edbles fotograf\u00edas del paisaje y comprar los mejores souvenirs, para luego visitar [&hellip;]\" \/>\n<meta property=\"og:url\" content=\"https:\/\/www.greattriptitikaka.com\/en\/cusco-machupicchu\/cusco-classic-tours\/maras-moray\/\" \/>\n<meta property=\"og:site_name\" content=\"Great Trip Titikaka: Tour Peru - Bolivia\" \/>\n<meta property=\"article:modified_time\" content=\"2024-07-11T23:36:38+00:00\" \/>\n<meta property=\"og:image\" content=\"https:\/\/www.greattriptitikaka.com\/wp-content\/uploads\/2020\/03\/cusco-qoricancha-valle-sagrado_3.jpg\" \/>\n\t<meta property=\"og:image:width\" content=\"820\" \/>\n\t<meta property=\"og:image:height\" content=\"450\" \/>\n\t<meta property=\"og:image:type\" content=\"image\/jpeg\" \/>\n<meta name=\"twitter:card\" content=\"summary_large_image\" \/>\n<meta name=\"twitter:label1\" content=\"Tiempo de lectura\" \/>\n\t<meta name=\"twitter:data1\" content=\"4 minutos\" \/>\n<script type=\"application\/ld+json\" class=\"yoast-schema-graph\">{\"@context\":\"https:\/\/schema.org\",\"@graph\":[{\"@type\":\"WebPage\",\"@id\":\"https:\/\/www.greattriptitikaka.com\/en\/cusco-machupicchu\/cusco-classic-tours\/maras-moray\/\",\"url\":\"https:\/\/www.greattriptitikaka.com\/en\/cusco-machupicchu\/cusco-classic-tours\/maras-moray\/\",\"name\":\"MARAS Y MORAY MEDIO D\u00cdA | Great Trip Titikaka: Tour Peru - Bolivia\",\"isPartOf\":{\"@id\":\"https:\/\/www.greattriptitikaka.com\/en\/#website\"},\"primaryImageOfPage\":{\"@id\":\"https:\/\/www.greattriptitikaka.com\/en\/cusco-machupicchu\/cusco-classic-tours\/maras-moray\/#primaryimage\"},\"image\":{\"@id\":\"https:\/\/www.greattriptitikaka.com\/en\/cusco-machupicchu\/cusco-classic-tours\/maras-moray\/#primaryimage\"},\"thumbnailUrl\":\"https:\/\/www.greattriptitikaka.com\/wp-content\/uploads\/2020\/03\/cusco-qoricancha-valle-sagrado_3.jpg\",\"datePublished\":\"2020-01-18T15:56:20+00:00\",\"dateModified\":\"2024-07-11T23:36:38+00:00\",\"breadcrumb\":{\"@id\":\"https:\/\/www.greattriptitikaka.com\/en\/cusco-machupicchu\/cusco-classic-tours\/maras-moray\/#breadcrumb\"},\"inLanguage\":\"es\",\"potentialAction\":[{\"@type\":\"ReadAction\",\"target\":[\"https:\/\/www.greattriptitikaka.com\/en\/cusco-machupicchu\/cusco-classic-tours\/maras-moray\/\"]}]},{\"@type\":\"ImageObject\",\"inLanguage\":\"es\",\"@id\":\"https:\/\/www.greattriptitikaka.com\/en\/cusco-machupicchu\/cusco-classic-tours\/maras-moray\/#primaryimage\",\"url\":\"https:\/\/www.greattriptitikaka.com\/wp-content\/uploads\/2020\/03\/cusco-qoricancha-valle-sagrado_3.jpg\",\"contentUrl\":\"https:\/\/www.greattriptitikaka.com\/wp-content\/uploads\/2020\/03\/cusco-qoricancha-valle-sagrado_3.jpg\",\"width\":820,\"height\":450},{\"@type\":\"BreadcrumbList\",\"@id\":\"https:\/\/www.greattriptitikaka.com\/en\/cusco-machupicchu\/cusco-classic-tours\/maras-moray\/#breadcrumb\",\"itemListElement\":[{\"@type\":\"ListItem\",\"position\":1,\"name\":\"Portada\",\"item\":\"https:\/\/www.greattriptitikaka.com\/en\/\"},{\"@type\":\"ListItem\",\"position\":2,\"name\":\"CUSCO &#8211; MACHUPICCHU\",\"item\":\"https:\/\/www.greattriptitikaka.com\/en\/cusco-machupicchu\/\"},{\"@type\":\"ListItem\",\"position\":3,\"name\":\"CUSCO: CLASSIC TOURS\",\"item\":\"https:\/\/www.greattriptitikaka.com\/en\/cusco-machupicchu\/cusco-classic-tours\/\"},{\"@type\":\"ListItem\",\"position\":4,\"name\":\"MARAS AND MORAY HALF DAY\"}]},{\"@type\":\"WebSite\",\"@id\":\"https:\/\/www.greattriptitikaka.com\/en\/#website\",\"url\":\"https:\/\/www.greattriptitikaka.com\/en\/\",\"name\":\"GREAT TRIP TITIKAKA\",\"description\":\"GREAT TRIP &lt;span&gt;TITIKAKA&lt;\/span&gt;\",\"publisher\":{\"@id\":\"https:\/\/www.greattriptitikaka.com\/en\/#organization\"},\"potentialAction\":[{\"@type\":\"SearchAction\",\"target\":{\"@type\":\"EntryPoint\",\"urlTemplate\":\"https:\/\/www.greattriptitikaka.com\/en\/?s={search_term_string}\"},\"query-input\":\"required name=search_term_string\"}],\"inLanguage\":\"es\"},{\"@type\":\"Organization\",\"@id\":\"https:\/\/www.greattriptitikaka.com\/en\/#organization\",\"name\":\"GREAT TRIP WORLD E.I.R.L.\",\"url\":\"https:\/\/www.greattriptitikaka.com\/en\/\",\"logo\":{\"@type\":\"ImageObject\",\"inLanguage\":\"es\",\"@id\":\"https:\/\/www.greattriptitikaka.com\/en\/#\/schema\/logo\/image\/\",\"url\":\"https:\/\/www.greattriptitikaka.com\/wp-content\/uploads\/2024\/07\/logo.svg\",\"contentUrl\":\"https:\/\/www.greattriptitikaka.com\/wp-content\/uploads\/2024\/07\/logo.svg\",\"width\":1972,\"height\":815,\"caption\":\"GREAT TRIP WORLD E.I.R.L.\"},\"image\":{\"@id\":\"https:\/\/www.greattriptitikaka.com\/en\/#\/schema\/logo\/image\/\"}}]}<\/script>\n<!-- \/ Yoast SEO plugin. -->","yoast_head_json":{"title":"MARAS Y MORAY MEDIO D\u00cdA | Great Trip Titikaka: Tour Peru - Bolivia","robots":{"index":"index","follow":"follow","max-snippet":"max-snippet:-1","max-image-preview":"max-image-preview:large","max-video-preview":"max-video-preview:-1"},"canonical":"https:\/\/www.greattriptitikaka.com\/en\/cusco-machupicchu\/cusco-classic-tours\/maras-moray\/","og_locale":"es_ES","og_type":"article","og_title":"MARAS Y MORAY MEDIO D\u00cdA | Great Trip Titikaka: Tour Peru - Bolivia","og_description":"El tour cuenta con salidas diarias confirmadas y es posible reservarlo hasta con 12 horas de anticipaci\u00f3n. De todas maneras, debido a la alta demanda, te recomendamos realizar la reserva con la mayor anticipaci\u00f3n posible. Conoceremos las salineras de Maras, donde podr\u00e1s sacar incre\u00edbles fotograf\u00edas del paisaje y comprar los mejores souvenirs, para luego visitar [&hellip;]","og_url":"https:\/\/www.greattriptitikaka.com\/en\/cusco-machupicchu\/cusco-classic-tours\/maras-moray\/","og_site_name":"Great Trip Titikaka: Tour Peru - Bolivia","article_modified_time":"2024-07-11T23:36:38+00:00","og_image":[{"width":820,"height":450,"url":"https:\/\/www.greattriptitikaka.com\/wp-content\/uploads\/2020\/03\/cusco-qoricancha-valle-sagrado_3.jpg","type":"image\/jpeg"}],"twitter_card":"summary_large_image","twitter_misc":{"Tiempo de lectura":"4 minutos"},"schema":{"@context":"https:\/\/schema.org","@graph":[{"@type":"WebPage","@id":"https:\/\/www.greattriptitikaka.com\/en\/cusco-machupicchu\/cusco-classic-tours\/maras-moray\/","url":"https:\/\/www.greattriptitikaka.com\/en\/cusco-machupicchu\/cusco-classic-tours\/maras-moray\/","name":"MARAS Y MORAY MEDIO D\u00cdA | Great Trip Titikaka: Tour Peru - Bolivia","isPartOf":{"@id":"https:\/\/www.greattriptitikaka.com\/en\/#website"},"primaryImageOfPage":{"@id":"https:\/\/www.greattriptitikaka.com\/en\/cusco-machupicchu\/cusco-classic-tours\/maras-moray\/#primaryimage"},"image":{"@id":"https:\/\/www.greattriptitikaka.com\/en\/cusco-machupicchu\/cusco-classic-tours\/maras-moray\/#primaryimage"},"thumbnailUrl":"https:\/\/www.greattriptitikaka.com\/wp-content\/uploads\/2020\/03\/cusco-qoricancha-valle-sagrado_3.jpg","datePublished":"2020-01-18T15:56:20+00:00","dateModified":"2024-07-11T23:36:38+00:00","breadcrumb":{"@id":"https:\/\/www.greattriptitikaka.com\/en\/cusco-machupicchu\/cusco-classic-tours\/maras-moray\/#breadcrumb"},"inLanguage":"es","potentialAction":[{"@type":"ReadAction","target":["https:\/\/www.greattriptitikaka.com\/en\/cusco-machupicchu\/cusco-classic-tours\/maras-moray\/"]}]},{"@type":"ImageObject","inLanguage":"es","@id":"https:\/\/www.greattriptitikaka.com\/en\/cusco-machupicchu\/cusco-classic-tours\/maras-moray\/#primaryimage","url":"https:\/\/www.greattriptitikaka.com\/wp-content\/uploads\/2020\/03\/cusco-qoricancha-valle-sagrado_3.jpg","contentUrl":"https:\/\/www.greattriptitikaka.com\/wp-content\/uploads\/2020\/03\/cusco-qoricancha-valle-sagrado_3.jpg","width":820,"height":450},{"@type":"BreadcrumbList","@id":"https:\/\/www.greattriptitikaka.com\/en\/cusco-machupicchu\/cusco-classic-tours\/maras-moray\/#breadcrumb","itemListElement":[{"@type":"ListItem","position":1,"name":"Portada","item":"https:\/\/www.greattriptitikaka.com\/en\/"},{"@type":"ListItem","position":2,"name":"CUSCO &#8211; MACHUPICCHU","item":"https:\/\/www.greattriptitikaka.com\/en\/cusco-machupicchu\/"},{"@type":"ListItem","position":3,"name":"CUSCO: CLASSIC TOURS","item":"https:\/\/www.greattriptitikaka.com\/en\/cusco-machupicchu\/cusco-classic-tours\/"},{"@type":"ListItem","position":4,"name":"MARAS AND MORAY HALF DAY"}]},{"@type":"WebSite","@id":"https:\/\/www.greattriptitikaka.com\/en\/#website","url":"https:\/\/www.greattriptitikaka.com\/en\/","name":"GREAT TRIP TITIKAKA","description":"GREAT TRIP &lt;span&gt;TITIKAKA&lt;\/span&gt;","publisher":{"@id":"https:\/\/www.greattriptitikaka.com\/en\/#organization"},"potentialAction":[{"@type":"SearchAction","target":{"@type":"EntryPoint","urlTemplate":"https:\/\/www.greattriptitikaka.com\/en\/?s={search_term_string}"},"query-input":"required name=search_term_string"}],"inLanguage":"es"},{"@type":"Organization","@id":"https:\/\/www.greattriptitikaka.com\/en\/#organization","name":"GREAT TRIP WORLD E.I.R.L.","url":"https:\/\/www.greattriptitikaka.com\/en\/","logo":{"@type":"ImageObject","inLanguage":"es","@id":"https:\/\/www.greattriptitikaka.com\/en\/#\/schema\/logo\/image\/","url":"https:\/\/www.greattriptitikaka.com\/wp-content\/uploads\/2024\/07\/logo.svg","contentUrl":"https:\/\/www.greattriptitikaka.com\/wp-content\/uploads\/2024\/07\/logo.svg","width":1972,"height":815,"caption":"GREAT TRIP WORLD E.I.R.L."},"image":{"@id":"https:\/\/www.greattriptitikaka.com\/en\/#\/schema\/logo\/image\/"}}]}},"_links":{"self":[{"href":"https:\/\/www.greattriptitikaka.com\/es\/wp-json\/wp\/v2\/pages\/1226"}],"collection":[{"href":"https:\/\/www.greattriptitikaka.com\/es\/wp-json\/wp\/v2\/pages"}],"about":[{"href":"https:\/\/www.greattriptitikaka.com\/es\/wp-json\/wp\/v2\/types\/page"}],"author":[{"embeddable":true,"href":"https:\/\/www.greattriptitikaka.com\/es\/wp-json\/wp\/v2\/users\/2"}],"replies":[{"embeddable":true,"href":"https:\/\/www.greattriptitikaka.com\/es\/wp-json\/wp\/v2\/comments?post=1226"}],"version-history":[{"count":0,"href":"https:\/\/www.greattriptitikaka.com\/es\/wp-json\/wp\/v2\/pages\/1226\/revisions"}],"up":[{"embeddable":true,"href":"https:\/\/www.greattriptitikaka.com\/es\/wp-json\/wp\/v2\/pages\/1076"}],"wp:featuredmedia":[{"embeddable":true,"href":"https:\/\/www.greattriptitikaka.com\/es\/wp-json\/wp\/v2\/media\/840"}],"wp:attachment":[{"href":"https:\/\/www.greattriptitikaka.com\/es\/wp-json\/wp\/v2\/media?parent=1226"}],"curies":[{"name":"wp","href":"https:\/\/api.w.org\/{rel}","templated":true}]}}