{"id":1228,"date":"2020-01-18T10:56:20","date_gmt":"2020-01-18T15:56:20","guid":{"rendered":"https:\/\/www.greattriptitikaka.com\/es\/?page_id=1228"},"modified":"2024-07-11T18:36:42","modified_gmt":"2024-07-11T23:36:42","slug":"copia_-sacred-valley-full-day","status":"publish","type":"page","link":"https:\/\/www.greattriptitikaka.com\/es\/cusco-machupicchu\/cusco-tours-clasicos\/montana-siete-colores\/","title":{"rendered":"MONTA\u00d1A DE SIETE COLORES FULL DAY"},"content":{"rendered":"<p><\/p>\n<p>\u00a1Emb\u00e1rcate en una aventura \u00fanica hacia la Monta\u00f1a de Siete Colores! A 5100 metros de altura, este trek te sumergir\u00e1 en un paisaje impresionante. Incluye transporte, gu\u00eda profesional, desayuno y almuerzo.<\/p>\n<p><!--more--><\/p>\n<div class=\"in-block no-border\">\n<div id=\"ph-multi-1228\" class=\"carousel ph-slider tour-slider slide\" data-ride=\"carousel\" data-interval=\"4000\" data-pause=\"hover\">\n<ol class=\"carousel-indicators\">\n<li data-target=\"#ph-multi-1228\" data-slide-to=\"0\" class=\"active\"><\/li>\n<li data-target=\"#ph-multi-1228\" data-slide-to=\"1\"><\/li>\n<li data-target=\"#ph-multi-1228\" data-slide-to=\"2\"><\/li>\n<li data-target=\"#ph-multi-1228\" data-slide-to=\"3\"><\/li>\n<\/ol>\n<div class=\"carousel-inner\" role=\"listbox\">\n<div class=\"slide-loader\"><\/div>\n<div class=\"item active\"><img loading=\"lazy\" decoding=\"async\" class=\"alignnone size-full wp-image-843\" src=\"https:\/\/www.greattriptitikaka.com\/wp-content\/uploads\/2020\/03\/cusco-valle-sagrado-montana-colores_3.jpg\" alt=\"\" width=\"820\" height=\"450\" srcset=\"https:\/\/www.greattriptitikaka.com\/wp-content\/uploads\/2020\/03\/cusco-valle-sagrado-montana-colores_3.jpg 820w, https:\/\/www.greattriptitikaka.com\/wp-content\/uploads\/2020\/03\/cusco-valle-sagrado-montana-colores_3-600x329.jpg 600w, https:\/\/www.greattriptitikaka.com\/wp-content\/uploads\/2020\/03\/cusco-valle-sagrado-montana-colores_3-768x421.jpg 768w, https:\/\/www.greattriptitikaka.com\/wp-content\/uploads\/2020\/03\/cusco-valle-sagrado-montana-colores_3-60x33.jpg 60w\" sizes=\"(max-width: 820px) 100vw, 820px\" \/><\/div>\n<div class=\"item\"><img loading=\"lazy\" decoding=\"async\" class=\"alignnone size-full wp-image-845\" src=\"https:\/\/www.greattriptitikaka.com\/wp-content\/uploads\/2020\/03\/cusco-valle-sagrado-montana-colores_5.jpg\" alt=\"\" width=\"820\" height=\"450\" srcset=\"https:\/\/www.greattriptitikaka.com\/wp-content\/uploads\/2020\/03\/cusco-valle-sagrado-montana-colores_5.jpg 820w, https:\/\/www.greattriptitikaka.com\/wp-content\/uploads\/2020\/03\/cusco-valle-sagrado-montana-colores_5-600x329.jpg 600w, https:\/\/www.greattriptitikaka.com\/wp-content\/uploads\/2020\/03\/cusco-valle-sagrado-montana-colores_5-768x421.jpg 768w, https:\/\/www.greattriptitikaka.com\/wp-content\/uploads\/2020\/03\/cusco-valle-sagrado-montana-colores_5-60x33.jpg 60w\" sizes=\"(max-width: 820px) 100vw, 820px\" \/><\/div>\n<div class=\"item\"><img loading=\"lazy\" decoding=\"async\" class=\"alignnone size-full wp-image-842\" src=\"https:\/\/www.greattriptitikaka.com\/wp-content\/uploads\/2020\/03\/cusco-valle-sagrado-montana-colores_2.jpg\" alt=\"\" width=\"820\" height=\"450\" srcset=\"https:\/\/www.greattriptitikaka.com\/wp-content\/uploads\/2020\/03\/cusco-valle-sagrado-montana-colores_2.jpg 820w, https:\/\/www.greattriptitikaka.com\/wp-content\/uploads\/2020\/03\/cusco-valle-sagrado-montana-colores_2-600x329.jpg 600w, https:\/\/www.greattriptitikaka.com\/wp-content\/uploads\/2020\/03\/cusco-valle-sagrado-montana-colores_2-768x421.jpg 768w, https:\/\/www.greattriptitikaka.com\/wp-content\/uploads\/2020\/03\/cusco-valle-sagrado-montana-colores_2-60x33.jpg 60w\" sizes=\"(max-width: 820px) 100vw, 820px\" \/> <\/div>\n<div class=\"item\"><img loading=\"lazy\" decoding=\"async\" class=\"alignnone size-full wp-image-841\" src=\"https:\/\/www.greattriptitikaka.com\/wp-content\/uploads\/2020\/03\/cusco-valle-sagrado-montana-colores_1.jpg\" alt=\"\" width=\"820\" height=\"450\" srcset=\"https:\/\/www.greattriptitikaka.com\/wp-content\/uploads\/2020\/03\/cusco-valle-sagrado-montana-colores_1.jpg 820w, https:\/\/www.greattriptitikaka.com\/wp-content\/uploads\/2020\/03\/cusco-valle-sagrado-montana-colores_1-600x329.jpg 600w, https:\/\/www.greattriptitikaka.com\/wp-content\/uploads\/2020\/03\/cusco-valle-sagrado-montana-colores_1-768x421.jpg 768w, https:\/\/www.greattriptitikaka.com\/wp-content\/uploads\/2020\/03\/cusco-valle-sagrado-montana-colores_1-60x33.jpg 60w\" sizes=\"(max-width: 820px) 100vw, 820px\" \/><\/p>\n<\/div>\n<p><a class=\"carousel-control left\" href=\"#ph-multi-1228\" data-slide=\"prev\"><i class=\"icon icon-arrow-left\"><\/i><\/a><a class=\"carousel-control right\" href=\"#ph-multi-1228\" data-slide=\"next\"><i class=\"icon icon-arrow-right\"><\/i><\/a><\/div>\n<\/div>\n<\/div>\n<nav id=\"menu-anchor\" class=\"menu-anchor\">\n<div class=\"container-fluid\">\n<ul class=\"tab-navi\">\n<li id=\"item-1\" class=\"tab-item\"><a href=\"javascript:void(0)\">Resumen<\/a><\/li>\n<li id=\"item-2\" class=\"tab-item\"><a href=\"javascript:void(0)\"> Incluye<\/a><\/li>\n<li id=\"item-3\" class=\"tab-item\"><a href=\"javascript:void(0)\"> Qu\u00e9 llevar<\/a><\/li>\n<li id=\"item-4\" class=\"tab-item\"><a href=\"javascript:void(0)\"> Precios<\/a><\/li>\n<li id=\"item-5\" class=\"tab-item\"><a href=\"javascript:void(0)\"> Itinerario<\/a><\/li>\n<li id=\"item-testimonials\" class=\"tab-item\"><a href=\"javascript:void(0)\"> Rese\u00f1as<\/a><\/li>\n<\/ul>\n<\/div>\n<\/nav>\n<h3>RESUMEN:<\/h3>\n<h1 class=\"page-title \">MONTA\u00d1A DE SIETE COLORES FULL DAY<\/h1>\n<div class=\"glsr glsr-default\" id=\"glsr_63f58dfd\" data-from=\"shortcode\" data-shortcode=\"site_reviews_summary\" data-hide=\"[&quot;rating&quot;]\">\n<div class=\"glsr-summary-wrap\">\n<div class=\"glsr-summary\">\n<div class=\"glsr-summary-stars\">\n<div class=\"glsr-star-rating glsr-stars\" role=\"img\" aria-label=\"Rated 3 out of 5 stars based on 1 ratings\" data-rating=\"3\" data-reviews=\"1\"><span class=\"glsr-star glsr-star-full\" aria-hidden=\"true\"><\/span><span class=\"glsr-star glsr-star-full\" aria-hidden=\"true\"><\/span><span class=\"glsr-star glsr-star-full\" aria-hidden=\"true\"><\/span><span class=\"glsr-star glsr-star-empty\" aria-hidden=\"true\"><\/span><span class=\"glsr-star glsr-star-empty\" aria-hidden=\"true\"><\/span><\/div>\n<\/div>\n<div class=\"glsr-summary-text\"><span class=\"glsr-tag-value\">3,0 de 5 estrellas (basado en 1 rese\u00f1a)<\/span><\/div>\n<div class=\"glsr-summary-percentages\">\n<div class=\"glsr-bar\" data-level=\"5\"><span class=\"glsr-bar-label\">Excelente<\/span><span class=\"glsr-bar-background\"><span class=\"glsr-bar-background-percent\" style=\"width:0%\"><\/span><\/span><span class=\"glsr-bar-percent\">0%<\/span><\/div>\n<div class=\"glsr-bar\" data-level=\"4\"><span class=\"glsr-bar-label\">Muy buena<\/span><span class=\"glsr-bar-background\"><span class=\"glsr-bar-background-percent\" style=\"width:0%\"><\/span><\/span><span class=\"glsr-bar-percent\">0%<\/span><\/div>\n<div class=\"glsr-bar\" data-level=\"3\"><span class=\"glsr-bar-label\">Media<\/span><span class=\"glsr-bar-background\"><span class=\"glsr-bar-background-percent\" style=\"width:100%\"><\/span><\/span><span class=\"glsr-bar-percent\">100%<\/span><\/div>\n<div class=\"glsr-bar\" data-level=\"2\"><span class=\"glsr-bar-label\">Mala<\/span><span class=\"glsr-bar-background\"><span class=\"glsr-bar-background-percent\" style=\"width:0%\"><\/span><\/span><span class=\"glsr-bar-percent\">0%<\/span><\/div>\n<div class=\"glsr-bar\" data-level=\"1\"><span class=\"glsr-bar-label\">Muy mala<\/span><span class=\"glsr-bar-background\"><span class=\"glsr-bar-background-percent\" style=\"width:0%\"><\/span><\/span><span class=\"glsr-bar-percent\">0%<\/span><\/div>\n<\/div><\/div>\n<\/div>\n<\/div>\n<div class=\"row\">\n<div class=\"col-sm-12\">\n<p class=\"condition-wrap\"><span class=\"badge badge-orange\"><i class=\"icon icon-check\"><\/i> Servicio operativo<\/span><span class=\"badge badge-green-dark ph-tooltip ph-tooltip-medium\" data-title=\"Si anulas tu reserva hasta 48 horas antes del inicio de la actividad, te devolveremos el 100% del adelanto que pagaste para realizar la reserva.\">Anulaci\u00f3n gratuita<\/span><span class=\"badge badge-green ph-tooltip ph-tooltip-medium\" data-title=\"Puedes reprogramar tu reserva sin costo adicional hasta 48 horas antes del inicio de la actividad.\">Reprogramaci\u00f3n gratuita<\/span><\/p>\n<\/div>\n<\/div>\n<p>Si tienes buen estado f\u00edsico este es un imperdible. Este Trek to Rainbow Mountain est\u00e1 a 5100 metros de altura , es una de las experiencias m\u00e1s incre\u00edbles, esta cordillera es impresionante, no solo por su altura sino tambi\u00e9n por los colores y el paisaje son incre\u00edbles. realmente lo sacar\u00e1 de los caminos trillados pasando por un paisaje simplemente impresionante. Nuestros gu\u00edas experimentados le mostrar\u00e1n el camino, \u00a1Pero esta, definitivamente no es una caminata para los d\u00e9biles de coraz\u00f3n!<\/p>\n<hr \/>\n<div class=\"row\">\n<div class=\"col-sm-4 tour-summary\">\n<h5 class=\"summary-title\"><i class=\"icon icon-dollars\"><\/i> Precio por persona<\/h5>\n<p class=\"summary-price\"><b>Desde:<\/b> USD 29.00<\/p>\n<\/div>\n<div class=\"col-sm-4 tour-summary\">\n<h5 class=\"summary-title\"><i class=\"icon icon-clock\"><\/i> Horarios<\/h5>\n<ul class=\"summary-price\">\n<li>4:30 AM a 6:00 PM<\/li>\n<\/ul>\n<\/div>\n<div class=\"col-sm-4 tour-summary\">\n<h5 class=\"summary-title\"><i class=\"icon icon-dollars\"><\/i> Duraci\u00f3n<\/h5>\n<p class=\"summary-price\">13 horas y media aprox. <\/p>\n<\/div>\n<\/div>\n<hr \/>\n<h3><span style=\"color: #ca640b;\">NUESTROS SERVICIOS INCLUYEN \/ NO INCLUYEN:<\/span><\/h3>\n<div class=\"row\">\n<div class=\"col-sm-6 column yes\">\n<ul>\n<li>Recojo desde su Hotel (centro)<\/li>\n<li>Transporte Cusco \u2013 Quechuyno \u2013 Cusco<\/li>\n<li>Gu\u00eda profesional ingl\u00e9s \/ espa\u00f1ol<\/li>\n<li>Desayuno y almuerzo.<\/li>\n<li>Bast\u00f3n de madera<\/li>\n<\/ul>\n<\/div>\n<div class=\"col-sm-6 column not\">\n<ul>\n<li>Gastos no mencionados<\/li>\n<li>Caballo (100. Soles)<\/li>\n<li>Ingreso (peruanos 15.soles \/ extranjeros 25.Soles)<\/li>\n<\/ul>\n<\/div>\n<\/div>\n<hr \/>\n<h3><span style=\"color: #ca640b;\">RECOMENDACIONES:<\/span><\/h3>\n<ul>\n<li>C\u00e1mara fotogr\u00e1fica<\/li>\n<li>Zapatos de trekking para la caminata.<\/li>\n<li>Lentes de sol<\/li>\n<li>Gorra para el Sol<\/li>\n<li>Bloqueador Solar<\/li>\n<li>Poncho de lluvia<\/li>\n<li>Bastones de trekking<\/li>\n<\/ul>\n<hr \/>\n<h3><span style=\"color: #ca640b;\">PRECIOS:<\/span><\/h3>\n<p>Adulto: \u00a0\u00a0\u00a0\u00a0\u00a0\u00a0\u00a0\u00a0\u00a0\u00a0\u00a0\u00a0\u00a0\u00a0\u00a0 US$ 29 por persona.<\/p>\n<p><strong>Restricciones:<\/strong><\/p>\n<p>No permitido para personas con problemas producidos por la altitud, no permitido para embarazadas y edad m\u00ednima requerida de 12 a\u00f1os.<\/p>\n<hr \/>\n<h3><span style=\"color: #ca640b;\">ITINERARIO:<\/span><\/h3>\n<p>Entre las 04:20h a 04:55h recojo desde su Hotel de Cusco, para luego dirigirnos a CUSIPATA. En esta localidad tomaremos desayuno en un restaurante familiar. Continuamos nuestro viaje 1 hora m\u00e1s. \u00a0Nuestro gu\u00eda local nos dar\u00e1 la informaci\u00f3n necesaria sobre la caminata del d\u00eda. La caminata tiene una duraci\u00f3n de 1 hora y media aprox. Hasta llegar al punto m\u00e1s alto de la monta\u00f1a 5,100 metros de altitud. Desde aqu\u00ed podr\u00e1 apreciar la hermosa vista de la Monta\u00f1a Arco\u00edris o Monta\u00f1a de colores , adem\u00e1s, podr\u00e1 observar el nevado Ausangate que es considerado una monta\u00f1a sagrada. Luego volveremos al veh\u00edculo para tomar nuestro almuerzo y retornamos a la ciudad de Cusco (Plaza San Francisco) a las 18:00h aprox.<\/p>\n<hr \/>\n<h4><span style=\"color: #ff6600;\">POL\u00cdTICA DE ANULACI\u00d3N<\/span><\/h4>\n<ul>\n<li>La anulaci\u00f3n o reprogramaci\u00f3n de este tour es 24 horas antes sin cargo.<\/li>\n<\/ul>\n<p><\/p>","protected":false},"excerpt":{"rendered":"<p>\u00a1Emb\u00e1rcate en una aventura \u00fanica hacia la Monta\u00f1a de Siete Colores! A 5100 metros de altura, este trek te sumergir\u00e1 en un paisaje impresionante. Incluye transporte, gu\u00eda profesional, desayuno y almuerzo.<\/p>\n","protected":false},"author":2,"featured_media":843,"parent":1076,"menu_order":6,"comment_status":"closed","ping_status":"closed","template":"page-tour.php","meta":{"_glsr_average":0,"_glsr_ranking":0,"_glsr_reviews":0,"footnotes":""},"class_list":["post-1228","page","type-page","status-publish","has-post-thumbnail","hentry"],"yoast_head":"<!-- This site is optimized with the Yoast SEO plugin v23.0 - https:\/\/yoast.com\/wordpress\/plugins\/seo\/ -->\n<title>MONTA\u00d1A DE SIETE COLORES FULL DAY | Great Trip Titikaka: Tour Peru - Bolivia<\/title>\n<meta name=\"robots\" content=\"index, follow, max-snippet:-1, max-image-preview:large, max-video-preview:-1\" \/>\n<link rel=\"canonical\" href=\"https:\/\/www.greattriptitikaka.com\/en\/cusco-machupicchu\/cusco-classic-tours\/mountain-seven-colors\/\" \/>\n<meta property=\"og:locale\" content=\"es_ES\" \/>\n<meta property=\"og:type\" content=\"article\" \/>\n<meta property=\"og:title\" content=\"MONTA\u00d1A DE SIETE COLORES FULL DAY | Great Trip Titikaka: Tour Peru - Bolivia\" \/>\n<meta property=\"og:description\" content=\"\u00a1Emb\u00e1rcate en una aventura \u00fanica hacia la Monta\u00f1a de Siete Colores! A 5100 metros de altura, este trek te sumergir\u00e1 en un paisaje impresionante. Incluye transporte, gu\u00eda profesional, desayuno y almuerzo.\" \/>\n<meta property=\"og:url\" content=\"https:\/\/www.greattriptitikaka.com\/en\/cusco-machupicchu\/cusco-classic-tours\/mountain-seven-colors\/\" \/>\n<meta property=\"og:site_name\" content=\"Great Trip Titikaka: Tour Peru - Bolivia\" \/>\n<meta property=\"article:modified_time\" content=\"2024-07-11T23:36:42+00:00\" \/>\n<meta property=\"og:image\" content=\"https:\/\/www.greattriptitikaka.com\/wp-content\/uploads\/2020\/03\/cusco-valle-sagrado-montana-colores_3.jpg\" \/>\n\t<meta property=\"og:image:width\" content=\"820\" \/>\n\t<meta property=\"og:image:height\" content=\"450\" \/>\n\t<meta property=\"og:image:type\" content=\"image\/jpeg\" \/>\n<meta name=\"twitter:card\" content=\"summary_large_image\" \/>\n<meta name=\"twitter:label1\" content=\"Tiempo de lectura\" \/>\n\t<meta name=\"twitter:data1\" content=\"3 minutos\" \/>\n<script type=\"application\/ld+json\" class=\"yoast-schema-graph\">{\"@context\":\"https:\/\/schema.org\",\"@graph\":[{\"@type\":\"WebPage\",\"@id\":\"https:\/\/www.greattriptitikaka.com\/en\/cusco-machupicchu\/cusco-classic-tours\/mountain-seven-colors\/\",\"url\":\"https:\/\/www.greattriptitikaka.com\/en\/cusco-machupicchu\/cusco-classic-tours\/mountain-seven-colors\/\",\"name\":\"MONTA\u00d1A DE SIETE COLORES FULL DAY | Great Trip Titikaka: Tour Peru - Bolivia\",\"isPartOf\":{\"@id\":\"https:\/\/www.greattriptitikaka.com\/en\/#website\"},\"primaryImageOfPage\":{\"@id\":\"https:\/\/www.greattriptitikaka.com\/en\/cusco-machupicchu\/cusco-classic-tours\/mountain-seven-colors\/#primaryimage\"},\"image\":{\"@id\":\"https:\/\/www.greattriptitikaka.com\/en\/cusco-machupicchu\/cusco-classic-tours\/mountain-seven-colors\/#primaryimage\"},\"thumbnailUrl\":\"https:\/\/www.greattriptitikaka.com\/wp-content\/uploads\/2020\/03\/cusco-valle-sagrado-montana-colores_3.jpg\",\"datePublished\":\"2020-01-18T15:56:20+00:00\",\"dateModified\":\"2024-07-11T23:36:42+00:00\",\"breadcrumb\":{\"@id\":\"https:\/\/www.greattriptitikaka.com\/en\/cusco-machupicchu\/cusco-classic-tours\/mountain-seven-colors\/#breadcrumb\"},\"inLanguage\":\"es\",\"potentialAction\":[{\"@type\":\"ReadAction\",\"target\":[\"https:\/\/www.greattriptitikaka.com\/en\/cusco-machupicchu\/cusco-classic-tours\/mountain-seven-colors\/\"]}]},{\"@type\":\"ImageObject\",\"inLanguage\":\"es\",\"@id\":\"https:\/\/www.greattriptitikaka.com\/en\/cusco-machupicchu\/cusco-classic-tours\/mountain-seven-colors\/#primaryimage\",\"url\":\"https:\/\/www.greattriptitikaka.com\/wp-content\/uploads\/2020\/03\/cusco-valle-sagrado-montana-colores_3.jpg\",\"contentUrl\":\"https:\/\/www.greattriptitikaka.com\/wp-content\/uploads\/2020\/03\/cusco-valle-sagrado-montana-colores_3.jpg\",\"width\":820,\"height\":450},{\"@type\":\"BreadcrumbList\",\"@id\":\"https:\/\/www.greattriptitikaka.com\/en\/cusco-machupicchu\/cusco-classic-tours\/mountain-seven-colors\/#breadcrumb\",\"itemListElement\":[{\"@type\":\"ListItem\",\"position\":1,\"name\":\"Portada\",\"item\":\"https:\/\/www.greattriptitikaka.com\/en\/\"},{\"@type\":\"ListItem\",\"position\":2,\"name\":\"CUSCO &#8211; MACHUPICCHU\",\"item\":\"https:\/\/www.greattriptitikaka.com\/en\/cusco-machupicchu\/\"},{\"@type\":\"ListItem\",\"position\":3,\"name\":\"CUSCO: CLASSIC TOURS\",\"item\":\"https:\/\/www.greattriptitikaka.com\/en\/cusco-machupicchu\/cusco-classic-tours\/\"},{\"@type\":\"ListItem\",\"position\":4,\"name\":\"MOUNTAIN OF SEVEN COLORS FULL DAY\"}]},{\"@type\":\"WebSite\",\"@id\":\"https:\/\/www.greattriptitikaka.com\/en\/#website\",\"url\":\"https:\/\/www.greattriptitikaka.com\/en\/\",\"name\":\"GREAT TRIP TITIKAKA\",\"description\":\"GREAT TRIP &lt;span&gt;TITIKAKA&lt;\/span&gt;\",\"publisher\":{\"@id\":\"https:\/\/www.greattriptitikaka.com\/en\/#organization\"},\"potentialAction\":[{\"@type\":\"SearchAction\",\"target\":{\"@type\":\"EntryPoint\",\"urlTemplate\":\"https:\/\/www.greattriptitikaka.com\/en\/?s={search_term_string}\"},\"query-input\":\"required name=search_term_string\"}],\"inLanguage\":\"es\"},{\"@type\":\"Organization\",\"@id\":\"https:\/\/www.greattriptitikaka.com\/en\/#organization\",\"name\":\"GREAT TRIP WORLD E.I.R.L.\",\"url\":\"https:\/\/www.greattriptitikaka.com\/en\/\",\"logo\":{\"@type\":\"ImageObject\",\"inLanguage\":\"es\",\"@id\":\"https:\/\/www.greattriptitikaka.com\/en\/#\/schema\/logo\/image\/\",\"url\":\"https:\/\/www.greattriptitikaka.com\/wp-content\/uploads\/2024\/07\/logo.svg\",\"contentUrl\":\"https:\/\/www.greattriptitikaka.com\/wp-content\/uploads\/2024\/07\/logo.svg\",\"width\":1972,\"height\":815,\"caption\":\"GREAT TRIP WORLD E.I.R.L.\"},\"image\":{\"@id\":\"https:\/\/www.greattriptitikaka.com\/en\/#\/schema\/logo\/image\/\"}}]}<\/script>\n<!-- \/ Yoast SEO plugin. -->","yoast_head_json":{"title":"MONTA\u00d1A DE SIETE COLORES FULL DAY | Great Trip Titikaka: Tour Peru - Bolivia","robots":{"index":"index","follow":"follow","max-snippet":"max-snippet:-1","max-image-preview":"max-image-preview:large","max-video-preview":"max-video-preview:-1"},"canonical":"https:\/\/www.greattriptitikaka.com\/en\/cusco-machupicchu\/cusco-classic-tours\/mountain-seven-colors\/","og_locale":"es_ES","og_type":"article","og_title":"MONTA\u00d1A DE SIETE COLORES FULL DAY | Great Trip Titikaka: Tour Peru - Bolivia","og_description":"\u00a1Emb\u00e1rcate en una aventura \u00fanica hacia la Monta\u00f1a de Siete Colores! A 5100 metros de altura, este trek te sumergir\u00e1 en un paisaje impresionante. Incluye transporte, gu\u00eda profesional, desayuno y almuerzo.","og_url":"https:\/\/www.greattriptitikaka.com\/en\/cusco-machupicchu\/cusco-classic-tours\/mountain-seven-colors\/","og_site_name":"Great Trip Titikaka: Tour Peru - Bolivia","article_modified_time":"2024-07-11T23:36:42+00:00","og_image":[{"width":820,"height":450,"url":"https:\/\/www.greattriptitikaka.com\/wp-content\/uploads\/2020\/03\/cusco-valle-sagrado-montana-colores_3.jpg","type":"image\/jpeg"}],"twitter_card":"summary_large_image","twitter_misc":{"Tiempo de lectura":"3 minutos"},"schema":{"@context":"https:\/\/schema.org","@graph":[{"@type":"WebPage","@id":"https:\/\/www.greattriptitikaka.com\/en\/cusco-machupicchu\/cusco-classic-tours\/mountain-seven-colors\/","url":"https:\/\/www.greattriptitikaka.com\/en\/cusco-machupicchu\/cusco-classic-tours\/mountain-seven-colors\/","name":"MONTA\u00d1A DE SIETE COLORES FULL DAY | Great Trip Titikaka: Tour Peru - Bolivia","isPartOf":{"@id":"https:\/\/www.greattriptitikaka.com\/en\/#website"},"primaryImageOfPage":{"@id":"https:\/\/www.greattriptitikaka.com\/en\/cusco-machupicchu\/cusco-classic-tours\/mountain-seven-colors\/#primaryimage"},"image":{"@id":"https:\/\/www.greattriptitikaka.com\/en\/cusco-machupicchu\/cusco-classic-tours\/mountain-seven-colors\/#primaryimage"},"thumbnailUrl":"https:\/\/www.greattriptitikaka.com\/wp-content\/uploads\/2020\/03\/cusco-valle-sagrado-montana-colores_3.jpg","datePublished":"2020-01-18T15:56:20+00:00","dateModified":"2024-07-11T23:36:42+00:00","breadcrumb":{"@id":"https:\/\/www.greattriptitikaka.com\/en\/cusco-machupicchu\/cusco-classic-tours\/mountain-seven-colors\/#breadcrumb"},"inLanguage":"es","potentialAction":[{"@type":"ReadAction","target":["https:\/\/www.greattriptitikaka.com\/en\/cusco-machupicchu\/cusco-classic-tours\/mountain-seven-colors\/"]}]},{"@type":"ImageObject","inLanguage":"es","@id":"https:\/\/www.greattriptitikaka.com\/en\/cusco-machupicchu\/cusco-classic-tours\/mountain-seven-colors\/#primaryimage","url":"https:\/\/www.greattriptitikaka.com\/wp-content\/uploads\/2020\/03\/cusco-valle-sagrado-montana-colores_3.jpg","contentUrl":"https:\/\/www.greattriptitikaka.com\/wp-content\/uploads\/2020\/03\/cusco-valle-sagrado-montana-colores_3.jpg","width":820,"height":450},{"@type":"BreadcrumbList","@id":"https:\/\/www.greattriptitikaka.com\/en\/cusco-machupicchu\/cusco-classic-tours\/mountain-seven-colors\/#breadcrumb","itemListElement":[{"@type":"ListItem","position":1,"name":"Portada","item":"https:\/\/www.greattriptitikaka.com\/en\/"},{"@type":"ListItem","position":2,"name":"CUSCO &#8211; MACHUPICCHU","item":"https:\/\/www.greattriptitikaka.com\/en\/cusco-machupicchu\/"},{"@type":"ListItem","position":3,"name":"CUSCO: CLASSIC TOURS","item":"https:\/\/www.greattriptitikaka.com\/en\/cusco-machupicchu\/cusco-classic-tours\/"},{"@type":"ListItem","position":4,"name":"MOUNTAIN OF SEVEN COLORS FULL DAY"}]},{"@type":"WebSite","@id":"https:\/\/www.greattriptitikaka.com\/en\/#website","url":"https:\/\/www.greattriptitikaka.com\/en\/","name":"GREAT TRIP TITIKAKA","description":"GREAT TRIP &lt;span&gt;TITIKAKA&lt;\/span&gt;","publisher":{"@id":"https:\/\/www.greattriptitikaka.com\/en\/#organization"},"potentialAction":[{"@type":"SearchAction","target":{"@type":"EntryPoint","urlTemplate":"https:\/\/www.greattriptitikaka.com\/en\/?s={search_term_string}"},"query-input":"required name=search_term_string"}],"inLanguage":"es"},{"@type":"Organization","@id":"https:\/\/www.greattriptitikaka.com\/en\/#organization","name":"GREAT TRIP WORLD E.I.R.L.","url":"https:\/\/www.greattriptitikaka.com\/en\/","logo":{"@type":"ImageObject","inLanguage":"es","@id":"https:\/\/www.greattriptitikaka.com\/en\/#\/schema\/logo\/image\/","url":"https:\/\/www.greattriptitikaka.com\/wp-content\/uploads\/2024\/07\/logo.svg","contentUrl":"https:\/\/www.greattriptitikaka.com\/wp-content\/uploads\/2024\/07\/logo.svg","width":1972,"height":815,"caption":"GREAT TRIP WORLD E.I.R.L."},"image":{"@id":"https:\/\/www.greattriptitikaka.com\/en\/#\/schema\/logo\/image\/"}}]}},"_links":{"self":[{"href":"https:\/\/www.greattriptitikaka.com\/es\/wp-json\/wp\/v2\/pages\/1228"}],"collection":[{"href":"https:\/\/www.greattriptitikaka.com\/es\/wp-json\/wp\/v2\/pages"}],"about":[{"href":"https:\/\/www.greattriptitikaka.com\/es\/wp-json\/wp\/v2\/types\/page"}],"author":[{"embeddable":true,"href":"https:\/\/www.greattriptitikaka.com\/es\/wp-json\/wp\/v2\/users\/2"}],"replies":[{"embeddable":true,"href":"https:\/\/www.greattriptitikaka.com\/es\/wp-json\/wp\/v2\/comments?post=1228"}],"version-history":[{"count":0,"href":"https:\/\/www.greattriptitikaka.com\/es\/wp-json\/wp\/v2\/pages\/1228\/revisions"}],"up":[{"embeddable":true,"href":"https:\/\/www.greattriptitikaka.com\/es\/wp-json\/wp\/v2\/pages\/1076"}],"wp:featuredmedia":[{"embeddable":true,"href":"https:\/\/www.greattriptitikaka.com\/es\/wp-json\/wp\/v2\/media\/843"}],"wp:attachment":[{"href":"https:\/\/www.greattriptitikaka.com\/es\/wp-json\/wp\/v2\/media?parent=1228"}],"curies":[{"name":"wp","href":"https:\/\/api.w.org\/{rel}","templated":true}]}}