{"id":1231,"date":"2020-01-18T10:56:20","date_gmt":"2020-01-18T15:56:20","guid":{"rendered":"https:\/\/www.greattriptitikaka.com\/es\/?page_id=1231"},"modified":"2024-07-11T18:36:49","modified_gmt":"2024-07-11T23:36:49","slug":"humantay-lagoon-trekking-full-day","status":"publish","type":"page","link":"https:\/\/www.greattriptitikaka.com\/es\/cusco-machupicchu\/cusco-tours-clasicos\/trekking-laguna-humantay\/","title":{"rendered":"TREKKING LAGUNA HUMANTAY (Full Day)"},"content":{"rendered":"<p><\/p>\n<p>Visita esta laguna creada por el deshielo del nevado Humantay, a 4100 m de altitud, con esta caminata de 2 km, de intensidad media alta, cerca de un impresionante glaciar Salkantay.<\/p>\n<p><!--more--><\/p>\n<div class=\"in-block no-border\">\n<div id=\"ph-multi-1231\" class=\"carousel ph-slider tour-slider slide\" data-ride=\"carousel\" data-interval=\"4000\" data-pause=\"hover\">\n<ol class=\"carousel-indicators\">\n<li data-target=\"#ph-multi-1231\" data-slide-to=\"0\" class=\"active\"><\/li>\n<li data-target=\"#ph-multi-1231\" data-slide-to=\"1\"><\/li>\n<li data-target=\"#ph-multi-1231\" data-slide-to=\"2\"><\/li>\n<li data-target=\"#ph-multi-1231\" data-slide-to=\"3\"><\/li>\n<li data-target=\"#ph-multi-1231\" data-slide-to=\"4\"><\/li>\n<\/ol>\n<div class=\"carousel-inner\" role=\"listbox\">\n<div class=\"slide-loader\"><\/div>\n<div class=\"item active\"><img loading=\"lazy\" decoding=\"async\" class=\"alignnone size-medium wp-image-1263\" src=\"https:\/\/www.greattriptitikaka.com\/wp-content\/uploads\/2024\/01\/Laguna-Humantay-cusco.png\" alt=\"\" width=\"820\" height=\"450\" srcset=\"https:\/\/www.greattriptitikaka.com\/wp-content\/uploads\/2024\/01\/Laguna-Humantay-cusco.png 820w, https:\/\/www.greattriptitikaka.com\/wp-content\/uploads\/2024\/01\/Laguna-Humantay-cusco-600x329.png 600w, https:\/\/www.greattriptitikaka.com\/wp-content\/uploads\/2024\/01\/Laguna-Humantay-cusco-768x421.png 768w, https:\/\/www.greattriptitikaka.com\/wp-content\/uploads\/2024\/01\/Laguna-Humantay-cusco-60x33.png 60w\" sizes=\"(max-width: 820px) 100vw, 820px\" \/><\/div>\n<div class=\"item\"><img loading=\"lazy\" decoding=\"async\" class=\"alignnone size-full wp-image-1262\" src=\"https:\/\/www.greattriptitikaka.com\/wp-content\/uploads\/2024\/01\/Humantay-Cusco.png\" alt=\"\" width=\"820\" height=\"450\" srcset=\"https:\/\/www.greattriptitikaka.com\/wp-content\/uploads\/2024\/01\/Humantay-Cusco.png 820w, https:\/\/www.greattriptitikaka.com\/wp-content\/uploads\/2024\/01\/Humantay-Cusco-600x329.png 600w, https:\/\/www.greattriptitikaka.com\/wp-content\/uploads\/2024\/01\/Humantay-Cusco-768x421.png 768w, https:\/\/www.greattriptitikaka.com\/wp-content\/uploads\/2024\/01\/Humantay-Cusco-60x33.png 60w\" sizes=\"(max-width: 820px) 100vw, 820px\" \/><\/div>\n<div class=\"item\"><img loading=\"lazy\" decoding=\"async\" class=\"alignnone size-medium wp-image-1264\" src=\"https:\/\/www.greattriptitikaka.com\/wp-content\/uploads\/2024\/01\/Laguna-Cusco.png\" alt=\"\" width=\"820\" height=\"450\" srcset=\"https:\/\/www.greattriptitikaka.com\/wp-content\/uploads\/2024\/01\/Laguna-Cusco.png 820w, https:\/\/www.greattriptitikaka.com\/wp-content\/uploads\/2024\/01\/Laguna-Cusco-600x329.png 600w, https:\/\/www.greattriptitikaka.com\/wp-content\/uploads\/2024\/01\/Laguna-Cusco-768x421.png 768w, https:\/\/www.greattriptitikaka.com\/wp-content\/uploads\/2024\/01\/Laguna-Cusco-60x33.png 60w\" sizes=\"(max-width: 820px) 100vw, 820px\" \/>\u00a0<\/div>\n<div class=\"item\"><img loading=\"lazy\" decoding=\"async\" class=\"alignnone size-medium wp-image-1266\" src=\"https:\/\/www.greattriptitikaka.com\/wp-content\/uploads\/2024\/01\/Soraypampa-Cusco.jpg\" alt=\"\" width=\"820\" height=\"450\" srcset=\"https:\/\/www.greattriptitikaka.com\/wp-content\/uploads\/2024\/01\/Soraypampa-Cusco.jpg 820w, https:\/\/www.greattriptitikaka.com\/wp-content\/uploads\/2024\/01\/Soraypampa-Cusco-600x329.jpg 600w, https:\/\/www.greattriptitikaka.com\/wp-content\/uploads\/2024\/01\/Soraypampa-Cusco-768x421.jpg 768w, https:\/\/www.greattriptitikaka.com\/wp-content\/uploads\/2024\/01\/Soraypampa-Cusco-60x33.jpg 60w\" sizes=\"(max-width: 820px) 100vw, 820px\" \/><\/div>\n<div class=\"item\"><img loading=\"lazy\" decoding=\"async\" class=\"alignnone size-medium wp-image-1265\" src=\"https:\/\/www.greattriptitikaka.com\/wp-content\/uploads\/2024\/01\/mollepata-cusco.jpg\" alt=\"\" width=\"820\" height=\"450\" srcset=\"https:\/\/www.greattriptitikaka.com\/wp-content\/uploads\/2024\/01\/mollepata-cusco.jpg 820w, https:\/\/www.greattriptitikaka.com\/wp-content\/uploads\/2024\/01\/mollepata-cusco-600x329.jpg 600w, https:\/\/www.greattriptitikaka.com\/wp-content\/uploads\/2024\/01\/mollepata-cusco-768x421.jpg 768w, https:\/\/www.greattriptitikaka.com\/wp-content\/uploads\/2024\/01\/mollepata-cusco-60x33.jpg 60w\" sizes=\"(max-width: 820px) 100vw, 820px\" \/><\/p>\n<\/div>\n<p><a class=\"carousel-control left\" href=\"#ph-multi-1231\" data-slide=\"prev\"><i class=\"icon icon-arrow-left\"><\/i><\/a><a class=\"carousel-control right\" href=\"#ph-multi-1231\" data-slide=\"next\"><i class=\"icon icon-arrow-right\"><\/i><\/a><\/div>\n<\/div>\n<\/div>\n<nav id=\"menu-anchor\" class=\"menu-anchor\">\n<div class=\"container-fluid\">\n<ul class=\"tab-navi\">\n<li id=\"item-1\" class=\"tab-item\"><a href=\"javascript:void(0)\">Resumen<\/a><\/li>\n<li id=\"item-2\" class=\"tab-item\"><a href=\"javascript:void(0)\"> Incluye<\/a><\/li>\n<li id=\"item-3\" class=\"tab-item\"><a href=\"javascript:void(0)\"> Qu\u00e9 llevar<\/a><\/li>\n<li id=\"item-4\" class=\"tab-item\"><a href=\"javascript:void(0)\"> Precios<\/a><\/li>\n<li id=\"item-5\" class=\"tab-item\"><a href=\"javascript:void(0)\"> Itinerario<\/a><\/li>\n<li id=\"item-testimonials\" class=\"tab-item\"><a href=\"javascript:void(0)\"> Rese\u00f1as<\/a><\/li>\n<\/ul>\n<\/div>\n<\/nav>\n<h3>RESUMEN:<\/h3>\n<h1 class=\"page-title \">TREKKING LAGUNA HUMANTAY (Full Day)<\/h1>\n<div class=\"glsr glsr-default\" id=\"glsr_63f58dfd\" data-from=\"shortcode\" data-shortcode=\"site_reviews_summary\" data-hide=\"[&quot;rating&quot;]\">\n<div class=\"glsr-summary-wrap\">\n<div class=\"glsr-summary\">\n<div class=\"glsr-summary-stars\">\n<div class=\"glsr-star-rating glsr-stars\" role=\"img\" aria-label=\"Rated 3 out of 5 stars based on 1 ratings\" data-rating=\"3\" data-reviews=\"1\"><span class=\"glsr-star glsr-star-full\" aria-hidden=\"true\"><\/span><span class=\"glsr-star glsr-star-full\" aria-hidden=\"true\"><\/span><span class=\"glsr-star glsr-star-full\" aria-hidden=\"true\"><\/span><span class=\"glsr-star glsr-star-empty\" aria-hidden=\"true\"><\/span><span class=\"glsr-star glsr-star-empty\" aria-hidden=\"true\"><\/span><\/div>\n<\/div>\n<div class=\"glsr-summary-text\"><span class=\"glsr-tag-value\">3,0 de 5 estrellas (basado en 1 rese\u00f1a)<\/span><\/div>\n<div class=\"glsr-summary-percentages\">\n<div class=\"glsr-bar\" data-level=\"5\"><span class=\"glsr-bar-label\">Excelente<\/span><span class=\"glsr-bar-background\"><span class=\"glsr-bar-background-percent\" style=\"width:0%\"><\/span><\/span><span class=\"glsr-bar-percent\">0%<\/span><\/div>\n<div class=\"glsr-bar\" data-level=\"4\"><span class=\"glsr-bar-label\">Muy buena<\/span><span class=\"glsr-bar-background\"><span class=\"glsr-bar-background-percent\" style=\"width:0%\"><\/span><\/span><span class=\"glsr-bar-percent\">0%<\/span><\/div>\n<div class=\"glsr-bar\" data-level=\"3\"><span class=\"glsr-bar-label\">Media<\/span><span class=\"glsr-bar-background\"><span class=\"glsr-bar-background-percent\" style=\"width:100%\"><\/span><\/span><span class=\"glsr-bar-percent\">100%<\/span><\/div>\n<div class=\"glsr-bar\" data-level=\"2\"><span class=\"glsr-bar-label\">Mala<\/span><span class=\"glsr-bar-background\"><span class=\"glsr-bar-background-percent\" style=\"width:0%\"><\/span><\/span><span class=\"glsr-bar-percent\">0%<\/span><\/div>\n<div class=\"glsr-bar\" data-level=\"1\"><span class=\"glsr-bar-label\">Muy mala<\/span><span class=\"glsr-bar-background\"><span class=\"glsr-bar-background-percent\" style=\"width:0%\"><\/span><\/span><span class=\"glsr-bar-percent\">0%<\/span><\/div>\n<\/div><\/div>\n<\/div>\n<\/div>\n<div class=\"row\">\n<div class=\"col-sm-12\">\n<p class=\"condition-wrap\"><span class=\"badge badge-orange\"><i class=\"icon icon-check\"><\/i> Servicio operativo<\/span><span class=\"badge badge-green-dark ph-tooltip ph-tooltip-medium\" data-title=\"Si anulas tu reserva hasta 48 horas antes del inicio de la actividad, te devolveremos el 100% del adelanto que pagaste para realizar la reserva.\">Anulaci\u00f3n gratuita<\/span><span class=\"badge badge-green ph-tooltip ph-tooltip-medium\" data-title=\"Puedes reprogramar tu reserva sin costo adicional hasta 48 horas antes del inicio de la actividad.\">Reprogramaci\u00f3n gratuita<\/span><\/p>\n<\/div>\n<\/div>\n<p>Visita esta laguna creada por el deshielo del nevado Humantay, a 4100 m de altitud, con esta caminata de 2 km, de intensidad media alta, cerca de un impresionante glaciar Salkantay.<\/p>\n<hr \/>\n<div class=\"row\">\n<div class=\"col-sm-4 tour-summary\">\n<h5 class=\"summary-title\"><i class=\"icon icon-dollars\"><\/i> Precio por persona<\/h5>\n<p class=\"summary-price\"><b>Desde:<\/b> USD 29.00<\/p>\n<\/div>\n<div class=\"col-sm-4 tour-summary\">\n<h5 class=\"summary-title\"><i class=\"icon icon-clock\"><\/i> Horarios<\/h5>\n<ul class=\"summary-price\">\n<li>4:30 AM a 6:00 PM<\/li>\n<\/ul>\n<\/div>\n<div class=\"col-sm-4 tour-summary\">\n<h5 class=\"summary-title\"><i class=\"icon icon-dollars\"><\/i> Duraci\u00f3n<\/h5>\n<p class=\"summary-price\">13 horas y media aprox. <\/p>\n<\/div>\n<\/div>\n<hr \/>\n<h3><span style=\"color: #ca640b;\">NUESTROS SERVICIOS INCLUYEN \/ NO INCLUYEN:<\/span><\/h3>\n<div class=\"row\">\n<div class=\"col-sm-6 column yes\">\n<ul>\n<li>Recojo desde su Hotel (centro)<\/li>\n<li>Transporte Compartido<\/li>\n<li>Gu\u00eda profesional ingl\u00e9s \/ espa\u00f1ol<\/li>\n<li>Desayuno y almuerzo<\/li>\n<li>Bast\u00f3n para caminata<\/li>\n<li>Botiqu\u00edn de primeros auxilios<\/li>\n<\/ul>\n<\/div>\n<div class=\"col-sm-6 column not\">\n<ul>\n<li>Gastos no mencionados<\/li>\n<li>Caballo (90. Soles)<\/li>\n<li>Ingreso (peruanos 10.soles \/ extranjeros 20.Soles)<\/li>\n<\/ul>\n<\/div>\n<\/div>\n<hr \/>\n<h3><span style=\"color: #ca640b;\">RECOMENDACIONES:<\/span><\/h3>\n<ul>\n<li>C\u00e1mara fotogr\u00e1fica<\/li>\n<li>Zapatos de trekking para la caminata.<\/li>\n<li>Lentes de sol<\/li>\n<li>Gorra para el Sol<\/li>\n<li>Bloqueador Solar<\/li>\n<li>Poncho de lluvia<\/li>\n<li>Bastones de trekking<\/li>\n<\/ul>\n<hr \/>\n<h3><span style=\"color: #ca640b;\">PRECIOS:<\/span><\/h3>\n<p>Precio Trekking Laguna Humantay full day:<\/p>\n<ul>\n<li>Adulto: US$ 29. por persona.<\/li>\n<\/ul>\n<p><span style=\"color: #ff6600;\"><strong>Restricciones:<\/strong><\/span><\/p>\n<p><span style=\"color: #ff6600;\">No permitido para personas embarazadas, edad m\u00ednima requerida 12 a\u00f1os, no apto para personas con problemas cardiacos, buen estado f\u00edsico y aclimataci\u00f3n a la altitud.<\/span><\/p>\n<hr \/>\n<h3><span style=\"color: #ca640b;\">ITINERARIO:<\/span><\/h3>\n<p>04:30h \u2013 05:05h. Recojo desde su Hotel en el centro, para luego dirigirnos hacia <strong>Mollepata <\/strong>localizado en el exuberante valle del r\u00edo Apur\u00edmac, aqu\u00ed tomaremos el desayuno antes de retomar nuestro camino por 1 hora m\u00e1s, hasta el punto de inicio del trekking <strong>Soraypampa <\/strong>(3900msnm). <strong>En Soraypampa<\/strong> comenzaremos nuestra caminata hacia Humantay lake ubicado a 4200mt \/ 13779 pies, despu\u00e9s del ascenso de 1 hora y 30 min aproximadamente podremos apreciar este maravilloso lugar lleno de magia y esplendor paisaj\u00edstico. Los m\u00e1s atrevidos pueden darse un chapuz\u00f3n en las aguas verdes azuladas para refrescarse.<\/p>\n<p>M\u00e1s tarde retornaremos a nuestro campamento para tener nuestro almuerzo con hermosas vistas panor\u00e1micas de los picos nevados y posteriormente traslado a la Ciudad de Cusco (cerca de la Plaza de Armas principal) a las 18:00h aprox.<\/p>\n<hr \/>\n<h4><span style=\"color: #ff6600;\">POL\u00cdTICA DE ANULACI\u00d3N:<\/span><\/h4>\n<ul>\n<li>La anulaci\u00f3n o reprogramaci\u00f3n de este tour es 24 horas antes sin cargo.<\/li>\n<\/ul>\n<p><\/p>","protected":false},"excerpt":{"rendered":"<p>Visita esta laguna creada por el deshielo del nevado Humantay, a 4100 m de altitud, con esta caminata de 2 km, de intensidad media alta, cerca de un impresionante glaciar Salkantay.<\/p>\n","protected":false},"author":2,"featured_media":1263,"parent":1076,"menu_order":9,"comment_status":"closed","ping_status":"closed","template":"page-tour.php","meta":{"_glsr_average":0,"_glsr_ranking":0,"_glsr_reviews":0,"footnotes":""},"class_list":["post-1231","page","type-page","status-publish","has-post-thumbnail","hentry"],"yoast_head":"<!-- This site is optimized with the Yoast SEO plugin v23.0 - https:\/\/yoast.com\/wordpress\/plugins\/seo\/ -->\n<title>TREKKING LAGUNA HUMANTAY (Full Day) | Great Trip Titikaka: Tour Peru - Bolivia<\/title>\n<meta name=\"robots\" content=\"index, follow, max-snippet:-1, max-image-preview:large, max-video-preview:-1\" \/>\n<link rel=\"canonical\" href=\"https:\/\/www.greattriptitikaka.com\/en\/cusco-machupicchu\/cusco-classic-tours\/humantay-lagoon-trekking\/\" \/>\n<meta property=\"og:locale\" content=\"es_ES\" \/>\n<meta property=\"og:type\" content=\"article\" \/>\n<meta property=\"og:title\" content=\"TREKKING LAGUNA HUMANTAY (Full Day) | Great Trip Titikaka: Tour Peru - Bolivia\" \/>\n<meta property=\"og:description\" content=\"Visita esta laguna creada por el deshielo del nevado Humantay, a 4100 m de altitud, con esta caminata de 2 km, de intensidad media alta, cerca de un impresionante glaciar Salkantay.\" \/>\n<meta property=\"og:url\" content=\"https:\/\/www.greattriptitikaka.com\/en\/cusco-machupicchu\/cusco-classic-tours\/humantay-lagoon-trekking\/\" \/>\n<meta property=\"og:site_name\" content=\"Great Trip Titikaka: Tour Peru - Bolivia\" \/>\n<meta property=\"article:modified_time\" content=\"2024-07-11T23:36:49+00:00\" \/>\n<meta property=\"og:image\" content=\"https:\/\/www.greattriptitikaka.com\/wp-content\/uploads\/2024\/01\/Laguna-Humantay-cusco.png\" \/>\n\t<meta property=\"og:image:width\" content=\"820\" \/>\n\t<meta property=\"og:image:height\" content=\"450\" \/>\n\t<meta property=\"og:image:type\" content=\"image\/png\" \/>\n<meta name=\"twitter:card\" content=\"summary_large_image\" \/>\n<meta name=\"twitter:label1\" content=\"Tiempo de lectura\" \/>\n\t<meta name=\"twitter:data1\" content=\"3 minutos\" \/>\n<script type=\"application\/ld+json\" class=\"yoast-schema-graph\">{\"@context\":\"https:\/\/schema.org\",\"@graph\":[{\"@type\":\"WebPage\",\"@id\":\"https:\/\/www.greattriptitikaka.com\/en\/cusco-machupicchu\/cusco-classic-tours\/humantay-lagoon-trekking\/\",\"url\":\"https:\/\/www.greattriptitikaka.com\/en\/cusco-machupicchu\/cusco-classic-tours\/humantay-lagoon-trekking\/\",\"name\":\"TREKKING LAGUNA HUMANTAY (Full Day) | Great Trip Titikaka: Tour Peru - Bolivia\",\"isPartOf\":{\"@id\":\"https:\/\/www.greattriptitikaka.com\/en\/#website\"},\"primaryImageOfPage\":{\"@id\":\"https:\/\/www.greattriptitikaka.com\/en\/cusco-machupicchu\/cusco-classic-tours\/humantay-lagoon-trekking\/#primaryimage\"},\"image\":{\"@id\":\"https:\/\/www.greattriptitikaka.com\/en\/cusco-machupicchu\/cusco-classic-tours\/humantay-lagoon-trekking\/#primaryimage\"},\"thumbnailUrl\":\"https:\/\/www.greattriptitikaka.com\/wp-content\/uploads\/2024\/01\/Laguna-Humantay-cusco.png\",\"datePublished\":\"2020-01-18T15:56:20+00:00\",\"dateModified\":\"2024-07-11T23:36:49+00:00\",\"breadcrumb\":{\"@id\":\"https:\/\/www.greattriptitikaka.com\/en\/cusco-machupicchu\/cusco-classic-tours\/humantay-lagoon-trekking\/#breadcrumb\"},\"inLanguage\":\"es\",\"potentialAction\":[{\"@type\":\"ReadAction\",\"target\":[\"https:\/\/www.greattriptitikaka.com\/en\/cusco-machupicchu\/cusco-classic-tours\/humantay-lagoon-trekking\/\"]}]},{\"@type\":\"ImageObject\",\"inLanguage\":\"es\",\"@id\":\"https:\/\/www.greattriptitikaka.com\/en\/cusco-machupicchu\/cusco-classic-tours\/humantay-lagoon-trekking\/#primaryimage\",\"url\":\"https:\/\/www.greattriptitikaka.com\/wp-content\/uploads\/2024\/01\/Laguna-Humantay-cusco.png\",\"contentUrl\":\"https:\/\/www.greattriptitikaka.com\/wp-content\/uploads\/2024\/01\/Laguna-Humantay-cusco.png\",\"width\":820,\"height\":450},{\"@type\":\"BreadcrumbList\",\"@id\":\"https:\/\/www.greattriptitikaka.com\/en\/cusco-machupicchu\/cusco-classic-tours\/humantay-lagoon-trekking\/#breadcrumb\",\"itemListElement\":[{\"@type\":\"ListItem\",\"position\":1,\"name\":\"Portada\",\"item\":\"https:\/\/www.greattriptitikaka.com\/en\/\"},{\"@type\":\"ListItem\",\"position\":2,\"name\":\"CUSCO &#8211; MACHUPICCHU\",\"item\":\"https:\/\/www.greattriptitikaka.com\/en\/cusco-machupicchu\/\"},{\"@type\":\"ListItem\",\"position\":3,\"name\":\"CUSCO: CLASSIC TOURS\",\"item\":\"https:\/\/www.greattriptitikaka.com\/en\/cusco-machupicchu\/cusco-classic-tours\/\"},{\"@type\":\"ListItem\",\"position\":4,\"name\":\"HUMANTAY LAGOON TREKKING (FULL DAY)\"}]},{\"@type\":\"WebSite\",\"@id\":\"https:\/\/www.greattriptitikaka.com\/en\/#website\",\"url\":\"https:\/\/www.greattriptitikaka.com\/en\/\",\"name\":\"GREAT TRIP TITIKAKA\",\"description\":\"GREAT TRIP &lt;span&gt;TITIKAKA&lt;\/span&gt;\",\"publisher\":{\"@id\":\"https:\/\/www.greattriptitikaka.com\/en\/#organization\"},\"potentialAction\":[{\"@type\":\"SearchAction\",\"target\":{\"@type\":\"EntryPoint\",\"urlTemplate\":\"https:\/\/www.greattriptitikaka.com\/en\/?s={search_term_string}\"},\"query-input\":\"required name=search_term_string\"}],\"inLanguage\":\"es\"},{\"@type\":\"Organization\",\"@id\":\"https:\/\/www.greattriptitikaka.com\/en\/#organization\",\"name\":\"GREAT TRIP WORLD E.I.R.L.\",\"url\":\"https:\/\/www.greattriptitikaka.com\/en\/\",\"logo\":{\"@type\":\"ImageObject\",\"inLanguage\":\"es\",\"@id\":\"https:\/\/www.greattriptitikaka.com\/en\/#\/schema\/logo\/image\/\",\"url\":\"https:\/\/www.greattriptitikaka.com\/wp-content\/uploads\/2024\/07\/logo.svg\",\"contentUrl\":\"https:\/\/www.greattriptitikaka.com\/wp-content\/uploads\/2024\/07\/logo.svg\",\"width\":1972,\"height\":815,\"caption\":\"GREAT TRIP WORLD E.I.R.L.\"},\"image\":{\"@id\":\"https:\/\/www.greattriptitikaka.com\/en\/#\/schema\/logo\/image\/\"}}]}<\/script>\n<!-- \/ Yoast SEO plugin. -->","yoast_head_json":{"title":"TREKKING LAGUNA HUMANTAY (Full Day) | Great Trip Titikaka: Tour Peru - Bolivia","robots":{"index":"index","follow":"follow","max-snippet":"max-snippet:-1","max-image-preview":"max-image-preview:large","max-video-preview":"max-video-preview:-1"},"canonical":"https:\/\/www.greattriptitikaka.com\/en\/cusco-machupicchu\/cusco-classic-tours\/humantay-lagoon-trekking\/","og_locale":"es_ES","og_type":"article","og_title":"TREKKING LAGUNA HUMANTAY (Full Day) | Great Trip Titikaka: Tour Peru - Bolivia","og_description":"Visita esta laguna creada por el deshielo del nevado Humantay, a 4100 m de altitud, con esta caminata de 2 km, de intensidad media alta, cerca de un impresionante glaciar Salkantay.","og_url":"https:\/\/www.greattriptitikaka.com\/en\/cusco-machupicchu\/cusco-classic-tours\/humantay-lagoon-trekking\/","og_site_name":"Great Trip Titikaka: Tour Peru - Bolivia","article_modified_time":"2024-07-11T23:36:49+00:00","og_image":[{"width":820,"height":450,"url":"https:\/\/www.greattriptitikaka.com\/wp-content\/uploads\/2024\/01\/Laguna-Humantay-cusco.png","type":"image\/png"}],"twitter_card":"summary_large_image","twitter_misc":{"Tiempo de lectura":"3 minutos"},"schema":{"@context":"https:\/\/schema.org","@graph":[{"@type":"WebPage","@id":"https:\/\/www.greattriptitikaka.com\/en\/cusco-machupicchu\/cusco-classic-tours\/humantay-lagoon-trekking\/","url":"https:\/\/www.greattriptitikaka.com\/en\/cusco-machupicchu\/cusco-classic-tours\/humantay-lagoon-trekking\/","name":"TREKKING LAGUNA HUMANTAY (Full Day) | Great Trip Titikaka: Tour Peru - Bolivia","isPartOf":{"@id":"https:\/\/www.greattriptitikaka.com\/en\/#website"},"primaryImageOfPage":{"@id":"https:\/\/www.greattriptitikaka.com\/en\/cusco-machupicchu\/cusco-classic-tours\/humantay-lagoon-trekking\/#primaryimage"},"image":{"@id":"https:\/\/www.greattriptitikaka.com\/en\/cusco-machupicchu\/cusco-classic-tours\/humantay-lagoon-trekking\/#primaryimage"},"thumbnailUrl":"https:\/\/www.greattriptitikaka.com\/wp-content\/uploads\/2024\/01\/Laguna-Humantay-cusco.png","datePublished":"2020-01-18T15:56:20+00:00","dateModified":"2024-07-11T23:36:49+00:00","breadcrumb":{"@id":"https:\/\/www.greattriptitikaka.com\/en\/cusco-machupicchu\/cusco-classic-tours\/humantay-lagoon-trekking\/#breadcrumb"},"inLanguage":"es","potentialAction":[{"@type":"ReadAction","target":["https:\/\/www.greattriptitikaka.com\/en\/cusco-machupicchu\/cusco-classic-tours\/humantay-lagoon-trekking\/"]}]},{"@type":"ImageObject","inLanguage":"es","@id":"https:\/\/www.greattriptitikaka.com\/en\/cusco-machupicchu\/cusco-classic-tours\/humantay-lagoon-trekking\/#primaryimage","url":"https:\/\/www.greattriptitikaka.com\/wp-content\/uploads\/2024\/01\/Laguna-Humantay-cusco.png","contentUrl":"https:\/\/www.greattriptitikaka.com\/wp-content\/uploads\/2024\/01\/Laguna-Humantay-cusco.png","width":820,"height":450},{"@type":"BreadcrumbList","@id":"https:\/\/www.greattriptitikaka.com\/en\/cusco-machupicchu\/cusco-classic-tours\/humantay-lagoon-trekking\/#breadcrumb","itemListElement":[{"@type":"ListItem","position":1,"name":"Portada","item":"https:\/\/www.greattriptitikaka.com\/en\/"},{"@type":"ListItem","position":2,"name":"CUSCO &#8211; MACHUPICCHU","item":"https:\/\/www.greattriptitikaka.com\/en\/cusco-machupicchu\/"},{"@type":"ListItem","position":3,"name":"CUSCO: CLASSIC TOURS","item":"https:\/\/www.greattriptitikaka.com\/en\/cusco-machupicchu\/cusco-classic-tours\/"},{"@type":"ListItem","position":4,"name":"HUMANTAY LAGOON TREKKING (FULL DAY)"}]},{"@type":"WebSite","@id":"https:\/\/www.greattriptitikaka.com\/en\/#website","url":"https:\/\/www.greattriptitikaka.com\/en\/","name":"GREAT TRIP TITIKAKA","description":"GREAT TRIP &lt;span&gt;TITIKAKA&lt;\/span&gt;","publisher":{"@id":"https:\/\/www.greattriptitikaka.com\/en\/#organization"},"potentialAction":[{"@type":"SearchAction","target":{"@type":"EntryPoint","urlTemplate":"https:\/\/www.greattriptitikaka.com\/en\/?s={search_term_string}"},"query-input":"required name=search_term_string"}],"inLanguage":"es"},{"@type":"Organization","@id":"https:\/\/www.greattriptitikaka.com\/en\/#organization","name":"GREAT TRIP WORLD E.I.R.L.","url":"https:\/\/www.greattriptitikaka.com\/en\/","logo":{"@type":"ImageObject","inLanguage":"es","@id":"https:\/\/www.greattriptitikaka.com\/en\/#\/schema\/logo\/image\/","url":"https:\/\/www.greattriptitikaka.com\/wp-content\/uploads\/2024\/07\/logo.svg","contentUrl":"https:\/\/www.greattriptitikaka.com\/wp-content\/uploads\/2024\/07\/logo.svg","width":1972,"height":815,"caption":"GREAT TRIP WORLD E.I.R.L."},"image":{"@id":"https:\/\/www.greattriptitikaka.com\/en\/#\/schema\/logo\/image\/"}}]}},"_links":{"self":[{"href":"https:\/\/www.greattriptitikaka.com\/es\/wp-json\/wp\/v2\/pages\/1231"}],"collection":[{"href":"https:\/\/www.greattriptitikaka.com\/es\/wp-json\/wp\/v2\/pages"}],"about":[{"href":"https:\/\/www.greattriptitikaka.com\/es\/wp-json\/wp\/v2\/types\/page"}],"author":[{"embeddable":true,"href":"https:\/\/www.greattriptitikaka.com\/es\/wp-json\/wp\/v2\/users\/2"}],"replies":[{"embeddable":true,"href":"https:\/\/www.greattriptitikaka.com\/es\/wp-json\/wp\/v2\/comments?post=1231"}],"version-history":[{"count":0,"href":"https:\/\/www.greattriptitikaka.com\/es\/wp-json\/wp\/v2\/pages\/1231\/revisions"}],"up":[{"embeddable":true,"href":"https:\/\/www.greattriptitikaka.com\/es\/wp-json\/wp\/v2\/pages\/1076"}],"wp:featuredmedia":[{"embeddable":true,"href":"https:\/\/www.greattriptitikaka.com\/es\/wp-json\/wp\/v2\/media\/1263"}],"wp:attachment":[{"href":"https:\/\/www.greattriptitikaka.com\/es\/wp-json\/wp\/v2\/media?parent=1231"}],"curies":[{"name":"wp","href":"https:\/\/api.w.org\/{rel}","templated":true}]}}