{"id":135,"date":"2020-01-16T05:37:10","date_gmt":"2020-01-16T10:37:10","guid":{"rendered":"https:\/\/www.greattriptitikaka.com\/?page_id=135"},"modified":"2024-07-11T18:38:03","modified_gmt":"2024-07-11T23:38:03","slug":"arequipa-canon-del-colca-arequipa-full-day-servicio-compartido","status":"publish","type":"page","link":"https:\/\/www.greattriptitikaka.com\/es\/arequipa-canon-del-colca\/arequipa-tours-clasicos\/arequipa-colca-full-day-compartido\/","title":{"rendered":"AREQUIPA \u2013 CA\u00d1ON DEL COLCA \u2013 AREQUIPA FULL DAY \/ SERVICIO COMPARTIDO"},"content":{"rendered":"<p><\/p>\n<p>Partiremos de la ciudad de Arequipa a las 2:50h. &#8211; 3:20h. aproximadamente para dirigirnos al pueblo de Chivay, donde desayunaremos y partiremos hacia la Cruz del C\u00f3ndor, apreciaremos la profundidad del ca\u00f1\u00f3n y el majestuoso vuelo de los c\u00f3ndores.<\/p>\n<p><!--more--><\/p>\n<div class=\"in-block no-border\">\n<div id=\"ph-multi-135\" class=\"carousel ph-slider tour-slider slide\" data-ride=\"carousel\" data-interval=\"4000\" data-pause=\"hover\">\n<ol class=\"carousel-indicators\">\n<li data-target=\"#ph-multi-135\" data-slide-to=\"0\" class=\"active\"><\/li>\n<li data-target=\"#ph-multi-135\" data-slide-to=\"1\"><\/li>\n<li data-target=\"#ph-multi-135\" data-slide-to=\"2\"><\/li>\n<\/ol>\n<div class=\"carousel-inner\" role=\"listbox\">\n<div class=\"slide-loader\"><\/div>\n<div class=\"item active\"><img loading=\"lazy\" decoding=\"async\" class=\"alignnone size-full wp-image-810\" src=\"https:\/\/www.greattriptitikaka.com\/wp-content\/uploads\/2020\/03\/arequipa-colca-great-trip-titikaka_1.jpg\" alt=\"\" width=\"820\" height=\"450\" srcset=\"https:\/\/www.greattriptitikaka.com\/wp-content\/uploads\/2020\/03\/arequipa-colca-great-trip-titikaka_1.jpg 820w, https:\/\/www.greattriptitikaka.com\/wp-content\/uploads\/2020\/03\/arequipa-colca-great-trip-titikaka_1-600x329.jpg 600w, https:\/\/www.greattriptitikaka.com\/wp-content\/uploads\/2020\/03\/arequipa-colca-great-trip-titikaka_1-768x421.jpg 768w, https:\/\/www.greattriptitikaka.com\/wp-content\/uploads\/2020\/03\/arequipa-colca-great-trip-titikaka_1-60x33.jpg 60w\" sizes=\"(max-width: 820px) 100vw, 820px\" \/> <\/div>\n<div class=\"item\"><img loading=\"lazy\" decoding=\"async\" class=\"alignnone size-full wp-image-809\" src=\"https:\/\/www.greattriptitikaka.com\/wp-content\/uploads\/2020\/03\/arequipa-colca-great-trip-titikaka_2.jpg\" alt=\"\" width=\"820\" height=\"450\" srcset=\"https:\/\/www.greattriptitikaka.com\/wp-content\/uploads\/2020\/03\/arequipa-colca-great-trip-titikaka_2.jpg 820w, https:\/\/www.greattriptitikaka.com\/wp-content\/uploads\/2020\/03\/arequipa-colca-great-trip-titikaka_2-600x329.jpg 600w, https:\/\/www.greattriptitikaka.com\/wp-content\/uploads\/2020\/03\/arequipa-colca-great-trip-titikaka_2-768x421.jpg 768w, https:\/\/www.greattriptitikaka.com\/wp-content\/uploads\/2020\/03\/arequipa-colca-great-trip-titikaka_2-60x33.jpg 60w\" sizes=\"(max-width: 820px) 100vw, 820px\" \/> <\/div>\n<div class=\"item\"><img loading=\"lazy\" decoding=\"async\" class=\"alignnone size-full wp-image-797\" src=\"https:\/\/www.greattriptitikaka.com\/wp-content\/uploads\/2020\/03\/arequipa-colca-great-trip-titikaka_14.jpg\" alt=\"\" width=\"820\" height=\"450\" srcset=\"https:\/\/www.greattriptitikaka.com\/wp-content\/uploads\/2020\/03\/arequipa-colca-great-trip-titikaka_14.jpg 820w, https:\/\/www.greattriptitikaka.com\/wp-content\/uploads\/2020\/03\/arequipa-colca-great-trip-titikaka_14-600x329.jpg 600w, https:\/\/www.greattriptitikaka.com\/wp-content\/uploads\/2020\/03\/arequipa-colca-great-trip-titikaka_14-768x421.jpg 768w, https:\/\/www.greattriptitikaka.com\/wp-content\/uploads\/2020\/03\/arequipa-colca-great-trip-titikaka_14-60x33.jpg 60w\" sizes=\"(max-width: 820px) 100vw, 820px\" \/><\/p>\n<\/div>\n<p><a class=\"carousel-control left\" href=\"#ph-multi-135\" data-slide=\"prev\"><i class=\"icon icon-arrow-left\"><\/i><\/a><a class=\"carousel-control right\" href=\"#ph-multi-135\" data-slide=\"next\"><i class=\"icon icon-arrow-right\"><\/i><\/a><\/div>\n<\/div>\n<\/div>\n<nav id=\"menu-anchor\" class=\"menu-anchor\">\n<div class=\"container-fluid\">\n<ul class=\"tab-navi\">\n<li id=\"item-1\" class=\"tab-item\"><a href=\"javascript:void(0)\">Resumen<\/a><\/li>\n<li id=\"item-2\" class=\"tab-item\"><a href=\"javascript:void(0)\"> Incluye<\/a><\/li>\n<li id=\"item-3\" class=\"tab-item\"><a href=\"javascript:void(0)\"> Precios<\/a><\/li>\n<li id=\"item-4\" class=\"tab-item\"><a href=\"javascript:void(0)\"> Qu\u00e9 llevar<\/a><\/li>\n<li id=\"item-5\" class=\"tab-item\"><a href=\"javascript:void(0)\"> Itinerario<\/a><\/li>\n<li id=\"item-testimonials\" class=\"tab-item\"><a href=\"javascript:void(0)\"> Rese\u00f1as<\/a><\/li>\n<\/ul>\n<\/div>\n<\/nav>\n<h3>RESUMEN:<\/h3>\n<h1 class=\"page-title \">AREQUIPA \u2013 CA\u00d1ON DEL COLCA \u2013 AREQUIPA FULL DAY \/ SERVICIO COMPARTIDO<\/h1>\n<div class=\"glsr glsr-default\" id=\"glsr_63f58dfd\" data-from=\"shortcode\" data-shortcode=\"site_reviews_summary\" data-hide=\"[&quot;rating&quot;]\">\n<div class=\"glsr-summary-wrap\">\n<div class=\"glsr-summary\">\n<div class=\"glsr-summary-stars\">\n<div class=\"glsr-star-rating glsr-stars\" role=\"img\" aria-label=\"Rated 3 out of 5 stars based on 1 ratings\" data-rating=\"3\" data-reviews=\"1\"><span class=\"glsr-star glsr-star-full\" aria-hidden=\"true\"><\/span><span class=\"glsr-star glsr-star-full\" aria-hidden=\"true\"><\/span><span class=\"glsr-star glsr-star-full\" aria-hidden=\"true\"><\/span><span class=\"glsr-star glsr-star-empty\" aria-hidden=\"true\"><\/span><span class=\"glsr-star glsr-star-empty\" aria-hidden=\"true\"><\/span><\/div>\n<\/div>\n<div class=\"glsr-summary-text\"><span class=\"glsr-tag-value\">3,0 de 5 estrellas (basado en 1 rese\u00f1a)<\/span><\/div>\n<div class=\"glsr-summary-percentages\">\n<div class=\"glsr-bar\" data-level=\"5\"><span class=\"glsr-bar-label\">Excelente<\/span><span class=\"glsr-bar-background\"><span class=\"glsr-bar-background-percent\" style=\"width:0%\"><\/span><\/span><span class=\"glsr-bar-percent\">0%<\/span><\/div>\n<div class=\"glsr-bar\" data-level=\"4\"><span class=\"glsr-bar-label\">Muy buena<\/span><span class=\"glsr-bar-background\"><span class=\"glsr-bar-background-percent\" style=\"width:0%\"><\/span><\/span><span class=\"glsr-bar-percent\">0%<\/span><\/div>\n<div class=\"glsr-bar\" data-level=\"3\"><span class=\"glsr-bar-label\">Media<\/span><span class=\"glsr-bar-background\"><span class=\"glsr-bar-background-percent\" style=\"width:100%\"><\/span><\/span><span class=\"glsr-bar-percent\">100%<\/span><\/div>\n<div class=\"glsr-bar\" data-level=\"2\"><span class=\"glsr-bar-label\">Mala<\/span><span class=\"glsr-bar-background\"><span class=\"glsr-bar-background-percent\" style=\"width:0%\"><\/span><\/span><span class=\"glsr-bar-percent\">0%<\/span><\/div>\n<div class=\"glsr-bar\" data-level=\"1\"><span class=\"glsr-bar-label\">Muy mala<\/span><span class=\"glsr-bar-background\"><span class=\"glsr-bar-background-percent\" style=\"width:0%\"><\/span><\/span><span class=\"glsr-bar-percent\">0%<\/span><\/div>\n<\/div><\/div>\n<\/div>\n<\/div>\n<div class=\"row\">\n<div class=\"col-sm-12\">\n<p class=\"condition-wrap\"><span class=\"badge badge-orange\"><i class=\"icon icon-check\"><\/i> Servicio operativo<\/span><span class=\"badge badge-green-dark ph-tooltip ph-tooltip-medium\" data-title=\"Si anulas tu reserva hasta 48 horas antes del inicio de la actividad, te devolveremos el 100% del adelanto que pagaste para realizar la reserva.\">Anulaci\u00f3n gratuita<\/span><span class=\"badge badge-green ph-tooltip ph-tooltip-medium\" data-title=\"Puedes reprogramar tu reserva sin costo adicional hasta 48 horas antes del inicio de la actividad.\">Reprogramaci\u00f3n gratuita<\/span><\/p>\n<\/div>\n<\/div>\n<p><em>Partiremos de la ciudad de Arequipa a las 2:50h. &#8211; 3:20h. aproximadamente para dirigirnos al pueblo de Chivay, donde desayunaremos y partiremos hacia la Cruz del C\u00f3ndor, apreciaremos la profundidad del ca\u00f1\u00f3n y el majestuoso vuelo de los c\u00f3ndores. Al retorno visitaremos los pueblos de Maca, Pinchollo, Yanque y en los miradores de Antahuillque y Choquetico donde se observar\u00e1 las terrazas pre-incas.<\/em><\/p>\n<hr \/>\n<div class=\"row\">\n<div class=\"col-sm-4 tour-summary\">\n<h5 class=\"summary-title\"><i class=\"icon icon-dollars\"><\/i> Precio por persona<\/h5>\n<p class=\"summary-price\"><b>Desde:<\/b> USD 28.00<\/p>\n<\/div>\n<div class=\"col-sm-4 tour-summary\">\n<h5 class=\"summary-title\"><i class=\"icon icon-clock\"><\/i> Horarios<\/h5>\n<ul class=\"summary-price\">\n<li>2:50 AM a 5:30 PM<\/li>\n<\/ul>\n<\/div>\n<div class=\"col-sm-4 tour-summary\">\n<h5 class=\"summary-title\"><i class=\"icon icon-dollars\"><\/i> Duraci\u00f3n<\/h5>\n<p class=\"summary-price\">Full day <\/p>\n<\/div>\n<\/div>\n<hr \/>\n<h3><span style=\"color: #ca640b;\">NUESTROS SERVICIOS INCLUYEN \/ NO INCLUYEN:<\/span><\/h3>\n<div class=\"row\">\n<div class=\"col-sm-6 column yes\">\n<ul>\n<li>Movilidad Tur\u00edstica Arequipa \u2013 Colca &#8211; Arequipa.<\/li>\n<li>Desayuno buffet andino.<\/li>\n<li>Gu\u00eda Ingl\u00e9s \/ espa\u00f1ol.<\/li>\n<li>Transfer y tours guiados a las caleras y el Ca\u00f1\u00f3n del Colca.<\/li>\n<\/ul>\n<\/div>\n<div class=\"col-sm-6 column not\">\n<ul>\n<li>Gastos no mencionados.<\/li>\n<li>Entrada al parque nacional del Colca (Extranjero S\/ 70. Soles), (sud americano S\/ 40. Soles) (peruano S\/ 20. Soles).<\/li>\n<li>Ba\u00f1os termales (S\/15. Soles) Opcional.<\/li>\n<li>Almuerzo.<\/li>\n<\/ul>\n<\/div>\n<\/div>\n<hr \/>\n<h3><span style=\"color: #ca640b;\">PRECIOS:<\/span><\/h3>\n<p>Precio por persona:<\/p>\n<ul>\n<li>Adulto: US$ 28. por persona.<\/li>\n<li>Ni\u00f1o (6 a 12 a\u00f1os): US$ 26. Por persona.<\/li>\n<li>Infante (0 a 5 a\u00f1os): Sin cargo.<\/li>\n<\/ul>\n<hr \/>\n<h3><span style=\"color: #ca640b;\">RECOMENDACIONES:<\/span><\/h3>\n<ul>\n<li>Zapatos ligeros.<\/li>\n<li>Traje de ba\u00f1o y toalla.<\/li>\n<li>C\u00e1mara fotogr\u00e1fica.<\/li>\n<li>Bloqueador solar.<\/li>\n<\/ul>\n<hr \/>\n<h3><span style=\"color: #ca640b;\">ITINERARIO:<\/span><strong>\u00a0<\/strong><\/h3>\n<ul>\n<li>02:50h. 03:20h. Recojo desde su hotel (zona c\u00e9ntrica).<\/li>\n<li>06:45h. Arribo a Chivay y desayuno.<\/li>\n<li>07:20h. Salida al Mirador de la Cruz del C\u00f3ndor.<\/li>\n<li>08:45h. Despu\u00e9s de la visita a la Cruz del C\u00f3ndor nos detendremos en los pueblos de Pinchollo, Maca y Yanque.<\/li>\n<li>11:30h. Llegada a LOS BA\u00d1OS TERMALES DE LAS CALERAS. Y almuerzo.<\/li>\n<li>13:10h. Salida de Chivay a Arequipa. En el camino visitaremos diferentes lugares.<\/li>\n<li>17:30h. Llegada a Arequipa y traslado a hoteles del centro.<\/li>\n<\/ul>\n<p><\/p>","protected":false},"excerpt":{"rendered":"<p>Partiremos de la ciudad de Arequipa a las 2:50h. &#8211; 3:20h. aproximadamente para dirigirnos al pueblo de Chivay, donde desayunaremos y partiremos hacia la Cruz del C\u00f3ndor, apreciaremos la profundidad del ca\u00f1\u00f3n y el majestuoso vuelo de los c\u00f3ndores.<\/p>\n","protected":false},"author":2,"featured_media":810,"parent":1074,"menu_order":2,"comment_status":"closed","ping_status":"closed","template":"page-tour.php","meta":{"_glsr_average":0,"_glsr_ranking":0,"_glsr_reviews":0,"footnotes":""},"class_list":["post-135","page","type-page","status-publish","has-post-thumbnail","hentry"],"yoast_head":"<!-- This site is optimized with the Yoast SEO plugin v23.0 - https:\/\/yoast.com\/wordpress\/plugins\/seo\/ -->\n<title>AREQUIPA \u2013 CA\u00d1ON DEL COLCA \u2013 AREQUIPA FULL DAY \/ SERVICIO COMPARTIDO | Great Trip Titikaka: Tour Peru - Bolivia<\/title>\n<meta name=\"robots\" content=\"index, follow, max-snippet:-1, max-image-preview:large, max-video-preview:-1\" \/>\n<link rel=\"canonical\" href=\"https:\/\/www.greattriptitikaka.com\/en\/arequipa-colca-canyon\/arequipa-classic-tours\/arequipa-colca-full-day-shared\/\" \/>\n<meta property=\"og:locale\" content=\"es_ES\" \/>\n<meta property=\"og:type\" content=\"article\" \/>\n<meta property=\"og:title\" content=\"AREQUIPA \u2013 CA\u00d1ON DEL COLCA \u2013 AREQUIPA FULL DAY \/ SERVICIO COMPARTIDO | Great Trip Titikaka: Tour Peru - Bolivia\" \/>\n<meta property=\"og:description\" content=\"Partiremos de la ciudad de Arequipa a las 2:50h. &#8211; 3:20h. aproximadamente para dirigirnos al pueblo de Chivay, donde desayunaremos y partiremos hacia la Cruz del C\u00f3ndor, apreciaremos la profundidad del ca\u00f1\u00f3n y el majestuoso vuelo de los c\u00f3ndores.\" \/>\n<meta property=\"og:url\" content=\"https:\/\/www.greattriptitikaka.com\/en\/arequipa-colca-canyon\/arequipa-classic-tours\/arequipa-colca-full-day-shared\/\" \/>\n<meta property=\"og:site_name\" content=\"Great Trip Titikaka: Tour Peru - Bolivia\" \/>\n<meta property=\"article:modified_time\" content=\"2024-07-11T23:38:03+00:00\" \/>\n<meta property=\"og:image\" content=\"https:\/\/www.greattriptitikaka.com\/wp-content\/uploads\/2020\/03\/arequipa-colca-great-trip-titikaka_1.jpg\" \/>\n\t<meta property=\"og:image:width\" content=\"820\" \/>\n\t<meta property=\"og:image:height\" content=\"450\" \/>\n\t<meta property=\"og:image:type\" content=\"image\/jpeg\" \/>\n<meta name=\"twitter:card\" content=\"summary_large_image\" \/>\n<meta name=\"twitter:label1\" content=\"Tiempo de lectura\" \/>\n\t<meta name=\"twitter:data1\" content=\"3 minutos\" \/>\n<script type=\"application\/ld+json\" class=\"yoast-schema-graph\">{\"@context\":\"https:\/\/schema.org\",\"@graph\":[{\"@type\":\"WebPage\",\"@id\":\"https:\/\/www.greattriptitikaka.com\/en\/arequipa-colca-canyon\/arequipa-classic-tours\/arequipa-colca-full-day-shared\/\",\"url\":\"https:\/\/www.greattriptitikaka.com\/en\/arequipa-colca-canyon\/arequipa-classic-tours\/arequipa-colca-full-day-shared\/\",\"name\":\"AREQUIPA \u2013 CA\u00d1ON DEL COLCA \u2013 AREQUIPA FULL DAY \/ SERVICIO COMPARTIDO | Great Trip Titikaka: Tour Peru - Bolivia\",\"isPartOf\":{\"@id\":\"https:\/\/www.greattriptitikaka.com\/en\/#website\"},\"primaryImageOfPage\":{\"@id\":\"https:\/\/www.greattriptitikaka.com\/en\/arequipa-colca-canyon\/arequipa-classic-tours\/arequipa-colca-full-day-shared\/#primaryimage\"},\"image\":{\"@id\":\"https:\/\/www.greattriptitikaka.com\/en\/arequipa-colca-canyon\/arequipa-classic-tours\/arequipa-colca-full-day-shared\/#primaryimage\"},\"thumbnailUrl\":\"https:\/\/www.greattriptitikaka.com\/wp-content\/uploads\/2020\/03\/arequipa-colca-great-trip-titikaka_1.jpg\",\"datePublished\":\"2020-01-16T10:37:10+00:00\",\"dateModified\":\"2024-07-11T23:38:03+00:00\",\"breadcrumb\":{\"@id\":\"https:\/\/www.greattriptitikaka.com\/en\/arequipa-colca-canyon\/arequipa-classic-tours\/arequipa-colca-full-day-shared\/#breadcrumb\"},\"inLanguage\":\"es\",\"potentialAction\":[{\"@type\":\"ReadAction\",\"target\":[\"https:\/\/www.greattriptitikaka.com\/en\/arequipa-colca-canyon\/arequipa-classic-tours\/arequipa-colca-full-day-shared\/\"]}]},{\"@type\":\"ImageObject\",\"inLanguage\":\"es\",\"@id\":\"https:\/\/www.greattriptitikaka.com\/en\/arequipa-colca-canyon\/arequipa-classic-tours\/arequipa-colca-full-day-shared\/#primaryimage\",\"url\":\"https:\/\/www.greattriptitikaka.com\/wp-content\/uploads\/2020\/03\/arequipa-colca-great-trip-titikaka_1.jpg\",\"contentUrl\":\"https:\/\/www.greattriptitikaka.com\/wp-content\/uploads\/2020\/03\/arequipa-colca-great-trip-titikaka_1.jpg\",\"width\":820,\"height\":450},{\"@type\":\"BreadcrumbList\",\"@id\":\"https:\/\/www.greattriptitikaka.com\/en\/arequipa-colca-canyon\/arequipa-classic-tours\/arequipa-colca-full-day-shared\/#breadcrumb\",\"itemListElement\":[{\"@type\":\"ListItem\",\"position\":1,\"name\":\"Portada\",\"item\":\"https:\/\/www.greattriptitikaka.com\/en\/\"},{\"@type\":\"ListItem\",\"position\":2,\"name\":\"AREQUIPA &#8211; COLCA CANYON\",\"item\":\"https:\/\/www.greattriptitikaka.com\/en\/arequipa-colca-canyon\/\"},{\"@type\":\"ListItem\",\"position\":3,\"name\":\"AREQUIPA: CLASSIC TOURS\",\"item\":\"https:\/\/www.greattriptitikaka.com\/en\/arequipa-colca-canyon\/arequipa-classic-tours\/\"},{\"@type\":\"ListItem\",\"position\":4,\"name\":\"AREQUIPA &#8211; COLCA CANYON &#8211; AREQUIPA FULL DAY \/ SHARED SERVICE\"}]},{\"@type\":\"WebSite\",\"@id\":\"https:\/\/www.greattriptitikaka.com\/en\/#website\",\"url\":\"https:\/\/www.greattriptitikaka.com\/en\/\",\"name\":\"GREAT TRIP TITIKAKA\",\"description\":\"GREAT TRIP &lt;span&gt;TITIKAKA&lt;\/span&gt;\",\"publisher\":{\"@id\":\"https:\/\/www.greattriptitikaka.com\/en\/#organization\"},\"potentialAction\":[{\"@type\":\"SearchAction\",\"target\":{\"@type\":\"EntryPoint\",\"urlTemplate\":\"https:\/\/www.greattriptitikaka.com\/en\/?s={search_term_string}\"},\"query-input\":\"required name=search_term_string\"}],\"inLanguage\":\"es\"},{\"@type\":\"Organization\",\"@id\":\"https:\/\/www.greattriptitikaka.com\/en\/#organization\",\"name\":\"GREAT TRIP WORLD E.I.R.L.\",\"url\":\"https:\/\/www.greattriptitikaka.com\/en\/\",\"logo\":{\"@type\":\"ImageObject\",\"inLanguage\":\"es\",\"@id\":\"https:\/\/www.greattriptitikaka.com\/en\/#\/schema\/logo\/image\/\",\"url\":\"https:\/\/www.greattriptitikaka.com\/wp-content\/uploads\/2024\/07\/logo.svg\",\"contentUrl\":\"https:\/\/www.greattriptitikaka.com\/wp-content\/uploads\/2024\/07\/logo.svg\",\"width\":1972,\"height\":815,\"caption\":\"GREAT TRIP WORLD E.I.R.L.\"},\"image\":{\"@id\":\"https:\/\/www.greattriptitikaka.com\/en\/#\/schema\/logo\/image\/\"}}]}<\/script>\n<!-- \/ Yoast SEO plugin. -->","yoast_head_json":{"title":"AREQUIPA \u2013 CA\u00d1ON DEL COLCA \u2013 AREQUIPA FULL DAY \/ SERVICIO COMPARTIDO | Great Trip Titikaka: Tour Peru - Bolivia","robots":{"index":"index","follow":"follow","max-snippet":"max-snippet:-1","max-image-preview":"max-image-preview:large","max-video-preview":"max-video-preview:-1"},"canonical":"https:\/\/www.greattriptitikaka.com\/en\/arequipa-colca-canyon\/arequipa-classic-tours\/arequipa-colca-full-day-shared\/","og_locale":"es_ES","og_type":"article","og_title":"AREQUIPA \u2013 CA\u00d1ON DEL COLCA \u2013 AREQUIPA FULL DAY \/ SERVICIO COMPARTIDO | Great Trip Titikaka: Tour Peru - Bolivia","og_description":"Partiremos de la ciudad de Arequipa a las 2:50h. &#8211; 3:20h. aproximadamente para dirigirnos al pueblo de Chivay, donde desayunaremos y partiremos hacia la Cruz del C\u00f3ndor, apreciaremos la profundidad del ca\u00f1\u00f3n y el majestuoso vuelo de los c\u00f3ndores.","og_url":"https:\/\/www.greattriptitikaka.com\/en\/arequipa-colca-canyon\/arequipa-classic-tours\/arequipa-colca-full-day-shared\/","og_site_name":"Great Trip Titikaka: Tour Peru - Bolivia","article_modified_time":"2024-07-11T23:38:03+00:00","og_image":[{"width":820,"height":450,"url":"https:\/\/www.greattriptitikaka.com\/wp-content\/uploads\/2020\/03\/arequipa-colca-great-trip-titikaka_1.jpg","type":"image\/jpeg"}],"twitter_card":"summary_large_image","twitter_misc":{"Tiempo de lectura":"3 minutos"},"schema":{"@context":"https:\/\/schema.org","@graph":[{"@type":"WebPage","@id":"https:\/\/www.greattriptitikaka.com\/en\/arequipa-colca-canyon\/arequipa-classic-tours\/arequipa-colca-full-day-shared\/","url":"https:\/\/www.greattriptitikaka.com\/en\/arequipa-colca-canyon\/arequipa-classic-tours\/arequipa-colca-full-day-shared\/","name":"AREQUIPA \u2013 CA\u00d1ON DEL COLCA \u2013 AREQUIPA FULL DAY \/ SERVICIO COMPARTIDO | Great Trip Titikaka: Tour Peru - Bolivia","isPartOf":{"@id":"https:\/\/www.greattriptitikaka.com\/en\/#website"},"primaryImageOfPage":{"@id":"https:\/\/www.greattriptitikaka.com\/en\/arequipa-colca-canyon\/arequipa-classic-tours\/arequipa-colca-full-day-shared\/#primaryimage"},"image":{"@id":"https:\/\/www.greattriptitikaka.com\/en\/arequipa-colca-canyon\/arequipa-classic-tours\/arequipa-colca-full-day-shared\/#primaryimage"},"thumbnailUrl":"https:\/\/www.greattriptitikaka.com\/wp-content\/uploads\/2020\/03\/arequipa-colca-great-trip-titikaka_1.jpg","datePublished":"2020-01-16T10:37:10+00:00","dateModified":"2024-07-11T23:38:03+00:00","breadcrumb":{"@id":"https:\/\/www.greattriptitikaka.com\/en\/arequipa-colca-canyon\/arequipa-classic-tours\/arequipa-colca-full-day-shared\/#breadcrumb"},"inLanguage":"es","potentialAction":[{"@type":"ReadAction","target":["https:\/\/www.greattriptitikaka.com\/en\/arequipa-colca-canyon\/arequipa-classic-tours\/arequipa-colca-full-day-shared\/"]}]},{"@type":"ImageObject","inLanguage":"es","@id":"https:\/\/www.greattriptitikaka.com\/en\/arequipa-colca-canyon\/arequipa-classic-tours\/arequipa-colca-full-day-shared\/#primaryimage","url":"https:\/\/www.greattriptitikaka.com\/wp-content\/uploads\/2020\/03\/arequipa-colca-great-trip-titikaka_1.jpg","contentUrl":"https:\/\/www.greattriptitikaka.com\/wp-content\/uploads\/2020\/03\/arequipa-colca-great-trip-titikaka_1.jpg","width":820,"height":450},{"@type":"BreadcrumbList","@id":"https:\/\/www.greattriptitikaka.com\/en\/arequipa-colca-canyon\/arequipa-classic-tours\/arequipa-colca-full-day-shared\/#breadcrumb","itemListElement":[{"@type":"ListItem","position":1,"name":"Portada","item":"https:\/\/www.greattriptitikaka.com\/en\/"},{"@type":"ListItem","position":2,"name":"AREQUIPA &#8211; COLCA CANYON","item":"https:\/\/www.greattriptitikaka.com\/en\/arequipa-colca-canyon\/"},{"@type":"ListItem","position":3,"name":"AREQUIPA: CLASSIC TOURS","item":"https:\/\/www.greattriptitikaka.com\/en\/arequipa-colca-canyon\/arequipa-classic-tours\/"},{"@type":"ListItem","position":4,"name":"AREQUIPA &#8211; COLCA CANYON &#8211; AREQUIPA FULL DAY \/ SHARED SERVICE"}]},{"@type":"WebSite","@id":"https:\/\/www.greattriptitikaka.com\/en\/#website","url":"https:\/\/www.greattriptitikaka.com\/en\/","name":"GREAT TRIP TITIKAKA","description":"GREAT TRIP &lt;span&gt;TITIKAKA&lt;\/span&gt;","publisher":{"@id":"https:\/\/www.greattriptitikaka.com\/en\/#organization"},"potentialAction":[{"@type":"SearchAction","target":{"@type":"EntryPoint","urlTemplate":"https:\/\/www.greattriptitikaka.com\/en\/?s={search_term_string}"},"query-input":"required name=search_term_string"}],"inLanguage":"es"},{"@type":"Organization","@id":"https:\/\/www.greattriptitikaka.com\/en\/#organization","name":"GREAT TRIP WORLD E.I.R.L.","url":"https:\/\/www.greattriptitikaka.com\/en\/","logo":{"@type":"ImageObject","inLanguage":"es","@id":"https:\/\/www.greattriptitikaka.com\/en\/#\/schema\/logo\/image\/","url":"https:\/\/www.greattriptitikaka.com\/wp-content\/uploads\/2024\/07\/logo.svg","contentUrl":"https:\/\/www.greattriptitikaka.com\/wp-content\/uploads\/2024\/07\/logo.svg","width":1972,"height":815,"caption":"GREAT TRIP WORLD E.I.R.L."},"image":{"@id":"https:\/\/www.greattriptitikaka.com\/en\/#\/schema\/logo\/image\/"}}]}},"_links":{"self":[{"href":"https:\/\/www.greattriptitikaka.com\/es\/wp-json\/wp\/v2\/pages\/135"}],"collection":[{"href":"https:\/\/www.greattriptitikaka.com\/es\/wp-json\/wp\/v2\/pages"}],"about":[{"href":"https:\/\/www.greattriptitikaka.com\/es\/wp-json\/wp\/v2\/types\/page"}],"author":[{"embeddable":true,"href":"https:\/\/www.greattriptitikaka.com\/es\/wp-json\/wp\/v2\/users\/2"}],"replies":[{"embeddable":true,"href":"https:\/\/www.greattriptitikaka.com\/es\/wp-json\/wp\/v2\/comments?post=135"}],"version-history":[{"count":0,"href":"https:\/\/www.greattriptitikaka.com\/es\/wp-json\/wp\/v2\/pages\/135\/revisions"}],"up":[{"embeddable":true,"href":"https:\/\/www.greattriptitikaka.com\/es\/wp-json\/wp\/v2\/pages\/1074"}],"wp:featuredmedia":[{"embeddable":true,"href":"https:\/\/www.greattriptitikaka.com\/es\/wp-json\/wp\/v2\/media\/810"}],"wp:attachment":[{"href":"https:\/\/www.greattriptitikaka.com\/es\/wp-json\/wp\/v2\/media?parent=135"}],"curies":[{"name":"wp","href":"https:\/\/api.w.org\/{rel}","templated":true}]}}