{"id":139,"date":"2020-01-16T08:54:31","date_gmt":"2020-01-16T13:54:31","guid":{"rendered":"https:\/\/www.greattriptitikaka.com\/?page_id=139"},"modified":"2024-07-11T18:38:08","modified_gmt":"2024-07-11T23:38:08","slug":"arequipa-canon-del-colca-puno-2d-1n-servicio-colectivo","status":"publish","type":"page","link":"https:\/\/www.greattriptitikaka.com\/es\/arequipa-canon-del-colca\/arequipa-tours-clasicos\/arequipa-colca-puno-2d-colectivo\/","title":{"rendered":"AREQUIPA \u2013 CA\u00d1ON DEL COLCA \u2013  AREQUIPA (2D\/1N) COMPARTIDO"},"content":{"rendered":"<p><\/p>\n<p>Tour de 2 d\u00edas con alojamiento en Chivay.\u00a0 Nos dirigimos a uno de los ca\u00f1ones m\u00e1s profundos del mundo pasando por las faldas del Chachani, para luego pasar por la reserva nacional de Pampas Ca\u00f1ahuas.<\/p>\n<p><!--more--><\/p>\n<div class=\"in-block no-border\">\n<div id=\"ph-multi-139\" class=\"carousel ph-slider tour-slider slide\" data-ride=\"carousel\" data-interval=\"4000\" data-pause=\"hover\">\n<ol class=\"carousel-indicators\">\n<li data-target=\"#ph-multi-139\" data-slide-to=\"0\" class=\"active\"><\/li>\n<li data-target=\"#ph-multi-139\" data-slide-to=\"1\"><\/li>\n<li data-target=\"#ph-multi-139\" data-slide-to=\"2\"><\/li>\n<li data-target=\"#ph-multi-139\" data-slide-to=\"3\"><\/li>\n<\/ol>\n<div class=\"carousel-inner\" role=\"listbox\">\n<div class=\"slide-loader\"><\/div>\n<div class=\"item active\"><img loading=\"lazy\" decoding=\"async\" class=\"alignnone size-full wp-image-532\" src=\"https:\/\/www.greattriptitikaka.com\/wp-content\/uploads\/2020\/03\/trekking-puno-colca-great-trip-titikaka_4.jpg\" alt=\"\" width=\"820\" height=\"450\" \/><\/div>\n<div class=\"item\"><img loading=\"lazy\" decoding=\"async\" class=\"alignnone size-full wp-image-536\" src=\"https:\/\/www.greattriptitikaka.com\/wp-content\/uploads\/2020\/03\/trekking-puno-colca-great-trip-titikaka_8.jpg\" alt=\"\" width=\"820\" height=\"450\" \/> <\/div>\n<div class=\"item\"><img loading=\"lazy\" decoding=\"async\" class=\"alignnone size-full wp-image-537\" src=\"https:\/\/www.greattriptitikaka.com\/wp-content\/uploads\/2020\/03\/trekking-puno-colca-great-trip-titikaka_9.jpg\" alt=\"\" width=\"820\" height=\"450\" \/> <\/div>\n<div class=\"item\"><img loading=\"lazy\" decoding=\"async\" class=\"alignnone size-full wp-image-534\" src=\"https:\/\/www.greattriptitikaka.com\/wp-content\/uploads\/2020\/03\/trekking-puno-colca-great-trip-titikaka_6.jpg\" alt=\"\" width=\"820\" height=\"450\" \/><\/p>\n<\/div>\n<p><a class=\"carousel-control left\" href=\"#ph-multi-139\" data-slide=\"prev\"><i class=\"icon icon-arrow-left\"><\/i><\/a><a class=\"carousel-control right\" href=\"#ph-multi-139\" data-slide=\"next\"><i class=\"icon icon-arrow-right\"><\/i><\/a><\/div>\n<\/div>\n<\/div>\n<nav id=\"menu-anchor\" class=\"menu-anchor\">\n<div class=\"container-fluid\">\n<ul class=\"tab-navi\">\n<li id=\"item-1\" class=\"tab-item\"><a href=\"javascript:void(0)\">Resumen<\/a><\/li>\n<li id=\"item-2\" class=\"tab-item\"><a href=\"javascript:void(0)\"> Incluye<\/a><\/li>\n<li id=\"item-3\" class=\"tab-item\"><a href=\"javascript:void(0)\"> Precios<\/a><\/li>\n<li id=\"item-4\" class=\"tab-item\"><a href=\"javascript:void(0)\"> Qu\u00e9 llevar<\/a><\/li>\n<li id=\"item-5\" class=\"tab-item\"><a href=\"javascript:void(0)\"> Itinerario<\/a><\/li>\n<li id=\"item-testimonials\" class=\"tab-item\"><a href=\"javascript:void(0)\"> Rese\u00f1as<\/a><\/li>\n<\/ul>\n<\/div>\n<\/nav>\n<h3>RESUMEN:<\/h3>\n<h1 class=\"page-title \">AREQUIPA \u2013 CA\u00d1ON DEL COLCA \u2013  AREQUIPA (2D\/1N) COMPARTIDO<\/h1>\n<div class=\"glsr glsr-default\" id=\"glsr_63f58dfd\" data-from=\"shortcode\" data-shortcode=\"site_reviews_summary\" data-hide=\"[&quot;rating&quot;]\">\n<div class=\"glsr-summary-wrap\">\n<div class=\"glsr-summary\">\n<div class=\"glsr-summary-stars\">\n<div class=\"glsr-star-rating glsr-stars\" role=\"img\" aria-label=\"Rated 3 out of 5 stars based on 1 ratings\" data-rating=\"3\" data-reviews=\"1\"><span class=\"glsr-star glsr-star-full\" aria-hidden=\"true\"><\/span><span class=\"glsr-star glsr-star-full\" aria-hidden=\"true\"><\/span><span class=\"glsr-star glsr-star-full\" aria-hidden=\"true\"><\/span><span class=\"glsr-star glsr-star-empty\" aria-hidden=\"true\"><\/span><span class=\"glsr-star glsr-star-empty\" aria-hidden=\"true\"><\/span><\/div>\n<\/div>\n<div class=\"glsr-summary-text\"><span class=\"glsr-tag-value\">3,0 de 5 estrellas (basado en 1 rese\u00f1a)<\/span><\/div>\n<div class=\"glsr-summary-percentages\">\n<div class=\"glsr-bar\" data-level=\"5\"><span class=\"glsr-bar-label\">Excelente<\/span><span class=\"glsr-bar-background\"><span class=\"glsr-bar-background-percent\" style=\"width:0%\"><\/span><\/span><span class=\"glsr-bar-percent\">0%<\/span><\/div>\n<div class=\"glsr-bar\" data-level=\"4\"><span class=\"glsr-bar-label\">Muy buena<\/span><span class=\"glsr-bar-background\"><span class=\"glsr-bar-background-percent\" style=\"width:0%\"><\/span><\/span><span class=\"glsr-bar-percent\">0%<\/span><\/div>\n<div class=\"glsr-bar\" data-level=\"3\"><span class=\"glsr-bar-label\">Media<\/span><span class=\"glsr-bar-background\"><span class=\"glsr-bar-background-percent\" style=\"width:100%\"><\/span><\/span><span class=\"glsr-bar-percent\">100%<\/span><\/div>\n<div class=\"glsr-bar\" data-level=\"2\"><span class=\"glsr-bar-label\">Mala<\/span><span class=\"glsr-bar-background\"><span class=\"glsr-bar-background-percent\" style=\"width:0%\"><\/span><\/span><span class=\"glsr-bar-percent\">0%<\/span><\/div>\n<div class=\"glsr-bar\" data-level=\"1\"><span class=\"glsr-bar-label\">Muy mala<\/span><span class=\"glsr-bar-background\"><span class=\"glsr-bar-background-percent\" style=\"width:0%\"><\/span><\/span><span class=\"glsr-bar-percent\">0%<\/span><\/div>\n<\/div><\/div>\n<\/div>\n<\/div>\n<div class=\"row\">\n<div class=\"col-sm-12\">\n<p class=\"condition-wrap\"><span class=\"badge badge-orange\"><i class=\"icon icon-check\"><\/i> Servicio operativo<\/span><span class=\"badge badge-green-dark ph-tooltip ph-tooltip-medium\" data-title=\"Si anulas tu reserva hasta 48 horas antes del inicio de la actividad, te devolveremos el 100% del adelanto que pagaste para realizar la reserva.\">Anulaci\u00f3n gratuita<\/span><span class=\"badge badge-green ph-tooltip ph-tooltip-medium\" data-title=\"Puedes reprogramar tu reserva sin costo adicional hasta 48 horas antes del inicio de la actividad.\">Reprogramaci\u00f3n gratuita<\/span><\/p>\n<\/div>\n<\/div>\n<p>Tour de 2 d\u00edas con alojamiento en Chivay.\u00a0 Nos dirigimos a uno de los ca\u00f1ones m\u00e1s profundos del mundo pasando por las faldas del Chachani, para luego pasar por la reserva nacional de Pampas Ca\u00f1ahuas.<\/p>\n<hr \/>\n<div class=\"row\">\n<div class=\"col-sm-4 tour-summary\">\n<h5 class=\"summary-title\"><i class=\"icon icon-dollars\"><\/i> Precio por persona<\/h5>\n<p class=\"summary-price\"><b>Desde:<\/b> USD 78.00<\/p>\n<\/div>\n<div class=\"col-sm-4 tour-summary\">\n<h5 class=\"summary-title\"><i class=\"icon icon-clock\"><\/i> Horarios<\/h5>\n<ul class=\"summary-price\">\n<li>7:40 AM a 5:30 PM<\/li>\n<\/ul>\n<\/div>\n<div class=\"col-sm-4 tour-summary\">\n<h5 class=\"summary-title\"><i class=\"icon icon-dollars\"><\/i> Duraci\u00f3n<\/h5>\n<p class=\"summary-price\">2 d\u00edas y 1 noche <\/p>\n<\/div>\n<\/div>\n<hr \/>\n<p><span style=\"color: #ff0000;\"><strong>D\u00eda 01: Arequipa \u2013 Chivay.<\/strong><\/span><\/p>\n<p>07:35h. &#8211; 08:05h. Recojo de su hotel, rumbo a Chivay pasamos por las faldas del Chachani, reserva nacional de Pampas Ca\u00f1ahuas, Vizcachani, los bofedales de Toccra, pasaremos por el punto m\u00e1s alto del recorrido Patapampa (4900 m.s.n.m).<\/p>\n<p>Arrivo a Chivay.<strong>\u00a0<\/strong><\/p>\n<p><strong><span style=\"color: #ff0000;\">Dia 2: Chivay \u2013 Cruz del Condor \u2013 Arequipa<\/span><\/strong><\/p>\n<p>Desayuno en el Hotel elegido. Apreciaremos la profundidad del ca\u00f1\u00f3n y el majestuoso vuelo de los c\u00f3ndores, permaneceremos aqu\u00ed alrededor de 2 horas.<\/p>\n<p>De retorno a Chivay visitaremos Maca, Pinchollo y Yanque, as\u00ed mismo algunos atractivos arqueol\u00f3gicos de antiguas culturas y los miradores de Antahuilque y Choquetico.<\/p>\n<hr \/>\n<h3><span style=\"color: #ca640b;\">NUESTROS SERVICIOS INCLUYEN \/ NO INCLUYEN:<\/span><\/h3>\n<div class=\"row\">\n<div class=\"col-sm-6 column yes\">\n<ul>\n<li>Transporte Tur\u00edstico compartido Arequipa-Colca-Cruz del C\u00f3ndor- Arequipa.<\/li>\n<li>Gu\u00eda ingl\u00e9s \/ espa\u00f1ol.<\/li>\n<li>Hotel + 01 desayuno 2do Dia en el Hotel elegido.<\/li>\n<li>Transfers y tours guiados a las caleras y el Ca\u00f1on del Colca.<\/li>\n<li>Transfer desde el Hotel y hasta el Hotel.<\/li>\n<\/ul>\n<\/div>\n<div class=\"col-sm-6 column not\">\n<ul>\n<li>Gastos no mencionados.<\/li>\n<li>Entrada al Parque Nacional del Colca:\n<ul>\n<li>Boleto tur\u00edstico extranjero (S\/ 70. Soles).<\/li>\n<li>Boleto tur\u00edstico sudamericano. (S\/ 40. Soles).<\/li>\n<li>Boleto tur\u00edstico nacional. (S\/ 20. Soles).<\/li>\n<\/ul>\n<\/li>\n<li>Ba\u00f1os termales (S\/15.00) Opcional.<\/li>\n<li>Almuerzo y cena del (primer d\u00eda) y el almuerzo (segundo d\u00eda).<\/li>\n<\/ul>\n<\/div>\n<\/div>\n<hr \/>\n<h3><span style=\"color: #ca640b;\">PRECIOS:<\/span><\/h3>\n<p><span style=\"color: #ff6600;\"><strong>SOLAMENTE EN BASE A 2 PERSONAS A M\u00c1S &#8211; 2D\/1N<\/strong><\/span><\/p>\n<p><strong>Con Hotel Colca Inn: www.hotelcolcainn.com<\/strong><\/p>\n<ul>\n<li>02 personas: USD$ 78 por persona.<\/li>\n<li>03 personas: USD$ 59 por persona.<\/li>\n<li>04 personas: USD$ 59 por persona.<\/li>\n<li>05 personas: USD$ 59 por persona.<\/li>\n<\/ul>\n<p><strong>Con <\/strong><strong>Hotel Colca Laqta: www.colcallaqtahotel.com<\/strong><\/p>\n<ul>\n<li>02 personas: USD$ 85 por persona.<\/li>\n<li>03 personas: USD$ 70 por persona.<\/li>\n<li>04 personas: USD$ 70 por persona.<\/li>\n<li>05 personas: USD$ 70 por persona.<\/li>\n<\/ul>\n<p><strong>Con Hotel Colca Lodge Spa &amp; Spring: www.colca-lodge.com<\/strong><\/p>\n<ul>\n<li>02 personas: USD$ 250 por persona.<\/li>\n<li>03 personas: USD$ 150 por persona.<\/li>\n<li>04 personas: USD$ 150 por persona.<\/li>\n<li>05 personsa: USD$ 150 por persona.<\/li>\n<\/ul>\n<p><strong>Con Hotel Aranwa Resorts\/Spas: www.aranwahotels.com\/hotel-colca<\/strong><\/p>\n<ul>\n<li>02 personas: USD$ 290 por persona.<\/li>\n<li>03 personas: USD$ 175 por persona.<\/li>\n<li>04 personas: USD$ 175 por persona.<\/li>\n<li>05 personas: USD$ 175 por persona.<\/li>\n<\/ul>\n<hr \/>\n<h3><span style=\"color: #ca640b;\">RECOMENDACIONES:<\/span><\/h3>\n<ul>\n<li>Zapatos ligeros.<\/li>\n<li>Ropa ligera y abrigadora.<\/li>\n<li>Traje de ba\u00f1o y toalla.<\/li>\n<li>C\u00e1mara fotogr\u00e1fica.<\/li>\n<li>Bloqueador solar.<\/li>\n<\/ul>\n<hr \/>\n<h3><span style=\"color: #ca640b;\">ITINERARIO:<\/span><\/h3>\n<p><span style=\"color: #ff0000;\"><strong>PRIMER D\u00cdA<\/strong><\/span><\/p>\n<ul>\n<li>07:35h. &#8211; 08:05h. Recojo de su hotel dependiendo de la ubicaci\u00f3n, para dirigirnos a uno de los ca\u00f1ones m\u00e1s profundos del mundo pasando por las faldas del Chachani, para luego pasar por la reserva nacional de Pampas Ca\u00f1ahuas, habitad de bellos cam\u00e9lidos sudamericanos, continuamos por Vizcachani, los bofedales de Toccra donde podremos observar variedad de aves migratorias, as\u00ed mismo pasaremos por el punto m\u00e1s alto del recorrido Patapampa (4900 m.s.n.m) desde donde apreciaremos la cordillera occidental.<\/li>\n<li>Arribo a Chivay.<\/li>\n<li>Despu\u00e9s de la recepci\u00f3n y acomodaci\u00f3n en el hotel de su elecci\u00f3n, vendr\u00e1 el almuerzo.<\/li>\n<li>Por la tarde visita a los ba\u00f1os de la Calera donde el agua est\u00e1 a una temperatura de 38\u00b0C, por la noche una cena con show folkl\u00f3rico (opcional).<strong> <br \/>\n<\/strong><\/li>\n<\/ul>\n<p><span style=\"color: #ff0000;\"><strong>SEGUNDO D\u00cdA<\/strong><\/span><\/p>\n<ul>\n<li>06:00h. Desayuno en el Hotel en el Hotel elegido. Salimos hacia el Mirador del C\u00f3ndor donde se podr\u00e1 apreciar la profundidad del ca\u00f1\u00f3n y el majestuoso vuelo de los c\u00f3ndores, permaneceremos aqu\u00ed alrededor de 2 horas.<\/li>\n<li>De retorno a Chivay nos detendremos en diferentes pueblos tradicionales como Maca, Pinchollo y Yanque, as\u00ed mismo algunos atractivos arqueol\u00f3gicos de antiguas culturas y los miradores de Antahuilque y Choquetico. Arribo a Chivay donde podr\u00e1 realizar compras de productos y artesan\u00edas t\u00edpicas de la zona, almuerzo para despu\u00e9s trasladarnos en un bus Tur\u00edstico a la Ciudad de Arequipa. Llegada a Arequipa 17:30 horas aproximadamente.<\/li>\n<\/ul>\n<p><\/p>","protected":false},"excerpt":{"rendered":"<p>Tour de 2 d\u00edas con alojamiento en Chivay.\u00a0 Nos dirigimos a uno de los ca\u00f1ones m\u00e1s profundos del mundo pasando por las faldas del Chachani, para luego pasar por la reserva nacional de Pampas Ca\u00f1ahuas.<\/p>\n","protected":false},"author":2,"featured_media":819,"parent":1074,"menu_order":3,"comment_status":"closed","ping_status":"closed","template":"page-tour.php","meta":{"_glsr_average":0,"_glsr_ranking":0,"_glsr_reviews":0,"footnotes":""},"class_list":["post-139","page","type-page","status-publish","has-post-thumbnail","hentry"],"yoast_head":"<!-- This site is optimized with the Yoast SEO plugin v23.0 - https:\/\/yoast.com\/wordpress\/plugins\/seo\/ -->\n<title>AREQUIPA \u2013 CA\u00d1ON DEL COLCA \u2013 AREQUIPA (2D\/1N) COMPARTIDO | Great Trip Titikaka: Tour Peru - Bolivia<\/title>\n<meta name=\"robots\" content=\"index, follow, max-snippet:-1, max-image-preview:large, max-video-preview:-1\" \/>\n<link rel=\"canonical\" href=\"https:\/\/www.greattriptitikaka.com\/en\/arequipa-colca-canyon\/arequipa-classic-tours\/arequipa-colca-puno-2d-collective\/\" \/>\n<meta property=\"og:locale\" content=\"es_ES\" \/>\n<meta property=\"og:type\" content=\"article\" \/>\n<meta property=\"og:title\" content=\"AREQUIPA \u2013 CA\u00d1ON DEL COLCA \u2013 AREQUIPA (2D\/1N) COMPARTIDO | Great Trip Titikaka: Tour Peru - Bolivia\" \/>\n<meta property=\"og:description\" content=\"Tour de 2 d\u00edas con alojamiento en Chivay.\u00a0 Nos dirigimos a uno de los ca\u00f1ones m\u00e1s profundos del mundo pasando por las faldas del Chachani, para luego pasar por la reserva nacional de Pampas Ca\u00f1ahuas.\" \/>\n<meta property=\"og:url\" content=\"https:\/\/www.greattriptitikaka.com\/en\/arequipa-colca-canyon\/arequipa-classic-tours\/arequipa-colca-puno-2d-collective\/\" \/>\n<meta property=\"og:site_name\" content=\"Great Trip Titikaka: Tour Peru - Bolivia\" \/>\n<meta property=\"article:modified_time\" content=\"2024-07-11T23:38:08+00:00\" \/>\n<meta property=\"og:image\" content=\"https:\/\/www.greattriptitikaka.com\/wp-content\/uploads\/2020\/03\/trekking-puno-colca-great-trip-titikaka_4.jpg\" \/>\n\t<meta property=\"og:image:width\" content=\"820\" \/>\n\t<meta property=\"og:image:height\" content=\"450\" \/>\n\t<meta property=\"og:image:type\" content=\"image\/jpeg\" \/>\n<meta name=\"twitter:card\" content=\"summary_large_image\" \/>\n<meta name=\"twitter:label1\" content=\"Tiempo de lectura\" \/>\n\t<meta name=\"twitter:data1\" content=\"4 minutos\" \/>\n<script type=\"application\/ld+json\" class=\"yoast-schema-graph\">{\"@context\":\"https:\/\/schema.org\",\"@graph\":[{\"@type\":\"WebPage\",\"@id\":\"https:\/\/www.greattriptitikaka.com\/en\/arequipa-colca-canyon\/arequipa-classic-tours\/arequipa-colca-puno-2d-collective\/\",\"url\":\"https:\/\/www.greattriptitikaka.com\/en\/arequipa-colca-canyon\/arequipa-classic-tours\/arequipa-colca-puno-2d-collective\/\",\"name\":\"AREQUIPA \u2013 CA\u00d1ON DEL COLCA \u2013 AREQUIPA (2D\/1N) COMPARTIDO | Great Trip Titikaka: Tour Peru - Bolivia\",\"isPartOf\":{\"@id\":\"https:\/\/www.greattriptitikaka.com\/en\/#website\"},\"primaryImageOfPage\":{\"@id\":\"https:\/\/www.greattriptitikaka.com\/en\/arequipa-colca-canyon\/arequipa-classic-tours\/arequipa-colca-puno-2d-collective\/#primaryimage\"},\"image\":{\"@id\":\"https:\/\/www.greattriptitikaka.com\/en\/arequipa-colca-canyon\/arequipa-classic-tours\/arequipa-colca-puno-2d-collective\/#primaryimage\"},\"thumbnailUrl\":\"https:\/\/www.greattriptitikaka.com\/wp-content\/uploads\/2020\/03\/trekking-puno-colca-great-trip-titikaka_4.jpg\",\"datePublished\":\"2020-01-16T13:54:31+00:00\",\"dateModified\":\"2024-07-11T23:38:08+00:00\",\"breadcrumb\":{\"@id\":\"https:\/\/www.greattriptitikaka.com\/en\/arequipa-colca-canyon\/arequipa-classic-tours\/arequipa-colca-puno-2d-collective\/#breadcrumb\"},\"inLanguage\":\"es\",\"potentialAction\":[{\"@type\":\"ReadAction\",\"target\":[\"https:\/\/www.greattriptitikaka.com\/en\/arequipa-colca-canyon\/arequipa-classic-tours\/arequipa-colca-puno-2d-collective\/\"]}]},{\"@type\":\"ImageObject\",\"inLanguage\":\"es\",\"@id\":\"https:\/\/www.greattriptitikaka.com\/en\/arequipa-colca-canyon\/arequipa-classic-tours\/arequipa-colca-puno-2d-collective\/#primaryimage\",\"url\":\"https:\/\/www.greattriptitikaka.com\/wp-content\/uploads\/2020\/03\/trekking-puno-colca-great-trip-titikaka_4.jpg\",\"contentUrl\":\"https:\/\/www.greattriptitikaka.com\/wp-content\/uploads\/2020\/03\/trekking-puno-colca-great-trip-titikaka_4.jpg\",\"width\":820,\"height\":450},{\"@type\":\"BreadcrumbList\",\"@id\":\"https:\/\/www.greattriptitikaka.com\/en\/arequipa-colca-canyon\/arequipa-classic-tours\/arequipa-colca-puno-2d-collective\/#breadcrumb\",\"itemListElement\":[{\"@type\":\"ListItem\",\"position\":1,\"name\":\"Portada\",\"item\":\"https:\/\/www.greattriptitikaka.com\/en\/\"},{\"@type\":\"ListItem\",\"position\":2,\"name\":\"AREQUIPA &#8211; COLCA CANYON\",\"item\":\"https:\/\/www.greattriptitikaka.com\/en\/arequipa-colca-canyon\/\"},{\"@type\":\"ListItem\",\"position\":3,\"name\":\"AREQUIPA: CLASSIC TOURS\",\"item\":\"https:\/\/www.greattriptitikaka.com\/en\/arequipa-colca-canyon\/arequipa-classic-tours\/\"},{\"@type\":\"ListItem\",\"position\":4,\"name\":\"SHARED TOUR AREQUIPA &#8211; COLCA CANYON &#8211; AREQUIPA (2D\/1N)\"}]},{\"@type\":\"WebSite\",\"@id\":\"https:\/\/www.greattriptitikaka.com\/en\/#website\",\"url\":\"https:\/\/www.greattriptitikaka.com\/en\/\",\"name\":\"GREAT TRIP TITIKAKA\",\"description\":\"GREAT TRIP &lt;span&gt;TITIKAKA&lt;\/span&gt;\",\"publisher\":{\"@id\":\"https:\/\/www.greattriptitikaka.com\/en\/#organization\"},\"potentialAction\":[{\"@type\":\"SearchAction\",\"target\":{\"@type\":\"EntryPoint\",\"urlTemplate\":\"https:\/\/www.greattriptitikaka.com\/en\/?s={search_term_string}\"},\"query-input\":\"required name=search_term_string\"}],\"inLanguage\":\"es\"},{\"@type\":\"Organization\",\"@id\":\"https:\/\/www.greattriptitikaka.com\/en\/#organization\",\"name\":\"GREAT TRIP WORLD E.I.R.L.\",\"url\":\"https:\/\/www.greattriptitikaka.com\/en\/\",\"logo\":{\"@type\":\"ImageObject\",\"inLanguage\":\"es\",\"@id\":\"https:\/\/www.greattriptitikaka.com\/en\/#\/schema\/logo\/image\/\",\"url\":\"https:\/\/www.greattriptitikaka.com\/wp-content\/uploads\/2024\/07\/logo.svg\",\"contentUrl\":\"https:\/\/www.greattriptitikaka.com\/wp-content\/uploads\/2024\/07\/logo.svg\",\"width\":1972,\"height\":815,\"caption\":\"GREAT TRIP WORLD E.I.R.L.\"},\"image\":{\"@id\":\"https:\/\/www.greattriptitikaka.com\/en\/#\/schema\/logo\/image\/\"}}]}<\/script>\n<!-- \/ Yoast SEO plugin. -->","yoast_head_json":{"title":"AREQUIPA \u2013 CA\u00d1ON DEL COLCA \u2013 AREQUIPA (2D\/1N) COMPARTIDO | Great Trip Titikaka: Tour Peru - Bolivia","robots":{"index":"index","follow":"follow","max-snippet":"max-snippet:-1","max-image-preview":"max-image-preview:large","max-video-preview":"max-video-preview:-1"},"canonical":"https:\/\/www.greattriptitikaka.com\/en\/arequipa-colca-canyon\/arequipa-classic-tours\/arequipa-colca-puno-2d-collective\/","og_locale":"es_ES","og_type":"article","og_title":"AREQUIPA \u2013 CA\u00d1ON DEL COLCA \u2013 AREQUIPA (2D\/1N) COMPARTIDO | Great Trip Titikaka: Tour Peru - Bolivia","og_description":"Tour de 2 d\u00edas con alojamiento en Chivay.\u00a0 Nos dirigimos a uno de los ca\u00f1ones m\u00e1s profundos del mundo pasando por las faldas del Chachani, para luego pasar por la reserva nacional de Pampas Ca\u00f1ahuas.","og_url":"https:\/\/www.greattriptitikaka.com\/en\/arequipa-colca-canyon\/arequipa-classic-tours\/arequipa-colca-puno-2d-collective\/","og_site_name":"Great Trip Titikaka: Tour Peru - Bolivia","article_modified_time":"2024-07-11T23:38:08+00:00","og_image":[{"width":820,"height":450,"url":"https:\/\/www.greattriptitikaka.com\/wp-content\/uploads\/2020\/03\/trekking-puno-colca-great-trip-titikaka_4.jpg","type":"image\/jpeg"}],"twitter_card":"summary_large_image","twitter_misc":{"Tiempo de lectura":"4 minutos"},"schema":{"@context":"https:\/\/schema.org","@graph":[{"@type":"WebPage","@id":"https:\/\/www.greattriptitikaka.com\/en\/arequipa-colca-canyon\/arequipa-classic-tours\/arequipa-colca-puno-2d-collective\/","url":"https:\/\/www.greattriptitikaka.com\/en\/arequipa-colca-canyon\/arequipa-classic-tours\/arequipa-colca-puno-2d-collective\/","name":"AREQUIPA \u2013 CA\u00d1ON DEL COLCA \u2013 AREQUIPA (2D\/1N) COMPARTIDO | Great Trip Titikaka: Tour Peru - Bolivia","isPartOf":{"@id":"https:\/\/www.greattriptitikaka.com\/en\/#website"},"primaryImageOfPage":{"@id":"https:\/\/www.greattriptitikaka.com\/en\/arequipa-colca-canyon\/arequipa-classic-tours\/arequipa-colca-puno-2d-collective\/#primaryimage"},"image":{"@id":"https:\/\/www.greattriptitikaka.com\/en\/arequipa-colca-canyon\/arequipa-classic-tours\/arequipa-colca-puno-2d-collective\/#primaryimage"},"thumbnailUrl":"https:\/\/www.greattriptitikaka.com\/wp-content\/uploads\/2020\/03\/trekking-puno-colca-great-trip-titikaka_4.jpg","datePublished":"2020-01-16T13:54:31+00:00","dateModified":"2024-07-11T23:38:08+00:00","breadcrumb":{"@id":"https:\/\/www.greattriptitikaka.com\/en\/arequipa-colca-canyon\/arequipa-classic-tours\/arequipa-colca-puno-2d-collective\/#breadcrumb"},"inLanguage":"es","potentialAction":[{"@type":"ReadAction","target":["https:\/\/www.greattriptitikaka.com\/en\/arequipa-colca-canyon\/arequipa-classic-tours\/arequipa-colca-puno-2d-collective\/"]}]},{"@type":"ImageObject","inLanguage":"es","@id":"https:\/\/www.greattriptitikaka.com\/en\/arequipa-colca-canyon\/arequipa-classic-tours\/arequipa-colca-puno-2d-collective\/#primaryimage","url":"https:\/\/www.greattriptitikaka.com\/wp-content\/uploads\/2020\/03\/trekking-puno-colca-great-trip-titikaka_4.jpg","contentUrl":"https:\/\/www.greattriptitikaka.com\/wp-content\/uploads\/2020\/03\/trekking-puno-colca-great-trip-titikaka_4.jpg","width":820,"height":450},{"@type":"BreadcrumbList","@id":"https:\/\/www.greattriptitikaka.com\/en\/arequipa-colca-canyon\/arequipa-classic-tours\/arequipa-colca-puno-2d-collective\/#breadcrumb","itemListElement":[{"@type":"ListItem","position":1,"name":"Portada","item":"https:\/\/www.greattriptitikaka.com\/en\/"},{"@type":"ListItem","position":2,"name":"AREQUIPA &#8211; COLCA CANYON","item":"https:\/\/www.greattriptitikaka.com\/en\/arequipa-colca-canyon\/"},{"@type":"ListItem","position":3,"name":"AREQUIPA: CLASSIC TOURS","item":"https:\/\/www.greattriptitikaka.com\/en\/arequipa-colca-canyon\/arequipa-classic-tours\/"},{"@type":"ListItem","position":4,"name":"SHARED TOUR AREQUIPA &#8211; COLCA CANYON &#8211; AREQUIPA (2D\/1N)"}]},{"@type":"WebSite","@id":"https:\/\/www.greattriptitikaka.com\/en\/#website","url":"https:\/\/www.greattriptitikaka.com\/en\/","name":"GREAT TRIP TITIKAKA","description":"GREAT TRIP &lt;span&gt;TITIKAKA&lt;\/span&gt;","publisher":{"@id":"https:\/\/www.greattriptitikaka.com\/en\/#organization"},"potentialAction":[{"@type":"SearchAction","target":{"@type":"EntryPoint","urlTemplate":"https:\/\/www.greattriptitikaka.com\/en\/?s={search_term_string}"},"query-input":"required name=search_term_string"}],"inLanguage":"es"},{"@type":"Organization","@id":"https:\/\/www.greattriptitikaka.com\/en\/#organization","name":"GREAT TRIP WORLD E.I.R.L.","url":"https:\/\/www.greattriptitikaka.com\/en\/","logo":{"@type":"ImageObject","inLanguage":"es","@id":"https:\/\/www.greattriptitikaka.com\/en\/#\/schema\/logo\/image\/","url":"https:\/\/www.greattriptitikaka.com\/wp-content\/uploads\/2024\/07\/logo.svg","contentUrl":"https:\/\/www.greattriptitikaka.com\/wp-content\/uploads\/2024\/07\/logo.svg","width":1972,"height":815,"caption":"GREAT TRIP WORLD E.I.R.L."},"image":{"@id":"https:\/\/www.greattriptitikaka.com\/en\/#\/schema\/logo\/image\/"}}]}},"_links":{"self":[{"href":"https:\/\/www.greattriptitikaka.com\/es\/wp-json\/wp\/v2\/pages\/139"}],"collection":[{"href":"https:\/\/www.greattriptitikaka.com\/es\/wp-json\/wp\/v2\/pages"}],"about":[{"href":"https:\/\/www.greattriptitikaka.com\/es\/wp-json\/wp\/v2\/types\/page"}],"author":[{"embeddable":true,"href":"https:\/\/www.greattriptitikaka.com\/es\/wp-json\/wp\/v2\/users\/2"}],"replies":[{"embeddable":true,"href":"https:\/\/www.greattriptitikaka.com\/es\/wp-json\/wp\/v2\/comments?post=139"}],"version-history":[{"count":0,"href":"https:\/\/www.greattriptitikaka.com\/es\/wp-json\/wp\/v2\/pages\/139\/revisions"}],"up":[{"embeddable":true,"href":"https:\/\/www.greattriptitikaka.com\/es\/wp-json\/wp\/v2\/pages\/1074"}],"wp:featuredmedia":[{"embeddable":true,"href":"https:\/\/www.greattriptitikaka.com\/es\/wp-json\/wp\/v2\/media\/819"}],"wp:attachment":[{"href":"https:\/\/www.greattriptitikaka.com\/es\/wp-json\/wp\/v2\/media?parent=139"}],"curies":[{"name":"wp","href":"https:\/\/api.w.org\/{rel}","templated":true}]}}