{"id":145,"date":"2020-01-17T20:20:46","date_gmt":"2020-01-18T01:20:46","guid":{"rendered":"https:\/\/www.greattriptitikaka.com\/?page_id=145"},"modified":"2024-07-11T18:38:24","modified_gmt":"2024-07-11T23:38:24","slug":"trekking-puno-canon-del-colca-puno-3d-2n-servicio-en-grupo","status":"publish","type":"page","link":"https:\/\/www.greattriptitikaka.com\/es\/arequipa-canon-del-colca\/arequipa-tours-clasicos\/trekking-puno-colca-3d-grupo\/","title":{"rendered":"TREKKING: PUNO \u2013 CA\u00d1ON DEL COLCA \u2013 AREQUIPA (3D\/2N) SERVICIO EN GRUPO"},"content":{"rendered":"<p><\/p>\n<p>Great Trip: Recojo desde el Hotel, visitamos Lagunillas, habitat de los Flamencos Andinos, Patahuasi, Pampa Ca\u00f1ahuas (restaurant para beber mate de coca o mu\u00f1a y uso de los servicios higi\u00e9nicos).\u00a0<\/p>\n<p><!--more--><\/p>\n<div class=\"in-block no-border\">\n<div id=\"ph-multi-145\" class=\"carousel ph-slider tour-slider slide\" data-ride=\"carousel\" data-interval=\"4000\" data-pause=\"hover\">\n<ol class=\"carousel-indicators\">\n<li data-target=\"#ph-multi-145\" data-slide-to=\"0\" class=\"active\"><\/li>\n<li data-target=\"#ph-multi-145\" data-slide-to=\"1\"><\/li>\n<li data-target=\"#ph-multi-145\" data-slide-to=\"2\"><\/li>\n<li data-target=\"#ph-multi-145\" data-slide-to=\"3\"><\/li>\n<\/ol>\n<div class=\"carousel-inner\" role=\"listbox\">\n<div class=\"slide-loader\"><\/div>\n<div class=\"item active\"><img loading=\"lazy\" decoding=\"async\" class=\"alignnone size-full wp-image-506\" src=\"https:\/\/www.greattriptitikaka.com\/wp-content\/uploads\/2020\/03\/santa-catalina-great-trip-titikaka_4.jpg\" alt=\"\" width=\"820\" height=\"450\" \/> <\/div>\n<div class=\"item\"><img loading=\"lazy\" decoding=\"async\" class=\"alignnone size-full wp-image-529\" src=\"https:\/\/www.greattriptitikaka.com\/wp-content\/uploads\/2020\/03\/trekking-puno-colca-great-trip-titikaka_1.jpg\" alt=\"\" width=\"820\" height=\"450\" \/> <\/div>\n<div class=\"item\"><img loading=\"lazy\" decoding=\"async\" class=\"alignnone size-full wp-image-539\" src=\"https:\/\/www.greattriptitikaka.com\/wp-content\/uploads\/2020\/03\/trekking-puno-colca-great-trip-titikaka_11.jpg\" alt=\"\" width=\"820\" height=\"450\" \/> <\/div>\n<div class=\"item\"><img loading=\"lazy\" decoding=\"async\" class=\"alignnone size-full wp-image-540\" src=\"https:\/\/www.greattriptitikaka.com\/wp-content\/uploads\/2020\/03\/trekking-puno-colca-great-trip-titikaka_12.jpg\" alt=\"\" width=\"820\" height=\"450\" \/><\/p>\n<\/div>\n<p><a class=\"carousel-control left\" href=\"#ph-multi-145\" data-slide=\"prev\"><i class=\"icon icon-arrow-left\"><\/i><\/a><a class=\"carousel-control right\" href=\"#ph-multi-145\" data-slide=\"next\"><i class=\"icon icon-arrow-right\"><\/i><\/a><\/div>\n<\/div>\n<\/div>\n<nav id=\"menu-anchor\" class=\"menu-anchor\">\n<div class=\"container-fluid\">\n<ul class=\"tab-navi\">\n<li id=\"item-1\" class=\"tab-item\"><a href=\"javascript:void(0)\">Resumen<\/a><\/li>\n<li id=\"item-2\" class=\"tab-item\"><a href=\"javascript:void(0)\"> Incluye<\/a><\/li>\n<li id=\"item-3\" class=\"tab-item\"><a href=\"javascript:void(0)\"> Precios<\/a><\/li>\n<li id=\"item-4\" class=\"tab-item\"><a href=\"javascript:void(0)\"> Qu\u00e9 llevar<\/a><\/li>\n<li id=\"item-5\" class=\"tab-item\"><a href=\"javascript:void(0)\"> Itinerario<\/a><\/li>\n<li id=\"item-testimonials\" class=\"tab-item\"><a href=\"javascript:void(0)\"> Rese\u00f1as<\/a><\/li>\n<\/ul>\n<\/div>\n<\/nav>\n<h3>RESUMEN:<\/h3>\n<h1 class=\"page-title \">TREKKING: PUNO \u2013 CA\u00d1ON DEL COLCA \u2013 AREQUIPA (3D\/2N) SERVICIO EN GRUPO<\/h1>\n<div class=\"glsr glsr-default\" id=\"glsr_63f58dfd\" data-from=\"shortcode\" data-shortcode=\"site_reviews_summary\" data-hide=\"[&quot;rating&quot;]\">\n<div class=\"glsr-summary-wrap\">\n<div class=\"glsr-summary\">\n<div class=\"glsr-summary-stars\">\n<div class=\"glsr-star-rating glsr-stars\" role=\"img\" aria-label=\"Rated 3 out of 5 stars based on 1 ratings\" data-rating=\"3\" data-reviews=\"1\"><span class=\"glsr-star glsr-star-full\" aria-hidden=\"true\"><\/span><span class=\"glsr-star glsr-star-full\" aria-hidden=\"true\"><\/span><span class=\"glsr-star glsr-star-full\" aria-hidden=\"true\"><\/span><span class=\"glsr-star glsr-star-empty\" aria-hidden=\"true\"><\/span><span class=\"glsr-star glsr-star-empty\" aria-hidden=\"true\"><\/span><\/div>\n<\/div>\n<div class=\"glsr-summary-text\"><span class=\"glsr-tag-value\">3,0 de 5 estrellas (basado en 1 rese\u00f1a)<\/span><\/div>\n<div class=\"glsr-summary-percentages\">\n<div class=\"glsr-bar\" data-level=\"5\"><span class=\"glsr-bar-label\">Excelente<\/span><span class=\"glsr-bar-background\"><span class=\"glsr-bar-background-percent\" style=\"width:0%\"><\/span><\/span><span class=\"glsr-bar-percent\">0%<\/span><\/div>\n<div class=\"glsr-bar\" data-level=\"4\"><span class=\"glsr-bar-label\">Muy buena<\/span><span class=\"glsr-bar-background\"><span class=\"glsr-bar-background-percent\" style=\"width:0%\"><\/span><\/span><span class=\"glsr-bar-percent\">0%<\/span><\/div>\n<div class=\"glsr-bar\" data-level=\"3\"><span class=\"glsr-bar-label\">Media<\/span><span class=\"glsr-bar-background\"><span class=\"glsr-bar-background-percent\" style=\"width:100%\"><\/span><\/span><span class=\"glsr-bar-percent\">100%<\/span><\/div>\n<div class=\"glsr-bar\" data-level=\"2\"><span class=\"glsr-bar-label\">Mala<\/span><span class=\"glsr-bar-background\"><span class=\"glsr-bar-background-percent\" style=\"width:0%\"><\/span><\/span><span class=\"glsr-bar-percent\">0%<\/span><\/div>\n<div class=\"glsr-bar\" data-level=\"1\"><span class=\"glsr-bar-label\">Muy mala<\/span><span class=\"glsr-bar-background\"><span class=\"glsr-bar-background-percent\" style=\"width:0%\"><\/span><\/span><span class=\"glsr-bar-percent\">0%<\/span><\/div>\n<\/div><\/div>\n<\/div>\n<\/div>\n<div class=\"row\">\n<div class=\"col-sm-12\">\n<p class=\"condition-wrap\"><span class=\"badge badge-orange\"><i class=\"icon icon-check\"><\/i> Servicio operativo<\/span><span class=\"badge badge-green-dark ph-tooltip ph-tooltip-medium\" data-title=\"Si anulas tu reserva hasta 48 horas antes del inicio de la actividad, te devolveremos el 100% del adelanto que pagaste para realizar la reserva.\">Anulaci\u00f3n gratuita<\/span><span class=\"badge badge-green ph-tooltip ph-tooltip-medium\" data-title=\"Puedes reprogramar tu reserva sin costo adicional hasta 48 horas antes del inicio de la actividad.\">Reprogramaci\u00f3n gratuita<\/span><\/p>\n<\/div>\n<\/div>\n<p><em>Great Trip: 06:00h Recojo desde el Hotel, visitamos Lagunillas, habitat de los Flamencos Andinos, Patahuasi, Pampa Ca\u00f1ahuas (restaurant para beber mate de coca o mu\u00f1a y uso de los servicios higi\u00e9nicos)<\/em><\/p>\n<hr \/>\n<div class=\"row\">\n<div class=\"col-sm-4 tour-summary\">\n<h5 class=\"summary-title\"><i class=\"icon icon-dollars\"><\/i> Precio por persona<\/h5>\n<p class=\"summary-price\"><b>Desde:<\/b> USD 123.00<\/p>\n<\/div>\n<div class=\"col-sm-4 tour-summary\">\n<h5 class=\"summary-title\"><i class=\"icon icon-clock\"><\/i> Horarios<\/h5>\n<ul class=\"summary-price\">\n<li>6:00 AM a 5:30 PM<\/li>\n<\/ul>\n<\/div>\n<div class=\"col-sm-4 tour-summary\">\n<h5 class=\"summary-title\"><i class=\"icon icon-dollars\"><\/i> Duraci\u00f3n<\/h5>\n<p class=\"summary-price\">3 d\u00edas y 2 noches <\/p>\n<\/div>\n<\/div>\n<hr \/>\n<p><span style=\"color: #ff0000;\"><strong>PRIMER D\u00cdA:<\/strong><\/span><\/p>\n<p>06:00h. Recojo desde su Hotel y traslado, en el camino visitaremos diferentes lugares y llegada al Hotel elegido.<\/p>\n<p><strong><span style=\"color: #ff0000;\">SEGUNDO D\u00cdA:<\/span> <\/strong><\/p>\n<p>06:40h. \u2013 07:00h. Recojo desde su hotel, para luego dirigirnos a la CRUZ DEL CONDOR, luego iniciaremos nuestra caminata hacia el ca\u00f1\u00f3n, descenderemos hasta el pueblo de San Juan de Chuccho, hasta llegar a los Bungalow de adobe.<\/p>\n<p><span style=\"color: #ff0000;\"><strong>TERCER D\u00cdA:<\/strong><\/span><\/p>\n<p>05:00h. Empezaremos nuestra caminata para subir a Cabanaconde y desayunaremos. Luego tomaremos el bus a Chivay con paradas guiadas, luego visitaremos LAS CALERAS O BA\u00d1OS TERMALES Y MEDICINALES. Llegada a Chivay y posteriormente partiremos a la Ciudad de Arequipa y traslado a Hoteles en el Centro.<\/p>\n<hr \/>\n<h3><span style=\"color: #ca640b;\">NUESTROS SERVICIOS INCLUYEN \/ NO INCLUYEN:<\/span><\/h3>\n<div class=\"row\">\n<div class=\"col-sm-6 column yes\">\n<ul>\n<li>Traslado desde Puno hasta Chivay bus tur\u00edstico.<\/li>\n<li>Traslados en movilidades tur\u00edsticas durante todo el recorrido hasta Arequipa.<\/li>\n<li>Tour guiado durante todo el recorrido con un profesional especializado en Trekking.<\/li>\n<li>01 noche de estad\u00eda + desayuno en el Hotel elegido.<\/li>\n<li>01 noche de Hospedaje en Bungal\u00f3w en Sangalle. (Oasis).<\/li>\n<li>01 desayuno, 01 almuerzo y 01 cena familiar.<\/li>\n<li>02 almuerzos buffet en Chivay.<\/li>\n<\/ul>\n<\/div>\n<div class=\"col-sm-6 column not\">\n<ul>\n<li>Gastos no mencionados.<\/li>\n<li>Entrada al parque nacional del Colca.\n<ul>\n<li>Extranjero S\/ 70. Soles.<\/li>\n<li>Sud americano S\/ 40. Soles.<\/li>\n<li>Peruano S\/ 20. Soles.<\/li>\n<\/ul>\n<\/li>\n<li>Ba\u00f1os termales (S\/15. Soles) Opcional.<\/li>\n<\/ul>\n<\/div>\n<\/div>\n<hr \/>\n<h3><span style=\"color: #ca640b;\">PRECIOS: <\/span><\/h3>\n<p><em><strong><span style=\"color: #ff6600;\">SOLAMENTE EN BASE A 2 PERSONAS A M\u00c1S 2D\/1N<\/span> <\/strong><\/em><\/p>\n<p><strong>Con Hotel Colca Llaqta: www.colcallaqtahotel.com<\/strong><\/p>\n<ul>\n<li>01 persona: usd$ 123. d\u00f3lares<\/li>\n<\/ul>\n<p><strong>Con Hotel Colca Lodge Spa &amp; Spring: www.colca-lodge.com <\/strong><\/p>\n<ul>\n<li>01 persona: usd$ 220. d\u00f3lares<\/li>\n<\/ul>\n<p><strong>Con Hotel Aranwa Resorts &amp; Spa: www.aranwahotels.com\/hotel-colca <\/strong><\/p>\n<ul>\n<li>Persona: usd$ 225. d\u00f3lares<\/li>\n<\/ul>\n<hr \/>\n<h3><span style=\"color: #ca640b;\">RECOMENDACIONES:<\/span><\/h3>\n<ul>\n<li>Zapatos ligeros.<\/li>\n<li>Traje de ba\u00f1o y toalla.<\/li>\n<li>C\u00e1mara fotogr\u00e1fica.<\/li>\n<li>Bloqueador solar.<\/li>\n<li>Mochila ligera con lo necesario.<\/li>\n<\/ul>\n<hr \/>\n<h3><span style=\"color: #ca640b;\">ITINERARIO:<\/span><\/h3>\n<p><span style=\"color: #ff0000;\"><strong>PRIMER D\u00cdA<\/strong><\/span><\/p>\n<p>06:00h. Recojo desde su Hotel y traslado a Chivay, en el trayecto realizaremos 03 paradas tur\u00edsticas guiadas como son Lagunillas, Pampa Ca\u00f1ahuas y el Mirador de los Volcanes, tambi\u00e9n apreciaremos la belleza del paisaje. Llegada a Chivay y traslado hasta su Holel elegido.<\/p>\n<p><span style=\"color: #ff0000;\"><strong>SEGUNDO D\u00cdA<\/strong><\/span><\/p>\n<p>06:40h. \u2013 07:00h. Recojo desde su hotel y luego nos dirigiremos directamente a la Cruz del C\u00f3ndor, en este lugar Apreciamos el majestuoso vuelo de los c\u00f3ndores, para luego llegar al pueblo de Cabanaconde ubicada a 3287 msnm. Y nos preparamos para iniciar la caminata hacia el ca\u00f1\u00f3n a trav\u00e9s de Pampa San Miguel, donde podemos ver parte de la ruta de nuestra caminata.<\/p>\n<p>Se comienza con el descenso hasta el pueblo de San Juan de Chuccho, aqu\u00ed tenemos nuestro almuerzo, y luego continuar con la caminata de aproximadamente 4 horas al r\u00edo Colca, cruzar un puente colgante, tenemos la tarde libre y por la noche tenemos la cena y alojamiento en el lugar. (Estancia en bungalow de adobe)<\/p>\n<p><span style=\"color: #ff0000;\"><strong>TERCER D\u00cdA:<\/strong><\/span><\/p>\n<p>05:00h. Nos levantamos para comenzar nuestra caminata para subir a la localidad de Cabanaconde que ser\u00e1 aproximadamente de 3 horas. Aqu\u00ed tenemos el desayuno.<\/p>\n<p>En la ruta a Cabanaconde se aprecia el paisaje del Ca\u00f1\u00f3n del Colca. A continuaci\u00f3n, tomaremos el bus al pueblo de Chivay con paradas guiadas, luego visitaremos LAS CALERAS O BA\u00d1OS TERMALES Y MEDICINALES.<\/p>\n<p>En un tiempo estimado retornamos a Chivay. Se tiene tiempo libre para el almuerzo y a la hora acordada previamente con el grupo se tomar\u00e1 un tiempo de descanso para luego partir hacia la ciudad de Puno, en la ruta tenemos la posibilidad de visitar el Mirador de los Andes (4910 m) y la Reserva Nacional de Salinas y Aguada Blanca. Llegada a Arequipa y traslado hasta su Hotel.<\/p>\n<p><\/p>","protected":false},"excerpt":{"rendered":"<p>Great Trip: Recojo desde el Hotel, visitamos Lagunillas, habitat de los Flamencos Andinos, Patahuasi, Pampa Ca\u00f1ahuas (restaurant para beber mate de coca o mu\u00f1a y uso de los servicios higi\u00e9nicos).\u00a0<\/p>\n","protected":false},"author":2,"featured_media":785,"parent":1074,"menu_order":10,"comment_status":"closed","ping_status":"closed","template":"page-tour.php","meta":{"_glsr_average":0,"_glsr_ranking":0,"_glsr_reviews":0,"footnotes":""},"class_list":["post-145","page","type-page","status-publish","has-post-thumbnail","hentry"],"yoast_head":"<!-- This site is optimized with the Yoast SEO plugin v23.0 - https:\/\/yoast.com\/wordpress\/plugins\/seo\/ -->\n<title>TREKKING: PUNO \u2013 CA\u00d1ON DEL COLCA \u2013 AREQUIPA (3D\/2N) SERVICIO EN GRUPO | Great Trip Titikaka: Tour Peru - Bolivia<\/title>\n<meta name=\"robots\" content=\"index, follow, max-snippet:-1, max-image-preview:large, max-video-preview:-1\" \/>\n<link rel=\"canonical\" href=\"https:\/\/www.greattriptitikaka.com\/en\/arequipa-colca-canyon\/arequipa-classic-tours\/trekking-puno-colca-3d-group\/\" \/>\n<meta property=\"og:locale\" content=\"es_ES\" \/>\n<meta property=\"og:type\" content=\"article\" \/>\n<meta property=\"og:title\" content=\"TREKKING: PUNO \u2013 CA\u00d1ON DEL COLCA \u2013 AREQUIPA (3D\/2N) SERVICIO EN GRUPO | Great Trip Titikaka: Tour Peru - Bolivia\" \/>\n<meta property=\"og:description\" content=\"Great Trip: Recojo desde el Hotel, visitamos Lagunillas, habitat de los Flamencos Andinos, Patahuasi, Pampa Ca\u00f1ahuas (restaurant para beber mate de coca o mu\u00f1a y uso de los servicios higi\u00e9nicos).\u00a0\" \/>\n<meta property=\"og:url\" content=\"https:\/\/www.greattriptitikaka.com\/en\/arequipa-colca-canyon\/arequipa-classic-tours\/trekking-puno-colca-3d-group\/\" \/>\n<meta property=\"og:site_name\" content=\"Great Trip Titikaka: Tour Peru - Bolivia\" \/>\n<meta property=\"article:modified_time\" content=\"2024-07-11T23:38:24+00:00\" \/>\n<meta property=\"og:image\" content=\"https:\/\/www.greattriptitikaka.com\/wp-content\/uploads\/2020\/03\/santa-catalina-great-trip-titikaka_4.jpg\" \/>\n\t<meta property=\"og:image:width\" content=\"820\" \/>\n\t<meta property=\"og:image:height\" content=\"450\" \/>\n\t<meta property=\"og:image:type\" content=\"image\/jpeg\" \/>\n<meta name=\"twitter:card\" content=\"summary_large_image\" \/>\n<meta name=\"twitter:label1\" content=\"Tiempo de lectura\" \/>\n\t<meta name=\"twitter:data1\" content=\"4 minutos\" \/>\n<script type=\"application\/ld+json\" class=\"yoast-schema-graph\">{\"@context\":\"https:\/\/schema.org\",\"@graph\":[{\"@type\":\"WebPage\",\"@id\":\"https:\/\/www.greattriptitikaka.com\/en\/arequipa-colca-canyon\/arequipa-classic-tours\/trekking-puno-colca-3d-group\/\",\"url\":\"https:\/\/www.greattriptitikaka.com\/en\/arequipa-colca-canyon\/arequipa-classic-tours\/trekking-puno-colca-3d-group\/\",\"name\":\"TREKKING: PUNO \u2013 CA\u00d1ON DEL COLCA \u2013 AREQUIPA (3D\/2N) SERVICIO EN GRUPO | Great Trip Titikaka: Tour Peru - Bolivia\",\"isPartOf\":{\"@id\":\"https:\/\/www.greattriptitikaka.com\/en\/#website\"},\"primaryImageOfPage\":{\"@id\":\"https:\/\/www.greattriptitikaka.com\/en\/arequipa-colca-canyon\/arequipa-classic-tours\/trekking-puno-colca-3d-group\/#primaryimage\"},\"image\":{\"@id\":\"https:\/\/www.greattriptitikaka.com\/en\/arequipa-colca-canyon\/arequipa-classic-tours\/trekking-puno-colca-3d-group\/#primaryimage\"},\"thumbnailUrl\":\"https:\/\/www.greattriptitikaka.com\/wp-content\/uploads\/2020\/03\/santa-catalina-great-trip-titikaka_4.jpg\",\"datePublished\":\"2020-01-18T01:20:46+00:00\",\"dateModified\":\"2024-07-11T23:38:24+00:00\",\"breadcrumb\":{\"@id\":\"https:\/\/www.greattriptitikaka.com\/en\/arequipa-colca-canyon\/arequipa-classic-tours\/trekking-puno-colca-3d-group\/#breadcrumb\"},\"inLanguage\":\"es\",\"potentialAction\":[{\"@type\":\"ReadAction\",\"target\":[\"https:\/\/www.greattriptitikaka.com\/en\/arequipa-colca-canyon\/arequipa-classic-tours\/trekking-puno-colca-3d-group\/\"]}]},{\"@type\":\"ImageObject\",\"inLanguage\":\"es\",\"@id\":\"https:\/\/www.greattriptitikaka.com\/en\/arequipa-colca-canyon\/arequipa-classic-tours\/trekking-puno-colca-3d-group\/#primaryimage\",\"url\":\"https:\/\/www.greattriptitikaka.com\/wp-content\/uploads\/2020\/03\/santa-catalina-great-trip-titikaka_4.jpg\",\"contentUrl\":\"https:\/\/www.greattriptitikaka.com\/wp-content\/uploads\/2020\/03\/santa-catalina-great-trip-titikaka_4.jpg\",\"width\":820,\"height\":450},{\"@type\":\"BreadcrumbList\",\"@id\":\"https:\/\/www.greattriptitikaka.com\/en\/arequipa-colca-canyon\/arequipa-classic-tours\/trekking-puno-colca-3d-group\/#breadcrumb\",\"itemListElement\":[{\"@type\":\"ListItem\",\"position\":1,\"name\":\"Portada\",\"item\":\"https:\/\/www.greattriptitikaka.com\/en\/\"},{\"@type\":\"ListItem\",\"position\":2,\"name\":\"AREQUIPA &#8211; COLCA CANYON\",\"item\":\"https:\/\/www.greattriptitikaka.com\/en\/arequipa-colca-canyon\/\"},{\"@type\":\"ListItem\",\"position\":3,\"name\":\"AREQUIPA: CLASSIC TOURS\",\"item\":\"https:\/\/www.greattriptitikaka.com\/en\/arequipa-colca-canyon\/arequipa-classic-tours\/\"},{\"@type\":\"ListItem\",\"position\":4,\"name\":\"TREKKING: PUNO \u2013 COLCA CANYON \u2013 AREQUIPA (3D\/2N) GROUP SERVICE\"}]},{\"@type\":\"WebSite\",\"@id\":\"https:\/\/www.greattriptitikaka.com\/en\/#website\",\"url\":\"https:\/\/www.greattriptitikaka.com\/en\/\",\"name\":\"GREAT TRIP TITIKAKA\",\"description\":\"GREAT TRIP &lt;span&gt;TITIKAKA&lt;\/span&gt;\",\"publisher\":{\"@id\":\"https:\/\/www.greattriptitikaka.com\/en\/#organization\"},\"potentialAction\":[{\"@type\":\"SearchAction\",\"target\":{\"@type\":\"EntryPoint\",\"urlTemplate\":\"https:\/\/www.greattriptitikaka.com\/en\/?s={search_term_string}\"},\"query-input\":\"required name=search_term_string\"}],\"inLanguage\":\"es\"},{\"@type\":\"Organization\",\"@id\":\"https:\/\/www.greattriptitikaka.com\/en\/#organization\",\"name\":\"GREAT TRIP WORLD E.I.R.L.\",\"url\":\"https:\/\/www.greattriptitikaka.com\/en\/\",\"logo\":{\"@type\":\"ImageObject\",\"inLanguage\":\"es\",\"@id\":\"https:\/\/www.greattriptitikaka.com\/en\/#\/schema\/logo\/image\/\",\"url\":\"https:\/\/www.greattriptitikaka.com\/wp-content\/uploads\/2024\/07\/logo.svg\",\"contentUrl\":\"https:\/\/www.greattriptitikaka.com\/wp-content\/uploads\/2024\/07\/logo.svg\",\"width\":1972,\"height\":815,\"caption\":\"GREAT TRIP WORLD E.I.R.L.\"},\"image\":{\"@id\":\"https:\/\/www.greattriptitikaka.com\/en\/#\/schema\/logo\/image\/\"}}]}<\/script>\n<!-- \/ Yoast SEO plugin. -->","yoast_head_json":{"title":"TREKKING: PUNO \u2013 CA\u00d1ON DEL COLCA \u2013 AREQUIPA (3D\/2N) SERVICIO EN GRUPO | Great Trip Titikaka: Tour Peru - Bolivia","robots":{"index":"index","follow":"follow","max-snippet":"max-snippet:-1","max-image-preview":"max-image-preview:large","max-video-preview":"max-video-preview:-1"},"canonical":"https:\/\/www.greattriptitikaka.com\/en\/arequipa-colca-canyon\/arequipa-classic-tours\/trekking-puno-colca-3d-group\/","og_locale":"es_ES","og_type":"article","og_title":"TREKKING: PUNO \u2013 CA\u00d1ON DEL COLCA \u2013 AREQUIPA (3D\/2N) SERVICIO EN GRUPO | Great Trip Titikaka: Tour Peru - Bolivia","og_description":"Great Trip: Recojo desde el Hotel, visitamos Lagunillas, habitat de los Flamencos Andinos, Patahuasi, Pampa Ca\u00f1ahuas (restaurant para beber mate de coca o mu\u00f1a y uso de los servicios higi\u00e9nicos).\u00a0","og_url":"https:\/\/www.greattriptitikaka.com\/en\/arequipa-colca-canyon\/arequipa-classic-tours\/trekking-puno-colca-3d-group\/","og_site_name":"Great Trip Titikaka: Tour Peru - Bolivia","article_modified_time":"2024-07-11T23:38:24+00:00","og_image":[{"width":820,"height":450,"url":"https:\/\/www.greattriptitikaka.com\/wp-content\/uploads\/2020\/03\/santa-catalina-great-trip-titikaka_4.jpg","type":"image\/jpeg"}],"twitter_card":"summary_large_image","twitter_misc":{"Tiempo de lectura":"4 minutos"},"schema":{"@context":"https:\/\/schema.org","@graph":[{"@type":"WebPage","@id":"https:\/\/www.greattriptitikaka.com\/en\/arequipa-colca-canyon\/arequipa-classic-tours\/trekking-puno-colca-3d-group\/","url":"https:\/\/www.greattriptitikaka.com\/en\/arequipa-colca-canyon\/arequipa-classic-tours\/trekking-puno-colca-3d-group\/","name":"TREKKING: PUNO \u2013 CA\u00d1ON DEL COLCA \u2013 AREQUIPA (3D\/2N) SERVICIO EN GRUPO | Great Trip Titikaka: Tour Peru - Bolivia","isPartOf":{"@id":"https:\/\/www.greattriptitikaka.com\/en\/#website"},"primaryImageOfPage":{"@id":"https:\/\/www.greattriptitikaka.com\/en\/arequipa-colca-canyon\/arequipa-classic-tours\/trekking-puno-colca-3d-group\/#primaryimage"},"image":{"@id":"https:\/\/www.greattriptitikaka.com\/en\/arequipa-colca-canyon\/arequipa-classic-tours\/trekking-puno-colca-3d-group\/#primaryimage"},"thumbnailUrl":"https:\/\/www.greattriptitikaka.com\/wp-content\/uploads\/2020\/03\/santa-catalina-great-trip-titikaka_4.jpg","datePublished":"2020-01-18T01:20:46+00:00","dateModified":"2024-07-11T23:38:24+00:00","breadcrumb":{"@id":"https:\/\/www.greattriptitikaka.com\/en\/arequipa-colca-canyon\/arequipa-classic-tours\/trekking-puno-colca-3d-group\/#breadcrumb"},"inLanguage":"es","potentialAction":[{"@type":"ReadAction","target":["https:\/\/www.greattriptitikaka.com\/en\/arequipa-colca-canyon\/arequipa-classic-tours\/trekking-puno-colca-3d-group\/"]}]},{"@type":"ImageObject","inLanguage":"es","@id":"https:\/\/www.greattriptitikaka.com\/en\/arequipa-colca-canyon\/arequipa-classic-tours\/trekking-puno-colca-3d-group\/#primaryimage","url":"https:\/\/www.greattriptitikaka.com\/wp-content\/uploads\/2020\/03\/santa-catalina-great-trip-titikaka_4.jpg","contentUrl":"https:\/\/www.greattriptitikaka.com\/wp-content\/uploads\/2020\/03\/santa-catalina-great-trip-titikaka_4.jpg","width":820,"height":450},{"@type":"BreadcrumbList","@id":"https:\/\/www.greattriptitikaka.com\/en\/arequipa-colca-canyon\/arequipa-classic-tours\/trekking-puno-colca-3d-group\/#breadcrumb","itemListElement":[{"@type":"ListItem","position":1,"name":"Portada","item":"https:\/\/www.greattriptitikaka.com\/en\/"},{"@type":"ListItem","position":2,"name":"AREQUIPA &#8211; COLCA CANYON","item":"https:\/\/www.greattriptitikaka.com\/en\/arequipa-colca-canyon\/"},{"@type":"ListItem","position":3,"name":"AREQUIPA: CLASSIC TOURS","item":"https:\/\/www.greattriptitikaka.com\/en\/arequipa-colca-canyon\/arequipa-classic-tours\/"},{"@type":"ListItem","position":4,"name":"TREKKING: PUNO \u2013 COLCA CANYON \u2013 AREQUIPA (3D\/2N) GROUP SERVICE"}]},{"@type":"WebSite","@id":"https:\/\/www.greattriptitikaka.com\/en\/#website","url":"https:\/\/www.greattriptitikaka.com\/en\/","name":"GREAT TRIP TITIKAKA","description":"GREAT TRIP &lt;span&gt;TITIKAKA&lt;\/span&gt;","publisher":{"@id":"https:\/\/www.greattriptitikaka.com\/en\/#organization"},"potentialAction":[{"@type":"SearchAction","target":{"@type":"EntryPoint","urlTemplate":"https:\/\/www.greattriptitikaka.com\/en\/?s={search_term_string}"},"query-input":"required name=search_term_string"}],"inLanguage":"es"},{"@type":"Organization","@id":"https:\/\/www.greattriptitikaka.com\/en\/#organization","name":"GREAT TRIP WORLD E.I.R.L.","url":"https:\/\/www.greattriptitikaka.com\/en\/","logo":{"@type":"ImageObject","inLanguage":"es","@id":"https:\/\/www.greattriptitikaka.com\/en\/#\/schema\/logo\/image\/","url":"https:\/\/www.greattriptitikaka.com\/wp-content\/uploads\/2024\/07\/logo.svg","contentUrl":"https:\/\/www.greattriptitikaka.com\/wp-content\/uploads\/2024\/07\/logo.svg","width":1972,"height":815,"caption":"GREAT TRIP WORLD E.I.R.L."},"image":{"@id":"https:\/\/www.greattriptitikaka.com\/en\/#\/schema\/logo\/image\/"}}]}},"_links":{"self":[{"href":"https:\/\/www.greattriptitikaka.com\/es\/wp-json\/wp\/v2\/pages\/145"}],"collection":[{"href":"https:\/\/www.greattriptitikaka.com\/es\/wp-json\/wp\/v2\/pages"}],"about":[{"href":"https:\/\/www.greattriptitikaka.com\/es\/wp-json\/wp\/v2\/types\/page"}],"author":[{"embeddable":true,"href":"https:\/\/www.greattriptitikaka.com\/es\/wp-json\/wp\/v2\/users\/2"}],"replies":[{"embeddable":true,"href":"https:\/\/www.greattriptitikaka.com\/es\/wp-json\/wp\/v2\/comments?post=145"}],"version-history":[{"count":0,"href":"https:\/\/www.greattriptitikaka.com\/es\/wp-json\/wp\/v2\/pages\/145\/revisions"}],"up":[{"embeddable":true,"href":"https:\/\/www.greattriptitikaka.com\/es\/wp-json\/wp\/v2\/pages\/1074"}],"wp:featuredmedia":[{"embeddable":true,"href":"https:\/\/www.greattriptitikaka.com\/es\/wp-json\/wp\/v2\/media\/785"}],"wp:attachment":[{"href":"https:\/\/www.greattriptitikaka.com\/es\/wp-json\/wp\/v2\/media?parent=145"}],"curies":[{"name":"wp","href":"https:\/\/api.w.org\/{rel}","templated":true}]}}