{"id":147,"date":"2020-01-17T20:35:46","date_gmt":"2020-01-18T01:35:46","guid":{"rendered":"https:\/\/www.greattriptitikaka.com\/?page_id=147"},"modified":"2024-07-11T18:38:19","modified_gmt":"2024-07-11T23:38:19","slug":"trekking-arequipa-canon-del-colca-puno-2d-1n-servicio-en-grupo","status":"publish","type":"page","link":"https:\/\/www.greattriptitikaka.com\/es\/arequipa-canon-del-colca\/arequipa-tours-clasicos\/trekking-arequipa-colca-puno-2d-grupo\/","title":{"rendered":"TREKKING: AREQUIPA \u2013 CA\u00d1ON DEL COLCA \u2013 PUNO (2D\/1N) SERVICIO EN GRUPO"},"content":{"rendered":"<p><\/p>\n<p>Great Trip: Recojo desde su Hotel, para luego dirigirnos al pueblo de Chivay donde tomaremos nuestro desayuno y luego continuaremos con destino a la Cruz del C\u00f3ndor, en este lugar disfrutaremos del fabuloso vuelo de los C\u00f3ndores.<\/p>\n<p><!--more--><\/p>\n<div class=\"in-block no-border\">\n<div id=\"ph-multi-147\" class=\"carousel ph-slider tour-slider slide\" data-ride=\"carousel\" data-interval=\"4000\" data-pause=\"hover\">\n<ol class=\"carousel-indicators\">\n<li data-target=\"#ph-multi-147\" data-slide-to=\"0\" class=\"active\"><\/li>\n<li data-target=\"#ph-multi-147\" data-slide-to=\"1\"><\/li>\n<li data-target=\"#ph-multi-147\" data-slide-to=\"2\"><\/li>\n<li data-target=\"#ph-multi-147\" data-slide-to=\"3\"><\/li>\n<\/ol>\n<div class=\"carousel-inner\" role=\"listbox\">\n<div class=\"slide-loader\"><\/div>\n<div class=\"item active\"><img loading=\"lazy\" decoding=\"async\" class=\"alignnone size-full wp-image-492\" src=\"https:\/\/www.greattriptitikaka.com\/wp-content\/uploads\/2020\/03\/puno-colca-great-trip-titikaka_5.jpg\" alt=\"\" width=\"820\" height=\"450\" \/> <\/div>\n<div class=\"item\"><img loading=\"lazy\" decoding=\"async\" class=\"alignnone size-full wp-image-514\" src=\"https:\/\/www.greattriptitikaka.com\/wp-content\/uploads\/2020\/03\/arequipa-colca-great-trip-titikaka_4.jpg\" alt=\"\" width=\"820\" height=\"450\" \/> <\/div>\n<div class=\"item\"><img loading=\"lazy\" decoding=\"async\" class=\"alignnone size-full wp-image-511\" src=\"https:\/\/www.greattriptitikaka.com\/wp-content\/uploads\/2020\/03\/arequipa-colca-great-trip-titikaka_1.jpg\" alt=\"\" width=\"820\" height=\"450\" \/><\/div>\n<div class=\"item\"><img loading=\"lazy\" decoding=\"async\" class=\"alignnone size-full wp-image-820\" src=\"https:\/\/www.greattriptitikaka.com\/wp-content\/uploads\/2020\/03\/trekking-puno-colca-great-trip-titikaka_3.jpg\" alt=\"\" width=\"820\" height=\"450\" srcset=\"https:\/\/www.greattriptitikaka.com\/wp-content\/uploads\/2020\/03\/trekking-puno-colca-great-trip-titikaka_3.jpg 820w, https:\/\/www.greattriptitikaka.com\/wp-content\/uploads\/2020\/03\/trekking-puno-colca-great-trip-titikaka_3-600x329.jpg 600w, https:\/\/www.greattriptitikaka.com\/wp-content\/uploads\/2020\/03\/trekking-puno-colca-great-trip-titikaka_3-768x421.jpg 768w, https:\/\/www.greattriptitikaka.com\/wp-content\/uploads\/2020\/03\/trekking-puno-colca-great-trip-titikaka_3-60x33.jpg 60w\" sizes=\"(max-width: 820px) 100vw, 820px\" \/><\/p>\n<\/div>\n<p><a class=\"carousel-control left\" href=\"#ph-multi-147\" data-slide=\"prev\"><i class=\"icon icon-arrow-left\"><\/i><\/a><a class=\"carousel-control right\" href=\"#ph-multi-147\" data-slide=\"next\"><i class=\"icon icon-arrow-right\"><\/i><\/a><\/div>\n<\/div>\n<\/div>\n<nav id=\"menu-anchor\" class=\"menu-anchor\">\n<div class=\"container-fluid\">\n<ul class=\"tab-navi\">\n<li id=\"item-1\" class=\"tab-item\"><a href=\"javascript:void(0)\">Resumen<\/a><\/li>\n<li id=\"item-2\" class=\"tab-item\"><a href=\"javascript:void(0)\"> Incluye<\/a><\/li>\n<li id=\"item-3\" class=\"tab-item\"><a href=\"javascript:void(0)\"> Precios<\/a><\/li>\n<li id=\"item-4\" class=\"tab-item\"><a href=\"javascript:void(0)\"> Qu\u00e9 llevar<\/a><\/li>\n<li id=\"item-5\" class=\"tab-item\"><a href=\"javascript:void(0)\"> Itinerario<\/a><\/li>\n<li id=\"item-testimonials\" class=\"tab-item\"><a href=\"javascript:void(0)\"> Rese\u00f1as<\/a><\/li>\n<\/ul>\n<\/div>\n<\/nav>\n<h3>RESUMEN:<\/h3>\n<h1 class=\"page-title \">TREKKING: AREQUIPA \u2013 CA\u00d1ON DEL COLCA \u2013 PUNO (2D\/1N) SERVICIO EN GRUPO<\/h1>\n<div class=\"glsr glsr-default\" id=\"glsr_63f58dfd\" data-from=\"shortcode\" data-shortcode=\"site_reviews_summary\" data-hide=\"[&quot;rating&quot;]\">\n<div class=\"glsr-summary-wrap\">\n<div class=\"glsr-summary\">\n<div class=\"glsr-summary-stars\">\n<div class=\"glsr-star-rating glsr-stars\" role=\"img\" aria-label=\"Rated 3 out of 5 stars based on 1 ratings\" data-rating=\"3\" data-reviews=\"1\"><span class=\"glsr-star glsr-star-full\" aria-hidden=\"true\"><\/span><span class=\"glsr-star glsr-star-full\" aria-hidden=\"true\"><\/span><span class=\"glsr-star glsr-star-full\" aria-hidden=\"true\"><\/span><span class=\"glsr-star glsr-star-empty\" aria-hidden=\"true\"><\/span><span class=\"glsr-star glsr-star-empty\" aria-hidden=\"true\"><\/span><\/div>\n<\/div>\n<div class=\"glsr-summary-text\"><span class=\"glsr-tag-value\">3,0 de 5 estrellas (basado en 1 rese\u00f1a)<\/span><\/div>\n<div class=\"glsr-summary-percentages\">\n<div class=\"glsr-bar\" data-level=\"5\"><span class=\"glsr-bar-label\">Excelente<\/span><span class=\"glsr-bar-background\"><span class=\"glsr-bar-background-percent\" style=\"width:0%\"><\/span><\/span><span class=\"glsr-bar-percent\">0%<\/span><\/div>\n<div class=\"glsr-bar\" data-level=\"4\"><span class=\"glsr-bar-label\">Muy buena<\/span><span class=\"glsr-bar-background\"><span class=\"glsr-bar-background-percent\" style=\"width:0%\"><\/span><\/span><span class=\"glsr-bar-percent\">0%<\/span><\/div>\n<div class=\"glsr-bar\" data-level=\"3\"><span class=\"glsr-bar-label\">Media<\/span><span class=\"glsr-bar-background\"><span class=\"glsr-bar-background-percent\" style=\"width:100%\"><\/span><\/span><span class=\"glsr-bar-percent\">100%<\/span><\/div>\n<div class=\"glsr-bar\" data-level=\"2\"><span class=\"glsr-bar-label\">Mala<\/span><span class=\"glsr-bar-background\"><span class=\"glsr-bar-background-percent\" style=\"width:0%\"><\/span><\/span><span class=\"glsr-bar-percent\">0%<\/span><\/div>\n<div class=\"glsr-bar\" data-level=\"1\"><span class=\"glsr-bar-label\">Muy mala<\/span><span class=\"glsr-bar-background\"><span class=\"glsr-bar-background-percent\" style=\"width:0%\"><\/span><\/span><span class=\"glsr-bar-percent\">0%<\/span><\/div>\n<\/div><\/div>\n<\/div>\n<\/div>\n<div class=\"row\">\n<div class=\"col-sm-12\">\n<p class=\"condition-wrap\"><span class=\"badge badge-orange\"><i class=\"icon icon-check\"><\/i> Servicio operativo<\/span><span class=\"badge badge-green-dark ph-tooltip ph-tooltip-medium\" data-title=\"Si anulas tu reserva hasta 48 horas antes del inicio de la actividad, te devolveremos el 100% del adelanto que pagaste para realizar la reserva.\">Anulaci\u00f3n gratuita<\/span><span class=\"badge badge-green ph-tooltip ph-tooltip-medium\" data-title=\"Puedes reprogramar tu reserva sin costo adicional hasta 48 horas antes del inicio de la actividad.\">Reprogramaci\u00f3n gratuita<\/span><\/p>\n<\/div>\n<\/div>\n<p><em>Great Trip: Recojo desde su Hotel, para luego dirigirnos al pueblo de Chivay donde tomaremos nuestro desayuno y luego continuaremos con destino a la Cruz del C\u00f3ndor, en este lugar disfrutaremos del fabuloso vuelo de los C\u00f3ndores.<\/em><\/p>\n<hr \/>\n<div class=\"row\">\n<div class=\"col-sm-4 tour-summary\">\n<h5 class=\"summary-title\"><i class=\"icon icon-dollars\"><\/i> Precio por persona<\/h5>\n<p class=\"summary-price\"><b>Desde:<\/b> USD 98.00<\/p>\n<\/div>\n<div class=\"col-sm-4 tour-summary\">\n<h5 class=\"summary-title\"><i class=\"icon icon-clock\"><\/i> Horarios<\/h5>\n<ul class=\"summary-price\">\n<li>2:45 AM a 5:30 PM<\/li>\n<\/ul>\n<\/div>\n<div class=\"col-sm-4 tour-summary\">\n<h5 class=\"summary-title\"><i class=\"icon icon-dollars\"><\/i> Duraci\u00f3n<\/h5>\n<p class=\"summary-price\">2 d\u00edas y 1 noche <\/p>\n<\/div>\n<\/div>\n<hr \/>\n<p><span style=\"color: #ff0000;\"><strong>PRIMER D\u00cdA:<\/strong><\/span><\/p>\n<p>02:45h. \u2013 03:15h. Recojo desde su Hotel, para luego dirigirnos al pueblo de Chivay donde tomaremos nuestro desayuno y luego continuaremos con destino a la Cruz del C\u00f3ndor, en este lugar disfrutaremos del fabuloso vuelo de los C\u00f3ndores, por un tiempo de una hora.<\/p>\n<p>Luego continuaremos el viaje con destino al pueblo de Cabanaconde a las 10:00h. aproximadamente, empezamos nuestro recorrido sobre los 3280 m.s.n.m. despu\u00e9s de tres horas y media de caminata llegaremos a San Juan de Chuccho 2,300 m.s.n.m, descendiendo 1000 metros aprox. visitaremos los alrededores del lugar.<\/p>\n<p>Despu\u00e9s del almuerzo continuaremos la caminata por 1 hora y media, hasta llegar a Cos\u00f1irhua (2,660 .m.s.n.m), aqu\u00ed descansaremos brevemente, para continuar la caminata, hasta llegar al Oasis de Sangalle ubicado (1,160 m.s.n.m) lugar en donde disfrutaremos de nuestro tiempo libre y nos ba\u00f1aremos en una fresca piscina de 20 \u00baC. Luego de un reparador descanso cenaremos y pasaremos la noche en bungal\u00f3s.<\/p>\n<p><span style=\"color: #ff0000;\"><strong>SEGUNDO D\u00cdA:<\/strong><\/span><\/p>\n<p>Nos levantamos a las 05:00 de la ma\u00f1ana, previamente coordinado con el gu\u00eda, empezaremos la caminata de subida hasta el pueblo de Cabanaconde 3 horas aprox., desayuno en Cabanaconde.<\/p>\n<p>Luego nos dirigimos al distrito de Chivay, pueblo m\u00e1s importante a lo largo del Valle del Colca y desde all\u00ed nos dirigiremos a los ba\u00f1os termo medicinales de La Calera con 38\u00baC en donde disfrutaremos de sus relajantes aguas termales.<\/p>\n<p>De un tiempo estimado retornaremos a Chivay. Almorzamos a la hora coordinada previamente con el grupo para luego de unos minutos de descanso salimos con destino a Puno , en el camino tendremos la posibilidad de visitar el mirador de volcanes, el paso por el cr\u00e1ter del volc\u00e1n, observaci\u00f3n de aves y lagunas. Posteriormente arribaremos a la ciudad de Puno.<\/p>\n<hr \/>\n<h3><span style=\"color: #ca640b;\">NUESTROS SERVICIOS INCLUYEN \/ NO INCLUYEN:<\/span><\/h3>\n<div class=\"row\">\n<div class=\"col-sm-6 column yes\">\n<ul>\n<li>Traslado en movilidades tur\u00edsticas durante todo el recorrido.<\/li>\n<li>Tour guiado durante todo el recorrido con un profesional especializado en Trekking.<\/li>\n<li>01 noche de Hospedaje en Bungal\u00f3s en SANGALLE (Oasis).<\/li>\n<li>02 desayunos continentales.<\/li>\n<li>01 almuerzo Familiar.<\/li>\n<li>01 cena Familiar.<\/li>\n<li>01Almuerzo Buffet.<\/li>\n<li>Asistencia permanente.<\/li>\n<li>Ticket de bus. Chivay &#8211; Puno.<\/li>\n<\/ul>\n<\/div>\n<div class=\"col-sm-6 column not\">\n<ul>\n<li>Gastos no mencionados.<\/li>\n<li>Entrada al parque nacional del Colca:\n<ul>\n<li>Extranjero S\/ 70. Soles.<\/li>\n<li>Sud americano S\/ 40. Soles.<\/li>\n<li>Peruano S\/ 20. Soles).<\/li>\n<\/ul>\n<\/li>\n<li>Ba\u00f1os termales (S\/15. Soles) Opcional.<\/li>\n<\/ul>\n<\/div>\n<\/div>\n<hr \/>\n<h3><span style=\"color: #ca640b;\">PRECIOS:<\/span><\/h3>\n<p><strong><span style=\"color: #ff6600;\"><em>RUTA: TREKKING AREQUIPA \u2013 CA\u00d1ON DEL COLCA \u2013 PUNO (2D\/1N) SERVICIO COLECTIVO (Chivay-Puno con www.4mexpress.com) LLEGADA A PUNO 19:30h. PRECIO POR PERSONA EN BASE A:<\/em>\u00a0<\/span> <\/strong><\/p>\n<ul>\n<li>01 persona: usd$ 98.<\/li>\n<li>02 personas: usd$ 95.<\/li>\n<li>03 personas: usd$ 95.<\/li>\n<li>04 personas: usd$ 95.<\/li>\n<li>05 personas: usd$ 95.<\/li>\n<\/ul>\n<hr \/>\n<h3><span style=\"color: #ca640b;\">RECOMENDACIONES:<\/span><\/h3>\n<ul>\n<li>Zapatos ligeros.<\/li>\n<li>Traje de ba\u00f1o y toalla.<\/li>\n<li>C\u00e1mara fotogr\u00e1fica.<\/li>\n<li>Bloqueador solar.<\/li>\n<li>Mochila con lo indispensable.<\/li>\n<\/ul>\n<hr \/>\n<h3><span style=\"color: #ca640b;\">ITINERARIO:<\/span><\/h3>\n<p><span style=\"color: #ff0000;\"><strong>PRIMER D\u00cdA:<\/strong><\/span><\/p>\n<ul>\n<li>02:45h. 03:15h. Recojo desde su hotel (zona c\u00e9ntrica).<\/li>\n<li>06:45h. Arribo a Chivay y desayuno.<\/li>\n<li>07:20h. Salida al Mirador de la Cruz del C\u00f3ndor.<\/li>\n<li>08:00h. Visita a la Cruz del C\u00f3ndor.<\/li>\n<li>10:00h. Empezamos con nuestra caminata.<\/li>\n<li>13:20h. Llegada a San Juan De Chuccho.<\/li>\n<li>13:30h. Almuerzo.<\/li>\n<li>14:30h. Salimos rumbo a Cos\u00f1irhua.<\/li>\n<li>16:00h. Llegada a Cos\u00f1irhua.<\/li>\n<li>17:30h. Llegada a Oasis de Sagalle y acomodaci\u00f3n para disfrutar de sus piscinas y naturaleza.<\/li>\n<li>19:00h. Cena y pernocte en bungal\u00f3s de adobe.<\/li>\n<\/ul>\n<p><span style=\"color: #ff0000;\"><strong>SEGUNDO D\u00cdA:<\/strong><\/span><\/p>\n<ul>\n<li>05:00h. Caminata rumbo a Cabanaconde.<\/li>\n<li>08:30h. Llegada a Cabanaconde y desayuno.<\/li>\n<li>10:00h. Retorno a Chivay con paradas guiadas en camino.<\/li>\n<li>11:30h. Llegada a LOS BA\u00d1OS TERMALES DE LAS CALERAS y almuerzo.<\/li>\n<li>13:30h. Salida de Chivay a Puno. En el camino visitaremos diferentes lugares.<\/li>\n<li>17:30h. Llegada Puno y traslado a hotel del centro.<\/li>\n<\/ul>\n<p><\/p>","protected":false},"excerpt":{"rendered":"<p>Great Trip: Recojo desde su Hotel, para luego dirigirnos al pueblo de Chivay donde tomaremos nuestro desayuno y luego continuaremos con destino a la Cruz del C\u00f3ndor, en este lugar disfrutaremos del fabuloso vuelo de los C\u00f3ndores.<\/p>\n","protected":false},"author":2,"featured_media":769,"parent":1074,"menu_order":8,"comment_status":"closed","ping_status":"closed","template":"page-tour.php","meta":{"_glsr_average":0,"_glsr_ranking":0,"_glsr_reviews":0,"footnotes":""},"class_list":["post-147","page","type-page","status-publish","has-post-thumbnail","hentry"],"yoast_head":"<!-- This site is optimized with the Yoast SEO plugin v23.0 - https:\/\/yoast.com\/wordpress\/plugins\/seo\/ -->\n<title>TREKKING: AREQUIPA \u2013 CA\u00d1ON DEL COLCA \u2013 PUNO (2D\/1N) SERVICIO EN GRUPO | Great Trip Titikaka: Tour Peru - Bolivia<\/title>\n<meta name=\"robots\" content=\"index, follow, max-snippet:-1, max-image-preview:large, max-video-preview:-1\" \/>\n<link rel=\"canonical\" href=\"https:\/\/www.greattriptitikaka.com\/en\/arequipa-colca-canyon\/arequipa-classic-tours\/trekking-arequipa-colca-puno-2d-group\/\" \/>\n<meta property=\"og:locale\" content=\"es_ES\" \/>\n<meta property=\"og:type\" content=\"article\" \/>\n<meta property=\"og:title\" content=\"TREKKING: AREQUIPA \u2013 CA\u00d1ON DEL COLCA \u2013 PUNO (2D\/1N) SERVICIO EN GRUPO | Great Trip Titikaka: Tour Peru - Bolivia\" \/>\n<meta property=\"og:description\" content=\"Great Trip: Recojo desde su Hotel, para luego dirigirnos al pueblo de Chivay donde tomaremos nuestro desayuno y luego continuaremos con destino a la Cruz del C\u00f3ndor, en este lugar disfrutaremos del fabuloso vuelo de los C\u00f3ndores.\" \/>\n<meta property=\"og:url\" content=\"https:\/\/www.greattriptitikaka.com\/en\/arequipa-colca-canyon\/arequipa-classic-tours\/trekking-arequipa-colca-puno-2d-group\/\" \/>\n<meta property=\"og:site_name\" content=\"Great Trip Titikaka: Tour Peru - Bolivia\" \/>\n<meta property=\"article:modified_time\" content=\"2024-07-11T23:38:19+00:00\" \/>\n<meta property=\"og:image\" content=\"https:\/\/www.greattriptitikaka.com\/wp-content\/uploads\/2020\/03\/puno-colca-great-trip-titikaka_5.jpg\" \/>\n\t<meta property=\"og:image:width\" content=\"820\" \/>\n\t<meta property=\"og:image:height\" content=\"450\" \/>\n\t<meta property=\"og:image:type\" content=\"image\/jpeg\" \/>\n<meta name=\"twitter:card\" content=\"summary_large_image\" \/>\n<meta name=\"twitter:label1\" content=\"Tiempo de lectura\" \/>\n\t<meta name=\"twitter:data1\" content=\"4 minutos\" \/>\n<script type=\"application\/ld+json\" class=\"yoast-schema-graph\">{\"@context\":\"https:\/\/schema.org\",\"@graph\":[{\"@type\":\"WebPage\",\"@id\":\"https:\/\/www.greattriptitikaka.com\/en\/arequipa-colca-canyon\/arequipa-classic-tours\/trekking-arequipa-colca-puno-2d-group\/\",\"url\":\"https:\/\/www.greattriptitikaka.com\/en\/arequipa-colca-canyon\/arequipa-classic-tours\/trekking-arequipa-colca-puno-2d-group\/\",\"name\":\"TREKKING: AREQUIPA \u2013 CA\u00d1ON DEL COLCA \u2013 PUNO (2D\/1N) SERVICIO EN GRUPO | Great Trip Titikaka: Tour Peru - Bolivia\",\"isPartOf\":{\"@id\":\"https:\/\/www.greattriptitikaka.com\/en\/#website\"},\"primaryImageOfPage\":{\"@id\":\"https:\/\/www.greattriptitikaka.com\/en\/arequipa-colca-canyon\/arequipa-classic-tours\/trekking-arequipa-colca-puno-2d-group\/#primaryimage\"},\"image\":{\"@id\":\"https:\/\/www.greattriptitikaka.com\/en\/arequipa-colca-canyon\/arequipa-classic-tours\/trekking-arequipa-colca-puno-2d-group\/#primaryimage\"},\"thumbnailUrl\":\"https:\/\/www.greattriptitikaka.com\/wp-content\/uploads\/2020\/03\/puno-colca-great-trip-titikaka_5.jpg\",\"datePublished\":\"2020-01-18T01:35:46+00:00\",\"dateModified\":\"2024-07-11T23:38:19+00:00\",\"breadcrumb\":{\"@id\":\"https:\/\/www.greattriptitikaka.com\/en\/arequipa-colca-canyon\/arequipa-classic-tours\/trekking-arequipa-colca-puno-2d-group\/#breadcrumb\"},\"inLanguage\":\"es\",\"potentialAction\":[{\"@type\":\"ReadAction\",\"target\":[\"https:\/\/www.greattriptitikaka.com\/en\/arequipa-colca-canyon\/arequipa-classic-tours\/trekking-arequipa-colca-puno-2d-group\/\"]}]},{\"@type\":\"ImageObject\",\"inLanguage\":\"es\",\"@id\":\"https:\/\/www.greattriptitikaka.com\/en\/arequipa-colca-canyon\/arequipa-classic-tours\/trekking-arequipa-colca-puno-2d-group\/#primaryimage\",\"url\":\"https:\/\/www.greattriptitikaka.com\/wp-content\/uploads\/2020\/03\/puno-colca-great-trip-titikaka_5.jpg\",\"contentUrl\":\"https:\/\/www.greattriptitikaka.com\/wp-content\/uploads\/2020\/03\/puno-colca-great-trip-titikaka_5.jpg\",\"width\":820,\"height\":450},{\"@type\":\"BreadcrumbList\",\"@id\":\"https:\/\/www.greattriptitikaka.com\/en\/arequipa-colca-canyon\/arequipa-classic-tours\/trekking-arequipa-colca-puno-2d-group\/#breadcrumb\",\"itemListElement\":[{\"@type\":\"ListItem\",\"position\":1,\"name\":\"Portada\",\"item\":\"https:\/\/www.greattriptitikaka.com\/en\/\"},{\"@type\":\"ListItem\",\"position\":2,\"name\":\"AREQUIPA &#8211; COLCA CANYON\",\"item\":\"https:\/\/www.greattriptitikaka.com\/en\/arequipa-colca-canyon\/\"},{\"@type\":\"ListItem\",\"position\":3,\"name\":\"AREQUIPA: CLASSIC TOURS\",\"item\":\"https:\/\/www.greattriptitikaka.com\/en\/arequipa-colca-canyon\/arequipa-classic-tours\/\"},{\"@type\":\"ListItem\",\"position\":4,\"name\":\"TREKKING: AREQUIPA \u2013 COLCA CANYON \u2013 PUNO (2D\/1N) GROUP SERVICE\"}]},{\"@type\":\"WebSite\",\"@id\":\"https:\/\/www.greattriptitikaka.com\/en\/#website\",\"url\":\"https:\/\/www.greattriptitikaka.com\/en\/\",\"name\":\"GREAT TRIP TITIKAKA\",\"description\":\"GREAT TRIP &lt;span&gt;TITIKAKA&lt;\/span&gt;\",\"publisher\":{\"@id\":\"https:\/\/www.greattriptitikaka.com\/en\/#organization\"},\"potentialAction\":[{\"@type\":\"SearchAction\",\"target\":{\"@type\":\"EntryPoint\",\"urlTemplate\":\"https:\/\/www.greattriptitikaka.com\/en\/?s={search_term_string}\"},\"query-input\":\"required name=search_term_string\"}],\"inLanguage\":\"es\"},{\"@type\":\"Organization\",\"@id\":\"https:\/\/www.greattriptitikaka.com\/en\/#organization\",\"name\":\"GREAT TRIP WORLD E.I.R.L.\",\"url\":\"https:\/\/www.greattriptitikaka.com\/en\/\",\"logo\":{\"@type\":\"ImageObject\",\"inLanguage\":\"es\",\"@id\":\"https:\/\/www.greattriptitikaka.com\/en\/#\/schema\/logo\/image\/\",\"url\":\"https:\/\/www.greattriptitikaka.com\/wp-content\/uploads\/2024\/07\/logo.svg\",\"contentUrl\":\"https:\/\/www.greattriptitikaka.com\/wp-content\/uploads\/2024\/07\/logo.svg\",\"width\":1972,\"height\":815,\"caption\":\"GREAT TRIP WORLD E.I.R.L.\"},\"image\":{\"@id\":\"https:\/\/www.greattriptitikaka.com\/en\/#\/schema\/logo\/image\/\"}}]}<\/script>\n<!-- \/ Yoast SEO plugin. -->","yoast_head_json":{"title":"TREKKING: AREQUIPA \u2013 CA\u00d1ON DEL COLCA \u2013 PUNO (2D\/1N) SERVICIO EN GRUPO | Great Trip Titikaka: Tour Peru - Bolivia","robots":{"index":"index","follow":"follow","max-snippet":"max-snippet:-1","max-image-preview":"max-image-preview:large","max-video-preview":"max-video-preview:-1"},"canonical":"https:\/\/www.greattriptitikaka.com\/en\/arequipa-colca-canyon\/arequipa-classic-tours\/trekking-arequipa-colca-puno-2d-group\/","og_locale":"es_ES","og_type":"article","og_title":"TREKKING: AREQUIPA \u2013 CA\u00d1ON DEL COLCA \u2013 PUNO (2D\/1N) SERVICIO EN GRUPO | Great Trip Titikaka: Tour Peru - Bolivia","og_description":"Great Trip: Recojo desde su Hotel, para luego dirigirnos al pueblo de Chivay donde tomaremos nuestro desayuno y luego continuaremos con destino a la Cruz del C\u00f3ndor, en este lugar disfrutaremos del fabuloso vuelo de los C\u00f3ndores.","og_url":"https:\/\/www.greattriptitikaka.com\/en\/arequipa-colca-canyon\/arequipa-classic-tours\/trekking-arequipa-colca-puno-2d-group\/","og_site_name":"Great Trip Titikaka: Tour Peru - Bolivia","article_modified_time":"2024-07-11T23:38:19+00:00","og_image":[{"width":820,"height":450,"url":"https:\/\/www.greattriptitikaka.com\/wp-content\/uploads\/2020\/03\/puno-colca-great-trip-titikaka_5.jpg","type":"image\/jpeg"}],"twitter_card":"summary_large_image","twitter_misc":{"Tiempo de lectura":"4 minutos"},"schema":{"@context":"https:\/\/schema.org","@graph":[{"@type":"WebPage","@id":"https:\/\/www.greattriptitikaka.com\/en\/arequipa-colca-canyon\/arequipa-classic-tours\/trekking-arequipa-colca-puno-2d-group\/","url":"https:\/\/www.greattriptitikaka.com\/en\/arequipa-colca-canyon\/arequipa-classic-tours\/trekking-arequipa-colca-puno-2d-group\/","name":"TREKKING: AREQUIPA \u2013 CA\u00d1ON DEL COLCA \u2013 PUNO (2D\/1N) SERVICIO EN GRUPO | Great Trip Titikaka: Tour Peru - Bolivia","isPartOf":{"@id":"https:\/\/www.greattriptitikaka.com\/en\/#website"},"primaryImageOfPage":{"@id":"https:\/\/www.greattriptitikaka.com\/en\/arequipa-colca-canyon\/arequipa-classic-tours\/trekking-arequipa-colca-puno-2d-group\/#primaryimage"},"image":{"@id":"https:\/\/www.greattriptitikaka.com\/en\/arequipa-colca-canyon\/arequipa-classic-tours\/trekking-arequipa-colca-puno-2d-group\/#primaryimage"},"thumbnailUrl":"https:\/\/www.greattriptitikaka.com\/wp-content\/uploads\/2020\/03\/puno-colca-great-trip-titikaka_5.jpg","datePublished":"2020-01-18T01:35:46+00:00","dateModified":"2024-07-11T23:38:19+00:00","breadcrumb":{"@id":"https:\/\/www.greattriptitikaka.com\/en\/arequipa-colca-canyon\/arequipa-classic-tours\/trekking-arequipa-colca-puno-2d-group\/#breadcrumb"},"inLanguage":"es","potentialAction":[{"@type":"ReadAction","target":["https:\/\/www.greattriptitikaka.com\/en\/arequipa-colca-canyon\/arequipa-classic-tours\/trekking-arequipa-colca-puno-2d-group\/"]}]},{"@type":"ImageObject","inLanguage":"es","@id":"https:\/\/www.greattriptitikaka.com\/en\/arequipa-colca-canyon\/arequipa-classic-tours\/trekking-arequipa-colca-puno-2d-group\/#primaryimage","url":"https:\/\/www.greattriptitikaka.com\/wp-content\/uploads\/2020\/03\/puno-colca-great-trip-titikaka_5.jpg","contentUrl":"https:\/\/www.greattriptitikaka.com\/wp-content\/uploads\/2020\/03\/puno-colca-great-trip-titikaka_5.jpg","width":820,"height":450},{"@type":"BreadcrumbList","@id":"https:\/\/www.greattriptitikaka.com\/en\/arequipa-colca-canyon\/arequipa-classic-tours\/trekking-arequipa-colca-puno-2d-group\/#breadcrumb","itemListElement":[{"@type":"ListItem","position":1,"name":"Portada","item":"https:\/\/www.greattriptitikaka.com\/en\/"},{"@type":"ListItem","position":2,"name":"AREQUIPA &#8211; COLCA CANYON","item":"https:\/\/www.greattriptitikaka.com\/en\/arequipa-colca-canyon\/"},{"@type":"ListItem","position":3,"name":"AREQUIPA: CLASSIC TOURS","item":"https:\/\/www.greattriptitikaka.com\/en\/arequipa-colca-canyon\/arequipa-classic-tours\/"},{"@type":"ListItem","position":4,"name":"TREKKING: AREQUIPA \u2013 COLCA CANYON \u2013 PUNO (2D\/1N) GROUP SERVICE"}]},{"@type":"WebSite","@id":"https:\/\/www.greattriptitikaka.com\/en\/#website","url":"https:\/\/www.greattriptitikaka.com\/en\/","name":"GREAT TRIP TITIKAKA","description":"GREAT TRIP &lt;span&gt;TITIKAKA&lt;\/span&gt;","publisher":{"@id":"https:\/\/www.greattriptitikaka.com\/en\/#organization"},"potentialAction":[{"@type":"SearchAction","target":{"@type":"EntryPoint","urlTemplate":"https:\/\/www.greattriptitikaka.com\/en\/?s={search_term_string}"},"query-input":"required name=search_term_string"}],"inLanguage":"es"},{"@type":"Organization","@id":"https:\/\/www.greattriptitikaka.com\/en\/#organization","name":"GREAT TRIP WORLD E.I.R.L.","url":"https:\/\/www.greattriptitikaka.com\/en\/","logo":{"@type":"ImageObject","inLanguage":"es","@id":"https:\/\/www.greattriptitikaka.com\/en\/#\/schema\/logo\/image\/","url":"https:\/\/www.greattriptitikaka.com\/wp-content\/uploads\/2024\/07\/logo.svg","contentUrl":"https:\/\/www.greattriptitikaka.com\/wp-content\/uploads\/2024\/07\/logo.svg","width":1972,"height":815,"caption":"GREAT TRIP WORLD E.I.R.L."},"image":{"@id":"https:\/\/www.greattriptitikaka.com\/en\/#\/schema\/logo\/image\/"}}]}},"_links":{"self":[{"href":"https:\/\/www.greattriptitikaka.com\/es\/wp-json\/wp\/v2\/pages\/147"}],"collection":[{"href":"https:\/\/www.greattriptitikaka.com\/es\/wp-json\/wp\/v2\/pages"}],"about":[{"href":"https:\/\/www.greattriptitikaka.com\/es\/wp-json\/wp\/v2\/types\/page"}],"author":[{"embeddable":true,"href":"https:\/\/www.greattriptitikaka.com\/es\/wp-json\/wp\/v2\/users\/2"}],"replies":[{"embeddable":true,"href":"https:\/\/www.greattriptitikaka.com\/es\/wp-json\/wp\/v2\/comments?post=147"}],"version-history":[{"count":0,"href":"https:\/\/www.greattriptitikaka.com\/es\/wp-json\/wp\/v2\/pages\/147\/revisions"}],"up":[{"embeddable":true,"href":"https:\/\/www.greattriptitikaka.com\/es\/wp-json\/wp\/v2\/pages\/1074"}],"wp:featuredmedia":[{"embeddable":true,"href":"https:\/\/www.greattriptitikaka.com\/es\/wp-json\/wp\/v2\/media\/769"}],"wp:attachment":[{"href":"https:\/\/www.greattriptitikaka.com\/es\/wp-json\/wp\/v2\/media?parent=147"}],"curies":[{"name":"wp","href":"https:\/\/api.w.org\/{rel}","templated":true}]}}