{"id":160,"date":"2020-01-27T09:48:12","date_gmt":"2020-01-27T14:48:12","guid":{"rendered":"https:\/\/www.greattriptitikaka.com\/?page_id=160"},"modified":"2024-07-11T18:39:31","modified_gmt":"2024-07-11T23:39:31","slug":"uyuni-colchani-isla-de-pescado-uyuni-full-day-compartido","status":"publish","type":"page","link":"https:\/\/www.greattriptitikaka.com\/es\/bolivia-salar-de-uyuni\/bolivia-tours-clasicos\/uyuni-colchani-isla-pescado-full-day\/","title":{"rendered":"UYUNI \u2013 COLCHANI \u2013 ISLA DE PESCADO \u2013 UYUNI FULL DAY COMPARTIDO"},"content":{"rendered":"<p><\/p>\n<p>Este tour tiene una duraci\u00f3n de 7 horas aprox. El Salar m\u00e1s grande del mundo, visitaremos la Isla Incahuasi y cementerio de trenes.<\/p>\n<p><!--more--><\/p>\n<div class=\"in-block no-border\">\n<div id=\"ph-multi-160\" class=\"carousel ph-slider tour-slider slide\" data-ride=\"carousel\" data-interval=\"4000\" data-pause=\"hover\">\n<ol class=\"carousel-indicators\">\n<li data-target=\"#ph-multi-160\" data-slide-to=\"0\" class=\"active\"><\/li>\n<li data-target=\"#ph-multi-160\" data-slide-to=\"1\"><\/li>\n<li data-target=\"#ph-multi-160\" data-slide-to=\"2\"><\/li>\n<li data-target=\"#ph-multi-160\" data-slide-to=\"3\"><\/li>\n<\/ol>\n<div class=\"carousel-inner\" role=\"listbox\">\n<div class=\"slide-loader\"><\/div>\n<div class=\"item active\"><img loading=\"lazy\" decoding=\"async\" class=\"alignnone size-full wp-image-880\" src=\"https:\/\/www.greattriptitikaka.com\/wp-content\/uploads\/2020\/03\/salar-uyuni-isla-escadores-bolivia_2.jpg\" alt=\"\" width=\"820\" height=\"450\" srcset=\"https:\/\/www.greattriptitikaka.com\/wp-content\/uploads\/2020\/03\/salar-uyuni-isla-escadores-bolivia_2.jpg 820w, https:\/\/www.greattriptitikaka.com\/wp-content\/uploads\/2020\/03\/salar-uyuni-isla-escadores-bolivia_2-600x329.jpg 600w, https:\/\/www.greattriptitikaka.com\/wp-content\/uploads\/2020\/03\/salar-uyuni-isla-escadores-bolivia_2-768x421.jpg 768w, https:\/\/www.greattriptitikaka.com\/wp-content\/uploads\/2020\/03\/salar-uyuni-isla-escadores-bolivia_2-60x33.jpg 60w\" sizes=\"(max-width: 820px) 100vw, 820px\" \/><\/div>\n<div class=\"item\"><img loading=\"lazy\" decoding=\"async\" class=\"alignnone size-full wp-image-865\" src=\"https:\/\/www.greattriptitikaka.com\/wp-content\/uploads\/2020\/03\/salar-uyuni-la.paz-bolivia_1.jpg\" alt=\"\" width=\"820\" height=\"450\" srcset=\"https:\/\/www.greattriptitikaka.com\/wp-content\/uploads\/2020\/03\/salar-uyuni-la.paz-bolivia_1.jpg 820w, https:\/\/www.greattriptitikaka.com\/wp-content\/uploads\/2020\/03\/salar-uyuni-la.paz-bolivia_1-600x329.jpg 600w, https:\/\/www.greattriptitikaka.com\/wp-content\/uploads\/2020\/03\/salar-uyuni-la.paz-bolivia_1-768x421.jpg 768w, https:\/\/www.greattriptitikaka.com\/wp-content\/uploads\/2020\/03\/salar-uyuni-la.paz-bolivia_1-60x33.jpg 60w\" sizes=\"(max-width: 820px) 100vw, 820px\" \/> <\/div>\n<div class=\"item\"><img loading=\"lazy\" decoding=\"async\" class=\"alignnone size-full wp-image-879\" src=\"https:\/\/www.greattriptitikaka.com\/wp-content\/uploads\/2020\/03\/salar-uyuni-isla-escadores-bolivia_1.jpg\" alt=\"\" width=\"820\" height=\"450\" srcset=\"https:\/\/www.greattriptitikaka.com\/wp-content\/uploads\/2020\/03\/salar-uyuni-isla-escadores-bolivia_1.jpg 820w, https:\/\/www.greattriptitikaka.com\/wp-content\/uploads\/2020\/03\/salar-uyuni-isla-escadores-bolivia_1-600x329.jpg 600w, https:\/\/www.greattriptitikaka.com\/wp-content\/uploads\/2020\/03\/salar-uyuni-isla-escadores-bolivia_1-768x421.jpg 768w, https:\/\/www.greattriptitikaka.com\/wp-content\/uploads\/2020\/03\/salar-uyuni-isla-escadores-bolivia_1-60x33.jpg 60w\" sizes=\"(max-width: 820px) 100vw, 820px\" \/> <\/div>\n<div class=\"item\"><img loading=\"lazy\" decoding=\"async\" class=\"alignnone size-full wp-image-869\" src=\"https:\/\/www.greattriptitikaka.com\/wp-content\/uploads\/2020\/03\/salar-uyuni-la.paz-bolivia_5.jpg\" alt=\"\" width=\"820\" height=\"450\" srcset=\"https:\/\/www.greattriptitikaka.com\/wp-content\/uploads\/2020\/03\/salar-uyuni-la.paz-bolivia_5.jpg 820w, https:\/\/www.greattriptitikaka.com\/wp-content\/uploads\/2020\/03\/salar-uyuni-la.paz-bolivia_5-600x329.jpg 600w, https:\/\/www.greattriptitikaka.com\/wp-content\/uploads\/2020\/03\/salar-uyuni-la.paz-bolivia_5-768x421.jpg 768w, https:\/\/www.greattriptitikaka.com\/wp-content\/uploads\/2020\/03\/salar-uyuni-la.paz-bolivia_5-60x33.jpg 60w\" sizes=\"(max-width: 820px) 100vw, 820px\" \/><\/p>\n<\/div>\n<p><a class=\"carousel-control left\" href=\"#ph-multi-160\" data-slide=\"prev\"><i class=\"icon icon-arrow-left\"><\/i><\/a><a class=\"carousel-control right\" href=\"#ph-multi-160\" data-slide=\"next\"><i class=\"icon icon-arrow-right\"><\/i><\/a><\/div>\n<\/div>\n<\/div>\n<nav id=\"menu-anchor\" class=\"menu-anchor\">\n<div class=\"container-fluid\">\n<ul class=\"tab-navi\">\n<li id=\"item-1\" class=\"tab-item\"><a href=\"javascript:void(0)\">Resumen<\/a><\/li>\n<li id=\"item-2\" class=\"tab-item\"><a href=\"javascript:void(0)\"> Incluye<\/a><\/li>\n<li id=\"item-3\" class=\"tab-item\"><a href=\"javascript:void(0)\"> Precios<\/a><\/li>\n<li id=\"item-4\" class=\"tab-item\"><a href=\"javascript:void(0)\"> Qu\u00e9 llevar<\/a><\/li>\n<li id=\"item-5\" class=\"tab-item\"><a href=\"javascript:void(0)\"> Itinerario<\/a><\/li>\n<li id=\"item-testimonials\" class=\"tab-item\"><a href=\"javascript:void(0)\"> Rese\u00f1as<\/a><\/li>\n<\/ul>\n<\/div>\n<\/nav>\n<h3>RESUMEN:<\/h3>\n<h1 class=\"page-title \">UYUNI \u2013 COLCHANI \u2013 ISLA DE PESCADO \u2013 UYUNI FULL DAY COMPARTIDO<\/h1>\n<div class=\"glsr glsr-default\" id=\"glsr_63f58dfd\" data-from=\"shortcode\" data-shortcode=\"site_reviews_summary\" data-hide=\"[&quot;rating&quot;]\">\n<div class=\"glsr-summary-wrap\">\n<div class=\"glsr-summary\">\n<div class=\"glsr-summary-stars\">\n<div class=\"glsr-star-rating glsr-stars\" role=\"img\" aria-label=\"Rated 3 out of 5 stars based on 1 ratings\" data-rating=\"3\" data-reviews=\"1\"><span class=\"glsr-star glsr-star-full\" aria-hidden=\"true\"><\/span><span class=\"glsr-star glsr-star-full\" aria-hidden=\"true\"><\/span><span class=\"glsr-star glsr-star-full\" aria-hidden=\"true\"><\/span><span class=\"glsr-star glsr-star-empty\" aria-hidden=\"true\"><\/span><span class=\"glsr-star glsr-star-empty\" aria-hidden=\"true\"><\/span><\/div>\n<\/div>\n<div class=\"glsr-summary-text\"><span class=\"glsr-tag-value\">3,0 de 5 estrellas (basado en 1 rese\u00f1a)<\/span><\/div>\n<div class=\"glsr-summary-percentages\">\n<div class=\"glsr-bar\" data-level=\"5\"><span class=\"glsr-bar-label\">Excelente<\/span><span class=\"glsr-bar-background\"><span class=\"glsr-bar-background-percent\" style=\"width:0%\"><\/span><\/span><span class=\"glsr-bar-percent\">0%<\/span><\/div>\n<div class=\"glsr-bar\" data-level=\"4\"><span class=\"glsr-bar-label\">Muy buena<\/span><span class=\"glsr-bar-background\"><span class=\"glsr-bar-background-percent\" style=\"width:0%\"><\/span><\/span><span class=\"glsr-bar-percent\">0%<\/span><\/div>\n<div class=\"glsr-bar\" data-level=\"3\"><span class=\"glsr-bar-label\">Media<\/span><span class=\"glsr-bar-background\"><span class=\"glsr-bar-background-percent\" style=\"width:100%\"><\/span><\/span><span class=\"glsr-bar-percent\">100%<\/span><\/div>\n<div class=\"glsr-bar\" data-level=\"2\"><span class=\"glsr-bar-label\">Mala<\/span><span class=\"glsr-bar-background\"><span class=\"glsr-bar-background-percent\" style=\"width:0%\"><\/span><\/span><span class=\"glsr-bar-percent\">0%<\/span><\/div>\n<div class=\"glsr-bar\" data-level=\"1\"><span class=\"glsr-bar-label\">Muy mala<\/span><span class=\"glsr-bar-background\"><span class=\"glsr-bar-background-percent\" style=\"width:0%\"><\/span><\/span><span class=\"glsr-bar-percent\">0%<\/span><\/div>\n<\/div><\/div>\n<\/div>\n<\/div>\n<div class=\"row\">\n<div class=\"col-sm-12\">\n<p class=\"condition-wrap\"><span class=\"badge badge-orange\"><i class=\"icon icon-check\"><\/i> Servicio operativo<\/span><span class=\"badge badge-green-dark ph-tooltip ph-tooltip-medium\" data-title=\"Si anulas tu reserva hasta 48 horas antes del inicio de la actividad, te devolveremos el 100% del adelanto que pagaste para realizar la reserva.\">Anulaci\u00f3n gratuita<\/span><span class=\"badge badge-green ph-tooltip ph-tooltip-medium\" data-title=\"Puedes reprogramar tu reserva sin costo adicional hasta 48 horas antes del inicio de la actividad.\">Reprogramaci\u00f3n gratuita<\/span><\/p>\n<\/div>\n<\/div>\n<p><em>Este tour tiene una duraci\u00f3n de 7 horas aprox. El Salar m\u00e1s grande del mundo, visitaremos la Isla Incahuasi y cementerio de trenes.<\/em><\/p>\n<hr \/>\n<div class=\"row\">\n<div class=\"col-sm-4 tour-summary\">\n<h5 class=\"summary-title\"><i class=\"icon icon-dollars\"><\/i> Precio por persona<\/h5>\n<p class=\"summary-price\"><b>Desde:<\/b> USD 38.00<\/p>\n<\/div>\n<div class=\"col-sm-4 tour-summary\">\n<h5 class=\"summary-title\"><i class=\"icon icon-clock\"><\/i> Horarios<\/h5>\n<ul class=\"summary-price\">\n<li>10:15 AM a 5:30 PM<\/li>\n<\/ul>\n<\/div>\n<div class=\"col-sm-4 tour-summary\">\n<h5 class=\"summary-title\"><i class=\"icon icon-dollars\"><\/i> Duraci\u00f3n<\/h5>\n<p class=\"summary-price\">7 horas y 15 minutos aprox. <\/p>\n<\/div>\n<\/div>\n<hr \/>\n<h3><span style=\"color: #ca640b;\">NUESTROS SERVICIOS INCLUYEN \/ NO INCLUYEN:<\/span><\/h3>\n<div class=\"row\">\n<div class=\"col-sm-6 column yes\">\n<ul>\n<li>Jeep (Land Cruise 4&#215;4) compartido (de 07 asientos).<\/li>\n<li>Gu\u00eda conductor en espa\u00f1ol.<\/li>\n<li>Almuerzo.<\/li>\n<\/ul>\n<\/div>\n<div class=\"col-sm-6 column not\">\n<ul>\n<li>Gastos extras que no est\u00e9n escritos ni mencionados.<\/li>\n<li>Agua durante el tour.<\/li>\n<li>Desayuno y cena.<\/li>\n<li>Isla Incahuasi\u00a0 bs30.<\/li>\n<\/ul>\n<\/div>\n<\/div>\n<hr \/>\n<h3><span style=\"color: #ca640b;\">PRECIOS:<\/span><\/h3>\n<ul>\n<li>Adulto: US$ 38. por persona.<\/li>\n<li>Ni\u00f1o (6 a 12 a\u00f1os): US$ 35. Por persona.<\/li>\n<li>Infante (0 a 5 a\u00f1os): Sin cargo.<\/li>\n<\/ul>\n<hr \/>\n<h3><span style=\"color: #ca640b;\">RECOMENDACIONES:<\/span><\/h3>\n<ul>\n<li>Botella de agua, frutas o snack.<\/li>\n<li>Mochila mediana con cosas necesarias.<\/li>\n<li>C\u00e1mara fotogr\u00e1fica.<\/li>\n<li>Bloqueador solar y gorra.<\/li>\n<li>Zapatos c\u00f3modos y planos.<\/li>\n<li>Dinero en efectivo para compras.<\/li>\n<li>Lentes negros de sol.<\/li>\n<\/ul>\n<hr \/>\n<h3><span style=\"color: #ca640b;\">ITINERARIO:<\/span><\/h3>\n<p>10:15h. Salimos desde Uyuni en grupo de 06 personas, Nuestra primera parada en el cementerio de trenes en la que visitaremos locomotoras muy antiguas desde la era del carb\u00f3n, luego el pueblo Colchani donde se procesa la sal artesanalmente que es una de las principales fuentes para la econom\u00eda del lugar adem\u00e1s del turismo y el museo de sal.<\/p>\n<p>Pasaremos por una peque\u00f1a isla en donde se han colocado las banderas de diversos pa\u00edses del mundo y finalmente visitaremos la Isla del Pescado, que es una clara muestra de los restos de un volc\u00e1n extinto en donde hoy en d\u00eda se puede apreciar un bosque de c\u00e1ctus que llegan a medir hasta 10 metros de altura.<\/p>\n<p>Retornaremos a Uyuni aproximadamente a las 17:30 horas. Dej\u00e1ndote en el punto en donde iniciamos para que puedas ir a tu hotel, la terminal de buses o el aeropuerto.<\/p>\n<p><\/p>","protected":false},"excerpt":{"rendered":"<p>Este tour tiene una duraci\u00f3n de 7 horas aprox. El Salar m\u00e1s grande del mundo, visitaremos la Isla Incahuasi y cementerio de trenes.<\/p>\n","protected":false},"author":2,"featured_media":880,"parent":1078,"menu_order":1,"comment_status":"closed","ping_status":"closed","template":"page-tour.php","meta":{"_glsr_average":0,"_glsr_ranking":0,"_glsr_reviews":0,"footnotes":""},"class_list":["post-160","page","type-page","status-publish","has-post-thumbnail","hentry"],"yoast_head":"<!-- This site is optimized with the Yoast SEO plugin v23.0 - https:\/\/yoast.com\/wordpress\/plugins\/seo\/ -->\n<title>UYUNI \u2013 COLCHANI \u2013 ISLA DE PESCADO \u2013 UYUNI FULL DAY COMPARTIDO | Great Trip Titikaka: Tour Peru - Bolivia<\/title>\n<meta name=\"robots\" content=\"index, follow, max-snippet:-1, max-image-preview:large, max-video-preview:-1\" \/>\n<link rel=\"canonical\" href=\"https:\/\/www.greattriptitikaka.com\/en\/bolivia-salt-flat-of-uyuni\/bolivia-classic-tours\/uyuni-colchani-fish-island-full-day\/\" \/>\n<meta property=\"og:locale\" content=\"es_ES\" \/>\n<meta property=\"og:type\" content=\"article\" \/>\n<meta property=\"og:title\" content=\"UYUNI \u2013 COLCHANI \u2013 ISLA DE PESCADO \u2013 UYUNI FULL DAY COMPARTIDO | Great Trip Titikaka: Tour Peru - Bolivia\" \/>\n<meta property=\"og:description\" content=\"Este tour tiene una duraci\u00f3n de 7 horas aprox. El Salar m\u00e1s grande del mundo, visitaremos la Isla Incahuasi y cementerio de trenes.\" \/>\n<meta property=\"og:url\" content=\"https:\/\/www.greattriptitikaka.com\/en\/bolivia-salt-flat-of-uyuni\/bolivia-classic-tours\/uyuni-colchani-fish-island-full-day\/\" \/>\n<meta property=\"og:site_name\" content=\"Great Trip Titikaka: Tour Peru - Bolivia\" \/>\n<meta property=\"article:modified_time\" content=\"2024-07-11T23:39:31+00:00\" \/>\n<meta property=\"og:image\" content=\"https:\/\/www.greattriptitikaka.com\/wp-content\/uploads\/2020\/03\/salar-uyuni-isla-escadores-bolivia_2.jpg\" \/>\n\t<meta property=\"og:image:width\" content=\"820\" \/>\n\t<meta property=\"og:image:height\" content=\"450\" \/>\n\t<meta property=\"og:image:type\" content=\"image\/jpeg\" \/>\n<meta name=\"twitter:card\" content=\"summary_large_image\" \/>\n<meta name=\"twitter:label1\" content=\"Tiempo de lectura\" \/>\n\t<meta name=\"twitter:data1\" content=\"3 minutos\" \/>\n<script type=\"application\/ld+json\" class=\"yoast-schema-graph\">{\"@context\":\"https:\/\/schema.org\",\"@graph\":[{\"@type\":\"WebPage\",\"@id\":\"https:\/\/www.greattriptitikaka.com\/en\/bolivia-salt-flat-of-uyuni\/bolivia-classic-tours\/uyuni-colchani-fish-island-full-day\/\",\"url\":\"https:\/\/www.greattriptitikaka.com\/en\/bolivia-salt-flat-of-uyuni\/bolivia-classic-tours\/uyuni-colchani-fish-island-full-day\/\",\"name\":\"UYUNI \u2013 COLCHANI \u2013 ISLA DE PESCADO \u2013 UYUNI FULL DAY COMPARTIDO | Great Trip Titikaka: Tour Peru - Bolivia\",\"isPartOf\":{\"@id\":\"https:\/\/www.greattriptitikaka.com\/en\/#website\"},\"primaryImageOfPage\":{\"@id\":\"https:\/\/www.greattriptitikaka.com\/en\/bolivia-salt-flat-of-uyuni\/bolivia-classic-tours\/uyuni-colchani-fish-island-full-day\/#primaryimage\"},\"image\":{\"@id\":\"https:\/\/www.greattriptitikaka.com\/en\/bolivia-salt-flat-of-uyuni\/bolivia-classic-tours\/uyuni-colchani-fish-island-full-day\/#primaryimage\"},\"thumbnailUrl\":\"https:\/\/www.greattriptitikaka.com\/wp-content\/uploads\/2020\/03\/salar-uyuni-isla-escadores-bolivia_2.jpg\",\"datePublished\":\"2020-01-27T14:48:12+00:00\",\"dateModified\":\"2024-07-11T23:39:31+00:00\",\"breadcrumb\":{\"@id\":\"https:\/\/www.greattriptitikaka.com\/en\/bolivia-salt-flat-of-uyuni\/bolivia-classic-tours\/uyuni-colchani-fish-island-full-day\/#breadcrumb\"},\"inLanguage\":\"es\",\"potentialAction\":[{\"@type\":\"ReadAction\",\"target\":[\"https:\/\/www.greattriptitikaka.com\/en\/bolivia-salt-flat-of-uyuni\/bolivia-classic-tours\/uyuni-colchani-fish-island-full-day\/\"]}]},{\"@type\":\"ImageObject\",\"inLanguage\":\"es\",\"@id\":\"https:\/\/www.greattriptitikaka.com\/en\/bolivia-salt-flat-of-uyuni\/bolivia-classic-tours\/uyuni-colchani-fish-island-full-day\/#primaryimage\",\"url\":\"https:\/\/www.greattriptitikaka.com\/wp-content\/uploads\/2020\/03\/salar-uyuni-isla-escadores-bolivia_2.jpg\",\"contentUrl\":\"https:\/\/www.greattriptitikaka.com\/wp-content\/uploads\/2020\/03\/salar-uyuni-isla-escadores-bolivia_2.jpg\",\"width\":820,\"height\":450},{\"@type\":\"BreadcrumbList\",\"@id\":\"https:\/\/www.greattriptitikaka.com\/en\/bolivia-salt-flat-of-uyuni\/bolivia-classic-tours\/uyuni-colchani-fish-island-full-day\/#breadcrumb\",\"itemListElement\":[{\"@type\":\"ListItem\",\"position\":1,\"name\":\"Portada\",\"item\":\"https:\/\/www.greattriptitikaka.com\/en\/\"},{\"@type\":\"ListItem\",\"position\":2,\"name\":\"BOLIVIA &#8211; SALT FLAT OF UYUNI\",\"item\":\"https:\/\/www.greattriptitikaka.com\/en\/bolivia-salt-flat-of-uyuni\/\"},{\"@type\":\"ListItem\",\"position\":3,\"name\":\"BOLIVIA: CLASSIC TOURS\",\"item\":\"https:\/\/www.greattriptitikaka.com\/en\/bolivia-salt-flat-of-uyuni\/bolivia-classic-tours\/\"},{\"@type\":\"ListItem\",\"position\":4,\"name\":\"UYUNI \u2013 COLCHANI \u2013 FISH ISLAND \u2013 SHARED FULL DAY UYUNI\"}]},{\"@type\":\"WebSite\",\"@id\":\"https:\/\/www.greattriptitikaka.com\/en\/#website\",\"url\":\"https:\/\/www.greattriptitikaka.com\/en\/\",\"name\":\"GREAT TRIP TITIKAKA\",\"description\":\"GREAT TRIP &lt;span&gt;TITIKAKA&lt;\/span&gt;\",\"publisher\":{\"@id\":\"https:\/\/www.greattriptitikaka.com\/en\/#organization\"},\"potentialAction\":[{\"@type\":\"SearchAction\",\"target\":{\"@type\":\"EntryPoint\",\"urlTemplate\":\"https:\/\/www.greattriptitikaka.com\/en\/?s={search_term_string}\"},\"query-input\":\"required name=search_term_string\"}],\"inLanguage\":\"es\"},{\"@type\":\"Organization\",\"@id\":\"https:\/\/www.greattriptitikaka.com\/en\/#organization\",\"name\":\"GREAT TRIP WORLD E.I.R.L.\",\"url\":\"https:\/\/www.greattriptitikaka.com\/en\/\",\"logo\":{\"@type\":\"ImageObject\",\"inLanguage\":\"es\",\"@id\":\"https:\/\/www.greattriptitikaka.com\/en\/#\/schema\/logo\/image\/\",\"url\":\"https:\/\/www.greattriptitikaka.com\/wp-content\/uploads\/2024\/07\/logo.svg\",\"contentUrl\":\"https:\/\/www.greattriptitikaka.com\/wp-content\/uploads\/2024\/07\/logo.svg\",\"width\":1972,\"height\":815,\"caption\":\"GREAT TRIP WORLD E.I.R.L.\"},\"image\":{\"@id\":\"https:\/\/www.greattriptitikaka.com\/en\/#\/schema\/logo\/image\/\"}}]}<\/script>\n<!-- \/ Yoast SEO plugin. -->","yoast_head_json":{"title":"UYUNI \u2013 COLCHANI \u2013 ISLA DE PESCADO \u2013 UYUNI FULL DAY COMPARTIDO | Great Trip Titikaka: Tour Peru - Bolivia","robots":{"index":"index","follow":"follow","max-snippet":"max-snippet:-1","max-image-preview":"max-image-preview:large","max-video-preview":"max-video-preview:-1"},"canonical":"https:\/\/www.greattriptitikaka.com\/en\/bolivia-salt-flat-of-uyuni\/bolivia-classic-tours\/uyuni-colchani-fish-island-full-day\/","og_locale":"es_ES","og_type":"article","og_title":"UYUNI \u2013 COLCHANI \u2013 ISLA DE PESCADO \u2013 UYUNI FULL DAY COMPARTIDO | Great Trip Titikaka: Tour Peru - Bolivia","og_description":"Este tour tiene una duraci\u00f3n de 7 horas aprox. El Salar m\u00e1s grande del mundo, visitaremos la Isla Incahuasi y cementerio de trenes.","og_url":"https:\/\/www.greattriptitikaka.com\/en\/bolivia-salt-flat-of-uyuni\/bolivia-classic-tours\/uyuni-colchani-fish-island-full-day\/","og_site_name":"Great Trip Titikaka: Tour Peru - Bolivia","article_modified_time":"2024-07-11T23:39:31+00:00","og_image":[{"width":820,"height":450,"url":"https:\/\/www.greattriptitikaka.com\/wp-content\/uploads\/2020\/03\/salar-uyuni-isla-escadores-bolivia_2.jpg","type":"image\/jpeg"}],"twitter_card":"summary_large_image","twitter_misc":{"Tiempo de lectura":"3 minutos"},"schema":{"@context":"https:\/\/schema.org","@graph":[{"@type":"WebPage","@id":"https:\/\/www.greattriptitikaka.com\/en\/bolivia-salt-flat-of-uyuni\/bolivia-classic-tours\/uyuni-colchani-fish-island-full-day\/","url":"https:\/\/www.greattriptitikaka.com\/en\/bolivia-salt-flat-of-uyuni\/bolivia-classic-tours\/uyuni-colchani-fish-island-full-day\/","name":"UYUNI \u2013 COLCHANI \u2013 ISLA DE PESCADO \u2013 UYUNI FULL DAY COMPARTIDO | Great Trip Titikaka: Tour Peru - Bolivia","isPartOf":{"@id":"https:\/\/www.greattriptitikaka.com\/en\/#website"},"primaryImageOfPage":{"@id":"https:\/\/www.greattriptitikaka.com\/en\/bolivia-salt-flat-of-uyuni\/bolivia-classic-tours\/uyuni-colchani-fish-island-full-day\/#primaryimage"},"image":{"@id":"https:\/\/www.greattriptitikaka.com\/en\/bolivia-salt-flat-of-uyuni\/bolivia-classic-tours\/uyuni-colchani-fish-island-full-day\/#primaryimage"},"thumbnailUrl":"https:\/\/www.greattriptitikaka.com\/wp-content\/uploads\/2020\/03\/salar-uyuni-isla-escadores-bolivia_2.jpg","datePublished":"2020-01-27T14:48:12+00:00","dateModified":"2024-07-11T23:39:31+00:00","breadcrumb":{"@id":"https:\/\/www.greattriptitikaka.com\/en\/bolivia-salt-flat-of-uyuni\/bolivia-classic-tours\/uyuni-colchani-fish-island-full-day\/#breadcrumb"},"inLanguage":"es","potentialAction":[{"@type":"ReadAction","target":["https:\/\/www.greattriptitikaka.com\/en\/bolivia-salt-flat-of-uyuni\/bolivia-classic-tours\/uyuni-colchani-fish-island-full-day\/"]}]},{"@type":"ImageObject","inLanguage":"es","@id":"https:\/\/www.greattriptitikaka.com\/en\/bolivia-salt-flat-of-uyuni\/bolivia-classic-tours\/uyuni-colchani-fish-island-full-day\/#primaryimage","url":"https:\/\/www.greattriptitikaka.com\/wp-content\/uploads\/2020\/03\/salar-uyuni-isla-escadores-bolivia_2.jpg","contentUrl":"https:\/\/www.greattriptitikaka.com\/wp-content\/uploads\/2020\/03\/salar-uyuni-isla-escadores-bolivia_2.jpg","width":820,"height":450},{"@type":"BreadcrumbList","@id":"https:\/\/www.greattriptitikaka.com\/en\/bolivia-salt-flat-of-uyuni\/bolivia-classic-tours\/uyuni-colchani-fish-island-full-day\/#breadcrumb","itemListElement":[{"@type":"ListItem","position":1,"name":"Portada","item":"https:\/\/www.greattriptitikaka.com\/en\/"},{"@type":"ListItem","position":2,"name":"BOLIVIA &#8211; SALT FLAT OF UYUNI","item":"https:\/\/www.greattriptitikaka.com\/en\/bolivia-salt-flat-of-uyuni\/"},{"@type":"ListItem","position":3,"name":"BOLIVIA: CLASSIC TOURS","item":"https:\/\/www.greattriptitikaka.com\/en\/bolivia-salt-flat-of-uyuni\/bolivia-classic-tours\/"},{"@type":"ListItem","position":4,"name":"UYUNI \u2013 COLCHANI \u2013 FISH ISLAND \u2013 SHARED FULL DAY UYUNI"}]},{"@type":"WebSite","@id":"https:\/\/www.greattriptitikaka.com\/en\/#website","url":"https:\/\/www.greattriptitikaka.com\/en\/","name":"GREAT TRIP TITIKAKA","description":"GREAT TRIP &lt;span&gt;TITIKAKA&lt;\/span&gt;","publisher":{"@id":"https:\/\/www.greattriptitikaka.com\/en\/#organization"},"potentialAction":[{"@type":"SearchAction","target":{"@type":"EntryPoint","urlTemplate":"https:\/\/www.greattriptitikaka.com\/en\/?s={search_term_string}"},"query-input":"required name=search_term_string"}],"inLanguage":"es"},{"@type":"Organization","@id":"https:\/\/www.greattriptitikaka.com\/en\/#organization","name":"GREAT TRIP WORLD E.I.R.L.","url":"https:\/\/www.greattriptitikaka.com\/en\/","logo":{"@type":"ImageObject","inLanguage":"es","@id":"https:\/\/www.greattriptitikaka.com\/en\/#\/schema\/logo\/image\/","url":"https:\/\/www.greattriptitikaka.com\/wp-content\/uploads\/2024\/07\/logo.svg","contentUrl":"https:\/\/www.greattriptitikaka.com\/wp-content\/uploads\/2024\/07\/logo.svg","width":1972,"height":815,"caption":"GREAT TRIP WORLD E.I.R.L."},"image":{"@id":"https:\/\/www.greattriptitikaka.com\/en\/#\/schema\/logo\/image\/"}}]}},"_links":{"self":[{"href":"https:\/\/www.greattriptitikaka.com\/es\/wp-json\/wp\/v2\/pages\/160"}],"collection":[{"href":"https:\/\/www.greattriptitikaka.com\/es\/wp-json\/wp\/v2\/pages"}],"about":[{"href":"https:\/\/www.greattriptitikaka.com\/es\/wp-json\/wp\/v2\/types\/page"}],"author":[{"embeddable":true,"href":"https:\/\/www.greattriptitikaka.com\/es\/wp-json\/wp\/v2\/users\/2"}],"replies":[{"embeddable":true,"href":"https:\/\/www.greattriptitikaka.com\/es\/wp-json\/wp\/v2\/comments?post=160"}],"version-history":[{"count":0,"href":"https:\/\/www.greattriptitikaka.com\/es\/wp-json\/wp\/v2\/pages\/160\/revisions"}],"up":[{"embeddable":true,"href":"https:\/\/www.greattriptitikaka.com\/es\/wp-json\/wp\/v2\/pages\/1078"}],"wp:featuredmedia":[{"embeddable":true,"href":"https:\/\/www.greattriptitikaka.com\/es\/wp-json\/wp\/v2\/media\/880"}],"wp:attachment":[{"href":"https:\/\/www.greattriptitikaka.com\/es\/wp-json\/wp\/v2\/media?parent=160"}],"curies":[{"name":"wp","href":"https:\/\/api.w.org\/{rel}","templated":true}]}}