{"id":17,"date":"2019-12-13T10:56:05","date_gmt":"2019-12-13T15:56:05","guid":{"rendered":"https:\/\/www.greattriptitikaka.com\/?page_id=17"},"modified":"2024-07-05T13:22:59","modified_gmt":"2024-07-05T18:22:59","slug":"terminos-condiciones","status":"publish","type":"page","link":"https:\/\/www.greattriptitikaka.com\/es\/terminos-y-condiciones\/","title":{"rendered":"T\u00e9rminos y Condiciones"},"content":{"rendered":"<p><\/p>\n<p><strong><u>1.- T\u00c9RMINOS Y CONDICIONES:<\/u><\/strong><\/p>\n<p>GREAT TRIP WORLD, titular del sitio web <a href=\"https:\/\/www.greattriptitikaka.com\">www.greattriptitikaka.com<\/a> en una Agencia de viajes y Turismo dedicado a gestionar la reserva y venta de servicios Tur\u00edsticos, para aquellos Usuarios que est\u00e9n interesados en la contrataci\u00f3n de estos Servicios. GREAT TRIP WORLD pone a disposici\u00f3n este sitio web, a trav\u00e9s del cual el usuario podr\u00e1 reservar los Servicios Tur\u00edsticos.<\/p>\n<p>El Usuario pone en manifiesto que comprende y acepta estos t\u00e9rminos y condiciones , los cuales definen los derechos y obligaciones de Great Trip World y el Usuario para la contrataci\u00f3n de los servicios, salvo acuerdo previo y por escrito entre Great Trip World y el Usuario.<\/p>\n<p><strong><u>2.- FINALIDAD DEL SITIO WEB: <\/u><\/strong><\/p>\n<p>Great Trip World ha desarrollado el sitio web para ofrecer a los Usuarios Servicios Tur\u00edsticos, las cuales son proporcionados por nuestros socios o colaboradores en cada destino. El Usuario, en el momento en que formalice la reserva, establecer\u00e1 una relaci\u00f3n contractual directa con el operador con el que haya reservado la actividad o traslado. Great Trip World actuar\u00e1 como mero intermediario entre el Usuario y el Operador, limit\u00e1ndose a transmitir los datos relevantes de la reserva al Operador y enviando al Usuario un correo electr\u00f3nico de confirmaci\u00f3n\u00a0 de la reserva en representaci\u00f3n del Operador.\u00a0 El usuario declara que, siendo Great Trip World \u00a0un mero intermediario entre la(s) empresa(s) que prestan los diferentes servicios ofrecidos en el Sitio Web, no le cabe a Great Trip World ninguna responsabilidad ulterior distinta a las de un intermediario, no pudiendo entenderse Great Trip World como prestador bajo ninguna circunstancia.<\/p>\n<p><strong><u>3.- FORMALIZACI\u00d3N DE RESERVA DE SERVICIOS: <\/u><\/strong><\/p>\n<p>Es de exclusiva responsabilidad del Usuario seleccionar correctamente el servicio a reservar, as\u00ed como la fecha, el horario y la cantidad de pasajeros correctos, no existiendo posibilidad de devoluci\u00f3n o reprogramaci\u00f3n en caso de equivocaci\u00f3n.<\/p>\n<p>Todas las Reservas quedan sujetas a confirmaci\u00f3n una vez realizado el pago en l\u00ednea. Se responder\u00e1 en un plazo de hasta 48 horas en el caso de Servicios de hasta un d\u00eda de duraci\u00f3n, y en un plazo de hasta 7 d\u00edas en el caso de Servicios de m\u00e1s de un d\u00eda de duraci\u00f3n, de acuerdo a disponibilidad de cupos para los Servicios reservados, el m\u00ednimo de pasajeros inscritos y las condiciones clim\u00e1ticas esperadas, entre otras razones que afectan la gesti\u00f3n de cada Reserva. Para Reservas realizadas con menos de 48 horas de anticipaci\u00f3n, la confirmaci\u00f3n se env\u00eda hasta el d\u00eda previo a la fecha solicitada. En caso de que no se pueda confirmar un Servicio para una fecha y\/u horario solicitado, se ofrecer\u00e1n como alternativas las fechas y\/u horarios m\u00e1s cercanos disponibles, o la devoluci\u00f3n total del pago en caso que el Usuario no deseara las alternativas ofrecidas.<\/p>\n<p><strong><u>4.- APLICACI\u00d3N DEL SERVICIO:<\/u><\/strong><\/p>\n<p>La aplicaci\u00f3n de los servicios exclusivamente en las fechas, horarios y lugares indicados en el correo de confirmaci\u00f3n de la Reserva, no existiendo posibilidad de devoluci\u00f3n o reprogramaci\u00f3n en caso de no presentaci\u00f3n o de no uso de los servicios, inclusive si se debi\u00f3 a una raz\u00f3n de salud o de fuerza mayor.<\/p>\n<p>Considerando que Great Trip World no realiza devoluciones ni reprogramaciones por no uso de servicios debido a motivos de salud o fuerza mayor, se recomienda siempre viajar con un seguro de viajes que cubra anulaciones para estos casos<\/p>\n<p><strong><u>5.- CARGOS <\/u><\/strong><strong><u>DE CANCELACI\u00d3N, REPROGRAMACIONES Y CAMBIOS:<\/u><\/strong><\/p>\n<p><strong>CANCELACIONES POR PARTE DEL USUARIO:<\/strong> Las cancelaciones o reprogramaciones deber\u00e1n ser informadas al siguiente correo electr\u00f3nico: <a href=\"mailto:reservas@greattriptitikaka.com\">reservas@greattriptitikaka.com<\/a>, y\/o whatsap: +51 982949867 \/ 951753244, por el Usuario que realiz\u00f3 la reserva, exclusivamente.<\/p>\n<p>La posibilidad de anulaci\u00f3n sin costo estar\u00e1 siempre sujeta a las pol\u00edticas de anulaci\u00f3n del Servicio, mientras que la posibilidad de reprogramaci\u00f3n estar\u00e1 siempre sujeta a las pol\u00edticas de reprogramaci\u00f3n del Servicio as\u00ed como a la disponibilidad en la nueva fecha solicitada. Todas las reservas realizadas con una anticipaci\u00f3n menor al plazo indicado en la pol\u00edtica de anulaci\u00f3n del servicio no tienen posibilidad alguna de anulaci\u00f3n sin costo ni reprogramaci\u00f3n.<\/p>\n<p><strong>CANCELACIONES POR PARTE DEL OPERADOR LOCAL: <\/strong>Nuestro colaborador local podr\u00e1 hacer las modificaciones de las excursiones, debido a condiciones del clima, hora de arribo o partida, por cualquier otra raz\u00f3n relevante, las mismas que garantizar\u00e1n el mejor desarrollo del viaje en coordinaci\u00f3n con los pasajeros. En caso de temas climatol\u00f3gicos o desastres naturales se suspender\u00e1 el tour para una pr\u00f3xima fecha, o se cambiar\u00e1 el itinerario, con la finalidad de que el pasajero no corra riesgos.<\/p>\n<p>La excursi\u00f3n a Islas Ballestas est\u00e1 sujeto a disponibilidad por marea roja y\/o cambios climatol\u00f3gicos que no permita el ingreso al mar, si sucediera el caso se realiza la excursi\u00f3n a la Reserva Nacional de Paracas (Terrestre).<\/p>\n<p>La empresa no se responsabiliza por accidentes provocados por imprudencia del pasajero en los deportes extremos.<\/p>\n<p><strong><u>6.- DEVOLUCIONES:<\/u><\/strong><\/p>\n<p>Great Trip World realizar\u00e1 las gestiones que corresponde para el reembolso, podr\u00edan tardar algunos d\u00edas adicionales dependiendo del procedimiento del procesador de Pagos y del Banco emisor de la tarjeta. Los reembolsos se procesar\u00e1n siempre en la moneda en la que se realiz\u00f3 el pago, y el tipo de cambio ser\u00e1 el que se utiliz\u00f3 al momento de realizar la reserva y el pago.<\/p>\n<p>En caso de que no sea posible hacer una devoluci\u00f3n a una tarjeta de cr\u00e9dito y\/o d\u00e9bito, ya sea por la antig\u00fcedad de la transacci\u00f3n, por ser una tarjeta de d\u00e9bito emitida en pa\u00edses que no sean los indicados anteriormente o por cualquier otro motivo, los reembolsos se realizar\u00e1n mediante env\u00edo del pago en d\u00f3lar estadounidense (USD) a una cuenta PayPal. En caso de que el monto a reembolsar a trav\u00e9s de PayPal sea en una moneda diferente al d\u00f3lar estadounidense (USD), se utilizar\u00e1 el tipo de cambio del d\u00eda para convertir el monto a USD y realizar el env\u00edo equivalente.<\/p>\n<p><strong><u>7.- FORMALIDAD DE LA EMPRESA:<\/u><\/strong><\/p>\n<p>INVERSIONES BUSINESS con raz\u00f3n comercial Great Trip World\u00a0 es una agencia de viajes y turismo, fundado en febrero del 2014 con Ficha registral N\u00b0 11033749 y con registro legal en la DIRCETUR N\u00b0 015 con domicilio legal en las ciudades Cusco y Puno. Con tel. whatsapp:\u00a0 +51-951753244\/982949867 y direcci\u00f3n de email <a href=\"mailto:reservas@greattriptitikaka.com\">reservas@greattriptitikaka.com<\/a>. Debidamente registrado en la SUNAT con RUC: 20448876145.<\/p>\n<p><strong>CERTIFICADA POR:<\/strong><\/p>\n<ul>\n<li>Ministerio de comercio exterior.<\/li>\n<li>Mincetur.<\/li>\n<li>Promper\u00fa.<\/li>\n<li>Y t\u00fa que planes.<\/li>\n<li>Tripadvisor.<\/li>\n<\/ul>\n<p><strong>8.- VISAS Y PASAPORTES<\/strong><\/p>\n<p>Los ciudadanos de Bolivia, Colombia y Ecuador no necesitan pasaporte para ingresar al pa\u00eds; s\u00f3lo les es necesario presentar su Documento Nacional de Identidad. En el caso de pa\u00edses fronterizos como Chile y Brasil sus ciudadanos pueden ingresar a los departamentos fronterizos sin visa ni pasaporte, solo con Documento Nacional de Identidad. En estos casos el plazo autorizado de permanencia es de 90 d\u00edas (prorrogables por la autoridad migratoria).<\/p>\n<p>Consulte con la representaci\u00f3n diplom\u00e1tica peruana en su pa\u00eds para obtener mayor informaci\u00f3n. Las direcciones y tel\u00e9fonos est\u00e1n incluidos en la p\u00e1gina web del Ministerio de Relaciones Exteriores del Per\u00fa: www.rree.gob.pe<\/p>\n<p>\u00a0<strong><u>PA\u00cdSES QUE SE NECESITA VISA<\/u><\/strong><\/p>\n<p>Canad\u00e1, Estados Unidos, Antigua y Barbuda, Aruba (Hol.), Bahamas, Barbados, Belice, Bermudas, Costa Rica, Dominica, El Salvador, Guatemala, Granada, Guadalupe, Hait\u00ed, Honduras, Islas Caim\u00e1n, Islas Turks y Caicos, Islas V\u00edrgenes Brit\u00e1nicas, Islas V\u00edrgenes de EEUU., Jamaica, Martinica, M\u00e9xico, Nicaragua, Panam\u00e1, Puerto Rico, Rep\u00fablica Dominicana, San Vicente y Grenadine, Santa Luc\u00eda, Trinidad y Tobago.\u00a0 Argentina, Chile, Colombia, Brasil, Bolivia, Ecuador, Uruguay, Republica Dominicana, Sudrafrica, Hong Kong y Paraguay<\/p>\n<p>Pa\u00edses de Am\u00e9rica del Sur<\/p>\n<p>Guayana Francesa, Guyana, Islas Malvinas, Surinam Corea del Sur y Venezuela<\/p>\n<p>Pa\u00edses de Europa y Medio Oriente<\/p>\n<p>Alemania, Andorra, Austria, B\u00e9lgica, Ciudad del Vaticano (Santa Sede), Dinamarca, Espa\u00f1a, Finlandia, Francia, Gibraltar, Grecia, Groenlandia, Irlanda, Islandia, Italia, Liechtenstein, Luxemburgo, Malta, M\u00f3naco, Noruega, Pa\u00edses Bajos, Portugal, Reino Unido, San Marino, Suecia, Suiza.\u00a0<\/p>\n<p>Pa\u00edses de Asia y Ocean\u00eda\u00a0<\/p>\n<p>Australia, Estados Federados de Micronesia, Fiji, Filipinas, Guam, Indonesia, Islas Cook, Islas Marianas Septentrionales, Islas Marshall, Islas Palau, Islas Salom\u00f3n, Israel, Jap\u00f3n, Kiribati, Malasia, Nauru, Niue, Nueva Caledonia, Nueva Zelanda, Papua Nueva Guinea, Polinesia Francesa, Reuni\u00f3n, Samoa Occidental, Singapur, St. Kitts-Nevis, Tailandia, Tonga, Tuvalu y Vanuatu.\u00a0<\/p>\n<p><strong>Medidas sanitarias<\/strong><\/p>\n<p>No se requiere de vacunas y se recomienda: &#8211; Sea cuidadoso con las verduras crudas y frutas. &#8211; Evite comer en puestos de comida de la calle. &#8211; El mal de altura (soroche) se puede evitar descansando el primer d\u00eda de su llegada a zonas de gran altitud y consumiendo comidas ligeras. Se recomienda beber \u00abmate de coca\u00bb. &#8211; Si viaja a la zona andina o a la selva cerci\u00f3rese de llevar repelente contra insectos e impermeable. &#8211; Para atenci\u00f3n m\u00e9dica, cont\u00e1ctese con el personal del lugar donde se encuentre alojado o con su agente de viajes. &#8211; Si desea comprar un seguro de viaje, cont\u00e1ctese con la agencia de viajes de su preferencia.<\/p>\n<p><strong><u>RESPONSABILIDADES:<\/u><\/strong><\/p>\n<p>La agencia limita su responsabilidad de reembolso por servicios no prestados e incumplimiento de los servicios contratados por nosotros, no puede ser considerado responsable de lesiones, p\u00e9rdidas, accidentes, retrasos o irregularidades ocasionadas por omisi\u00f3n o negligencia de parte de las empresas o individuos que otorguen o conduzcan el transporte, hospedaje u otros servicios relacionados, ni por fen\u00f3menos naturales, enfermedades, guerra, cuarentena, huelgas, o por intervenciones de la polic\u00eda, aduanas o reglamentos de sanidad u otros factores m\u00e1s all\u00e1 de su control.<\/p>\n<p>La Agencia se reserva el derecho de cambiar cualquier tour o excursi\u00f3n si lo considera necesario para poder otorgar un mejor servicio.<\/p>\n<p>La Agencia no es responsable de los tr\u00e1mites de visado ni vacunaci\u00f3n requeridos.<\/p>\n<p>Sin otro particular y con la seguridad de entablar buenas relaciones comerciales, detallamos las tarifas confidenciales de nuestra agencia.<\/p>\n<p><\/p>","protected":false},"excerpt":{"rendered":"<p>1.- T\u00c9RMINOS Y CONDICIONES: GREAT TRIP WORLD, titular del sitio web www.greattriptitikaka.com en una Agencia de viajes y Turismo dedicado a gestionar la reserva y venta de servicios Tur\u00edsticos, para aquellos Usuarios que est\u00e9n interesados en la contrataci\u00f3n de estos Servicios. GREAT TRIP WORLD pone a disposici\u00f3n este sitio web, a trav\u00e9s del cual el [&hellip;]<\/p>\n","protected":false},"author":1,"featured_media":0,"parent":0,"menu_order":13,"comment_status":"closed","ping_status":"closed","template":"page-full.php","meta":{"_glsr_average":0,"_glsr_ranking":0,"_glsr_reviews":0,"footnotes":""},"class_list":["post-17","page","type-page","status-publish","hentry"],"yoast_head":"<!-- This site is optimized with the Yoast SEO plugin v23.0 - https:\/\/yoast.com\/wordpress\/plugins\/seo\/ -->\n<title>T\u00e9rminos y Condiciones | Great Trip Titikaka: Tour Peru - Bolivia<\/title>\n<meta name=\"robots\" content=\"index, follow, max-snippet:-1, max-image-preview:large, max-video-preview:-1\" \/>\n<link rel=\"canonical\" href=\"https:\/\/www.greattriptitikaka.com\/en\/terms-and-conditions\/\" \/>\n<meta property=\"og:locale\" content=\"es_ES\" \/>\n<meta property=\"og:type\" content=\"article\" \/>\n<meta property=\"og:title\" content=\"T\u00e9rminos y Condiciones | Great Trip Titikaka: Tour Peru - Bolivia\" \/>\n<meta property=\"og:description\" content=\"1.- T\u00c9RMINOS Y CONDICIONES: GREAT TRIP WORLD, titular del sitio web www.greattriptitikaka.com en una Agencia de viajes y Turismo dedicado a gestionar la reserva y venta de servicios Tur\u00edsticos, para aquellos Usuarios que est\u00e9n interesados en la contrataci\u00f3n de estos Servicios. GREAT TRIP WORLD pone a disposici\u00f3n este sitio web, a trav\u00e9s del cual el [&hellip;]\" \/>\n<meta property=\"og:url\" content=\"https:\/\/www.greattriptitikaka.com\/en\/terms-and-conditions\/\" \/>\n<meta property=\"og:site_name\" content=\"Great Trip Titikaka: Tour Peru - Bolivia\" \/>\n<meta property=\"article:modified_time\" content=\"2024-07-05T18:22:59+00:00\" \/>\n<meta name=\"twitter:card\" content=\"summary_large_image\" \/>\n<meta name=\"twitter:label1\" content=\"Tiempo de lectura\" \/>\n\t<meta name=\"twitter:data1\" content=\"16 minutos\" \/>\n<script type=\"application\/ld+json\" class=\"yoast-schema-graph\">{\"@context\":\"https:\/\/schema.org\",\"@graph\":[{\"@type\":\"WebPage\",\"@id\":\"https:\/\/www.greattriptitikaka.com\/en\/terms-and-conditions\/\",\"url\":\"https:\/\/www.greattriptitikaka.com\/en\/terms-and-conditions\/\",\"name\":\"T\u00e9rminos y Condiciones | Great Trip Titikaka: Tour Peru - Bolivia\",\"isPartOf\":{\"@id\":\"https:\/\/www.greattriptitikaka.com\/en\/#website\"},\"datePublished\":\"2019-12-13T15:56:05+00:00\",\"dateModified\":\"2024-07-05T18:22:59+00:00\",\"breadcrumb\":{\"@id\":\"https:\/\/www.greattriptitikaka.com\/en\/terms-and-conditions\/#breadcrumb\"},\"inLanguage\":\"es\",\"potentialAction\":[{\"@type\":\"ReadAction\",\"target\":[\"https:\/\/www.greattriptitikaka.com\/en\/terms-and-conditions\/\"]}]},{\"@type\":\"BreadcrumbList\",\"@id\":\"https:\/\/www.greattriptitikaka.com\/en\/terms-and-conditions\/#breadcrumb\",\"itemListElement\":[{\"@type\":\"ListItem\",\"position\":1,\"name\":\"Portada\",\"item\":\"https:\/\/www.greattriptitikaka.com\/en\/\"},{\"@type\":\"ListItem\",\"position\":2,\"name\":\"Terms and Conditions\"}]},{\"@type\":\"WebSite\",\"@id\":\"https:\/\/www.greattriptitikaka.com\/en\/#website\",\"url\":\"https:\/\/www.greattriptitikaka.com\/en\/\",\"name\":\"GREAT TRIP TITIKAKA\",\"description\":\"GREAT TRIP &lt;span&gt;TITIKAKA&lt;\/span&gt;\",\"publisher\":{\"@id\":\"https:\/\/www.greattriptitikaka.com\/en\/#organization\"},\"potentialAction\":[{\"@type\":\"SearchAction\",\"target\":{\"@type\":\"EntryPoint\",\"urlTemplate\":\"https:\/\/www.greattriptitikaka.com\/en\/?s={search_term_string}\"},\"query-input\":\"required name=search_term_string\"}],\"inLanguage\":\"es\"},{\"@type\":\"Organization\",\"@id\":\"https:\/\/www.greattriptitikaka.com\/en\/#organization\",\"name\":\"GREAT TRIP WORLD E.I.R.L.\",\"url\":\"https:\/\/www.greattriptitikaka.com\/en\/\",\"logo\":{\"@type\":\"ImageObject\",\"inLanguage\":\"es\",\"@id\":\"https:\/\/www.greattriptitikaka.com\/en\/#\/schema\/logo\/image\/\",\"url\":\"https:\/\/www.greattriptitikaka.com\/wp-content\/uploads\/2024\/07\/logo.svg\",\"contentUrl\":\"https:\/\/www.greattriptitikaka.com\/wp-content\/uploads\/2024\/07\/logo.svg\",\"width\":1972,\"height\":815,\"caption\":\"GREAT TRIP WORLD E.I.R.L.\"},\"image\":{\"@id\":\"https:\/\/www.greattriptitikaka.com\/en\/#\/schema\/logo\/image\/\"}}]}<\/script>\n<!-- \/ Yoast SEO plugin. -->","yoast_head_json":{"title":"T\u00e9rminos y Condiciones | Great Trip Titikaka: Tour Peru - Bolivia","robots":{"index":"index","follow":"follow","max-snippet":"max-snippet:-1","max-image-preview":"max-image-preview:large","max-video-preview":"max-video-preview:-1"},"canonical":"https:\/\/www.greattriptitikaka.com\/en\/terms-and-conditions\/","og_locale":"es_ES","og_type":"article","og_title":"T\u00e9rminos y Condiciones | Great Trip Titikaka: Tour Peru - Bolivia","og_description":"1.- T\u00c9RMINOS Y CONDICIONES: GREAT TRIP WORLD, titular del sitio web www.greattriptitikaka.com en una Agencia de viajes y Turismo dedicado a gestionar la reserva y venta de servicios Tur\u00edsticos, para aquellos Usuarios que est\u00e9n interesados en la contrataci\u00f3n de estos Servicios. GREAT TRIP WORLD pone a disposici\u00f3n este sitio web, a trav\u00e9s del cual el [&hellip;]","og_url":"https:\/\/www.greattriptitikaka.com\/en\/terms-and-conditions\/","og_site_name":"Great Trip Titikaka: Tour Peru - Bolivia","article_modified_time":"2024-07-05T18:22:59+00:00","twitter_card":"summary_large_image","twitter_misc":{"Tiempo de lectura":"16 minutos"},"schema":{"@context":"https:\/\/schema.org","@graph":[{"@type":"WebPage","@id":"https:\/\/www.greattriptitikaka.com\/en\/terms-and-conditions\/","url":"https:\/\/www.greattriptitikaka.com\/en\/terms-and-conditions\/","name":"T\u00e9rminos y Condiciones | Great Trip Titikaka: Tour Peru - Bolivia","isPartOf":{"@id":"https:\/\/www.greattriptitikaka.com\/en\/#website"},"datePublished":"2019-12-13T15:56:05+00:00","dateModified":"2024-07-05T18:22:59+00:00","breadcrumb":{"@id":"https:\/\/www.greattriptitikaka.com\/en\/terms-and-conditions\/#breadcrumb"},"inLanguage":"es","potentialAction":[{"@type":"ReadAction","target":["https:\/\/www.greattriptitikaka.com\/en\/terms-and-conditions\/"]}]},{"@type":"BreadcrumbList","@id":"https:\/\/www.greattriptitikaka.com\/en\/terms-and-conditions\/#breadcrumb","itemListElement":[{"@type":"ListItem","position":1,"name":"Portada","item":"https:\/\/www.greattriptitikaka.com\/en\/"},{"@type":"ListItem","position":2,"name":"Terms and Conditions"}]},{"@type":"WebSite","@id":"https:\/\/www.greattriptitikaka.com\/en\/#website","url":"https:\/\/www.greattriptitikaka.com\/en\/","name":"GREAT TRIP TITIKAKA","description":"GREAT TRIP &lt;span&gt;TITIKAKA&lt;\/span&gt;","publisher":{"@id":"https:\/\/www.greattriptitikaka.com\/en\/#organization"},"potentialAction":[{"@type":"SearchAction","target":{"@type":"EntryPoint","urlTemplate":"https:\/\/www.greattriptitikaka.com\/en\/?s={search_term_string}"},"query-input":"required name=search_term_string"}],"inLanguage":"es"},{"@type":"Organization","@id":"https:\/\/www.greattriptitikaka.com\/en\/#organization","name":"GREAT TRIP WORLD E.I.R.L.","url":"https:\/\/www.greattriptitikaka.com\/en\/","logo":{"@type":"ImageObject","inLanguage":"es","@id":"https:\/\/www.greattriptitikaka.com\/en\/#\/schema\/logo\/image\/","url":"https:\/\/www.greattriptitikaka.com\/wp-content\/uploads\/2024\/07\/logo.svg","contentUrl":"https:\/\/www.greattriptitikaka.com\/wp-content\/uploads\/2024\/07\/logo.svg","width":1972,"height":815,"caption":"GREAT TRIP WORLD E.I.R.L."},"image":{"@id":"https:\/\/www.greattriptitikaka.com\/en\/#\/schema\/logo\/image\/"}}]}},"_links":{"self":[{"href":"https:\/\/www.greattriptitikaka.com\/es\/wp-json\/wp\/v2\/pages\/17"}],"collection":[{"href":"https:\/\/www.greattriptitikaka.com\/es\/wp-json\/wp\/v2\/pages"}],"about":[{"href":"https:\/\/www.greattriptitikaka.com\/es\/wp-json\/wp\/v2\/types\/page"}],"author":[{"embeddable":true,"href":"https:\/\/www.greattriptitikaka.com\/es\/wp-json\/wp\/v2\/users\/1"}],"replies":[{"embeddable":true,"href":"https:\/\/www.greattriptitikaka.com\/es\/wp-json\/wp\/v2\/comments?post=17"}],"version-history":[{"count":0,"href":"https:\/\/www.greattriptitikaka.com\/es\/wp-json\/wp\/v2\/pages\/17\/revisions"}],"wp:attachment":[{"href":"https:\/\/www.greattriptitikaka.com\/es\/wp-json\/wp\/v2\/media?parent=17"}],"curies":[{"name":"wp","href":"https:\/\/api.w.org\/{rel}","templated":true}]}}