{"id":223,"date":"2020-03-06T13:31:01","date_gmt":"2020-03-06T18:31:01","guid":{"rendered":"https:\/\/www.greattriptitikaka.com\/?page_id=223"},"modified":"2024-07-11T18:39:35","modified_gmt":"2024-07-11T23:39:35","slug":"uyuni-salar-de-uyuni-uyuni-3d-2n-compartido","status":"publish","type":"page","link":"https:\/\/www.greattriptitikaka.com\/es\/bolivia-salar-de-uyuni\/bolivia-tours-clasicos\/salar-uyuni-3d-compartido\/","title":{"rendered":"UYUNI \u2013 SALAR DE UYUNI UYUNI 3D\/2N COMPARTIDO"},"content":{"rendered":"<p><\/p>\n<p>Este tour tiene una duraci\u00f3n de 3 dias y 2 noche. El Salar m\u00e1s grande del mundo, visitaremos Uyuni &#8211; Cementerio de los trenes &#8211; Isla de pescado \u2013 San juan &#8211; Laguna colorada \u2013 Salar de Chiguana \u2013 Volc\u00e1n Ollague volcanes activos \u2013 Laguna verde y blanca \u2013 aguas termales \u2013 Uyuni.<\/p>\n<p><!--more--><\/p>\n<div class=\"in-block no-border\">\n<div id=\"ph-multi-223\" class=\"carousel ph-slider tour-slider slide\" data-ride=\"carousel\" data-interval=\"4000\" data-pause=\"hover\">\n<ol class=\"carousel-indicators\">\n<li data-target=\"#ph-multi-223\" data-slide-to=\"0\" class=\"active\"><\/li>\n<li data-target=\"#ph-multi-223\" data-slide-to=\"1\"><\/li>\n<li data-target=\"#ph-multi-223\" data-slide-to=\"2\"><\/li>\n<li data-target=\"#ph-multi-223\" data-slide-to=\"3\"><\/li>\n<\/ol>\n<div class=\"carousel-inner\" role=\"listbox\">\n<div class=\"slide-loader\"><\/div>\n<div class=\"item active\"><img loading=\"lazy\" decoding=\"async\" class=\"alignnone size-full wp-image-866\" src=\"https:\/\/www.greattriptitikaka.com\/wp-content\/uploads\/2020\/03\/salar-uyuni-la.paz-bolivia_2.jpg\" alt=\"\" width=\"820\" height=\"450\" srcset=\"https:\/\/www.greattriptitikaka.com\/wp-content\/uploads\/2020\/03\/salar-uyuni-la.paz-bolivia_2.jpg 820w, https:\/\/www.greattriptitikaka.com\/wp-content\/uploads\/2020\/03\/salar-uyuni-la.paz-bolivia_2-600x329.jpg 600w, https:\/\/www.greattriptitikaka.com\/wp-content\/uploads\/2020\/03\/salar-uyuni-la.paz-bolivia_2-768x421.jpg 768w, https:\/\/www.greattriptitikaka.com\/wp-content\/uploads\/2020\/03\/salar-uyuni-la.paz-bolivia_2-60x33.jpg 60w\" sizes=\"(max-width: 820px) 100vw, 820px\" \/> <\/div>\n<div class=\"item\"><img loading=\"lazy\" decoding=\"async\" class=\"alignnone size-full wp-image-865\" src=\"https:\/\/www.greattriptitikaka.com\/wp-content\/uploads\/2020\/03\/salar-uyuni-la.paz-bolivia_1.jpg\" alt=\"\" width=\"820\" height=\"450\" srcset=\"https:\/\/www.greattriptitikaka.com\/wp-content\/uploads\/2020\/03\/salar-uyuni-la.paz-bolivia_1.jpg 820w, https:\/\/www.greattriptitikaka.com\/wp-content\/uploads\/2020\/03\/salar-uyuni-la.paz-bolivia_1-600x329.jpg 600w, https:\/\/www.greattriptitikaka.com\/wp-content\/uploads\/2020\/03\/salar-uyuni-la.paz-bolivia_1-768x421.jpg 768w, https:\/\/www.greattriptitikaka.com\/wp-content\/uploads\/2020\/03\/salar-uyuni-la.paz-bolivia_1-60x33.jpg 60w\" sizes=\"(max-width: 820px) 100vw, 820px\" \/> <\/div>\n<div class=\"item\"><img loading=\"lazy\" decoding=\"async\" class=\"alignnone size-full wp-image-875\" src=\"https:\/\/www.greattriptitikaka.com\/wp-content\/uploads\/2020\/03\/valle-de-luna-la-paz-uyuni_4.jpg\" alt=\"\" width=\"820\" height=\"450\" srcset=\"https:\/\/www.greattriptitikaka.com\/wp-content\/uploads\/2020\/03\/valle-de-luna-la-paz-uyuni_4.jpg 820w, https:\/\/www.greattriptitikaka.com\/wp-content\/uploads\/2020\/03\/valle-de-luna-la-paz-uyuni_4-600x329.jpg 600w, https:\/\/www.greattriptitikaka.com\/wp-content\/uploads\/2020\/03\/valle-de-luna-la-paz-uyuni_4-768x421.jpg 768w, https:\/\/www.greattriptitikaka.com\/wp-content\/uploads\/2020\/03\/valle-de-luna-la-paz-uyuni_4-60x33.jpg 60w\" sizes=\"(max-width: 820px) 100vw, 820px\" \/> <\/div>\n<div class=\"item\"><img loading=\"lazy\" decoding=\"async\" class=\"alignnone size-full wp-image-870\" src=\"https:\/\/www.greattriptitikaka.com\/wp-content\/uploads\/2020\/03\/salar-uyuni-la.paz-bolivia_6.jpg\" alt=\"\" width=\"820\" height=\"450\" srcset=\"https:\/\/www.greattriptitikaka.com\/wp-content\/uploads\/2020\/03\/salar-uyuni-la.paz-bolivia_6.jpg 820w, https:\/\/www.greattriptitikaka.com\/wp-content\/uploads\/2020\/03\/salar-uyuni-la.paz-bolivia_6-600x329.jpg 600w, https:\/\/www.greattriptitikaka.com\/wp-content\/uploads\/2020\/03\/salar-uyuni-la.paz-bolivia_6-768x421.jpg 768w, https:\/\/www.greattriptitikaka.com\/wp-content\/uploads\/2020\/03\/salar-uyuni-la.paz-bolivia_6-60x33.jpg 60w\" sizes=\"(max-width: 820px) 100vw, 820px\" \/><\/p>\n<\/div>\n<p><a class=\"carousel-control left\" href=\"#ph-multi-223\" data-slide=\"prev\"><i class=\"icon icon-arrow-left\"><\/i><\/a><a class=\"carousel-control right\" href=\"#ph-multi-223\" data-slide=\"next\"><i class=\"icon icon-arrow-right\"><\/i><\/a><\/div>\n<\/div>\n<\/div>\n<nav id=\"menu-anchor\" class=\"menu-anchor\">\n<div class=\"container-fluid\">\n<ul class=\"tab-navi\">\n<li id=\"item-1\" class=\"tab-item\"><a href=\"javascript:void(0)\">Resumen<\/a><\/li>\n<li id=\"item-2\" class=\"tab-item\"><a href=\"javascript:void(0)\"> Incluye<\/a><\/li>\n<li id=\"item-3\" class=\"tab-item\"><a href=\"javascript:void(0)\"> Precios<\/a><\/li>\n<li id=\"item-4\" class=\"tab-item\"><a href=\"javascript:void(0)\"> Qu\u00e9 llevar<\/a><\/li>\n<li id=\"item-5\" class=\"tab-item\"><a href=\"javascript:void(0)\"> Itinerario<\/a><\/li>\n<li id=\"item-testimonials\" class=\"tab-item\"><a href=\"javascript:void(0)\"> Rese\u00f1as<\/a><\/li>\n<\/ul>\n<\/div>\n<\/nav>\n<h3>RESUMEN:<\/h3>\n<h1 class=\"page-title \">UYUNI \u2013 SALAR DE UYUNI UYUNI 3D\/2N COMPARTIDO<\/h1>\n<div class=\"glsr glsr-default\" id=\"glsr_63f58dfd\" data-from=\"shortcode\" data-shortcode=\"site_reviews_summary\" data-hide=\"[&quot;rating&quot;]\">\n<div class=\"glsr-summary-wrap\">\n<div class=\"glsr-summary\">\n<div class=\"glsr-summary-stars\">\n<div class=\"glsr-star-rating glsr-stars\" role=\"img\" aria-label=\"Rated 3 out of 5 stars based on 1 ratings\" data-rating=\"3\" data-reviews=\"1\"><span class=\"glsr-star glsr-star-full\" aria-hidden=\"true\"><\/span><span class=\"glsr-star glsr-star-full\" aria-hidden=\"true\"><\/span><span class=\"glsr-star glsr-star-full\" aria-hidden=\"true\"><\/span><span class=\"glsr-star glsr-star-empty\" aria-hidden=\"true\"><\/span><span class=\"glsr-star glsr-star-empty\" aria-hidden=\"true\"><\/span><\/div>\n<\/div>\n<div class=\"glsr-summary-text\"><span class=\"glsr-tag-value\">3,0 de 5 estrellas (basado en 1 rese\u00f1a)<\/span><\/div>\n<div class=\"glsr-summary-percentages\">\n<div class=\"glsr-bar\" data-level=\"5\"><span class=\"glsr-bar-label\">Excelente<\/span><span class=\"glsr-bar-background\"><span class=\"glsr-bar-background-percent\" style=\"width:0%\"><\/span><\/span><span class=\"glsr-bar-percent\">0%<\/span><\/div>\n<div class=\"glsr-bar\" data-level=\"4\"><span class=\"glsr-bar-label\">Muy buena<\/span><span class=\"glsr-bar-background\"><span class=\"glsr-bar-background-percent\" style=\"width:0%\"><\/span><\/span><span class=\"glsr-bar-percent\">0%<\/span><\/div>\n<div class=\"glsr-bar\" data-level=\"3\"><span class=\"glsr-bar-label\">Media<\/span><span class=\"glsr-bar-background\"><span class=\"glsr-bar-background-percent\" style=\"width:100%\"><\/span><\/span><span class=\"glsr-bar-percent\">100%<\/span><\/div>\n<div class=\"glsr-bar\" data-level=\"2\"><span class=\"glsr-bar-label\">Mala<\/span><span class=\"glsr-bar-background\"><span class=\"glsr-bar-background-percent\" style=\"width:0%\"><\/span><\/span><span class=\"glsr-bar-percent\">0%<\/span><\/div>\n<div class=\"glsr-bar\" data-level=\"1\"><span class=\"glsr-bar-label\">Muy mala<\/span><span class=\"glsr-bar-background\"><span class=\"glsr-bar-background-percent\" style=\"width:0%\"><\/span><\/span><span class=\"glsr-bar-percent\">0%<\/span><\/div>\n<\/div><\/div>\n<\/div>\n<\/div>\n<div class=\"row\">\n<div class=\"col-sm-12\">\n<p class=\"condition-wrap\"><span class=\"badge badge-orange\"><i class=\"icon icon-check\"><\/i> Servicio operativo<\/span><span class=\"badge badge-green-dark ph-tooltip ph-tooltip-medium\" data-title=\"Si anulas tu reserva hasta 48 horas antes del inicio de la actividad, te devolveremos el 100% del adelanto que pagaste para realizar la reserva.\">Anulaci\u00f3n gratuita<\/span><span class=\"badge badge-green ph-tooltip ph-tooltip-medium\" data-title=\"Puedes reprogramar tu reserva sin costo adicional hasta 48 horas antes del inicio de la actividad.\">Reprogramaci\u00f3n gratuita<\/span><\/p>\n<\/div>\n<\/div>\n<p><em>Este tour tiene una duraci\u00f3n de 3 dias y 2 noche. El Salar m\u00e1s grande del mundo, visitaremos Uyuni &#8211; Cementerio de los trenes &#8211; Isla de pescado \u2013 San juan &#8211; Laguna colorada \u2013 Salar de Chiguana \u2013 Volc\u00e1n Ollague volcanes activos \u2013 Laguna verde y blanca \u2013 aguas termales \u2013 Uyuni.<\/em><\/p>\n<hr \/>\n<div class=\"row\">\n<div class=\"col-sm-4 tour-summary\">\n<h5 class=\"summary-title\"><i class=\"icon icon-dollars\"><\/i> Precio por persona<\/h5>\n<p class=\"summary-price\"><b>Desde:<\/b> USD 210.00<\/p>\n<\/div>\n<div class=\"col-sm-4 tour-summary\">\n<h5 class=\"summary-title\"><i class=\"icon icon-clock\"><\/i> Horarios<\/h5>\n<ul class=\"summary-price\">\n<li>10:15 AM a 6:15 PM<\/li>\n<\/ul>\n<\/div>\n<div class=\"col-sm-4 tour-summary\">\n<h5 class=\"summary-title\"><i class=\"icon icon-dollars\"><\/i> Duraci\u00f3n<\/h5>\n<p class=\"summary-price\">3 d\u00edas y 2 noches <\/p>\n<\/div>\n<\/div>\n<hr \/>\n<h3><span style=\"color: #ca640b;\">NUESTROS SERVICIOS INCLUYEN \/ NO INCLUYEN:<\/span><\/h3>\n<div class=\"row\">\n<div class=\"col-sm-6 column yes\">\n<ul>\n<li>Jeep (Land Cruise 4&#215;4) compartido (de 07 asientos).<\/li>\n<li>Gu\u00eda conductor en espa\u00f1ol<\/li>\n<li>3 almuerzos, 2 cenas y 2 desayunos.<\/li>\n<li>Noche de estad\u00eda en un Lodge con ba\u00f1o privado.<\/li>\n<\/ul>\n<\/div>\n<div class=\"col-sm-6 column not\">\n<ul>\n<li>Gastos extras que no est\u00e9n escritos ni mencionados.<\/li>\n<li>Salar de Uyuni:\n<ul>\n<li>Isla incahuasi bs30.<\/li>\n<li>Parque nacional Eduardo Avaroa bs150.<\/li>\n<li>Aguas termales bs6.<\/li>\n<\/ul>\n<\/li>\n<li>Desayuno del primer d\u00eda.<\/li>\n<li>Cena del tercer d\u00eda.<\/li>\n<\/ul>\n<\/div>\n<\/div>\n<hr \/>\n<h3><span style=\"color: #ca640b;\">PRECIOS:<\/span><\/h3>\n<ul>\n<li>Adulto: US$ 210. por persona.<\/li>\n<li>Ni\u00f1o (6 a 12 a\u00f1os): US$ 200. Por persona.<\/li>\n<li>Infante (0 a 5 a\u00f1os): Sin cargo.<\/li>\n<\/ul>\n<hr \/>\n<h3><span style=\"color: #ca640b;\">RECOMENDACIONES PARA TODOS LOS D\u00cdAS:<\/span><\/h3>\n<ul>\n<li>Ropa ligera, abrigadora e impermeable. (a veces suele llover).<\/li>\n<li>Botella de agua, frutas o snack.<\/li>\n<li>Mochila mediana con cosas necesarias.<\/li>\n<li>C\u00e1mara fotogr\u00e1fica.<\/li>\n<li>Ropa de ba\u00f1o.<\/li>\n<li>Bloqueador solar y gorra.<\/li>\n<li>Zapatos c\u00f3modos y planos.<\/li>\n<li>Dinero en efectivo para compras.<\/li>\n<li>Lentes negros de sol.<\/li>\n<li>Bolsa de dormir (opcional).<\/li>\n<\/ul>\n<hr \/>\n<h3><span style=\"color: #ca640b;\">ITINERARIO:<\/span><\/h3>\n<p><span style=\"color: #ff0000;\"><strong>PRIMER D\u00cdA:<\/strong> <\/span><span style=\"color: #035dab;\"><strong>UYUNI &#8211; CEMENTERIO DE LOS TRENES &#8211; ISLA DE PESCADO \u2013 SAN JUAN<\/strong><\/span><\/p>\n<p>10:15h. Salimos desde Uyuni en grupo de 07 personas, Nuestra primera parada en el cementerio de trenes en la que visitaremos locomotoras muy antiguas desde la era del carb\u00f3n, luego el pueblo Colchani donde se procesa la sal artesanalmente y el museo de sal, Continuando con nuestro viaje observaremos los montones de sal, ojos de sal, playa blanca, Hotel de sal, Isla Incahuasi cactus gigantes y llegamos al Hostal de sal. Noche de estad\u00eda en <strong>habitaciones con ba\u00f1o privado y agua caliente.<\/strong><\/p>\n<p><strong><span style=\"color: #ff0000;\">SEGUNDO D\u00cdA:<\/span> <span style=\"color: #035dab;\">SAN JUAN &#8211; LAGUNA COLORADA \u2013 SALAR DE CHIGUANA \u2013 VOLC\u00c1N OLLAGUE<\/span> <\/strong><\/p>\n<p>Despu\u00e9s del desayuno partiremos a las 08:30h. para visitar el salar de Chiguana, mirador del Volc\u00e1n Ollague que es un volc\u00e1n activo, las lagunas altipl\u00e1nicas de Canapa Chiarcota y Hedionda ubicados a una altitud de 4.300msnm donde podremos observar flamencos, vicu\u00f1as y otros animales. Luego observaremos el \u00e1rbol de piedra y otras transformaciones de rocas continuando con nuestro recorrido llegamos a HUAYLLAJARA a 4300msnm en donde pasaremos la noche en <strong>habitaciones con ba\u00f1o privado y agua caliente.<\/strong><\/p>\n<p><strong><span style=\"color: #ff0000;\">TERCER D\u00cdA:<\/span><span style=\"color: #035dab;\"> VOLCANES ACTIVOS \u2013 LAGUNA VERDE Y BLANCA \u2013 AGUAS TERMALES &#8211; UYUNI<\/span><\/strong><\/p>\n<p>05:00h. Nos dirigimos a los volcanes activos de SOL DE MA\u00d1ANA situado a una altitud de 4.900 msnm. donde se podr\u00e1 observar las fumarolas o lava hirviendo a una temperatura de 90C\u00b0, luego llegaremos a las piscinas de aguas termales para tomar un ba\u00f1o(opcional) Continuando con nuestro viaje, pasaremos por el desierto de Dal\u00ed y luego por las lagunas verde y blanca. Posteriormente retorno a la ciudad de Uyuni con una duraci\u00f3n de 07 horas con una parada para el almuerzo y visita al Valle de las rocas.<\/p>\n<p><\/p>","protected":false},"excerpt":{"rendered":"<p>Este tour tiene una duraci\u00f3n de 3 dias y 2 noche. El Salar m\u00e1s grande del mundo, visitaremos Uyuni &#8211; Cementerio de los trenes &#8211; Isla de pescado \u2013 San juan &#8211; Laguna colorada \u2013 Salar de Chiguana \u2013 Volc\u00e1n Ollague volcanes activos \u2013 Laguna verde y blanca \u2013 aguas termales \u2013 Uyuni.<\/p>\n","protected":false},"author":1,"featured_media":866,"parent":1078,"menu_order":3,"comment_status":"closed","ping_status":"closed","template":"page-tour.php","meta":{"_glsr_average":0,"_glsr_ranking":0,"_glsr_reviews":0,"footnotes":""},"class_list":["post-223","page","type-page","status-publish","has-post-thumbnail","hentry"],"yoast_head":"<!-- This site is optimized with the Yoast SEO plugin v23.0 - https:\/\/yoast.com\/wordpress\/plugins\/seo\/ -->\n<title>UYUNI \u2013 SALAR DE UYUNI UYUNI 3D\/2N COMPARTIDO | Great Trip Titikaka: Tour Peru - Bolivia<\/title>\n<meta name=\"robots\" content=\"index, follow, max-snippet:-1, max-image-preview:large, max-video-preview:-1\" \/>\n<link rel=\"canonical\" href=\"https:\/\/www.greattriptitikaka.com\/en\/bolivia-salt-flat-of-uyuni\/bolivia-classic-tours\/salt-flat-uyuni-3d-shared\/\" \/>\n<meta property=\"og:locale\" content=\"es_ES\" \/>\n<meta property=\"og:type\" content=\"article\" \/>\n<meta property=\"og:title\" content=\"UYUNI \u2013 SALAR DE UYUNI UYUNI 3D\/2N COMPARTIDO | Great Trip Titikaka: Tour Peru - Bolivia\" \/>\n<meta property=\"og:description\" content=\"Este tour tiene una duraci\u00f3n de 3 dias y 2 noche. El Salar m\u00e1s grande del mundo, visitaremos Uyuni &#8211; Cementerio de los trenes &#8211; Isla de pescado \u2013 San juan &#8211; Laguna colorada \u2013 Salar de Chiguana \u2013 Volc\u00e1n Ollague volcanes activos \u2013 Laguna verde y blanca \u2013 aguas termales \u2013 Uyuni.\" \/>\n<meta property=\"og:url\" content=\"https:\/\/www.greattriptitikaka.com\/en\/bolivia-salt-flat-of-uyuni\/bolivia-classic-tours\/salt-flat-uyuni-3d-shared\/\" \/>\n<meta property=\"og:site_name\" content=\"Great Trip Titikaka: Tour Peru - Bolivia\" \/>\n<meta property=\"article:modified_time\" content=\"2024-07-11T23:39:35+00:00\" \/>\n<meta property=\"og:image\" content=\"https:\/\/www.greattriptitikaka.com\/wp-content\/uploads\/2020\/03\/salar-uyuni-la.paz-bolivia_2.jpg\" \/>\n\t<meta property=\"og:image:width\" content=\"820\" \/>\n\t<meta property=\"og:image:height\" content=\"450\" \/>\n\t<meta property=\"og:image:type\" content=\"image\/jpeg\" \/>\n<meta name=\"twitter:card\" content=\"summary_large_image\" \/>\n<meta name=\"twitter:label1\" content=\"Tiempo de lectura\" \/>\n\t<meta name=\"twitter:data1\" content=\"4 minutos\" \/>\n<script type=\"application\/ld+json\" class=\"yoast-schema-graph\">{\"@context\":\"https:\/\/schema.org\",\"@graph\":[{\"@type\":\"WebPage\",\"@id\":\"https:\/\/www.greattriptitikaka.com\/en\/bolivia-salt-flat-of-uyuni\/bolivia-classic-tours\/salt-flat-uyuni-3d-shared\/\",\"url\":\"https:\/\/www.greattriptitikaka.com\/en\/bolivia-salt-flat-of-uyuni\/bolivia-classic-tours\/salt-flat-uyuni-3d-shared\/\",\"name\":\"UYUNI \u2013 SALAR DE UYUNI UYUNI 3D\/2N COMPARTIDO | Great Trip Titikaka: Tour Peru - Bolivia\",\"isPartOf\":{\"@id\":\"https:\/\/www.greattriptitikaka.com\/en\/#website\"},\"primaryImageOfPage\":{\"@id\":\"https:\/\/www.greattriptitikaka.com\/en\/bolivia-salt-flat-of-uyuni\/bolivia-classic-tours\/salt-flat-uyuni-3d-shared\/#primaryimage\"},\"image\":{\"@id\":\"https:\/\/www.greattriptitikaka.com\/en\/bolivia-salt-flat-of-uyuni\/bolivia-classic-tours\/salt-flat-uyuni-3d-shared\/#primaryimage\"},\"thumbnailUrl\":\"https:\/\/www.greattriptitikaka.com\/wp-content\/uploads\/2020\/03\/salar-uyuni-la.paz-bolivia_2.jpg\",\"datePublished\":\"2020-03-06T18:31:01+00:00\",\"dateModified\":\"2024-07-11T23:39:35+00:00\",\"breadcrumb\":{\"@id\":\"https:\/\/www.greattriptitikaka.com\/en\/bolivia-salt-flat-of-uyuni\/bolivia-classic-tours\/salt-flat-uyuni-3d-shared\/#breadcrumb\"},\"inLanguage\":\"es\",\"potentialAction\":[{\"@type\":\"ReadAction\",\"target\":[\"https:\/\/www.greattriptitikaka.com\/en\/bolivia-salt-flat-of-uyuni\/bolivia-classic-tours\/salt-flat-uyuni-3d-shared\/\"]}]},{\"@type\":\"ImageObject\",\"inLanguage\":\"es\",\"@id\":\"https:\/\/www.greattriptitikaka.com\/en\/bolivia-salt-flat-of-uyuni\/bolivia-classic-tours\/salt-flat-uyuni-3d-shared\/#primaryimage\",\"url\":\"https:\/\/www.greattriptitikaka.com\/wp-content\/uploads\/2020\/03\/salar-uyuni-la.paz-bolivia_2.jpg\",\"contentUrl\":\"https:\/\/www.greattriptitikaka.com\/wp-content\/uploads\/2020\/03\/salar-uyuni-la.paz-bolivia_2.jpg\",\"width\":820,\"height\":450},{\"@type\":\"BreadcrumbList\",\"@id\":\"https:\/\/www.greattriptitikaka.com\/en\/bolivia-salt-flat-of-uyuni\/bolivia-classic-tours\/salt-flat-uyuni-3d-shared\/#breadcrumb\",\"itemListElement\":[{\"@type\":\"ListItem\",\"position\":1,\"name\":\"Portada\",\"item\":\"https:\/\/www.greattriptitikaka.com\/en\/\"},{\"@type\":\"ListItem\",\"position\":2,\"name\":\"BOLIVIA &#8211; SALT FLAT OF UYUNI\",\"item\":\"https:\/\/www.greattriptitikaka.com\/en\/bolivia-salt-flat-of-uyuni\/\"},{\"@type\":\"ListItem\",\"position\":3,\"name\":\"BOLIVIA: CLASSIC TOURS\",\"item\":\"https:\/\/www.greattriptitikaka.com\/en\/bolivia-salt-flat-of-uyuni\/bolivia-classic-tours\/\"},{\"@type\":\"ListItem\",\"position\":4,\"name\":\"UYUNI \u2013 SALT FLAT OF UYUNI &#8211; UYUNI (3D\/2N) \/ SHARED SERVICE\"}]},{\"@type\":\"WebSite\",\"@id\":\"https:\/\/www.greattriptitikaka.com\/en\/#website\",\"url\":\"https:\/\/www.greattriptitikaka.com\/en\/\",\"name\":\"GREAT TRIP TITIKAKA\",\"description\":\"GREAT TRIP &lt;span&gt;TITIKAKA&lt;\/span&gt;\",\"publisher\":{\"@id\":\"https:\/\/www.greattriptitikaka.com\/en\/#organization\"},\"potentialAction\":[{\"@type\":\"SearchAction\",\"target\":{\"@type\":\"EntryPoint\",\"urlTemplate\":\"https:\/\/www.greattriptitikaka.com\/en\/?s={search_term_string}\"},\"query-input\":\"required name=search_term_string\"}],\"inLanguage\":\"es\"},{\"@type\":\"Organization\",\"@id\":\"https:\/\/www.greattriptitikaka.com\/en\/#organization\",\"name\":\"GREAT TRIP WORLD E.I.R.L.\",\"url\":\"https:\/\/www.greattriptitikaka.com\/en\/\",\"logo\":{\"@type\":\"ImageObject\",\"inLanguage\":\"es\",\"@id\":\"https:\/\/www.greattriptitikaka.com\/en\/#\/schema\/logo\/image\/\",\"url\":\"https:\/\/www.greattriptitikaka.com\/wp-content\/uploads\/2024\/07\/logo.svg\",\"contentUrl\":\"https:\/\/www.greattriptitikaka.com\/wp-content\/uploads\/2024\/07\/logo.svg\",\"width\":1972,\"height\":815,\"caption\":\"GREAT TRIP WORLD E.I.R.L.\"},\"image\":{\"@id\":\"https:\/\/www.greattriptitikaka.com\/en\/#\/schema\/logo\/image\/\"}}]}<\/script>\n<!-- \/ Yoast SEO plugin. -->","yoast_head_json":{"title":"UYUNI \u2013 SALAR DE UYUNI UYUNI 3D\/2N COMPARTIDO | Great Trip Titikaka: Tour Peru - Bolivia","robots":{"index":"index","follow":"follow","max-snippet":"max-snippet:-1","max-image-preview":"max-image-preview:large","max-video-preview":"max-video-preview:-1"},"canonical":"https:\/\/www.greattriptitikaka.com\/en\/bolivia-salt-flat-of-uyuni\/bolivia-classic-tours\/salt-flat-uyuni-3d-shared\/","og_locale":"es_ES","og_type":"article","og_title":"UYUNI \u2013 SALAR DE UYUNI UYUNI 3D\/2N COMPARTIDO | Great Trip Titikaka: Tour Peru - Bolivia","og_description":"Este tour tiene una duraci\u00f3n de 3 dias y 2 noche. El Salar m\u00e1s grande del mundo, visitaremos Uyuni &#8211; Cementerio de los trenes &#8211; Isla de pescado \u2013 San juan &#8211; Laguna colorada \u2013 Salar de Chiguana \u2013 Volc\u00e1n Ollague volcanes activos \u2013 Laguna verde y blanca \u2013 aguas termales \u2013 Uyuni.","og_url":"https:\/\/www.greattriptitikaka.com\/en\/bolivia-salt-flat-of-uyuni\/bolivia-classic-tours\/salt-flat-uyuni-3d-shared\/","og_site_name":"Great Trip Titikaka: Tour Peru - Bolivia","article_modified_time":"2024-07-11T23:39:35+00:00","og_image":[{"width":820,"height":450,"url":"https:\/\/www.greattriptitikaka.com\/wp-content\/uploads\/2020\/03\/salar-uyuni-la.paz-bolivia_2.jpg","type":"image\/jpeg"}],"twitter_card":"summary_large_image","twitter_misc":{"Tiempo de lectura":"4 minutos"},"schema":{"@context":"https:\/\/schema.org","@graph":[{"@type":"WebPage","@id":"https:\/\/www.greattriptitikaka.com\/en\/bolivia-salt-flat-of-uyuni\/bolivia-classic-tours\/salt-flat-uyuni-3d-shared\/","url":"https:\/\/www.greattriptitikaka.com\/en\/bolivia-salt-flat-of-uyuni\/bolivia-classic-tours\/salt-flat-uyuni-3d-shared\/","name":"UYUNI \u2013 SALAR DE UYUNI UYUNI 3D\/2N COMPARTIDO | Great Trip Titikaka: Tour Peru - Bolivia","isPartOf":{"@id":"https:\/\/www.greattriptitikaka.com\/en\/#website"},"primaryImageOfPage":{"@id":"https:\/\/www.greattriptitikaka.com\/en\/bolivia-salt-flat-of-uyuni\/bolivia-classic-tours\/salt-flat-uyuni-3d-shared\/#primaryimage"},"image":{"@id":"https:\/\/www.greattriptitikaka.com\/en\/bolivia-salt-flat-of-uyuni\/bolivia-classic-tours\/salt-flat-uyuni-3d-shared\/#primaryimage"},"thumbnailUrl":"https:\/\/www.greattriptitikaka.com\/wp-content\/uploads\/2020\/03\/salar-uyuni-la.paz-bolivia_2.jpg","datePublished":"2020-03-06T18:31:01+00:00","dateModified":"2024-07-11T23:39:35+00:00","breadcrumb":{"@id":"https:\/\/www.greattriptitikaka.com\/en\/bolivia-salt-flat-of-uyuni\/bolivia-classic-tours\/salt-flat-uyuni-3d-shared\/#breadcrumb"},"inLanguage":"es","potentialAction":[{"@type":"ReadAction","target":["https:\/\/www.greattriptitikaka.com\/en\/bolivia-salt-flat-of-uyuni\/bolivia-classic-tours\/salt-flat-uyuni-3d-shared\/"]}]},{"@type":"ImageObject","inLanguage":"es","@id":"https:\/\/www.greattriptitikaka.com\/en\/bolivia-salt-flat-of-uyuni\/bolivia-classic-tours\/salt-flat-uyuni-3d-shared\/#primaryimage","url":"https:\/\/www.greattriptitikaka.com\/wp-content\/uploads\/2020\/03\/salar-uyuni-la.paz-bolivia_2.jpg","contentUrl":"https:\/\/www.greattriptitikaka.com\/wp-content\/uploads\/2020\/03\/salar-uyuni-la.paz-bolivia_2.jpg","width":820,"height":450},{"@type":"BreadcrumbList","@id":"https:\/\/www.greattriptitikaka.com\/en\/bolivia-salt-flat-of-uyuni\/bolivia-classic-tours\/salt-flat-uyuni-3d-shared\/#breadcrumb","itemListElement":[{"@type":"ListItem","position":1,"name":"Portada","item":"https:\/\/www.greattriptitikaka.com\/en\/"},{"@type":"ListItem","position":2,"name":"BOLIVIA &#8211; SALT FLAT OF UYUNI","item":"https:\/\/www.greattriptitikaka.com\/en\/bolivia-salt-flat-of-uyuni\/"},{"@type":"ListItem","position":3,"name":"BOLIVIA: CLASSIC TOURS","item":"https:\/\/www.greattriptitikaka.com\/en\/bolivia-salt-flat-of-uyuni\/bolivia-classic-tours\/"},{"@type":"ListItem","position":4,"name":"UYUNI \u2013 SALT FLAT OF UYUNI &#8211; UYUNI (3D\/2N) \/ SHARED SERVICE"}]},{"@type":"WebSite","@id":"https:\/\/www.greattriptitikaka.com\/en\/#website","url":"https:\/\/www.greattriptitikaka.com\/en\/","name":"GREAT TRIP TITIKAKA","description":"GREAT TRIP &lt;span&gt;TITIKAKA&lt;\/span&gt;","publisher":{"@id":"https:\/\/www.greattriptitikaka.com\/en\/#organization"},"potentialAction":[{"@type":"SearchAction","target":{"@type":"EntryPoint","urlTemplate":"https:\/\/www.greattriptitikaka.com\/en\/?s={search_term_string}"},"query-input":"required name=search_term_string"}],"inLanguage":"es"},{"@type":"Organization","@id":"https:\/\/www.greattriptitikaka.com\/en\/#organization","name":"GREAT TRIP WORLD E.I.R.L.","url":"https:\/\/www.greattriptitikaka.com\/en\/","logo":{"@type":"ImageObject","inLanguage":"es","@id":"https:\/\/www.greattriptitikaka.com\/en\/#\/schema\/logo\/image\/","url":"https:\/\/www.greattriptitikaka.com\/wp-content\/uploads\/2024\/07\/logo.svg","contentUrl":"https:\/\/www.greattriptitikaka.com\/wp-content\/uploads\/2024\/07\/logo.svg","width":1972,"height":815,"caption":"GREAT TRIP WORLD E.I.R.L."},"image":{"@id":"https:\/\/www.greattriptitikaka.com\/en\/#\/schema\/logo\/image\/"}}]}},"_links":{"self":[{"href":"https:\/\/www.greattriptitikaka.com\/es\/wp-json\/wp\/v2\/pages\/223"}],"collection":[{"href":"https:\/\/www.greattriptitikaka.com\/es\/wp-json\/wp\/v2\/pages"}],"about":[{"href":"https:\/\/www.greattriptitikaka.com\/es\/wp-json\/wp\/v2\/types\/page"}],"author":[{"embeddable":true,"href":"https:\/\/www.greattriptitikaka.com\/es\/wp-json\/wp\/v2\/users\/1"}],"replies":[{"embeddable":true,"href":"https:\/\/www.greattriptitikaka.com\/es\/wp-json\/wp\/v2\/comments?post=223"}],"version-history":[{"count":0,"href":"https:\/\/www.greattriptitikaka.com\/es\/wp-json\/wp\/v2\/pages\/223\/revisions"}],"up":[{"embeddable":true,"href":"https:\/\/www.greattriptitikaka.com\/es\/wp-json\/wp\/v2\/pages\/1078"}],"wp:featuredmedia":[{"embeddable":true,"href":"https:\/\/www.greattriptitikaka.com\/es\/wp-json\/wp\/v2\/media\/866"}],"wp:attachment":[{"href":"https:\/\/www.greattriptitikaka.com\/es\/wp-json\/wp\/v2\/media?parent=223"}],"curies":[{"name":"wp","href":"https:\/\/api.w.org\/{rel}","templated":true}]}}