{"id":24,"date":"2019-12-13T11:05:52","date_gmt":"2019-12-13T16:05:52","guid":{"rendered":"https:\/\/www.greattriptitikaka.com\/?page_id=24"},"modified":"2024-07-05T13:24:08","modified_gmt":"2024-07-05T18:24:08","slug":"politicas-privacidad","status":"publish","type":"page","link":"https:\/\/www.greattriptitikaka.com\/es\/politicas-privacidad\/","title":{"rendered":"Pol\u00edticas de privacidad"},"content":{"rendered":"<p><\/p>\n<p><strong><u>POL\u00cdTICA DE PRIVACIDAD<\/u><\/strong><\/p>\n<p>En Great Trip World le informamos que, de acuerdo a lo dispuesto por la Ley N\u00b0 29733, Ley de Protecci\u00f3n de Datos Personales, en cumplimiento de lo previsto en el art\u00edculo 10 del Decreto 1377 de 2013, todos los datos personales provistos por usted quedar\u00e1n almacenados en nuestra base de datos bajo un entorno seguro y no se encontrar\u00e1n disponibles para el p\u00fablico en general, todo esto con la finalidad de poder atender sus solicitudes, dar respuesta a sus consultas o remitir la informaci\u00f3n asociada a su servicios contratados y\/o mantenerle al tanto de informaci\u00f3n que consideramos podr\u00e1 ser de su inter\u00e9s.<\/p>\n<p>El uso de este sitio web est\u00e1 sujeto a nuestra pol\u00edtica de privacidad. Esta se entiende como comprendida y aceptada por cualquier usuario que realice una reserva a trav\u00e9s de nuestro sitio web. Solo te solicitaremos informaci\u00f3n personal necesaria para proveer los servicios que ofrecemos y registrar detalles sobre tus preferencias, considerando aquello que necesita el proveedor para la operaci\u00f3n normal del tour y entregar la informaci\u00f3n requerida para ingreso a parques.<\/p>\n<p>As\u00ed mismo para utilizar algunos de los servicios o acceder a determinados contenidos, deber\u00e1 proporcionar previamente ciertos datos de car\u00e1cter personal, que solo ser\u00e1n utilizados para el prop\u00f3sito que fueron recopilados. El tipo de la posible informaci\u00f3n que se le sea solicitada incluyen: Nombres, apellidos, direcci\u00f3n de correo electr\u00f3nico (e-mail), pa\u00eds e intereses personales, entre otros, no toda la Informaci\u00f3n solicitada al momento de ingresar en el sitio es obligatoria de proporcionarse, salvo aquella que consideremos conveniente para procesar sus solicitudes y requerimientos.<\/p>\n<p>Si tiene preguntas o cuestiones sobre esta Pol\u00edtica, no dude en contactarse en cualquier momento a trav\u00e9s del correo electr\u00f3nico reservas@greattriptitikaka.com y\/o whatsap: +51 982949867 \/ 951753244<\/p>\n<p><\/p>","protected":false},"excerpt":{"rendered":"<p>POL\u00cdTICA DE PRIVACIDAD En Great Trip World le informamos que, de acuerdo a lo dispuesto por la Ley N\u00b0 29733, Ley de Protecci\u00f3n de Datos Personales, en cumplimiento de lo previsto en el art\u00edculo 10 del Decreto 1377 de 2013, todos los datos personales provistos por usted quedar\u00e1n almacenados en nuestra base de datos bajo [&hellip;]<\/p>\n","protected":false},"author":1,"featured_media":0,"parent":0,"menu_order":199,"comment_status":"closed","ping_status":"closed","template":"page-full.php","meta":{"_glsr_average":0,"_glsr_ranking":0,"_glsr_reviews":0,"footnotes":""},"class_list":["post-24","page","type-page","status-publish","hentry"],"yoast_head":"<!-- This site is optimized with the Yoast SEO plugin v23.0 - https:\/\/yoast.com\/wordpress\/plugins\/seo\/ -->\n<title>Pol\u00edticas de privacidad | Great Trip Titikaka: Tour Peru - Bolivia<\/title>\n<meta name=\"robots\" content=\"index, follow, max-snippet:-1, max-image-preview:large, max-video-preview:-1\" \/>\n<link rel=\"canonical\" href=\"https:\/\/www.greattriptitikaka.com\/en\/privacy-policies\/\" \/>\n<meta property=\"og:locale\" content=\"es_ES\" \/>\n<meta property=\"og:type\" content=\"article\" \/>\n<meta property=\"og:title\" content=\"Pol\u00edticas de privacidad | Great Trip Titikaka: Tour Peru - Bolivia\" \/>\n<meta property=\"og:description\" content=\"POL\u00cdTICA DE PRIVACIDAD En Great Trip World le informamos que, de acuerdo a lo dispuesto por la Ley N\u00b0 29733, Ley de Protecci\u00f3n de Datos Personales, en cumplimiento de lo previsto en el art\u00edculo 10 del Decreto 1377 de 2013, todos los datos personales provistos por usted quedar\u00e1n almacenados en nuestra base de datos bajo [&hellip;]\" \/>\n<meta property=\"og:url\" content=\"https:\/\/www.greattriptitikaka.com\/en\/privacy-policies\/\" \/>\n<meta property=\"og:site_name\" content=\"Great Trip Titikaka: Tour Peru - Bolivia\" \/>\n<meta property=\"article:modified_time\" content=\"2024-07-05T18:24:08+00:00\" \/>\n<meta name=\"twitter:card\" content=\"summary_large_image\" \/>\n<meta name=\"twitter:label1\" content=\"Tiempo de lectura\" \/>\n\t<meta name=\"twitter:data1\" content=\"3 minutos\" \/>\n<script type=\"application\/ld+json\" class=\"yoast-schema-graph\">{\"@context\":\"https:\/\/schema.org\",\"@graph\":[{\"@type\":\"WebPage\",\"@id\":\"https:\/\/www.greattriptitikaka.com\/en\/privacy-policies\/\",\"url\":\"https:\/\/www.greattriptitikaka.com\/en\/privacy-policies\/\",\"name\":\"Pol\u00edticas de privacidad | Great Trip Titikaka: Tour Peru - Bolivia\",\"isPartOf\":{\"@id\":\"https:\/\/www.greattriptitikaka.com\/en\/#website\"},\"datePublished\":\"2019-12-13T16:05:52+00:00\",\"dateModified\":\"2024-07-05T18:24:08+00:00\",\"breadcrumb\":{\"@id\":\"https:\/\/www.greattriptitikaka.com\/en\/privacy-policies\/#breadcrumb\"},\"inLanguage\":\"es\",\"potentialAction\":[{\"@type\":\"ReadAction\",\"target\":[\"https:\/\/www.greattriptitikaka.com\/en\/privacy-policies\/\"]}]},{\"@type\":\"BreadcrumbList\",\"@id\":\"https:\/\/www.greattriptitikaka.com\/en\/privacy-policies\/#breadcrumb\",\"itemListElement\":[{\"@type\":\"ListItem\",\"position\":1,\"name\":\"Portada\",\"item\":\"https:\/\/www.greattriptitikaka.com\/en\/\"},{\"@type\":\"ListItem\",\"position\":2,\"name\":\"Privacy Policies\"}]},{\"@type\":\"WebSite\",\"@id\":\"https:\/\/www.greattriptitikaka.com\/en\/#website\",\"url\":\"https:\/\/www.greattriptitikaka.com\/en\/\",\"name\":\"GREAT TRIP TITIKAKA\",\"description\":\"GREAT TRIP &lt;span&gt;TITIKAKA&lt;\/span&gt;\",\"publisher\":{\"@id\":\"https:\/\/www.greattriptitikaka.com\/en\/#organization\"},\"potentialAction\":[{\"@type\":\"SearchAction\",\"target\":{\"@type\":\"EntryPoint\",\"urlTemplate\":\"https:\/\/www.greattriptitikaka.com\/en\/?s={search_term_string}\"},\"query-input\":\"required name=search_term_string\"}],\"inLanguage\":\"es\"},{\"@type\":\"Organization\",\"@id\":\"https:\/\/www.greattriptitikaka.com\/en\/#organization\",\"name\":\"GREAT TRIP WORLD E.I.R.L.\",\"url\":\"https:\/\/www.greattriptitikaka.com\/en\/\",\"logo\":{\"@type\":\"ImageObject\",\"inLanguage\":\"es\",\"@id\":\"https:\/\/www.greattriptitikaka.com\/en\/#\/schema\/logo\/image\/\",\"url\":\"https:\/\/www.greattriptitikaka.com\/wp-content\/uploads\/2024\/07\/logo.svg\",\"contentUrl\":\"https:\/\/www.greattriptitikaka.com\/wp-content\/uploads\/2024\/07\/logo.svg\",\"width\":1972,\"height\":815,\"caption\":\"GREAT TRIP WORLD E.I.R.L.\"},\"image\":{\"@id\":\"https:\/\/www.greattriptitikaka.com\/en\/#\/schema\/logo\/image\/\"}}]}<\/script>\n<!-- \/ Yoast SEO plugin. -->","yoast_head_json":{"title":"Pol\u00edticas de privacidad | Great Trip Titikaka: Tour Peru - Bolivia","robots":{"index":"index","follow":"follow","max-snippet":"max-snippet:-1","max-image-preview":"max-image-preview:large","max-video-preview":"max-video-preview:-1"},"canonical":"https:\/\/www.greattriptitikaka.com\/en\/privacy-policies\/","og_locale":"es_ES","og_type":"article","og_title":"Pol\u00edticas de privacidad | Great Trip Titikaka: Tour Peru - Bolivia","og_description":"POL\u00cdTICA DE PRIVACIDAD En Great Trip World le informamos que, de acuerdo a lo dispuesto por la Ley N\u00b0 29733, Ley de Protecci\u00f3n de Datos Personales, en cumplimiento de lo previsto en el art\u00edculo 10 del Decreto 1377 de 2013, todos los datos personales provistos por usted quedar\u00e1n almacenados en nuestra base de datos bajo [&hellip;]","og_url":"https:\/\/www.greattriptitikaka.com\/en\/privacy-policies\/","og_site_name":"Great Trip Titikaka: Tour Peru - Bolivia","article_modified_time":"2024-07-05T18:24:08+00:00","twitter_card":"summary_large_image","twitter_misc":{"Tiempo de lectura":"3 minutos"},"schema":{"@context":"https:\/\/schema.org","@graph":[{"@type":"WebPage","@id":"https:\/\/www.greattriptitikaka.com\/en\/privacy-policies\/","url":"https:\/\/www.greattriptitikaka.com\/en\/privacy-policies\/","name":"Pol\u00edticas de privacidad | Great Trip Titikaka: Tour Peru - Bolivia","isPartOf":{"@id":"https:\/\/www.greattriptitikaka.com\/en\/#website"},"datePublished":"2019-12-13T16:05:52+00:00","dateModified":"2024-07-05T18:24:08+00:00","breadcrumb":{"@id":"https:\/\/www.greattriptitikaka.com\/en\/privacy-policies\/#breadcrumb"},"inLanguage":"es","potentialAction":[{"@type":"ReadAction","target":["https:\/\/www.greattriptitikaka.com\/en\/privacy-policies\/"]}]},{"@type":"BreadcrumbList","@id":"https:\/\/www.greattriptitikaka.com\/en\/privacy-policies\/#breadcrumb","itemListElement":[{"@type":"ListItem","position":1,"name":"Portada","item":"https:\/\/www.greattriptitikaka.com\/en\/"},{"@type":"ListItem","position":2,"name":"Privacy Policies"}]},{"@type":"WebSite","@id":"https:\/\/www.greattriptitikaka.com\/en\/#website","url":"https:\/\/www.greattriptitikaka.com\/en\/","name":"GREAT TRIP TITIKAKA","description":"GREAT TRIP &lt;span&gt;TITIKAKA&lt;\/span&gt;","publisher":{"@id":"https:\/\/www.greattriptitikaka.com\/en\/#organization"},"potentialAction":[{"@type":"SearchAction","target":{"@type":"EntryPoint","urlTemplate":"https:\/\/www.greattriptitikaka.com\/en\/?s={search_term_string}"},"query-input":"required name=search_term_string"}],"inLanguage":"es"},{"@type":"Organization","@id":"https:\/\/www.greattriptitikaka.com\/en\/#organization","name":"GREAT TRIP WORLD E.I.R.L.","url":"https:\/\/www.greattriptitikaka.com\/en\/","logo":{"@type":"ImageObject","inLanguage":"es","@id":"https:\/\/www.greattriptitikaka.com\/en\/#\/schema\/logo\/image\/","url":"https:\/\/www.greattriptitikaka.com\/wp-content\/uploads\/2024\/07\/logo.svg","contentUrl":"https:\/\/www.greattriptitikaka.com\/wp-content\/uploads\/2024\/07\/logo.svg","width":1972,"height":815,"caption":"GREAT TRIP WORLD E.I.R.L."},"image":{"@id":"https:\/\/www.greattriptitikaka.com\/en\/#\/schema\/logo\/image\/"}}]}},"_links":{"self":[{"href":"https:\/\/www.greattriptitikaka.com\/es\/wp-json\/wp\/v2\/pages\/24"}],"collection":[{"href":"https:\/\/www.greattriptitikaka.com\/es\/wp-json\/wp\/v2\/pages"}],"about":[{"href":"https:\/\/www.greattriptitikaka.com\/es\/wp-json\/wp\/v2\/types\/page"}],"author":[{"embeddable":true,"href":"https:\/\/www.greattriptitikaka.com\/es\/wp-json\/wp\/v2\/users\/1"}],"replies":[{"embeddable":true,"href":"https:\/\/www.greattriptitikaka.com\/es\/wp-json\/wp\/v2\/comments?post=24"}],"version-history":[{"count":0,"href":"https:\/\/www.greattriptitikaka.com\/es\/wp-json\/wp\/v2\/pages\/24\/revisions"}],"wp:attachment":[{"href":"https:\/\/www.greattriptitikaka.com\/es\/wp-json\/wp\/v2\/media?parent=24"}],"curies":[{"name":"wp","href":"https:\/\/api.w.org\/{rel}","templated":true}]}}