{"id":253,"date":"2020-03-06T19:10:52","date_gmt":"2020-03-07T00:10:52","guid":{"rendered":"https:\/\/www.greattriptitikaka.com\/?page_id=253"},"modified":"2024-07-11T18:44:45","modified_gmt":"2024-07-11T23:44:45","slug":"ruta-del-sol-bus-turistico-cusco-puno","status":"publish","type":"page","link":"https:\/\/www.greattriptitikaka.com\/es\/tickets-transporte\/bus-con-paradas-turisticas-cusco-puno\/","title":{"rendered":"RUTA DEL SOL: BUS TUR\u00cdSTICO CUSCO \u2013 PUNO"},"content":{"rendered":"<p><\/p>\n<p>Este tour tiene una duraci\u00f3n de 10 horas. Es la forma m\u00e1s entretenida, segura y confortable de viajar en bus, entre Cusco \u2013 Puno recorriendo por la ruta del Sol, lugares de encanto y misterio, de nuestro pasado inca.<\/p>\n<p><!--more--><\/p>\n<div class=\"in-block no-border\">\n<div id=\"ph-multi-253\" class=\"carousel ph-slider tour-slider slide\" data-ride=\"carousel\" data-interval=\"4000\" data-pause=\"hover\">\n<ol class=\"carousel-indicators\">\n<li data-target=\"#ph-multi-253\" data-slide-to=\"0\" class=\"active\"><\/li>\n<li data-target=\"#ph-multi-253\" data-slide-to=\"1\"><\/li>\n<li data-target=\"#ph-multi-253\" data-slide-to=\"2\"><\/li>\n<\/ol>\n<div class=\"carousel-inner\" role=\"listbox\">\n<div class=\"slide-loader\"><\/div>\n<div class=\"item active\"><img loading=\"lazy\" decoding=\"async\" class=\"alignnone size-full wp-image-892\" src=\"https:\/\/www.greattriptitikaka.com\/wp-content\/uploads\/2020\/03\/bus-cusco-puno-great-trip.jpg\" alt=\"\" width=\"820\" height=\"450\" srcset=\"https:\/\/www.greattriptitikaka.com\/wp-content\/uploads\/2020\/03\/bus-cusco-puno-great-trip.jpg 820w, https:\/\/www.greattriptitikaka.com\/wp-content\/uploads\/2020\/03\/bus-cusco-puno-great-trip-600x329.jpg 600w, https:\/\/www.greattriptitikaka.com\/wp-content\/uploads\/2020\/03\/bus-cusco-puno-great-trip-768x421.jpg 768w, https:\/\/www.greattriptitikaka.com\/wp-content\/uploads\/2020\/03\/bus-cusco-puno-great-trip-60x33.jpg 60w\" sizes=\"(max-width: 820px) 100vw, 820px\" \/><\/div>\n<div class=\"item\"><img loading=\"lazy\" decoding=\"async\" class=\"alignnone size-full wp-image-846\" src=\"https:\/\/www.greattriptitikaka.com\/wp-content\/uploads\/2020\/03\/cusco-valle-sagrado-montana-colores_6.jpg\" alt=\"\" width=\"820\" height=\"450\" srcset=\"https:\/\/www.greattriptitikaka.com\/wp-content\/uploads\/2020\/03\/cusco-valle-sagrado-montana-colores_6.jpg 820w, https:\/\/www.greattriptitikaka.com\/wp-content\/uploads\/2020\/03\/cusco-valle-sagrado-montana-colores_6-600x329.jpg 600w, https:\/\/www.greattriptitikaka.com\/wp-content\/uploads\/2020\/03\/cusco-valle-sagrado-montana-colores_6-768x421.jpg 768w, https:\/\/www.greattriptitikaka.com\/wp-content\/uploads\/2020\/03\/cusco-valle-sagrado-montana-colores_6-60x33.jpg 60w\" sizes=\"(max-width: 820px) 100vw, 820px\" \/> <\/div>\n<div class=\"item\"><img loading=\"lazy\" decoding=\"async\" class=\"alignnone size-full wp-image-763\" src=\"https:\/\/www.greattriptitikaka.com\/wp-content\/uploads\/2020\/03\/city-tour-puno-great-trip-titikaka_6.jpg\" alt=\"\" width=\"820\" height=\"450\" srcset=\"https:\/\/www.greattriptitikaka.com\/wp-content\/uploads\/2020\/03\/city-tour-puno-great-trip-titikaka_6.jpg 820w, https:\/\/www.greattriptitikaka.com\/wp-content\/uploads\/2020\/03\/city-tour-puno-great-trip-titikaka_6-600x329.jpg 600w, https:\/\/www.greattriptitikaka.com\/wp-content\/uploads\/2020\/03\/city-tour-puno-great-trip-titikaka_6-768x421.jpg 768w, https:\/\/www.greattriptitikaka.com\/wp-content\/uploads\/2020\/03\/city-tour-puno-great-trip-titikaka_6-60x33.jpg 60w\" sizes=\"(max-width: 820px) 100vw, 820px\" \/><\/p>\n<\/div>\n<p><a class=\"carousel-control left\" href=\"#ph-multi-253\" data-slide=\"prev\"><i class=\"icon icon-arrow-left\"><\/i><\/a><a class=\"carousel-control right\" href=\"#ph-multi-253\" data-slide=\"next\"><i class=\"icon icon-arrow-right\"><\/i><\/a><\/div>\n<\/div>\n<\/div>\n<nav id=\"menu-anchor\" class=\"menu-anchor\">\n<div class=\"container-fluid\">\n<ul class=\"tab-navi\">\n<li id=\"item-1\" class=\"tab-item\"><a href=\"javascript:void(0)\">Resumen<\/a><\/li>\n<li id=\"item-2\" class=\"tab-item\"><a href=\"javascript:void(0)\"> Incluye<\/a><\/li>\n<li id=\"item-3\" class=\"tab-item\"><a href=\"javascript:void(0)\"> Precios<\/a><\/li>\n<li id=\"item-4\" class=\"tab-item\"><a href=\"javascript:void(0)\"> Itinerario<\/a><\/li>\n<li id=\"item-testimonials\" class=\"tab-item\"><a href=\"javascript:void(0)\"> Rese\u00f1as<\/a><\/li>\n<\/ul>\n<\/div>\n<\/nav>\n<h3>RESUMEN:<\/h3>\n<h1 class=\"page-title \">RUTA DEL SOL: BUS TUR\u00cdSTICO CUSCO \u2013 PUNO<\/h1>\n<div class=\"glsr glsr-default\" id=\"glsr_63f58dfd\" data-from=\"shortcode\" data-shortcode=\"site_reviews_summary\" data-hide=\"[&quot;rating&quot;]\">\n<div class=\"glsr-summary-wrap\">\n<div class=\"glsr-summary\">\n<div class=\"glsr-summary-stars\">\n<div class=\"glsr-star-rating glsr-stars\" role=\"img\" aria-label=\"Rated 3 out of 5 stars based on 1 ratings\" data-rating=\"3\" data-reviews=\"1\"><span class=\"glsr-star glsr-star-full\" aria-hidden=\"true\"><\/span><span class=\"glsr-star glsr-star-full\" aria-hidden=\"true\"><\/span><span class=\"glsr-star glsr-star-full\" aria-hidden=\"true\"><\/span><span class=\"glsr-star glsr-star-empty\" aria-hidden=\"true\"><\/span><span class=\"glsr-star glsr-star-empty\" aria-hidden=\"true\"><\/span><\/div>\n<\/div>\n<div class=\"glsr-summary-text\"><span class=\"glsr-tag-value\">3,0 de 5 estrellas (basado en 1 rese\u00f1a)<\/span><\/div>\n<div class=\"glsr-summary-percentages\">\n<div class=\"glsr-bar\" data-level=\"5\"><span class=\"glsr-bar-label\">Excelente<\/span><span class=\"glsr-bar-background\"><span class=\"glsr-bar-background-percent\" style=\"width:0%\"><\/span><\/span><span class=\"glsr-bar-percent\">0%<\/span><\/div>\n<div class=\"glsr-bar\" data-level=\"4\"><span class=\"glsr-bar-label\">Muy buena<\/span><span class=\"glsr-bar-background\"><span class=\"glsr-bar-background-percent\" style=\"width:0%\"><\/span><\/span><span class=\"glsr-bar-percent\">0%<\/span><\/div>\n<div class=\"glsr-bar\" data-level=\"3\"><span class=\"glsr-bar-label\">Media<\/span><span class=\"glsr-bar-background\"><span class=\"glsr-bar-background-percent\" style=\"width:100%\"><\/span><\/span><span class=\"glsr-bar-percent\">100%<\/span><\/div>\n<div class=\"glsr-bar\" data-level=\"2\"><span class=\"glsr-bar-label\">Mala<\/span><span class=\"glsr-bar-background\"><span class=\"glsr-bar-background-percent\" style=\"width:0%\"><\/span><\/span><span class=\"glsr-bar-percent\">0%<\/span><\/div>\n<div class=\"glsr-bar\" data-level=\"1\"><span class=\"glsr-bar-label\">Muy mala<\/span><span class=\"glsr-bar-background\"><span class=\"glsr-bar-background-percent\" style=\"width:0%\"><\/span><\/span><span class=\"glsr-bar-percent\">0%<\/span><\/div>\n<\/div><\/div>\n<\/div>\n<\/div>\n<div class=\"row\">\n<div class=\"col-sm-12\">\n<p class=\"condition-wrap\"><span class=\"badge badge-orange\"><i class=\"icon icon-check\"><\/i> Servicio operativo<\/span><span class=\"badge badge-green-dark ph-tooltip ph-tooltip-medium\" data-title=\"Si anulas tu reserva hasta 48 horas antes del inicio de la actividad, te devolveremos el 100% del adelanto que pagaste para realizar la reserva.\">Anulaci\u00f3n gratuita<\/span><span class=\"badge badge-green ph-tooltip ph-tooltip-medium\" data-title=\"Puedes reprogramar tu reserva sin costo adicional hasta 48 horas antes del inicio de la actividad.\">Reprogramaci\u00f3n gratuita<\/span><\/p>\n<\/div>\n<\/div>\n<p><em>Este tour tiene una duraci\u00f3n de 10 horas. Es la forma m\u00e1s entretenida, segura y confortable de viajar en bus, entre Cusco \u2013 Puno\u00a0 recorriendo por la ruta del Sol, lugares de encanto y misterio, de nuestro pasado inca.<\/em><\/p>\n<p><em>Visitaremos: La Iglesia colonial de Andahuaylillas, el complejo arqueol\u00f3gico de Raqchi,\u00a0 el paso de la Raya, el museo l\u00edtico de Pukara y llegada a Puno.<br \/>\n<\/em><\/p>\n<hr \/>\n<div class=\"row\">\n<div class=\"col-sm-4 tour-summary\">\n<h5 class=\"summary-title\"><i class=\"icon icon-dollars\"><\/i> Precio por persona<\/h5>\n<p class=\"summary-price\"><b>Desde:<\/b> USD 48.00<\/p>\n<\/div>\n<div class=\"col-sm-4 tour-summary\">\n<h5 class=\"summary-title\"><i class=\"icon icon-clock\"><\/i> Horarios<\/h5>\n<ul class=\"summary-price\">\n<li>7:00 AM a 5:00 PM<\/li>\n<\/ul>\n<\/div>\n<div class=\"col-sm-4 tour-summary\">\n<h5 class=\"summary-title\"><i class=\"icon icon-dollars\"><\/i> Duraci\u00f3n<\/h5>\n<p class=\"summary-price\">10 horas aproximadamente <\/p>\n<\/div>\n<\/div>\n<hr \/>\n<h3><span style=\"color: #ca640b;\">NUESTROS SERVICIOS INCLUYEN \/ NO INCLUYEN:<\/span><\/h3>\n<div class=\"row\">\n<div class=\"col-sm-6 column yes\">\n<ul>\n<li>Reserva y compra anticipada de los tickets.<\/li>\n<li>Tasa de embarque en el terminal terrestre de Puno.<\/li>\n<li>Gu\u00eda oficial de turismo biling\u00fce (ingl\u00e9s\/espa\u00f1ol).<\/li>\n<li>Visitas guiadas a Andahuaylillas, Raqchi, La Raya y Pukara Museo (Centros Arqueol\u00f3gicos).<\/li>\n<li>Almuerzo buffet en Sicuani.<\/li>\n<li>Servicio a bordo: agua mineral, t\u00e9 de coca, caf\u00e9.<\/li>\n<\/ul>\n<\/div>\n<div class=\"col-sm-6 column not\">\n<ul>\n<li>Otros gastos no mencionados.<\/li>\n<li>Tickets de ingreso a los museos de parada.<\/li>\n<\/ul>\n<\/div>\n<\/div>\n<hr \/>\n<h3><span style=\"color: #ca640b;\">PRECIOS:<\/span><\/h3>\n<p><strong>Precio por Ticket: USD$ 48. <\/strong><\/p>\n<p><span style=\"color: #ff6600;\"><em><strong>Nota:<\/strong> Adem\u00e1s del precio, se debe adicionar USD $14.00 para ingreso a los museos de parada.<\/em><\/span><\/p>\n<hr \/>\n<h3><span style=\"color: #ca640b;\">ITINERARIO:<\/span><\/h3>\n<ul>\n<li>06:20h. Recojo desde su Hotel.<\/li>\n<li>07:00h. Salida de Cusco (3300 msnm).<\/li>\n<li>09:30h. Andahuailillas 3093msnm).<\/li>\n<li>10:50h. Raqchi.<\/li>\n<li>11:45h. Sicuani Almuerzo buffet.<\/li>\n<li>13:10h. La Raya (4335 msnm).<\/li>\n<li>15:00h. Pukara.<\/li>\n<li>17:00h. Llegada a Puno.<\/li>\n<\/ul>\n<p>Este tour tiene una duraci\u00f3n de 10 horas. Es la forma m\u00e1s entretenida, segura y confortable de viajar en bus, entre Cusco \u2013 Puno recorriendo por la ruta del Sol, lugares de encanto y misterio, de nuestro pasado inca.<\/p>\n<p>Visitaremos: La Iglesia colonial de Andahuaylillas, el complejo arqueol\u00f3gico de Raqchi, el paso de la Raya, el museo l\u00edtico de Pukara y llegada a Puno.<\/p>\n<p><span style=\"color: #ca640b;\"><strong>HORARIOS:<\/strong> Salida 07:00am. Llegada 05:00pm.<\/span><\/p>\n<p><\/p>","protected":false},"excerpt":{"rendered":"<p>Este tour tiene una duraci\u00f3n de 10 horas. Es la forma m\u00e1s entretenida, segura y confortable de viajar en bus, entre Cusco \u2013 Puno recorriendo por la ruta del Sol, lugares de encanto y misterio, de nuestro pasado inca.<\/p>\n","protected":false},"author":1,"featured_media":892,"parent":12,"menu_order":2,"comment_status":"closed","ping_status":"closed","template":"page-tour.php","meta":{"_glsr_average":0,"_glsr_ranking":0,"_glsr_reviews":0,"footnotes":""},"class_list":["post-253","page","type-page","status-publish","has-post-thumbnail","hentry"],"yoast_head":"<!-- This site is optimized with the Yoast SEO plugin v23.0 - https:\/\/yoast.com\/wordpress\/plugins\/seo\/ -->\n<title>RUTA DEL SOL: BUS TUR\u00cdSTICO CUSCO \u2013 PUNO | Great Trip Titikaka: Tour Peru - Bolivia<\/title>\n<meta name=\"robots\" content=\"index, follow, max-snippet:-1, max-image-preview:large, max-video-preview:-1\" \/>\n<link rel=\"canonical\" href=\"https:\/\/www.greattriptitikaka.com\/en\/transportation-tickets\/bus-with-touristic-stops-cusco-puno\/\" \/>\n<meta property=\"og:locale\" content=\"es_ES\" \/>\n<meta property=\"og:type\" content=\"article\" \/>\n<meta property=\"og:title\" content=\"RUTA DEL SOL: BUS TUR\u00cdSTICO CUSCO \u2013 PUNO | Great Trip Titikaka: Tour Peru - Bolivia\" \/>\n<meta property=\"og:description\" content=\"Este tour tiene una duraci\u00f3n de 10 horas. Es la forma m\u00e1s entretenida, segura y confortable de viajar en bus, entre Cusco \u2013 Puno recorriendo por la ruta del Sol, lugares de encanto y misterio, de nuestro pasado inca.\" \/>\n<meta property=\"og:url\" content=\"https:\/\/www.greattriptitikaka.com\/en\/transportation-tickets\/bus-with-touristic-stops-cusco-puno\/\" \/>\n<meta property=\"og:site_name\" content=\"Great Trip Titikaka: Tour Peru - Bolivia\" \/>\n<meta property=\"article:modified_time\" content=\"2024-07-11T23:44:45+00:00\" \/>\n<meta property=\"og:image\" content=\"https:\/\/www.greattriptitikaka.com\/wp-content\/uploads\/2020\/03\/bus-cusco-puno-great-trip.jpg\" \/>\n\t<meta property=\"og:image:width\" content=\"820\" \/>\n\t<meta property=\"og:image:height\" content=\"450\" \/>\n\t<meta property=\"og:image:type\" content=\"image\/jpeg\" \/>\n<meta name=\"twitter:card\" content=\"summary_large_image\" \/>\n<meta name=\"twitter:label1\" content=\"Tiempo de lectura\" \/>\n\t<meta name=\"twitter:data1\" content=\"3 minutos\" \/>\n<script type=\"application\/ld+json\" class=\"yoast-schema-graph\">{\"@context\":\"https:\/\/schema.org\",\"@graph\":[{\"@type\":\"WebPage\",\"@id\":\"https:\/\/www.greattriptitikaka.com\/en\/transportation-tickets\/bus-with-touristic-stops-cusco-puno\/\",\"url\":\"https:\/\/www.greattriptitikaka.com\/en\/transportation-tickets\/bus-with-touristic-stops-cusco-puno\/\",\"name\":\"RUTA DEL SOL: BUS TUR\u00cdSTICO CUSCO \u2013 PUNO | Great Trip Titikaka: Tour Peru - Bolivia\",\"isPartOf\":{\"@id\":\"https:\/\/www.greattriptitikaka.com\/en\/#website\"},\"primaryImageOfPage\":{\"@id\":\"https:\/\/www.greattriptitikaka.com\/en\/transportation-tickets\/bus-with-touristic-stops-cusco-puno\/#primaryimage\"},\"image\":{\"@id\":\"https:\/\/www.greattriptitikaka.com\/en\/transportation-tickets\/bus-with-touristic-stops-cusco-puno\/#primaryimage\"},\"thumbnailUrl\":\"https:\/\/www.greattriptitikaka.com\/wp-content\/uploads\/2020\/03\/bus-cusco-puno-great-trip.jpg\",\"datePublished\":\"2020-03-07T00:10:52+00:00\",\"dateModified\":\"2024-07-11T23:44:45+00:00\",\"breadcrumb\":{\"@id\":\"https:\/\/www.greattriptitikaka.com\/en\/transportation-tickets\/bus-with-touristic-stops-cusco-puno\/#breadcrumb\"},\"inLanguage\":\"es\",\"potentialAction\":[{\"@type\":\"ReadAction\",\"target\":[\"https:\/\/www.greattriptitikaka.com\/en\/transportation-tickets\/bus-with-touristic-stops-cusco-puno\/\"]}]},{\"@type\":\"ImageObject\",\"inLanguage\":\"es\",\"@id\":\"https:\/\/www.greattriptitikaka.com\/en\/transportation-tickets\/bus-with-touristic-stops-cusco-puno\/#primaryimage\",\"url\":\"https:\/\/www.greattriptitikaka.com\/wp-content\/uploads\/2020\/03\/bus-cusco-puno-great-trip.jpg\",\"contentUrl\":\"https:\/\/www.greattriptitikaka.com\/wp-content\/uploads\/2020\/03\/bus-cusco-puno-great-trip.jpg\",\"width\":820,\"height\":450},{\"@type\":\"BreadcrumbList\",\"@id\":\"https:\/\/www.greattriptitikaka.com\/en\/transportation-tickets\/bus-with-touristic-stops-cusco-puno\/#breadcrumb\",\"itemListElement\":[{\"@type\":\"ListItem\",\"position\":1,\"name\":\"Portada\",\"item\":\"https:\/\/www.greattriptitikaka.com\/en\/\"},{\"@type\":\"ListItem\",\"position\":2,\"name\":\"TRANSPORTATION TICKETS\",\"item\":\"https:\/\/www.greattriptitikaka.com\/en\/transportation-tickets\/\"},{\"@type\":\"ListItem\",\"position\":3,\"name\":\"ROUTE OF THE SUN: CUSCO \u2013 PUNO TOURIST BUS\"}]},{\"@type\":\"WebSite\",\"@id\":\"https:\/\/www.greattriptitikaka.com\/en\/#website\",\"url\":\"https:\/\/www.greattriptitikaka.com\/en\/\",\"name\":\"GREAT TRIP TITIKAKA\",\"description\":\"GREAT TRIP &lt;span&gt;TITIKAKA&lt;\/span&gt;\",\"publisher\":{\"@id\":\"https:\/\/www.greattriptitikaka.com\/en\/#organization\"},\"potentialAction\":[{\"@type\":\"SearchAction\",\"target\":{\"@type\":\"EntryPoint\",\"urlTemplate\":\"https:\/\/www.greattriptitikaka.com\/en\/?s={search_term_string}\"},\"query-input\":\"required name=search_term_string\"}],\"inLanguage\":\"es\"},{\"@type\":\"Organization\",\"@id\":\"https:\/\/www.greattriptitikaka.com\/en\/#organization\",\"name\":\"GREAT TRIP WORLD E.I.R.L.\",\"url\":\"https:\/\/www.greattriptitikaka.com\/en\/\",\"logo\":{\"@type\":\"ImageObject\",\"inLanguage\":\"es\",\"@id\":\"https:\/\/www.greattriptitikaka.com\/en\/#\/schema\/logo\/image\/\",\"url\":\"https:\/\/www.greattriptitikaka.com\/wp-content\/uploads\/2024\/07\/logo.svg\",\"contentUrl\":\"https:\/\/www.greattriptitikaka.com\/wp-content\/uploads\/2024\/07\/logo.svg\",\"width\":1972,\"height\":815,\"caption\":\"GREAT TRIP WORLD E.I.R.L.\"},\"image\":{\"@id\":\"https:\/\/www.greattriptitikaka.com\/en\/#\/schema\/logo\/image\/\"}}]}<\/script>\n<!-- \/ Yoast SEO plugin. -->","yoast_head_json":{"title":"RUTA DEL SOL: BUS TUR\u00cdSTICO CUSCO \u2013 PUNO | Great Trip Titikaka: Tour Peru - Bolivia","robots":{"index":"index","follow":"follow","max-snippet":"max-snippet:-1","max-image-preview":"max-image-preview:large","max-video-preview":"max-video-preview:-1"},"canonical":"https:\/\/www.greattriptitikaka.com\/en\/transportation-tickets\/bus-with-touristic-stops-cusco-puno\/","og_locale":"es_ES","og_type":"article","og_title":"RUTA DEL SOL: BUS TUR\u00cdSTICO CUSCO \u2013 PUNO | Great Trip Titikaka: Tour Peru - Bolivia","og_description":"Este tour tiene una duraci\u00f3n de 10 horas. Es la forma m\u00e1s entretenida, segura y confortable de viajar en bus, entre Cusco \u2013 Puno recorriendo por la ruta del Sol, lugares de encanto y misterio, de nuestro pasado inca.","og_url":"https:\/\/www.greattriptitikaka.com\/en\/transportation-tickets\/bus-with-touristic-stops-cusco-puno\/","og_site_name":"Great Trip Titikaka: Tour Peru - Bolivia","article_modified_time":"2024-07-11T23:44:45+00:00","og_image":[{"width":820,"height":450,"url":"https:\/\/www.greattriptitikaka.com\/wp-content\/uploads\/2020\/03\/bus-cusco-puno-great-trip.jpg","type":"image\/jpeg"}],"twitter_card":"summary_large_image","twitter_misc":{"Tiempo de lectura":"3 minutos"},"schema":{"@context":"https:\/\/schema.org","@graph":[{"@type":"WebPage","@id":"https:\/\/www.greattriptitikaka.com\/en\/transportation-tickets\/bus-with-touristic-stops-cusco-puno\/","url":"https:\/\/www.greattriptitikaka.com\/en\/transportation-tickets\/bus-with-touristic-stops-cusco-puno\/","name":"RUTA DEL SOL: BUS TUR\u00cdSTICO CUSCO \u2013 PUNO | Great Trip Titikaka: Tour Peru - Bolivia","isPartOf":{"@id":"https:\/\/www.greattriptitikaka.com\/en\/#website"},"primaryImageOfPage":{"@id":"https:\/\/www.greattriptitikaka.com\/en\/transportation-tickets\/bus-with-touristic-stops-cusco-puno\/#primaryimage"},"image":{"@id":"https:\/\/www.greattriptitikaka.com\/en\/transportation-tickets\/bus-with-touristic-stops-cusco-puno\/#primaryimage"},"thumbnailUrl":"https:\/\/www.greattriptitikaka.com\/wp-content\/uploads\/2020\/03\/bus-cusco-puno-great-trip.jpg","datePublished":"2020-03-07T00:10:52+00:00","dateModified":"2024-07-11T23:44:45+00:00","breadcrumb":{"@id":"https:\/\/www.greattriptitikaka.com\/en\/transportation-tickets\/bus-with-touristic-stops-cusco-puno\/#breadcrumb"},"inLanguage":"es","potentialAction":[{"@type":"ReadAction","target":["https:\/\/www.greattriptitikaka.com\/en\/transportation-tickets\/bus-with-touristic-stops-cusco-puno\/"]}]},{"@type":"ImageObject","inLanguage":"es","@id":"https:\/\/www.greattriptitikaka.com\/en\/transportation-tickets\/bus-with-touristic-stops-cusco-puno\/#primaryimage","url":"https:\/\/www.greattriptitikaka.com\/wp-content\/uploads\/2020\/03\/bus-cusco-puno-great-trip.jpg","contentUrl":"https:\/\/www.greattriptitikaka.com\/wp-content\/uploads\/2020\/03\/bus-cusco-puno-great-trip.jpg","width":820,"height":450},{"@type":"BreadcrumbList","@id":"https:\/\/www.greattriptitikaka.com\/en\/transportation-tickets\/bus-with-touristic-stops-cusco-puno\/#breadcrumb","itemListElement":[{"@type":"ListItem","position":1,"name":"Portada","item":"https:\/\/www.greattriptitikaka.com\/en\/"},{"@type":"ListItem","position":2,"name":"TRANSPORTATION TICKETS","item":"https:\/\/www.greattriptitikaka.com\/en\/transportation-tickets\/"},{"@type":"ListItem","position":3,"name":"ROUTE OF THE SUN: CUSCO \u2013 PUNO TOURIST BUS"}]},{"@type":"WebSite","@id":"https:\/\/www.greattriptitikaka.com\/en\/#website","url":"https:\/\/www.greattriptitikaka.com\/en\/","name":"GREAT TRIP TITIKAKA","description":"GREAT TRIP &lt;span&gt;TITIKAKA&lt;\/span&gt;","publisher":{"@id":"https:\/\/www.greattriptitikaka.com\/en\/#organization"},"potentialAction":[{"@type":"SearchAction","target":{"@type":"EntryPoint","urlTemplate":"https:\/\/www.greattriptitikaka.com\/en\/?s={search_term_string}"},"query-input":"required name=search_term_string"}],"inLanguage":"es"},{"@type":"Organization","@id":"https:\/\/www.greattriptitikaka.com\/en\/#organization","name":"GREAT TRIP WORLD E.I.R.L.","url":"https:\/\/www.greattriptitikaka.com\/en\/","logo":{"@type":"ImageObject","inLanguage":"es","@id":"https:\/\/www.greattriptitikaka.com\/en\/#\/schema\/logo\/image\/","url":"https:\/\/www.greattriptitikaka.com\/wp-content\/uploads\/2024\/07\/logo.svg","contentUrl":"https:\/\/www.greattriptitikaka.com\/wp-content\/uploads\/2024\/07\/logo.svg","width":1972,"height":815,"caption":"GREAT TRIP WORLD E.I.R.L."},"image":{"@id":"https:\/\/www.greattriptitikaka.com\/en\/#\/schema\/logo\/image\/"}}]}},"_links":{"self":[{"href":"https:\/\/www.greattriptitikaka.com\/es\/wp-json\/wp\/v2\/pages\/253"}],"collection":[{"href":"https:\/\/www.greattriptitikaka.com\/es\/wp-json\/wp\/v2\/pages"}],"about":[{"href":"https:\/\/www.greattriptitikaka.com\/es\/wp-json\/wp\/v2\/types\/page"}],"author":[{"embeddable":true,"href":"https:\/\/www.greattriptitikaka.com\/es\/wp-json\/wp\/v2\/users\/1"}],"replies":[{"embeddable":true,"href":"https:\/\/www.greattriptitikaka.com\/es\/wp-json\/wp\/v2\/comments?post=253"}],"version-history":[{"count":0,"href":"https:\/\/www.greattriptitikaka.com\/es\/wp-json\/wp\/v2\/pages\/253\/revisions"}],"up":[{"embeddable":true,"href":"https:\/\/www.greattriptitikaka.com\/es\/wp-json\/wp\/v2\/pages\/12"}],"wp:featuredmedia":[{"embeddable":true,"href":"https:\/\/www.greattriptitikaka.com\/es\/wp-json\/wp\/v2\/media\/892"}],"wp:attachment":[{"href":"https:\/\/www.greattriptitikaka.com\/es\/wp-json\/wp\/v2\/media?parent=253"}],"curies":[{"name":"wp","href":"https:\/\/api.w.org\/{rel}","templated":true}]}}