{"id":928,"date":"2019-12-13T10:41:25","date_gmt":"2019-12-13T15:41:25","guid":{"rendered":"https:\/\/www.greattriptitikaka.com\/?page_id=928"},"modified":"2024-07-06T14:55:59","modified_gmt":"2024-07-06T19:55:59","slug":"viajes-promociones-escolares","status":"publish","type":"page","link":"https:\/\/www.greattriptitikaka.com\/es\/promociones-escolares\/","title":{"rendered":"VIAJES DE PROMOCIONES ESCOLARES"},"content":{"rendered":"<p><\/p>\n<h3>Sobre la Agencia:<\/h3>\n<p><strong>RUC: 20448876145.<\/strong><\/p>\n<p><strong>REGISTRO SUNARP: Great Trip Per\u00fa E.I.R.L<\/strong><\/p>\n<p><strong>NOMBRE COMERCIAL: GREAT TRIP PER\u00da.<\/strong><\/p>\n<p><strong>AFILIADO A LA C\u00c1MARA DE COMERCIO.<\/strong><\/p>\n<p><strong>AGENCIA DE VIAJES AUTORIZADA POR MINCETUR.<\/strong><\/p>\n<h4><span style=\"color: #339966;\">\u00bfComo puedo contratar?<\/span><\/h4>\n<p>Es muy f\u00e1cil, completa el formulario a la derecha y solicita la visita a reuni\u00f3n de escolares o padres, tambi\u00e9n puede comunicarse directamente con nosotros.<\/p>\n<div class=\"textwidget\">\n<p><strong>Correo electr\u00f3nico:<\/strong> <a href=\"mailto:reservas@greattriptitikaka.com\">reservas@greattriptitikaka.com<\/a><\/p>\n<p><strong>Tel\u00e9fono m\u00f3vil:<\/strong> <a href=\"tel:+51951753244\" rel=\"nofollow noreferrer\">(+51) 951 753 244<\/a><\/p>\n<p><strong>Whatsapp<\/strong>: <a href=\"https:\/\/api.whatsapp.com\/send?phone=+51951753244&amp;text=Hola!%20Tengo%20algunas%20consultas\" target=\"_blank\" rel=\"nofollow noopener noreferrer\">+51951753244<\/a><\/p>\n<p><strong>Encu\u00e9ntranos en Puno: <\/strong>Jr. Ilave N\u00ba 271 &#8211; B &#8211; Cercado, Puno, Per\u00fa.<\/p>\n<\/div>\n<hr \/>\n<div class=\"wpcf7 no-js\" id=\"wpcf7-f943-o1\" lang=\"es-ES\" dir=\"ltr\">\n<div class=\"screen-reader-response\">\n<p role=\"status\" aria-live=\"polite\" aria-atomic=\"true\">\n<ul><\/ul>\n<\/div>\n<form action=\"\/es\/wp-json\/wp\/v2\/pages\/928#wpcf7-f943-o1\" method=\"post\" class=\"wpcf7-form init\" aria-label=\"Formulario de contacto\" novalidate=\"novalidate\" data-status=\"init\">\n<div style=\"display: none;\">\n<input type=\"hidden\" name=\"_wpcf7\" value=\"943\" \/><br \/>\n<input type=\"hidden\" name=\"_wpcf7_version\" value=\"5.9.6\" \/><br \/>\n<input type=\"hidden\" name=\"_wpcf7_locale\" value=\"es_ES\" \/><br \/>\n<input type=\"hidden\" name=\"_wpcf7_unit_tag\" value=\"wpcf7-f943-o1\" \/><br \/>\n<input type=\"hidden\" name=\"_wpcf7_container_post\" value=\"0\" \/><br \/>\n<input type=\"hidden\" name=\"_wpcf7_posted_data_hash\" value=\"\" \/>\n<\/div>\n<div class=\"row form-group\">\n<div class=\"col-sm-12 col-md-6\">\n\t\t<span class=\"wpcf7-form-control-wrap\" data-name=\"nombres\"><input size=\"40\" maxlength=\"80\" class=\"wpcf7-form-control wpcf7-text wpcf7-validates-as-required form-control\" aria-required=\"true\" aria-invalid=\"false\" placeholder=\"Nombre y apellidos *\" value=\"\" type=\"text\" name=\"nombres\" \/><\/span>\n\t<\/div>\n<div class=\"col-sm-12 col-md-6\">\n\t\t<span class=\"wpcf7-form-control-wrap\" data-name=\"correos\"><input size=\"40\" maxlength=\"80\" class=\"wpcf7-form-control wpcf7-email wpcf7-validates-as-required wpcf7-text wpcf7-validates-as-email form-control\" aria-required=\"true\" aria-invalid=\"false\" placeholder=\"Correo electr\u00f3nico *\" value=\"\" type=\"email\" name=\"correos\" \/><\/span>\n\t<\/div>\n<\/div>\n<div class=\"row form-group\">\n<div class=\"col-sm-12 col-md-6\">\n\t\t<span class=\"wpcf7-form-control-wrap\" data-name=\"salida\"><input size=\"40\" maxlength=\"80\" class=\"wpcf7-form-control wpcf7-text wpcf7-validates-as-required form-control datepicker\" aria-required=\"true\" aria-invalid=\"false\" placeholder=\"Fecha de salida *\" value=\"\" type=\"text\" name=\"salida\" \/><\/span>\n\t<\/div>\n<div class=\"col-sm-12 col-md-6\">\n\t\t<span class=\"wpcf7-form-control-wrap\" data-name=\"retorno\"><input size=\"40\" maxlength=\"80\" class=\"wpcf7-form-control wpcf7-text wpcf7-validates-as-required form-control datepicker\" aria-required=\"true\" aria-invalid=\"false\" placeholder=\"Fecha de retorno *\" value=\"\" type=\"text\" name=\"retorno\" \/><\/span>\n\t<\/div>\n<\/div>\n<div class=\"row form-group\">\n<div class=\"col-sm-12 col-md-6\">\n\t\t<span class=\"wpcf7-form-control-wrap\" data-name=\"adultos\"><input class=\"wpcf7-form-control wpcf7-number wpcf7-validates-as-required wpcf7-validates-as-number form-control\" min=\"1\" aria-required=\"true\" aria-invalid=\"false\" placeholder=\"N\u00famero de adultos\" value=\"\" type=\"number\" name=\"adultos\" \/><\/span>\n\t<\/div>\n<div class=\"col-sm-12 col-md-6\">\n\t\t<span class=\"wpcf7-form-control-wrap\" data-name=\"ninyos\"><input class=\"wpcf7-form-control wpcf7-number wpcf7-validates-as-required wpcf7-validates-as-number form-control\" min=\"5\" aria-required=\"true\" aria-invalid=\"false\" placeholder=\"N\u00famero de ni\u00f1os o estudiantes\" value=\"\" type=\"number\" name=\"ninyos\" \/><\/span>\n\t<\/div>\n<\/div>\n<div class=\"row form-group\">\n<div class=\"col-sm-12 col-md-6\">\n\t\t<span class=\"wpcf7-form-control-wrap\" data-name=\"whatsapp\"><input size=\"40\" maxlength=\"80\" class=\"wpcf7-form-control wpcf7-tel wpcf7-text wpcf7-validates-as-tel form-control\" aria-invalid=\"false\" placeholder=\"N\u00famero de tel\u00e9fono o whatsapp\" value=\"\" type=\"tel\" name=\"whatsapp\" \/><\/span>\n\t<\/div>\n<div class=\"col-sm-12 col-md-6\">\n\t<\/div>\n<\/div>\n<div class=\"row form-group\">\n<div class=\"col-sm-12\">\n\t\t<span class=\"wpcf7-form-control-wrap\" data-name=\"mensajes\"><textarea cols=\"40\" rows=\"10\" maxlength=\"400\" class=\"wpcf7-form-control wpcf7-textarea wpcf7-validates-as-required form-control\" aria-required=\"true\" aria-invalid=\"false\" placeholder=\"Detalles del mensaje o dudas *\" name=\"mensajes\"><\/textarea><\/span>\n\t<\/div>\n<\/div>\n<div class=\"row form-group\" style=\"margin-bottom:0\">\n<div class=\"col-sm-12\"><input class=\"wpcf7-form-control wpcf7-submit has-spinner btn btn-info btn-lg\" type=\"submit\" value=\"ENVIAR AHORA\" \/><\/div>\n<\/div>\n<div class=\"wpcf7-response-output\" aria-hidden=\"true\"><\/div>\n<\/form>\n<\/div>\n<p><\/p>","protected":false},"excerpt":{"rendered":"<p>Sobre la Agencia: RUC: 20448876145. REGISTRO SUNARP: Great Trip Per\u00fa E.I.R.L NOMBRE COMERCIAL: GREAT TRIP PER\u00da. AFILIADO A LA C\u00c1MARA DE COMERCIO. AGENCIA DE VIAJES AUTORIZADA POR MINCETUR. \u00bfComo puedo contratar? Es muy f\u00e1cil, completa el formulario a la derecha y solicita la visita a reuni\u00f3n de escolares o padres, tambi\u00e9n puede comunicarse directamente con [&hellip;]<\/p>\n","protected":false},"author":1,"featured_media":0,"parent":0,"menu_order":7,"comment_status":"closed","ping_status":"closed","template":"page-school.php","meta":{"_glsr_average":0,"_glsr_ranking":0,"_glsr_reviews":0,"footnotes":""},"class_list":["post-928","page","type-page","status-publish","hentry"],"yoast_head":"<!-- This site is optimized with the Yoast SEO plugin v23.0 - https:\/\/yoast.com\/wordpress\/plugins\/seo\/ -->\n<title>VIAJES DE PROMOCIONES ESCOLARES | Great Trip Titikaka: Tour Peru - Bolivia<\/title>\n<meta name=\"robots\" content=\"index, follow, max-snippet:-1, max-image-preview:large, max-video-preview:-1\" \/>\n<link rel=\"canonical\" href=\"https:\/\/www.greattriptitikaka.com\/en\/school-promotions-trips\/\" \/>\n<meta property=\"og:locale\" content=\"es_ES\" \/>\n<meta property=\"og:type\" content=\"article\" \/>\n<meta property=\"og:title\" content=\"VIAJES DE PROMOCIONES ESCOLARES | Great Trip Titikaka: Tour Peru - Bolivia\" \/>\n<meta property=\"og:description\" content=\"Sobre la Agencia: RUC: 20448876145. REGISTRO SUNARP: Great Trip Per\u00fa E.I.R.L NOMBRE COMERCIAL: GREAT TRIP PER\u00da. AFILIADO A LA C\u00c1MARA DE COMERCIO. AGENCIA DE VIAJES AUTORIZADA POR MINCETUR. \u00bfComo puedo contratar? Es muy f\u00e1cil, completa el formulario a la derecha y solicita la visita a reuni\u00f3n de escolares o padres, tambi\u00e9n puede comunicarse directamente con [&hellip;]\" \/>\n<meta property=\"og:url\" content=\"https:\/\/www.greattriptitikaka.com\/en\/school-promotions-trips\/\" \/>\n<meta property=\"og:site_name\" content=\"Great Trip Titikaka: Tour Peru - Bolivia\" \/>\n<meta property=\"article:modified_time\" content=\"2024-07-06T19:55:59+00:00\" \/>\n<meta name=\"twitter:card\" content=\"summary_large_image\" \/>\n<meta name=\"twitter:label1\" content=\"Tiempo de lectura\" \/>\n\t<meta name=\"twitter:data1\" content=\"1 minuto\" \/>\n<script type=\"application\/ld+json\" class=\"yoast-schema-graph\">{\"@context\":\"https:\/\/schema.org\",\"@graph\":[{\"@type\":\"WebPage\",\"@id\":\"https:\/\/www.greattriptitikaka.com\/en\/school-promotions-trips\/\",\"url\":\"https:\/\/www.greattriptitikaka.com\/en\/school-promotions-trips\/\",\"name\":\"VIAJES DE PROMOCIONES ESCOLARES | Great Trip Titikaka: Tour Peru - Bolivia\",\"isPartOf\":{\"@id\":\"https:\/\/www.greattriptitikaka.com\/en\/#website\"},\"datePublished\":\"2019-12-13T15:41:25+00:00\",\"dateModified\":\"2024-07-06T19:55:59+00:00\",\"breadcrumb\":{\"@id\":\"https:\/\/www.greattriptitikaka.com\/en\/school-promotions-trips\/#breadcrumb\"},\"inLanguage\":\"es\",\"potentialAction\":[{\"@type\":\"ReadAction\",\"target\":[\"https:\/\/www.greattriptitikaka.com\/en\/school-promotions-trips\/\"]}]},{\"@type\":\"BreadcrumbList\",\"@id\":\"https:\/\/www.greattriptitikaka.com\/en\/school-promotions-trips\/#breadcrumb\",\"itemListElement\":[{\"@type\":\"ListItem\",\"position\":1,\"name\":\"Portada\",\"item\":\"https:\/\/www.greattriptitikaka.com\/en\/\"},{\"@type\":\"ListItem\",\"position\":2,\"name\":\"SCHOOL EXCURSION TRIPS\"}]},{\"@type\":\"WebSite\",\"@id\":\"https:\/\/www.greattriptitikaka.com\/en\/#website\",\"url\":\"https:\/\/www.greattriptitikaka.com\/en\/\",\"name\":\"GREAT TRIP TITIKAKA\",\"description\":\"GREAT TRIP &lt;span&gt;TITIKAKA&lt;\/span&gt;\",\"publisher\":{\"@id\":\"https:\/\/www.greattriptitikaka.com\/en\/#organization\"},\"potentialAction\":[{\"@type\":\"SearchAction\",\"target\":{\"@type\":\"EntryPoint\",\"urlTemplate\":\"https:\/\/www.greattriptitikaka.com\/en\/?s={search_term_string}\"},\"query-input\":\"required name=search_term_string\"}],\"inLanguage\":\"es\"},{\"@type\":\"Organization\",\"@id\":\"https:\/\/www.greattriptitikaka.com\/en\/#organization\",\"name\":\"GREAT TRIP WORLD E.I.R.L.\",\"url\":\"https:\/\/www.greattriptitikaka.com\/en\/\",\"logo\":{\"@type\":\"ImageObject\",\"inLanguage\":\"es\",\"@id\":\"https:\/\/www.greattriptitikaka.com\/en\/#\/schema\/logo\/image\/\",\"url\":\"https:\/\/www.greattriptitikaka.com\/wp-content\/uploads\/2024\/07\/logo.svg\",\"contentUrl\":\"https:\/\/www.greattriptitikaka.com\/wp-content\/uploads\/2024\/07\/logo.svg\",\"width\":1972,\"height\":815,\"caption\":\"GREAT TRIP WORLD E.I.R.L.\"},\"image\":{\"@id\":\"https:\/\/www.greattriptitikaka.com\/en\/#\/schema\/logo\/image\/\"}}]}<\/script>\n<!-- \/ Yoast SEO plugin. -->","yoast_head_json":{"title":"VIAJES DE PROMOCIONES ESCOLARES | Great Trip Titikaka: Tour Peru - Bolivia","robots":{"index":"index","follow":"follow","max-snippet":"max-snippet:-1","max-image-preview":"max-image-preview:large","max-video-preview":"max-video-preview:-1"},"canonical":"https:\/\/www.greattriptitikaka.com\/en\/school-promotions-trips\/","og_locale":"es_ES","og_type":"article","og_title":"VIAJES DE PROMOCIONES ESCOLARES | Great Trip Titikaka: Tour Peru - Bolivia","og_description":"Sobre la Agencia: RUC: 20448876145. REGISTRO SUNARP: Great Trip Per\u00fa E.I.R.L NOMBRE COMERCIAL: GREAT TRIP PER\u00da. AFILIADO A LA C\u00c1MARA DE COMERCIO. AGENCIA DE VIAJES AUTORIZADA POR MINCETUR. \u00bfComo puedo contratar? Es muy f\u00e1cil, completa el formulario a la derecha y solicita la visita a reuni\u00f3n de escolares o padres, tambi\u00e9n puede comunicarse directamente con [&hellip;]","og_url":"https:\/\/www.greattriptitikaka.com\/en\/school-promotions-trips\/","og_site_name":"Great Trip Titikaka: Tour Peru - Bolivia","article_modified_time":"2024-07-06T19:55:59+00:00","twitter_card":"summary_large_image","twitter_misc":{"Tiempo de lectura":"1 minuto"},"schema":{"@context":"https:\/\/schema.org","@graph":[{"@type":"WebPage","@id":"https:\/\/www.greattriptitikaka.com\/en\/school-promotions-trips\/","url":"https:\/\/www.greattriptitikaka.com\/en\/school-promotions-trips\/","name":"VIAJES DE PROMOCIONES ESCOLARES | Great Trip Titikaka: Tour Peru - Bolivia","isPartOf":{"@id":"https:\/\/www.greattriptitikaka.com\/en\/#website"},"datePublished":"2019-12-13T15:41:25+00:00","dateModified":"2024-07-06T19:55:59+00:00","breadcrumb":{"@id":"https:\/\/www.greattriptitikaka.com\/en\/school-promotions-trips\/#breadcrumb"},"inLanguage":"es","potentialAction":[{"@type":"ReadAction","target":["https:\/\/www.greattriptitikaka.com\/en\/school-promotions-trips\/"]}]},{"@type":"BreadcrumbList","@id":"https:\/\/www.greattriptitikaka.com\/en\/school-promotions-trips\/#breadcrumb","itemListElement":[{"@type":"ListItem","position":1,"name":"Portada","item":"https:\/\/www.greattriptitikaka.com\/en\/"},{"@type":"ListItem","position":2,"name":"SCHOOL EXCURSION TRIPS"}]},{"@type":"WebSite","@id":"https:\/\/www.greattriptitikaka.com\/en\/#website","url":"https:\/\/www.greattriptitikaka.com\/en\/","name":"GREAT TRIP TITIKAKA","description":"GREAT TRIP &lt;span&gt;TITIKAKA&lt;\/span&gt;","publisher":{"@id":"https:\/\/www.greattriptitikaka.com\/en\/#organization"},"potentialAction":[{"@type":"SearchAction","target":{"@type":"EntryPoint","urlTemplate":"https:\/\/www.greattriptitikaka.com\/en\/?s={search_term_string}"},"query-input":"required name=search_term_string"}],"inLanguage":"es"},{"@type":"Organization","@id":"https:\/\/www.greattriptitikaka.com\/en\/#organization","name":"GREAT TRIP WORLD E.I.R.L.","url":"https:\/\/www.greattriptitikaka.com\/en\/","logo":{"@type":"ImageObject","inLanguage":"es","@id":"https:\/\/www.greattriptitikaka.com\/en\/#\/schema\/logo\/image\/","url":"https:\/\/www.greattriptitikaka.com\/wp-content\/uploads\/2024\/07\/logo.svg","contentUrl":"https:\/\/www.greattriptitikaka.com\/wp-content\/uploads\/2024\/07\/logo.svg","width":1972,"height":815,"caption":"GREAT TRIP WORLD E.I.R.L."},"image":{"@id":"https:\/\/www.greattriptitikaka.com\/en\/#\/schema\/logo\/image\/"}}]}},"_links":{"self":[{"href":"https:\/\/www.greattriptitikaka.com\/es\/wp-json\/wp\/v2\/pages\/928"}],"collection":[{"href":"https:\/\/www.greattriptitikaka.com\/es\/wp-json\/wp\/v2\/pages"}],"about":[{"href":"https:\/\/www.greattriptitikaka.com\/es\/wp-json\/wp\/v2\/types\/page"}],"author":[{"embeddable":true,"href":"https:\/\/www.greattriptitikaka.com\/es\/wp-json\/wp\/v2\/users\/1"}],"replies":[{"embeddable":true,"href":"https:\/\/www.greattriptitikaka.com\/es\/wp-json\/wp\/v2\/comments?post=928"}],"version-history":[{"count":0,"href":"https:\/\/www.greattriptitikaka.com\/es\/wp-json\/wp\/v2\/pages\/928\/revisions"}],"wp:attachment":[{"href":"https:\/\/www.greattriptitikaka.com\/es\/wp-json\/wp\/v2\/media?parent=928"}],"curies":[{"name":"wp","href":"https:\/\/api.w.org\/{rel}","templated":true}]}}